{"id":1537,"date":"2019-08-01T09:29:46","date_gmt":"2019-08-01T07:29:46","guid":{"rendered":"https:\/\/www.hsu-hh.de\/sportzentrum\/?page_id=1537"},"modified":"2023-04-25T12:44:13","modified_gmt":"2023-04-25T10:44:13","slug":"sporthallen","status":"publish","type":"page","link":"https:\/\/www.hsu-hh.de\/sportzentrum\/sportstaetten\/sporthallen","title":{"rendered":"Sporthallen"},"content":{"rendered":"<p>Die Helmut-Schmidt-Universit\u00e4t verf\u00fcgt \u00fcber zwei Sporthallen. Eine davon ist als S1 direkt auf dem Campus zwischen der Schwimmhalle und dem Mensa-Geb\u00e4ude zu finden. Die zweite Sporthalle befindet sich in der sogenannten Hanseatenkaserne oder auch Hanseatenbereich (HB) genannt. Sie ist als umgebaute Multifunktionshalle bestehend aus einem Kraftsportbereich &#8222;HB Gym&#8220; und dem Kampfsport Dojo au\u00dferhalb der festen AG-Nutzungszeiten f\u00fcr alle <abbr title=\"Helmut Schmidt Universit\u00e4t\">HSU<\/abbr>-Angeh\u00f6rigen nutzbar.<\/p>\n<p>Die aktuellen Belegungspl\u00e4ne der Sporthallen findet ihr als Aushang an den Sporthallen selbst und im hochschuleigenen ILIAS Programm unter &#8222;Zentrale Einrichtungen&#8220; -&gt; &#8222;Sportzentrum&#8220;.<\/p>\n","protected":false},"excerpt":{"rendered":"<p>Die Helmut-Schmidt-Universit\u00e4t verf\u00fcgt \u00fcber zwei Sporthallen. Eine davon ist als S1 direkt auf dem Campus zwischen der Schwimmhalle und dem Mensa-Geb\u00e4ude zu finden. Die zweite Sporthalle befindet sich in der [&hellip;]<\/p>\n","protected":false},"author":18,"featured_media":0,"parent":1533,"menu_order":0,"comment_status":"closed","ping_status":"closed","template":"","meta":{"footnotes":""},"categories":[4],"tags":[],"class_list":["post-1537","page","type-page","status-publish","hentry","category-forschung"],"_links":{"self":[{"href":"https:\/\/www.hsu-hh.de\/sportzentrum\/wp-json\/wp\/v2\/pages\/1537","targetHints":{"allow":["GET"]}}],"collection":[{"href":"https:\/\/www.hsu-hh.de\/sportzentrum\/wp-json\/wp\/v2\/pages"}],"about":[{"href":"https:\/\/www.hsu-hh.de\/sportzentrum\/wp-json\/wp\/v2\/types\/page"}],"author":[{"embeddable":true,"href":"https:\/\/www.hsu-hh.de\/sportzentrum\/wp-json\/wp\/v2\/users\/18"}],"replies":[{"embeddable":true,"href":"https:\/\/www.hsu-hh.de\/sportzentrum\/wp-json\/wp\/v2\/comments?post=1537"}],"version-history":[{"count":10,"href":"https:\/\/www.hsu-hh.de\/sportzentrum\/wp-json\/wp\/v2\/pages\/1537\/revisions"}],"predecessor-version":[{"id":2531,"href":"https:\/\/www.hsu-hh.de\/sportzentrum\/wp-json\/wp\/v2\/pages\/1537\/revisions\/2531"}],"up":[{"embeddable":true,"href":"https:\/\/www.hsu-hh.de\/sportzentrum\/wp-json\/wp\/v2\/pages\/1533"}],"wp:attachment":[{"href":"https:\/\/www.hsu-hh.de\/sportzentrum\/wp-json\/wp\/v2\/media?parent=1537"}],"wp:term":[{"taxonomy":"category","embeddable":true,"href":"https:\/\/www.hsu-hh.de\/sportzentrum\/wp-json\/wp\/v2\/categories?post=1537"},{"taxonomy":"post_tag","embeddable":true,"href":"https:\/\/www.hsu-hh.de\/sportzentrum\/wp-json\/wp\/v2\/tags?post=1537"}],"curies":[{"name":"wp","href":"https:\/\/api.w.org\/{rel}","templated":true}]}}