{"id":1533,"date":"2019-08-01T09:28:23","date_gmt":"2019-08-01T07:28:23","guid":{"rendered":"https:\/\/www.hsu-hh.de\/sportzentrum\/?page_id=1533"},"modified":"2023-04-25T13:33:52","modified_gmt":"2023-04-25T11:33:52","slug":"sportstaetten","status":"publish","type":"page","link":"https:\/\/www.hsu-hh.de\/sportzentrum\/sportstaetten","title":{"rendered":"Sportst\u00e4tten"},"content":{"rendered":"\n<p>Die Universit\u00e4t verf\u00fcgt \u00fcber folgende eigene Sportanlagen:<\/p>\n\n\n\n<p><a href=\"https:\/\/www.hsu-hh.de\/sportzentrum\/sportstaetten\/sporthallen\" data-type=\"URL\" data-id=\"https:\/\/www.hsu-hh.de\/sportzentrum\/sportstaetten\/sporthallen\" target=\"_blank\" rel=\"noreferrer noopener\">2 Sporthallen<\/a><\/p>\n\n\n\n<p><a href=\"https:\/\/www.hsu-hh.de\/sportzentrum\/sportstaetten\/sportplatz\" data-type=\"URL\" data-id=\"https:\/\/www.hsu-hh.de\/sportzentrum\/sportstaetten\/sportplatz\" target=\"_blank\" rel=\"noreferrer noopener\">1 Sportplatz<\/a><\/p>\n\n\n\n<p><a href=\"https:\/\/www.hsu-hh.de\/sportzentrum\/sportstaetten\/schwimmhalle\" data-type=\"URL\" data-id=\"https:\/\/www.hsu-hh.de\/sportzentrum\/sportstaetten\/schwimmhalle\" target=\"_blank\" rel=\"noreferrer noopener\">1 Schwimmhalle<\/a><\/p>\n\n\n\n<p>2 Kleinspielfelder<\/p>\n\n\n\n<p>2 Fitnesscontainer<\/p>\n\n\n\n<p>4 Fitnessr\u00e4ume (1 auf dem Campus = DB Gym, 1 in der Hanseatenkaserne = HB Gym, 1 im W\u00f6schenhof-Unterkunftsgeb\u00e4ude = WH Gym, 1 im Mexicoring = MR Gym)<\/p>\n\n\n\n<p><\/p>\n\n\n\n<p>Zudem werden f\u00fcr einige Sportangebote auch Sportanlagen im Bereich Hamburg angemietet:<\/p>\n\n\n\n<p>Eisbahn Stellingen (Eishockey)<\/p>\n\n\n\n<p>BeachHamburg (Beachvolleyball)<\/p>\n\n\n\n<p>Sportpark Hamburg \u00d6jendorf (Fu\u00dfball, Badminton, Tennis, Squash)<\/p>\n","protected":false},"excerpt":{"rendered":"<p>Die Universit\u00e4t verf\u00fcgt \u00fcber folgende eigene Sportanlagen: 2 Sporthallen 1 Sportplatz 1 Schwimmhalle 2 Kleinspielfelder 2 Fitnesscontainer 4 Fitnessr\u00e4ume (1 auf dem Campus = DB Gym, 1 in der Hanseatenkaserne [&hellip;]<\/p>\n","protected":false},"author":18,"featured_media":0,"parent":0,"menu_order":0,"comment_status":"closed","ping_status":"closed","template":"","meta":{"footnotes":""},"categories":[4],"tags":[],"class_list":["post-1533","page","type-page","status-publish","hentry","category-forschung"],"_links":{"self":[{"href":"https:\/\/www.hsu-hh.de\/sportzentrum\/wp-json\/wp\/v2\/pages\/1533","targetHints":{"allow":["GET"]}}],"collection":[{"href":"https:\/\/www.hsu-hh.de\/sportzentrum\/wp-json\/wp\/v2\/pages"}],"about":[{"href":"https:\/\/www.hsu-hh.de\/sportzentrum\/wp-json\/wp\/v2\/types\/page"}],"author":[{"embeddable":true,"href":"https:\/\/www.hsu-hh.de\/sportzentrum\/wp-json\/wp\/v2\/users\/18"}],"replies":[{"embeddable":true,"href":"https:\/\/www.hsu-hh.de\/sportzentrum\/wp-json\/wp\/v2\/comments?post=1533"}],"version-history":[{"count":2,"href":"https:\/\/www.hsu-hh.de\/sportzentrum\/wp-json\/wp\/v2\/pages\/1533\/revisions"}],"predecessor-version":[{"id":2533,"href":"https:\/\/www.hsu-hh.de\/sportzentrum\/wp-json\/wp\/v2\/pages\/1533\/revisions\/2533"}],"wp:attachment":[{"href":"https:\/\/www.hsu-hh.de\/sportzentrum\/wp-json\/wp\/v2\/media?parent=1533"}],"wp:term":[{"taxonomy":"category","embeddable":true,"href":"https:\/\/www.hsu-hh.de\/sportzentrum\/wp-json\/wp\/v2\/categories?post=1533"},{"taxonomy":"post_tag","embeddable":true,"href":"https:\/\/www.hsu-hh.de\/sportzentrum\/wp-json\/wp\/v2\/tags?post=1533"}],"curies":[{"name":"wp","href":"https:\/\/api.w.org\/{rel}","templated":true}]}}