{"id":73,"date":"2017-07-03T15:52:08","date_gmt":"2017-07-03T13:52:08","guid":{"rendered":"https:\/\/www.hsu-hh.de\/vorlage\/?page_id=73"},"modified":"2026-01-05T12:50:16","modified_gmt":"2026-01-05T11:50:16","slug":"startseite","status":"publish","type":"page","link":"https:\/\/www.hsu-hh.de\/sozpsy\/","title":{"rendered":"Sozialpsychologie"},"content":{"rendered":"\n<hr class=\"wp-block-separator has-css-opacity\" \/>\n\n\n\n<div class=\"wp-block-columns is-layout-flex wp-container-core-columns-is-layout-9d6595d7 wp-block-columns-is-layout-flex\">\n<div class=\"wp-block-column background-grey is-layout-flow wp-block-column-is-layout-flow\" style=\"flex-basis:50%\">\n<p class=\"background-grey has-medium-font-size\"><strong>Aktuelles aus der<\/strong> <strong>Professur<\/strong><\/p>\n\n\n\n<p><a href=\"https:\/\/www.hsu-hh.de\/sozpsy\/pd-dr-klimecki-hat-die-universitaet-zum-ende-des-jahres-2025-verlassen\/\" data-type=\"link\" data-id=\"https:\/\/www.hsu-hh.de\/sozpsy\/pd-dr-klimecki-hat-die-universitaet-zum-ende-des-jahres-2025-verlassen\/\"><abbr title=\"Privatdozent\">PD<\/abbr> <abbr title=\"Doktor\">Dr.<\/abbr> Klimecki hat die Universit\u00e4t zum Ende des Jahres 2025 verlassen.<\/a><\/p>\n\n\n\n<p><a href=\"https:\/\/www.zeit.de\/gesundheit\/2024-11\/mitgefuehl-empathie-olga-klimecki-mentale-gesundheit-video-podcast\" data-type=\"link\" data-id=\"-\thttps:\/\/www.zeit.de\/gesundheit\/2024-11\/mitgefuehl-empathie-olga-klimecki-mentale-gesundheit-video-podcast\" rel='nofollow'>Videopodcast Die Zeit zum Thema Empathie und Mitgef\u00fchl mit Olga Klimecki<\/a><\/p>\n\n\n\n<p><a href=\"https:\/\/insighttimer.com\/olgaklimecki\/guided-meditations\/conflict-resolution-an-interview-with-ken-cloke\" data-type=\"link\" data-id=\"https:\/\/insighttimer.com\/olgaklimecki\/guided-meditations\/conflict-resolution-an-interview-with-ken-cloke\" rel='nofollow'>Olga Klimecki is interviewing mediation expert Ken Cloke on conflict resolution<\/a><\/p>\n\n\n\n<p><a href=\"https:\/\/www.hsu-hh.de\/sozpsy\/professor-erb-ist-zum-ende-des-jahres-2024-in-den-ruhestand-getreten\/\" data-type=\"link\" data-id=\"https:\/\/www.hsu-hh.de\/sozpsy\/professor-erb-ist-zum-ende-des-jahres-2024-in-den-ruhestand-getreten\/\">Professor Erb ist zum Ende des Jahres 2024 in den Ruhestand getreten.<\/a><\/p>\n\n\n\n<p><a href=\"https:\/\/www.hsu-hh.de\/sozpsy\/aktuelle-publikationen\/\">Aktuelle Publikationen<\/a><\/p>\n\n\n\n<p><a href=\"https:\/\/www.hsu-hh.de\/sozpsy\/experimente-und-vp-stunden\/\" data-type=\"link\" data-id=\"https:\/\/www.hsu-hh.de\/sozpsy\/experimente-und-vp-stunden\/\">Aktuelle Untersuchungen und VP-Stunden<\/a><\/p>\n\n\n\n<p><a href=\"https:\/\/www.hsu-hh.de\/sozpsy\/bachelor-und-masterarbeiten-in-der-professur-fuer-sozialpsychologie\/\" data-type=\"link\" data-id=\"https:\/\/www.hsu-hh.de\/sozpsy\/bachelor-und-masterarbeiten-in-der-professur-fuer-sozialpsychologie\/\">Abschlussarbeiten in der Sozialpsychologie<\/a><\/p>\n\n\n\n<p><\/p>\n<\/div>\n\n\n\n<div class=\"wp-block-column is-vertically-aligned-center is-layout-flow wp-block-column-is-layout-flow\" style=\"flex-basis:50%\"><div class=\"wp-block-image\">\n<figure class=\"alignright size-large is-resized\"><img loading=\"lazy\" decoding=\"async\" width=\"1024\" height=\"1024\" src=\"https:\/\/www.hsu-hh.de\/sozpsy\/wp-content\/uploads\/sites\/850\/2020\/11\/Psi-S-Rot-1024x1024.png\" data-credit=\"HSU\" alt=\"Psy\" class=\"wp-image-143\" style=\"width:372px;height:auto\" srcset=\"https:\/\/www.hsu-hh.de\/sozpsy\/wp-content\/uploads\/sites\/850\/2020\/11\/Psi-S-Rot-1024x1024.png 1024w, https:\/\/www.hsu-hh.de\/sozpsy\/wp-content\/uploads\/sites\/850\/2020\/11\/Psi-S-Rot-300x300.png 300w, https:\/\/www.hsu-hh.de\/sozpsy\/wp-content\/uploads\/sites\/850\/2020\/11\/Psi-S-Rot-150x150.png 150w, https:\/\/www.hsu-hh.de\/sozpsy\/wp-content\/uploads\/sites\/850\/2020\/11\/Psi-S-Rot-768x768.png 768w, https:\/\/www.hsu-hh.de\/sozpsy\/wp-content\/uploads\/sites\/850\/2020\/11\/Psi-S-Rot-1536x1536.png 1536w, https:\/\/www.hsu-hh.de\/sozpsy\/wp-content\/uploads\/sites\/850\/2020\/11\/Psi-S-Rot-1100x1100.png 1100w, https:\/\/www.hsu-hh.de\/sozpsy\/wp-content\/uploads\/sites\/850\/2020\/11\/Psi-S-Rot-100x100.png 100w, https:\/\/www.hsu-hh.de\/sozpsy\/wp-content\/uploads\/sites\/850\/2020\/11\/Psi-S-Rot.png 2000w\" sizes=\"auto, (max-width: 1024px) 100vw, 1024px\" \/><\/figure>\n<\/div><\/div>\n\n\n\n<div class=\"wp-block-column is-layout-flow wp-block-column-is-layout-flow\"><\/div>\n<\/div>\n\n\n\n<hr class=\"wp-block-separator has-css-opacity\" \/>\n\n\n<div>\n<p><strong>Profil\u00a0<\/strong><\/p>\n<p>In der Sozialpsychologie wird untersucht, welchen Einfluss die tats\u00e4chliche oder vorgestellte Anwesenheit anderer auf menschliches Verhalten und Erleben hat. Aus diesem Forschungsgebiet werden an der Professur f\u00fcr Sozialpsychologie insbesondere folgende Fragen untersucht:<\/p>\n<ul>\n<li>Wie kann man durch Interventionen soziale Beziehungen in Partnerschaften, mit anderen Menschen (am Arbeitsplatz, in der Familie, mit Freunden, Nachbarn) und zwischen Gruppen (<abbr title=\"zum Beispiel\">z.B.<\/abbr> Israel-Pal\u00e4stina Konflikt) verbessern. Wie wirkt sich Stress auf Aggression aus? Gibt es den Intergroup Empathy Bias? Hierzu forscht <a href=\"https:\/\/www.hsu-hh.de\/sozpsy\/pd-dr-olga-klimecki\/\"><abbr title=\"Privatdozent\">PD<\/abbr> <abbr title=\"Doktor\">Dr.<\/abbr> Olga Klimecki<\/a>.<\/li>\n<li>Was bedeutet das individuelle Bed\u00fcrfnis nach Einzigartigkeit und Individualit\u00e4t? Wie wirkt sich dieses Bed\u00fcrfnis auf das Verhalten aus? Hierzu forscht <a href=\"https:\/\/www.hsu-hh.de\/sozpsy\/mitarbeiter\/alina-tilner-m-sc\/\"><abbr title=\"Doktor\">Dr.<\/abbr> Alina Tilner<\/a>.<\/li>\n<li>Wie verarbeiten Menschen Konflikte, wenn sie schwierige Entscheidungen treffen und Meinungen vertreten, die ihren pers\u00f6nlichen oder moralischen Vorstellungen widersprechen? Hierzu forscht <a href=\"https:\/\/www.hsu-hh.de\/sozpsy\/shiva-pauer-m-sc\/\"><abbr title=\"Doktor\">Dr.<\/abbr> Shiva Pauer<\/a>.<\/li>\n<li>Wie k\u00f6nnen Einstellungen zu verschiedenen Themen (zum Smartphone, zur Politikerin, <abbr title=\"et cetera\">etc.<\/abbr>) gezielt ver\u00e4ndert werden? Und was passiert dabei mit Einstellungen zu Themen, die gar nicht angesprochen wurden? Gibt es Menschen, die gerade deswegen autorit\u00e4r werden, weil ihnen ihre Freiheit besonders wichtig ist? Hierzu forscht <a href=\"_wp_link_placeholder\" data-wplink-edit=\"true\" rel='nofollow'>Roman Linne<\/a>.<\/li>\n<li>Welche Rolle spielt die politische Gruppenzugeh\u00f6rigkeit in der sozialen Wahrnehmung? Hierzu forscht <a href=\"https:\/\/www.hsu-hh.de\/sozpsy\/julia-alexandra-krueger-m-sc\/\">Julia Kr\u00fcger, M. Sc.<\/a><\/li>\n<\/ul>\n<p>Wir arbeiten unter anderem zusammen mit Wissenschaftlerinnen und Wissenschaftlern der<\/p>\n<ul>\n<li><a href=\"https:\/\/www.ulisboa.pt\/en\" rel='nofollow'>Universidade de Lisboad, Lissabon, Portugal<\/a><\/li>\n<li><a href=\"https:\/\/www.unige.ch\/en\/\" rel='nofollow'>Universit\u00e4t Genf, Schweiz<\/a><\/li>\n<li><a href=\"https:\/\/en.huji.ac.il\/\" rel='nofollow'>Hebrew University, Israel<\/a><\/li>\n<\/ul>\n<\/div>\n\n\n<hr class=\"wp-block-separator has-css-opacity\" \/>\n\n\n<p><strong>Team<\/strong><\/p>\n<p>Wer wir sind und welche Forschungsschwerpunkte die einzelnen Teammitglieder verfolgen, erfahren Sie im Bereich <a href=\"https:\/\/www.hsu-hh.de\/sozpsy\/mitarbeiter\/\">Team<\/a>.<\/p>\n\n\n<hr class=\"wp-block-separator has-alpha-channel-opacity\" \/>\n\n\n\n<p><strong>Lehre<\/strong><\/p>\n\n\n\n<p>In der Lehre wirkt die Professur f\u00fcr Sozialpsychologie in den Studieng\u00e4ngen Psychologie, Bildungs- und Erziehungswissenschaft, Volkswirtschaftslehre und Geschichtswissenschaften mit. Ein Schwerpunkt im M. Sc. Psychologie bildet das Thema &#8222;Judgment and Decision Making&#8220;. Jedes Trimester bieten wir eine Reihe von Vorlesungen, Seminaren und \u00dcbungen an. Bitte informieren Sie sich im Bereich&nbsp;<a href=\"https:\/\/www.hsu-hh.de\/sozpsy\/lehre\/\" target=\"_blank\" rel=\"noreferrer noopener\">Lehre<\/a>.<\/p>\n\n\n\n<hr class=\"wp-block-separator has-alpha-channel-opacity\" \/>\n\n\n\n<p><strong>Unsere Professur in den Medien<\/strong><\/p>\n\n\n\n<p><a href=\"https:\/\/www.hsu-hh.de\/sozpsy\/medien\/\" data-type=\"URL\" data-id=\"https:\/\/www.hsu-hh.de\/sozpsy\/medien\/\" target=\"_blank\" rel=\"noreferrer noopener\">Hier<\/a>&nbsp;finden Sie eine Liste aktueller Medienresonanz auf unsere Forschung.<\/p>\n","protected":false},"excerpt":{"rendered":"<p>Aktuelles aus der Professur PD Dr. Klimecki hat die Universit\u00e4t zum Ende des Jahres 2025 verlassen. Videopodcast Die Zeit zum Thema Empathie und Mitgef\u00fchl mit Olga Klimecki Olga Klimecki is [&hellip;]<\/p>\n","protected":false},"author":2779,"featured_media":0,"parent":0,"menu_order":0,"comment_status":"closed","ping_status":"closed","template":"","meta":{"footnotes":""},"categories":[35],"tags":[],"class_list":["post-73","page","type-page","status-publish","hentry","category-startseite"],"_links":{"self":[{"href":"https:\/\/www.hsu-hh.de\/sozpsy\/wp-json\/wp\/v2\/pages\/73","targetHints":{"allow":["GET"]}}],"collection":[{"href":"https:\/\/www.hsu-hh.de\/sozpsy\/wp-json\/wp\/v2\/pages"}],"about":[{"href":"https:\/\/www.hsu-hh.de\/sozpsy\/wp-json\/wp\/v2\/types\/page"}],"author":[{"embeddable":true,"href":"https:\/\/www.hsu-hh.de\/sozpsy\/wp-json\/wp\/v2\/users\/2779"}],"replies":[{"embeddable":true,"href":"https:\/\/www.hsu-hh.de\/sozpsy\/wp-json\/wp\/v2\/comments?post=73"}],"version-history":[{"count":226,"href":"https:\/\/www.hsu-hh.de\/sozpsy\/wp-json\/wp\/v2\/pages\/73\/revisions"}],"predecessor-version":[{"id":2353,"href":"https:\/\/www.hsu-hh.de\/sozpsy\/wp-json\/wp\/v2\/pages\/73\/revisions\/2353"}],"wp:attachment":[{"href":"https:\/\/www.hsu-hh.de\/sozpsy\/wp-json\/wp\/v2\/media?parent=73"}],"wp:term":[{"taxonomy":"category","embeddable":true,"href":"https:\/\/www.hsu-hh.de\/sozpsy\/wp-json\/wp\/v2\/categories?post=73"},{"taxonomy":"post_tag","embeddable":true,"href":"https:\/\/www.hsu-hh.de\/sozpsy\/wp-json\/wp\/v2\/tags?post=73"}],"curies":[{"name":"wp","href":"https:\/\/api.w.org\/{rel}","templated":true}]}}