{"id":725,"date":"2021-09-13T18:21:32","date_gmt":"2021-09-13T16:21:32","guid":{"rendered":"https:\/\/www.hsu-hh.de\/sozpsy\/?page_id=725"},"modified":"2026-01-19T15:32:29","modified_gmt":"2026-01-19T14:32:29","slug":"dipl-psych-roman-linne","status":"publish","type":"page","link":"https:\/\/www.hsu-hh.de\/sozpsy\/en\/team\/dipl-psych-roman-linne\/","title":{"rendered":"Dr. Roman Linne"},"content":{"rendered":"\n<div class=\"wp-block-media-text alignwide is-stacked-on-mobile background-grey\" style=\"grid-template-columns:17% auto\"><figure class=\"wp-block-media-text__media\"><img loading=\"lazy\" decoding=\"async\" width=\"387\" height=\"257\" src=\"https:\/\/www.hsu-hh.de\/sozpsy\/wp-content\/uploads\/sites\/850\/2020\/12\/grey.jpg\" data-credit=\"Lina Klusmann\" alt=\"grau\" class=\"wp-image-463 size-full\" srcset=\"https:\/\/www.hsu-hh.de\/sozpsy\/wp-content\/uploads\/sites\/850\/2020\/12\/grey.jpg 387w, https:\/\/www.hsu-hh.de\/sozpsy\/wp-content\/uploads\/sites\/850\/2020\/12\/grey-300x199.jpg 300w\" sizes=\"auto, (max-width: 387px) 100vw, 387px\" \/><\/figure><div class=\"wp-block-media-text__content\">\n<p><strong>E-Mail-Address<\/strong>: <a href=\"mailto:roman.linne@hsu-hh.de\" rel='nofollow'>roman.linne@hsu-hh.de<\/a><\/p>\n\n\n\n<p><strong>Postal Address<\/strong>: Postfach 700822, 22008 Hamburg<\/p>\n\n\n\n<p><strong>Phone Number<\/strong>: 040 6541 2975<\/p>\n\n\n\n<p><strong>Visiting Address<\/strong>: Holstenhofweg 85, 22043 Hamburg<\/p>\n\n\n\n<p><strong>Room<\/strong>: H 1, Raum 2371<\/p>\n\n\n\n<p><strong>Consultation<\/strong>: Appointments are made by e-mail on request.<\/p>\n<\/div><\/div>\n\n\n\n<div style=\"height:51px\" aria-hidden=\"true\" class=\"wp-block-spacer\"><\/div>\n\n\n\n<h4 class=\"wp-block-heading\">Current research interests<\/h4>\n\n\n\n<p>Persuasion, (lateral) attitude change, psychological distance, conspiracy theories<\/p>\n\n\n\n<div style=\"height:51px\" aria-hidden=\"true\" class=\"wp-block-spacer\"><\/div>\n\n\n\n<h2 class=\"wp-block-heading\">CV<\/h2>\n\n\n\n<h4 class=\"wp-block-heading\"><strong>Current Projects (Manuscripts in Preparation, Submitted, or Under Review)<\/strong><\/h4>\n\n\n\n<ul class=\"wp-block-list\">\n<li>Linne, R. (2026). <em>Populism under the radar: Indirect influence from rejected sources<\/em> [Manuscript submitted for publication]. Faculty of Humanities and Social Sciences, Helmut Schmidt University.<\/li>\n\n\n\n<li>Friedrich, S., &amp; Linne, R. (2026). <em>Close is clever? The role of spatial distance in expertise attribution<\/em> [Manuscript in preparation]. Faculty of Humanities and Social Sciences, Helmut Schmidt University.<\/li>\n\n\n\n<li>Linne, R., Friedrich, S., &amp; Erb, H.-P. (2026). <em>Average thinkers under tinfoil hats? On the connection between need for cognition and belief in conspiracy theories<\/em> [Manuscript in preparation]. Faculty of Humanities and Social Sciences, Helmut Schmidt University.<\/li>\n\n\n\n<li>Linne, R., Friedrich, S., B\u00fcrger, M., &amp; D\u00f6scher, K. (2026). <em>Libert\u00e4rer Autoritarismus: Entwicklung einer Skala<\/em> [Manuskript in Vorbereitung]. Fakult\u00e4t f\u00fcr Geistes- und Sozialwissenschaften, Helmut-Schmidt-Universit\u00e4t.<\/li>\n<\/ul>\n\n\n\n<h4 class=\"wp-block-heading\">Publications<\/h4>\n\n\n\n<ul class=\"wp-block-list\">\n<li>Pauer, S., Linne, R., &amp; Erb, H. P. (2024). From the Illusion of Choice to Actual Control: Reconsidering the Induced-Compliance Paradigm of Cognitive Dissonance. <em>Advances in Methods and Practices in Psychological Science<\/em>. <a href=\"https:\/\/doi.org\/10.31234\/osf.io\/na4yw\" rel='nofollow'>https:\/\/doi.org\/10.31234\/osf.io\/na4yw <\/a><a href=\"\" rel='nofollow'><img decoding=\"async\" title=\"Titel anhand dieser DOI in Citavi-Projekt \u00fcbernehmen\" class=\"citavipicker\" style=\"border: 0px none!important;width: 16px!important;height: 16px!important;margin-left:1px !important;margin-right:1px !important\" src=\"image\/svg+xml;base64,PD94bWwgdmVyc2lvbj0iMS4wIiBlbmNvZGluZz0idXRmLTgiPz48IURPQ1RZUEUgc3ZnIFBVQkxJQyAiLS8vVzNDLy9EVEQgU1ZHIDEuMS8vRU4iICJodHRwOi8vd3d3LnczLm9yZy9HcmFwaGljcy9TVkcvMS4xL0RURC9zdmcxMS5kdGQiPjxzdmcgdmVyc2lvbj0iMS4xIiBpZD0iRWJlbmVfMSIgeG1sbnM9Imh0dHA6Ly93d3cudzMub3JnLzIwMDAvc3ZnIiB4bWxuczp4bGluaz0iaHR0cDovL3d3dy53My5vcmcvMTk5OS94bGluayIgeD0iMHB4IiB5PSIwcHgiIHdpZHRoPSIxNnB4IiBoZWlnaHQ9IjE2cHgiIHZpZXdCb3g9IjAgMCAxNiAxNiIgZW5hYmxlLWJhY2tncm91bmQ9Im5ldyAwIDAgMTYgMTYiIHhtbDpzcGFjZT0icHJlc2VydmUiPjxnPjxnPjxwYXRoIGZpbGw9IiNGRkZGRkYiIGQ9Ik04LjAwMSwxNS41QzMuODY0LDE1LjUsMC41LDEyLjEzNiwwLjUsOGMwLTQuMTM1LDMuMzY1LTcuNSw3LjUwMS03LjVTMTUuNSwzLjg2NCwxNS41LDhTMTIuMTM3LDE1LjUsOC4wMDEsMTUuNXoiLz48cGF0aCBmaWxsPSIjRDUyQjFFIiBkPSJNOC4wMDEsMUMxMS44NiwxLDE1LDQuMTQxLDE1LDhzLTMuMTM5LDctNi45OTksN0M0LjE0LDE1LDEsMTEuODU5LDEsOFM0LjE0LDEsOC4wMDEsMSBNOC4wMDEsMEMzLjU4MiwwLDAsMy41ODIsMCw4czMuNTgyLDgsOC4wMDEsOEMxMi40MTgsMTYsMTYsMTIuNDE4LDE2LDhTMTIuNDE4LDAsOC4wMDEsMEw4LjAwMSwweiIvPjwvZz48cGF0aCBmaWxsPSIjRDUyQjFFIiBkPSJNNi43NDUsMTIuNTg5Yy0wLjIyNywwLjEyMi0wLjQ5NywwLjI0Ny0wLjY4NCwwLjI0N2MtMC4zMTgsMC0wLjUwMS0wLjE2NC0wLjUwMS0wLjQ1MmMwLTAuMjA3LDAuMTQtMC4zNzUsMC41OTUtMC42MjJjMS41NDktMC45MDQsMi41OTQtMi4yNzIsMi41OTQtMy43MjFjMC0wLjgyNS0wLjIyNy0xLjExOS0wLjY4MS0xLjExOWMtMC4xMzUsMC0wLjMyLDAuMjE5LTAuNjM2LDAuMjE5SDcuMTU3QzYuMTAyLDcuMTQzLDUuMzMzLDYuMjY0LDUuMzMzLDUuMjNjMC0xLjE1MiwwLjk1OC0yLjAwNiwyLjI4LTIuMDA2YzEuNzc3LDAsMy4wNTMsMS4zNzMsMy4wNTMsMy40M0MxMC42NjYsOS4yMTUsOS4yMDMsMTEuMjcsNi43NDUsMTIuNTg5Ii8+PC9nPjwvc3ZnPg\"><\/a>  <\/li>\n\n\n\n<li>Linne, R<strong>.<\/strong>, Glaser, T. &amp; Bohner, G. (2024). Lateral attitude change: displacement effects as a reaction to blatant social influence. <em>Current Psychology, <em>43,<\/em> <\/em>20691\u201320697. <a href=\"https:\/\/doi.org\/10.1007\/s12144-024-05906-9\" rel='nofollow'>https:\/\/doi.org\/10.1007\/s12144-024-05906-9 <\/a><img decoding=\"async\" title=\"Titel anhand dieser DOI in Citavi-Projekt \u00fcbernehmen\" class=\"citavipicker\" style=\"border: 0px none!important;width: 16px!important;height: 16px!important;margin-left:1px !important;margin-right:1px !important\" src=\"image\/svg+xml;base64,PD94bWwgdmVyc2lvbj0iMS4wIiBlbmNvZGluZz0idXRmLTgiPz48IURPQ1RZUEUgc3ZnIFBVQkxJQyAiLS8vVzNDLy9EVEQgU1ZHIDEuMS8vRU4iICJodHRwOi8vd3d3LnczLm9yZy9HcmFwaGljcy9TVkcvMS4xL0RURC9zdmcxMS5kdGQiPjxzdmcgdmVyc2lvbj0iMS4xIiBpZD0iRWJlbmVfMSIgeG1sbnM9Imh0dHA6Ly93d3cudzMub3JnLzIwMDAvc3ZnIiB4bWxuczp4bGluaz0iaHR0cDovL3d3dy53My5vcmcvMTk5OS94bGluayIgeD0iMHB4IiB5PSIwcHgiIHdpZHRoPSIxNnB4IiBoZWlnaHQ9IjE2cHgiIHZpZXdCb3g9IjAgMCAxNiAxNiIgZW5hYmxlLWJhY2tncm91bmQ9Im5ldyAwIDAgMTYgMTYiIHhtbDpzcGFjZT0icHJlc2VydmUiPjxnPjxnPjxwYXRoIGZpbGw9IiNGRkZGRkYiIGQ9Ik04LjAwMSwxNS41QzMuODY0LDE1LjUsMC41LDEyLjEzNiwwLjUsOGMwLTQuMTM1LDMuMzY1LTcuNSw3LjUwMS03LjVTMTUuNSwzLjg2NCwxNS41LDhTMTIuMTM3LDE1LjUsOC4wMDEsMTUuNXoiLz48cGF0aCBmaWxsPSIjRDUyQjFFIiBkPSJNOC4wMDEsMUMxMS44NiwxLDE1LDQuMTQxLDE1LDhzLTMuMTM5LDctNi45OTksN0M0LjE0LDE1LDEsMTEuODU5LDEsOFM0LjE0LDEsOC4wMDEsMSBNOC4wMDEsMEMzLjU4MiwwLDAsMy41ODIsMCw4czMuNTgyLDgsOC4wMDEsOEMxMi40MTgsMTYsMTYsMTIuNDE4LDE2LDhTMTIuNDE4LDAsOC4wMDEsMEw4LjAwMSwweiIvPjwvZz48cGF0aCBmaWxsPSIjRDUyQjFFIiBkPSJNNi43NDUsMTIuNTg5Yy0wLjIyNywwLjEyMi0wLjQ5NywwLjI0Ny0wLjY4NCwwLjI0N2MtMC4zMTgsMC0wLjUwMS0wLjE2NC0wLjUwMS0wLjQ1MmMwLTAuMjA3LDAuMTQtMC4zNzUsMC41OTUtMC42MjJjMS41NDktMC45MDQsMi41OTQtMi4yNzIsMi41OTQtMy43MjFjMC0wLjgyNS0wLjIyNy0xLjExOS0wLjY4MS0xLjExOWMtMC4xMzUsMC0wLjMyLDAuMjE5LTAuNjM2LDAuMjE5SDcuMTU3QzYuMTAyLDcuMTQzLDUuMzMzLDYuMjY0LDUuMzMzLDUuMjNjMC0xLjE1MiwwLjk1OC0yLjAwNiwyLjI4LTIuMDA2YzEuNzc3LDAsMy4wNTMsMS4zNzMsMy4wNTMsMy40M0MxMC42NjYsOS4yMTUsOS4yMDMsMTEuMjcsNi43NDUsMTIuNTg5Ii8+PC9nPjwvc3ZnPg\"> <a href=\"\" rel='nofollow'><\/a><a href=\"https:\/\/www.hsu-hh.de\/sozpsy\/mitarbeiter\/dipl-psych-roman-linne\/\"><\/a><\/li>\n\n\n\n<li>Linne, R., Hildebrandt, J., Erb, H. P., &amp; Bohner, G. (2022). Sequential information processing in persuasion. <em>Frontiers in Psychology<\/em>, <em>13<\/em>:902230. <a href=\"https:\/\/doi.org\/10.3389\/fpsyg.2022.902230\" rel='nofollow'>https:\/\/doi.org\/10.3389\/fpsyg.2022.902230<\/a> <span><a href=\"\" rel='nofollow'><img decoding=\"async\" title=\"Titel anhand dieser DOI in Citavi-Projekt \u00fcbernehmen\" class=\"citavipicker\" style=\"border: 0px none!important;width: 16px!important;height: 16px!important;margin-left:1px !important;margin-right:1px !important\" src=\"image\/svg+xml;base64,PD94bWwgdmVyc2lvbj0iMS4wIiBlbmNvZGluZz0idXRmLTgiPz48IURPQ1RZUEUgc3ZnIFBVQkxJQyAiLS8vVzNDLy9EVEQgU1ZHIDEuMS8vRU4iICJodHRwOi8vd3d3LnczLm9yZy9HcmFwaGljcy9TVkcvMS4xL0RURC9zdmcxMS5kdGQiPjxzdmcgdmVyc2lvbj0iMS4xIiBpZD0iRWJlbmVfMSIgeG1sbnM9Imh0dHA6Ly93d3cudzMub3JnLzIwMDAvc3ZnIiB4bWxuczp4bGluaz0iaHR0cDovL3d3dy53My5vcmcvMTk5OS94bGluayIgeD0iMHB4IiB5PSIwcHgiIHdpZHRoPSIxNnB4IiBoZWlnaHQ9IjE2cHgiIHZpZXdCb3g9IjAgMCAxNiAxNiIgZW5hYmxlLWJhY2tncm91bmQ9Im5ldyAwIDAgMTYgMTYiIHhtbDpzcGFjZT0icHJlc2VydmUiPjxnPjxnPjxwYXRoIGZpbGw9IiNGRkZGRkYiIGQ9Ik04LjAwMSwxNS41QzMuODY0LDE1LjUsMC41LDEyLjEzNiwwLjUsOGMwLTQuMTM1LDMuMzY1LTcuNSw3LjUwMS03LjVTMTUuNSwzLjg2NCwxNS41LDhTMTIuMTM3LDE1LjUsOC4wMDEsMTUuNXoiLz48cGF0aCBmaWxsPSIjRDUyQjFFIiBkPSJNOC4wMDEsMUMxMS44NiwxLDE1LDQuMTQxLDE1LDhzLTMuMTM5LDctNi45OTksN0M0LjE0LDE1LDEsMTEuODU5LDEsOFM0LjE0LDEsOC4wMDEsMSBNOC4wMDEsMEMzLjU4MiwwLDAsMy41ODIsMCw4czMuNTgyLDgsOC4wMDEsOEMxMi40MTgsMTYsMTYsMTIuNDE4LDE2LDhTMTIuNDE4LDAsOC4wMDEsMEw4LjAwMSwweiIvPjwvZz48cGF0aCBmaWxsPSIjRDUyQjFFIiBkPSJNNi43NDUsMTIuNTg5Yy0wLjIyNywwLjEyMi0wLjQ5NywwLjI0Ny0wLjY4NCwwLjI0N2MtMC4zMTgsMC0wLjUwMS0wLjE2NC0wLjUwMS0wLjQ1MmMwLTAuMjA3LDAuMTQtMC4zNzUsMC41OTUtMC42MjJjMS41NDktMC45MDQsMi41OTQtMi4yNzIsMi41OTQtMy43MjFjMC0wLjgyNS0wLjIyNy0xLjExOS0wLjY4MS0xLjExOWMtMC4xMzUsMC0wLjMyLDAuMjE5LTAuNjM2LDAuMjE5SDcuMTU3QzYuMTAyLDcuMTQzLDUuMzMzLDYuMjY0LDUuMzMzLDUuMjNjMC0xLjE1MiwwLjk1OC0yLjAwNiwyLjI4LTIuMDA2YzEuNzc3LDAsMy4wNTMsMS4zNzMsMy4wNTMsMy40M0MxMC42NjYsOS4yMTUsOS4yMDMsMTEuMjcsNi43NDUsMTIuNTg5Ii8+PC9nPjwvc3ZnPg\"><\/a><\/span><\/li>\n\n\n\n<li>Linne, R., Sch\u00e4fer, M., &amp; Bohner, G. (2022). Ambivalent stereotypes and persuasion: Attitudinal effects of warmth vs. competence ascribed to message sources.&nbsp;<em>Frontiers in Psychology, 12<\/em>.&nbsp;<a href=\"https:\/\/doi.org\/10.3389\/fpsyg.2021.782480\" rel='nofollow'>https:\/\/doi.org\/10.3389\/fpsyg.2021.782480<\/a> <span><a href=\"\" rel='nofollow'><img decoding=\"async\" title=\"Titel anhand dieser DOI in Citavi-Projekt \u00fcbernehmen\" class=\"citavipicker\" style=\"border: 0px none!important;width: 16px!important;height: 16px!important;margin-left:1px !important;margin-right:1px !important\" src=\"image\/svg+xml;base64,PD94bWwgdmVyc2lvbj0iMS4wIiBlbmNvZGluZz0idXRmLTgiPz48IURPQ1RZUEUgc3ZnIFBVQkxJQyAiLS8vVzNDLy9EVEQgU1ZHIDEuMS8vRU4iICJodHRwOi8vd3d3LnczLm9yZy9HcmFwaGljcy9TVkcvMS4xL0RURC9zdmcxMS5kdGQiPjxzdmcgdmVyc2lvbj0iMS4xIiBpZD0iRWJlbmVfMSIgeG1sbnM9Imh0dHA6Ly93d3cudzMub3JnLzIwMDAvc3ZnIiB4bWxuczp4bGluaz0iaHR0cDovL3d3dy53My5vcmcvMTk5OS94bGluayIgeD0iMHB4IiB5PSIwcHgiIHdpZHRoPSIxNnB4IiBoZWlnaHQ9IjE2cHgiIHZpZXdCb3g9IjAgMCAxNiAxNiIgZW5hYmxlLWJhY2tncm91bmQ9Im5ldyAwIDAgMTYgMTYiIHhtbDpzcGFjZT0icHJlc2VydmUiPjxnPjxnPjxwYXRoIGZpbGw9IiNGRkZGRkYiIGQ9Ik04LjAwMSwxNS41QzMuODY0LDE1LjUsMC41LDEyLjEzNiwwLjUsOGMwLTQuMTM1LDMuMzY1LTcuNSw3LjUwMS03LjVTMTUuNSwzLjg2NCwxNS41LDhTMTIuMTM3LDE1LjUsOC4wMDEsMTUuNXoiLz48cGF0aCBmaWxsPSIjRDUyQjFFIiBkPSJNOC4wMDEsMUMxMS44NiwxLDE1LDQuMTQxLDE1LDhzLTMuMTM5LDctNi45OTksN0M0LjE0LDE1LDEsMTEuODU5LDEsOFM0LjE0LDEsOC4wMDEsMSBNOC4wMDEsMEMzLjU4MiwwLDAsMy41ODIsMCw4czMuNTgyLDgsOC4wMDEsOEMxMi40MTgsMTYsMTYsMTIuNDE4LDE2LDhTMTIuNDE4LDAsOC4wMDEsMEw4LjAwMSwweiIvPjwvZz48cGF0aCBmaWxsPSIjRDUyQjFFIiBkPSJNNi43NDUsMTIuNTg5Yy0wLjIyNywwLjEyMi0wLjQ5NywwLjI0Ny0wLjY4NCwwLjI0N2MtMC4zMTgsMC0wLjUwMS0wLjE2NC0wLjUwMS0wLjQ1MmMwLTAuMjA3LDAuMTQtMC4zNzUsMC41OTUtMC42MjJjMS41NDktMC45MDQsMi41OTQtMi4yNzIsMi41OTQtMy43MjFjMC0wLjgyNS0wLjIyNy0xLjExOS0wLjY4MS0xLjExOWMtMC4xMzUsMC0wLjMyLDAuMjE5LTAuNjM2LDAuMjE5SDcuMTU3QzYuMTAyLDcuMTQzLDUuMzMzLDYuMjY0LDUuMzMzLDUuMjNjMC0xLjE1MiwwLjk1OC0yLjAwNiwyLjI4LTIuMDA2YzEuNzc3LDAsMy4wNTMsMS4zNzMsMy4wNTMsMy40M0MxMC42NjYsOS4yMTUsOS4yMDMsMTEuMjcsNi43NDUsMTIuNTg5Ii8+PC9nPjwvc3ZnPg\"><\/a><\/span><\/li>\n\n\n\n<li>Linne, R., Glaser, T., Pum, K., &amp; Bohner, G. (2020). Lateral attitude change: Stalking the elusive displacement effect. <em>Social Cognition<\/em>, <em>38<\/em>(4), 324-353. <a href=\"https:\/\/doi.org\/10.1521\/soco.2020.38.4.324\" rel='nofollow'>https:\/\/doi.org\/10.1521\/soco.2020.38.4.324<\/a> <span><a href=\"\" rel='nofollow'><img decoding=\"async\" title=\"Titel anhand dieser DOI in Citavi-Projekt \u00fcbernehmen\" class=\"citavipicker\" style=\"border: 0px none!important;width: 16px!important;height: 16px!important;margin-left:1px !important;margin-right:1px !important\" src=\"image\/svg+xml;base64,PD94bWwgdmVyc2lvbj0iMS4wIiBlbmNvZGluZz0idXRmLTgiPz48IURPQ1RZUEUgc3ZnIFBVQkxJQyAiLS8vVzNDLy9EVEQgU1ZHIDEuMS8vRU4iICJodHRwOi8vd3d3LnczLm9yZy9HcmFwaGljcy9TVkcvMS4xL0RURC9zdmcxMS5kdGQiPjxzdmcgdmVyc2lvbj0iMS4xIiBpZD0iRWJlbmVfMSIgeG1sbnM9Imh0dHA6Ly93d3cudzMub3JnLzIwMDAvc3ZnIiB4bWxuczp4bGluaz0iaHR0cDovL3d3dy53My5vcmcvMTk5OS94bGluayIgeD0iMHB4IiB5PSIwcHgiIHdpZHRoPSIxNnB4IiBoZWlnaHQ9IjE2cHgiIHZpZXdCb3g9IjAgMCAxNiAxNiIgZW5hYmxlLWJhY2tncm91bmQ9Im5ldyAwIDAgMTYgMTYiIHhtbDpzcGFjZT0icHJlc2VydmUiPjxnPjxnPjxwYXRoIGZpbGw9IiNGRkZGRkYiIGQ9Ik04LjAwMSwxNS41QzMuODY0LDE1LjUsMC41LDEyLjEzNiwwLjUsOGMwLTQuMTM1LDMuMzY1LTcuNSw3LjUwMS03LjVTMTUuNSwzLjg2NCwxNS41LDhTMTIuMTM3LDE1LjUsOC4wMDEsMTUuNXoiLz48cGF0aCBmaWxsPSIjRDUyQjFFIiBkPSJNOC4wMDEsMUMxMS44NiwxLDE1LDQuMTQxLDE1LDhzLTMuMTM5LDctNi45OTksN0M0LjE0LDE1LDEsMTEuODU5LDEsOFM0LjE0LDEsOC4wMDEsMSBNOC4wMDEsMEMzLjU4MiwwLDAsMy41ODIsMCw4czMuNTgyLDgsOC4wMDEsOEMxMi40MTgsMTYsMTYsMTIuNDE4LDE2LDhTMTIuNDE4LDAsOC4wMDEsMEw4LjAwMSwweiIvPjwvZz48cGF0aCBmaWxsPSIjRDUyQjFFIiBkPSJNNi43NDUsMTIuNTg5Yy0wLjIyNywwLjEyMi0wLjQ5NywwLjI0Ny0wLjY4NCwwLjI0N2MtMC4zMTgsMC0wLjUwMS0wLjE2NC0wLjUwMS0wLjQ1MmMwLTAuMjA3LDAuMTQtMC4zNzUsMC41OTUtMC42MjJjMS41NDktMC45MDQsMi41OTQtMi4yNzIsMi41OTQtMy43MjFjMC0wLjgyNS0wLjIyNy0xLjExOS0wLjY4MS0xLjExOWMtMC4xMzUsMC0wLjMyLDAuMjE5LTAuNjM2LDAuMjE5SDcuMTU3QzYuMTAyLDcuMTQzLDUuMzMzLDYuMjY0LDUuMzMzLDUuMjNjMC0xLjE1MiwwLjk1OC0yLjAwNiwyLjI4LTIuMDA2YzEuNzc3LDAsMy4wNTMsMS4zNzMsMy4wNTMsMy40M0MxMC42NjYsOS4yMTUsOS4yMDMsMTEuMjcsNi43NDUsMTIuNTg5Ii8+PC9nPjwvc3ZnPg\"><\/a><\/span> <span><a href=\"\" rel='nofollow'><\/a><\/span><\/li>\n\n\n\n<li>Bohner, G., Elleringmann, L., Linne, R., Boege, R., &amp; Glaser, T. (2020). <em>Lateral attitude change: Does acceptance versus rejection of focal change cause generalization versus displacement?<\/em> Research Report, Bielefeld University. <a href=\"https:\/\/doi.org\/10.4119\/unibi\/2941633\" rel='nofollow'>https:\/\/doi.org\/10.4119\/unibi\/2941633<\/a> <span><a href=\"\" rel='nofollow'><img decoding=\"async\" title=\"Titel anhand dieser DOI in Citavi-Projekt \u00fcbernehmen\" class=\"citavipicker\" style=\"border: 0px none!important;width: 16px!important;height: 16px!important;margin-left:1px !important;margin-right:1px !important\" src=\"image\/svg+xml;base64,PD94bWwgdmVyc2lvbj0iMS4wIiBlbmNvZGluZz0idXRmLTgiPz48IURPQ1RZUEUgc3ZnIFBVQkxJQyAiLS8vVzNDLy9EVEQgU1ZHIDEuMS8vRU4iICJodHRwOi8vd3d3LnczLm9yZy9HcmFwaGljcy9TVkcvMS4xL0RURC9zdmcxMS5kdGQiPjxzdmcgdmVyc2lvbj0iMS4xIiBpZD0iRWJlbmVfMSIgeG1sbnM9Imh0dHA6Ly93d3cudzMub3JnLzIwMDAvc3ZnIiB4bWxuczp4bGluaz0iaHR0cDovL3d3dy53My5vcmcvMTk5OS94bGluayIgeD0iMHB4IiB5PSIwcHgiIHdpZHRoPSIxNnB4IiBoZWlnaHQ9IjE2cHgiIHZpZXdCb3g9IjAgMCAxNiAxNiIgZW5hYmxlLWJhY2tncm91bmQ9Im5ldyAwIDAgMTYgMTYiIHhtbDpzcGFjZT0icHJlc2VydmUiPjxnPjxnPjxwYXRoIGZpbGw9IiNGRkZGRkYiIGQ9Ik04LjAwMSwxNS41QzMuODY0LDE1LjUsMC41LDEyLjEzNiwwLjUsOGMwLTQuMTM1LDMuMzY1LTcuNSw3LjUwMS03LjVTMTUuNSwzLjg2NCwxNS41LDhTMTIuMTM3LDE1LjUsOC4wMDEsMTUuNXoiLz48cGF0aCBmaWxsPSIjRDUyQjFFIiBkPSJNOC4wMDEsMUMxMS44NiwxLDE1LDQuMTQxLDE1LDhzLTMuMTM5LDctNi45OTksN0M0LjE0LDE1LDEsMTEuODU5LDEsOFM0LjE0LDEsOC4wMDEsMSBNOC4wMDEsMEMzLjU4MiwwLDAsMy41ODIsMCw4czMuNTgyLDgsOC4wMDEsOEMxMi40MTgsMTYsMTYsMTIuNDE4LDE2LDhTMTIuNDE4LDAsOC4wMDEsMEw4LjAwMSwweiIvPjwvZz48cGF0aCBmaWxsPSIjRDUyQjFFIiBkPSJNNi43NDUsMTIuNTg5Yy0wLjIyNywwLjEyMi0wLjQ5NywwLjI0Ny0wLjY4NCwwLjI0N2MtMC4zMTgsMC0wLjUwMS0wLjE2NC0wLjUwMS0wLjQ1MmMwLTAuMjA3LDAuMTQtMC4zNzUsMC41OTUtMC42MjJjMS41NDktMC45MDQsMi41OTQtMi4yNzIsMi41OTQtMy43MjFjMC0wLjgyNS0wLjIyNy0xLjExOS0wLjY4MS0xLjExOWMtMC4xMzUsMC0wLjMyLDAuMjE5LTAuNjM2LDAuMjE5SDcuMTU3QzYuMTAyLDcuMTQzLDUuMzMzLDYuMjY0LDUuMzMzLDUuMjNjMC0xLjE1MiwwLjk1OC0yLjAwNiwyLjI4LTIuMDA2YzEuNzc3LDAsMy4wNTMsMS4zNzMsMy4wNTMsMy40M0MxMC42NjYsOS4yMTUsOS4yMDMsMTEuMjcsNi43NDUsMTIuNTg5Ii8+PC9nPjwvc3ZnPg\"><\/a><\/span><\/li>\n\n\n\n<li>Bohner, G., Boege, R., Glaser, T., Elleringmann, L., &amp; Linne, R. (2021). Protecting versus deleting thoughts affects focal and lateral attitude (Guardar vs. eliminar los pensamientos influye en los cambios actitudinales focales y laterals).<em> International Journal of Social Psychology, 36 (2), <\/em>300-329. <a href=\"https:\/\/doi.org\/10.1080\/02134748.2021.1882228\" rel='nofollow'>https:\/\/doi.org\/10.1080\/02134748.2021.1882228<\/a> <span><a href=\"\" rel='nofollow'><img decoding=\"async\" title=\"Titel anhand dieser DOI in Citavi-Projekt \u00fcbernehmen\" class=\"citavipicker\" style=\"border: 0px none!important;width: 16px!important;height: 16px!important;margin-left:1px !important;margin-right:1px !important\" src=\"image\/png;base64,iVBORw0KGgoAAAANSUhEUgAAABAAAAAQCAYAAAAf8\/9hAAAAGXRFWHRTb2Z0d2FyZQBBZG9iZSBJbWFnZVJlYWR5ccllPAAAARpJREFUeNpiZEAD1zX4E4BUPBA7oEkdAOKFmjc+LkAWZETSqACk1gOxAb\/lLwZegz8MTJz\/wXL\/vjMyfL7AwvDxOBuIewGIA4EGPYAbANV8nkP2r4Bk\/HcGdpm\/DNjAzyfMDM8XcjL8eMz8Acg1BBnCBJVbD9IsV\/QVp2YQAMmB1IDUQl3LwAT1swHIZpiT8QGQGpBakB6QXpAL4kF+xmczNpeA9ID0ggxwAAUYqQCqx4EJ5ixSAUwP2ABmLtINgBsEIn6\/ZSJZIyhtwAw4AEokpAKongMgAxaCUhgokRALQGqhqXIhEzRtXwClMJizCDkdpBakB6QX5vlAUPJ81MeN1yUgOZAaaFIOJCozgWIIFMh4MxMl2RkgwACxPIMc1tjE2wAAAABJRU5ErkJggg==\"><\/a><\/span><\/li>\n\n\n\n<li>Bohner G, Elleringmann L, Boege R, Glaser T, &amp; Linne R. (2020). <em>Priming as a moderator of lateral attitude change.<\/em> Research Report, Bielefeld University. <a href=\"https:\/\/doi.org\/10.4119\/unibi\/2940773 \" rel='nofollow'>https:\/\/doi.org\/10.4119\/unibi\/2940773 <\/a><img decoding=\"async\" title=\"Titel anhand dieser DOI in Citavi-Projekt \u00fcbernehmen\" class=\"citavipicker\" style=\"border: 0px none!important;width: 16px!important;height: 16px!important;margin-left:1px !important;margin-right:1px !important\" src=\"image\/png;base64,iVBORw0KGgoAAAANSUhEUgAAABAAAAAQCAYAAAAf8\/9hAAAAGXRFWHRTb2Z0d2FyZQBBZG9iZSBJbWFnZVJlYWR5ccllPAAAARpJREFUeNpiZEAD1zX4E4BUPBA7oEkdAOKFmjc+LkAWZETSqACk1gOxAb\/lLwZegz8MTJz\/wXL\/vjMyfL7AwvDxOBuIewGIA4EGPYAbANV8nkP2r4Bk\/HcGdpm\/DNjAzyfMDM8XcjL8eMz8Acg1BBnCBJVbD9IsV\/QVp2YQAMmB1IDUQl3LwAT1swHIZpiT8QGQGpBakB6QXpAL4kF+xmczNpeA9ID0ggxwAAUYqQCqx4EJ5ixSAUwP2ABmLtINgBsEIn6\/ZSJZIyhtwAw4AEokpAKongMgAxaCUhgokRALQGqhqXIhEzRtXwClMJizCDkdpBakB6QX5vlAUPJ81MeN1yUgOZAaaFIOJCozgWIIFMh4MxMl2RkgwACxPIMc1tjE2wAAAABJRU5ErkJggg==\"> <\/li>\n\n\n\n<li>Boege, R., Linne, R., Glaser, T., &amp; Bohner, G. (2020). <em>Creation of stimulus sets for studying lateral attitude change<\/em>. Research Report, Bielefeld University. <a href=\"https:\/\/doi.org\/10.4119\/unibi\/2940775\" rel='nofollow'>https:\/\/doi.org\/10.4119\/unibi\/2940775<\/a> <span><a href=\"\" rel='nofollow'><img decoding=\"async\" title=\"Titel anhand dieser DOI in Citavi-Projekt \u00fcbernehmen\" class=\"citavipicker\" style=\"border: 0px none!important;width: 16px!important;height: 16px!important;margin-left:1px !important;margin-right:1px !important\" src=\"image\/svg+xml;base64,PD94bWwgdmVyc2lvbj0iMS4wIiBlbmNvZGluZz0idXRmLTgiPz48IURPQ1RZUEUgc3ZnIFBVQkxJQyAiLS8vVzNDLy9EVEQgU1ZHIDEuMS8vRU4iICJodHRwOi8vd3d3LnczLm9yZy9HcmFwaGljcy9TVkcvMS4xL0RURC9zdmcxMS5kdGQiPjxzdmcgdmVyc2lvbj0iMS4xIiBpZD0iRWJlbmVfMSIgeG1sbnM9Imh0dHA6Ly93d3cudzMub3JnLzIwMDAvc3ZnIiB4bWxuczp4bGluaz0iaHR0cDovL3d3dy53My5vcmcvMTk5OS94bGluayIgeD0iMHB4IiB5PSIwcHgiIHdpZHRoPSIxNnB4IiBoZWlnaHQ9IjE2cHgiIHZpZXdCb3g9IjAgMCAxNiAxNiIgZW5hYmxlLWJhY2tncm91bmQ9Im5ldyAwIDAgMTYgMTYiIHhtbDpzcGFjZT0icHJlc2VydmUiPjxnPjxnPjxwYXRoIGZpbGw9IiNGRkZGRkYiIGQ9Ik04LjAwMSwxNS41QzMuODY0LDE1LjUsMC41LDEyLjEzNiwwLjUsOGMwLTQuMTM1LDMuMzY1LTcuNSw3LjUwMS03LjVTMTUuNSwzLjg2NCwxNS41LDhTMTIuMTM3LDE1LjUsOC4wMDEsMTUuNXoiLz48cGF0aCBmaWxsPSIjRDUyQjFFIiBkPSJNOC4wMDEsMUMxMS44NiwxLDE1LDQuMTQxLDE1LDhzLTMuMTM5LDctNi45OTksN0M0LjE0LDE1LDEsMTEuODU5LDEsOFM0LjE0LDEsOC4wMDEsMSBNOC4wMDEsMEMzLjU4MiwwLDAsMy41ODIsMCw4czMuNTgyLDgsOC4wMDEsOEMxMi40MTgsMTYsMTYsMTIuNDE4LDE2LDhTMTIuNDE4LDAsOC4wMDEsMEw4LjAwMSwweiIvPjwvZz48cGF0aCBmaWxsPSIjRDUyQjFFIiBkPSJNNi43NDUsMTIuNTg5Yy0wLjIyNywwLjEyMi0wLjQ5NywwLjI0Ny0wLjY4NCwwLjI0N2MtMC4zMTgsMC0wLjUwMS0wLjE2NC0wLjUwMS0wLjQ1MmMwLTAuMjA3LDAuMTQtMC4zNzUsMC41OTUtMC42MjJjMS41NDktMC45MDQsMi41OTQtMi4yNzIsMi41OTQtMy43MjFjMC0wLjgyNS0wLjIyNy0xLjExOS0wLjY4MS0xLjExOWMtMC4xMzUsMC0wLjMyLDAuMjE5LTAuNjM2LDAuMjE5SDcuMTU3QzYuMTAyLDcuMTQzLDUuMzMzLDYuMjY0LDUuMzMzLDUuMjNjMC0xLjE1MiwwLjk1OC0yLjAwNiwyLjI4LTIuMDA2YzEuNzc3LDAsMy4wNTMsMS4zNzMsMy4wNTMsMy40M0MxMC42NjYsOS4yMTUsOS4yMDMsMTEuMjcsNi43NDUsMTIuNTg5Ii8+PC9nPjwvc3ZnPg\"><\/a><\/span> <span><a href=\"\" rel='nofollow'><\/a><\/span><\/li>\n<\/ul>\n\n\n\n<h4 class=\"wp-block-heading\">Reviewer<\/h4>\n\n\n\n<p>For: Personality and Social Psychology Bulletin, International Journal of Conflict and Violence, European Journal of Social Psychology, International Journal of Communication.<\/p>\n\n\n\n<h4 class=\"wp-block-heading\">Selected conference contributions<\/h4>\n\n\n\n<ul class=\"wp-block-list\">\n<li>Linne, R. &amp; Erb, H.-P. (2022, September). <em>Average Thinkers under Tinfoils Hats &#8211; Conspiracy Mentality as a Quadratic Function of the Need for Cognition<\/em>. Poster Pr\u00e4sentation at the 52<sup>nd<\/sup> General Meeting of the German Psychological Society (DGPs), Hildesheim, Germany.<\/li>\n\n\n\n<li>Linne, R. (2022, August) <em>Gruppenbezogene Menschenfeindlichkeit<\/em> [<em>group-focused enmity<\/em>]. Presentation at the Politische Bildung im Feldj\u00e4gerregiment 1 [Political education at 1st Feldj\u00e4ger regiment], Kiel, Germany.<\/li>\n\n\n\n<li>Linne, R., Glaser, T., &amp; Bohner, G. (2020, January). <em>Lateral Attitude Change\u2026as a mechanism of populist influence<\/em>. Presentation at the 24-hours of Political Psychology Conference, Hagen, Germany.<\/li>\n\n\n\n<li>Linne, R., Zawadka, A., &amp; Bohner, G. (2019, September). <em>Lateral attitude change as a reaction to obviously unfair grading<\/em>. Poster Presentation at the 17th Conference of the Social Psychology section of the German Psychological Society (DGPs), Cologne, Germany.<\/li>\n\n\n\n<li>Linne, R., Boege, R., Glaser, T., &amp; Bohner, G. (2018, August).<em> Lateral Attitude Change \u2013 processes and moderators<\/em>. Vortrag at the 2018 Ohio State Symposium on Social Psychology, Columbus, USA.<\/li>\n\n\n\n<li>Linne, R. (2018, March). <em>Lateral Attitude Change \u2013 Hierarchy as a moderator of lateral attitude change: Values and policies.<\/em> Presentation at the 60th Conference of Experimental Psychologists (TeaP), Marburg, Germany.<\/li>\n\n\n\n<li>Linne, R., Boege, R., Siebler, F., Glaser, T., &amp; Bohner, G. (2017, July. <em>Lateral Attitude Change \u2013 implicit attitude change generalizes more strongly to primed as well as similar related objects.<\/em> Poster Pr\u00e4sentation at the 18<sup>th<\/sup> General Meeting of the EASP, Granada, Spain.<\/li>\n\n\n\n<li>Linne, R., Boege, R., Bohner, G., &amp; Glaser, T. (2016, July). <em>Lateral Attitude Change<\/em>. Presentation at the EASP Medium Size Meeting: The Psychology of Attitudes, Cologne, Germany.<\/li>\n<\/ul>\n\n\n\n<p><\/p>\n","protected":false},"excerpt":{"rendered":"<p>E-Mail-Address: roman.linne@hsu-hh.de Postal Address: Postfach 700822, 22008 Hamburg Phone Number: 040 6541 2975 Visiting Address: Holstenhofweg 85, 22043 Hamburg Room: H 1, Raum 2371 Consultation: Appointments are made by e-mail [&hellip;]<\/p>\n","protected":false},"author":2779,"featured_media":0,"parent":110,"menu_order":0,"comment_status":"closed","ping_status":"closed","template":"","meta":{"footnotes":""},"categories":[9],"tags":[],"class_list":["post-725","page","type-page","status-publish","hentry","category-team-en"],"_links":{"self":[{"href":"https:\/\/www.hsu-hh.de\/sozpsy\/wp-json\/wp\/v2\/pages\/725","targetHints":{"allow":["GET"]}}],"collection":[{"href":"https:\/\/www.hsu-hh.de\/sozpsy\/wp-json\/wp\/v2\/pages"}],"about":[{"href":"https:\/\/www.hsu-hh.de\/sozpsy\/wp-json\/wp\/v2\/types\/page"}],"author":[{"embeddable":true,"href":"https:\/\/www.hsu-hh.de\/sozpsy\/wp-json\/wp\/v2\/users\/2779"}],"replies":[{"embeddable":true,"href":"https:\/\/www.hsu-hh.de\/sozpsy\/wp-json\/wp\/v2\/comments?post=725"}],"version-history":[{"count":15,"href":"https:\/\/www.hsu-hh.de\/sozpsy\/wp-json\/wp\/v2\/pages\/725\/revisions"}],"predecessor-version":[{"id":2364,"href":"https:\/\/www.hsu-hh.de\/sozpsy\/wp-json\/wp\/v2\/pages\/725\/revisions\/2364"}],"up":[{"embeddable":true,"href":"https:\/\/www.hsu-hh.de\/sozpsy\/wp-json\/wp\/v2\/pages\/110"}],"wp:attachment":[{"href":"https:\/\/www.hsu-hh.de\/sozpsy\/wp-json\/wp\/v2\/media?parent=725"}],"wp:term":[{"taxonomy":"category","embeddable":true,"href":"https:\/\/www.hsu-hh.de\/sozpsy\/wp-json\/wp\/v2\/categories?post=725"},{"taxonomy":"post_tag","embeddable":true,"href":"https:\/\/www.hsu-hh.de\/sozpsy\/wp-json\/wp\/v2\/tags?post=725"}],"curies":[{"name":"wp","href":"https:\/\/api.w.org\/{rel}","templated":true}]}}