{"id":228,"date":"2020-11-20T09:40:39","date_gmt":"2020-11-20T08:40:39","guid":{"rendered":"https:\/\/www.hsu-hh.de\/sozpsy\/?page_id=228"},"modified":"2025-05-23T18:58:32","modified_gmt":"2025-05-23T16:58:32","slug":"was-ist-sozialpsychologie-2-2","status":"publish","type":"page","link":"https:\/\/www.hsu-hh.de\/sozpsy\/was-ist-sozialpsychologie-2-2\/","title":{"rendered":"Was versteht man unter Sozialpsychologie?"},"content":{"rendered":"\n<p>Was ist Sozialpsychologie? Psychologinnen und Psychologen besch\u00e4ftigen sich im Fachgebiet Sozialpsychologie mit dem Denken, Erleben und Verhalten von Menschen im sozialen Kontext. Dabei muss der Einfluss des sozialen Umfelds nicht tats\u00e4chlich gegeben sein. Die Anwesenheit anderer Individuen kann auch nur vorgestellt sein, oder es sind abstrakte soziale Normen und Werte, die individuelle sozialpsychologische Prozesse bestimmen. Damit erscheint der soziale Einfluss anderer Menschen auf das Individuum als das zentrale Konzept der Sozialpsychologie.<\/p>\n\n\n\n<p>Menschen reagieren auf sozialen Einfluss, indem sie ihre Welt auf der Grundlage sozialer Stimuli konstruieren, Urteile bilden, Entscheidungen treffen <abbr title=\"und so weiter\">usw.<\/abbr> Sie f\u00fchlen sich als Mitglieder von sozialen Gruppen, mit denen sie sich identifizieren und die sie gegen\u00fcber Fremdgruppen bevorzugen. Ph\u00e4nomene, die im Kontext solcher Prozesse eine Rolle spielen, sind Gegenstand der Sozialpsychologie. Auf ph\u00e4nomenologischer Ebene unterscheiden sich sozialpsychologische Inhalte jedoch kaum von denen verwandter Wissenschaften wie der Soziologie, P\u00e4dagogik, Biologie, Anthropologie <abbr title=\"und so weiter\">usw.<\/abbr> Spezifisch an der Sozialpsychologie ist aber der R\u00fcckgriff auf allgemein psychologische und pers\u00f6nlichkeitspsychologische Konzepte und der Fokus auf individuellen, auch subjektiven, kognitiven, motivationalen und affektiven Prozessen im sozialen Kontext.<\/p>\n\n\n\n<p>Die Sozialpsychologie ist eine empirische Wissenschaft, in der theoretische Vorstellungen dar\u00fcber, wie Menschen in ihrer sozialen Welt agieren und reagieren, meist mit Hilfe von experimentellen Befunden gest\u00fctzt werden. Sozialpsychologinnen und Sozialpsychologen verstehen sich insofern auch eher als Naturwissenschaftler, denn als Geisteswissenschaftler. Die Sozialpsychologie ist eine Grundlagendisziplin, deren Erkenntnisse in vielerlei Hinsicht f\u00fcr anwendungsorientierte F\u00e4cher interessant sind. Sozialpsychologie bildet Grundlagen etwa in der Gesundheitspsychologie und der Klinischen Psychologie, der Markt-, Werbe- und Wirtschaftspsychologie, der Organisationspsychologie, der P\u00e4dagogischen Psychologie, der Beratungspsychologie&nbsp;oder der Rechtspsychologie. Sozialpsychologen helfen z. B. Krankheiten durch soziale Unterst\u00fctzung zu mildern, soziale Phobien zu bek\u00e4mpfen, zu verstehen, wie Werbebotschaften wirken, wie Gruppenarbeit und F\u00fchrung durch Manager oder milit\u00e4rische Vorgesetzte optimiert werden k\u00f6nnen, wie sich soziales Lernen und die Entwicklung sozialer Kompetenzen f\u00f6rdern lassen, wie Beratungssituationen optimiert werden k\u00f6nnen, wie Richter ihre Urteile bilden, die Glaubw\u00fcrdigkeit von Zeugen sichergestellt werden kann und vieles mehr.<\/p>\n\n\n\n<figure class=\"wp-block-image size-full\"><img loading=\"lazy\" decoding=\"async\" width=\"394\" height=\"263\" src=\"https:\/\/www.hsu-hh.de\/sozpsy\/wp-content\/uploads\/sites\/850\/2021\/09\/menschen1.jpg\" data-credit=\"Prof. Erb\" alt=\"Menschen\" class=\"wp-image-603\" srcset=\"https:\/\/www.hsu-hh.de\/sozpsy\/wp-content\/uploads\/sites\/850\/2021\/09\/menschen1.jpg 394w, https:\/\/www.hsu-hh.de\/sozpsy\/wp-content\/uploads\/sites\/850\/2021\/09\/menschen1-300x200.jpg 300w\" sizes=\"auto, (max-width: 394px) 100vw, 394px\" \/><\/figure>\n\n\n\n<p><\/p>\n","protected":false},"excerpt":{"rendered":"<p>Was ist Sozialpsychologie? Psychologinnen und Psychologen besch\u00e4ftigen sich im Fachgebiet Sozialpsychologie mit dem Denken, Erleben und Verhalten von Menschen im sozialen Kontext. Dabei muss der Einfluss des sozialen Umfelds nicht [&hellip;]<\/p>\n","protected":false},"author":2779,"featured_media":0,"parent":0,"menu_order":0,"comment_status":"closed","ping_status":"closed","template":"","meta":{"footnotes":""},"categories":[4],"tags":[],"class_list":["post-228","page","type-page","status-publish","hentry","category-forschung"],"_links":{"self":[{"href":"https:\/\/www.hsu-hh.de\/sozpsy\/wp-json\/wp\/v2\/pages\/228","targetHints":{"allow":["GET"]}}],"collection":[{"href":"https:\/\/www.hsu-hh.de\/sozpsy\/wp-json\/wp\/v2\/pages"}],"about":[{"href":"https:\/\/www.hsu-hh.de\/sozpsy\/wp-json\/wp\/v2\/types\/page"}],"author":[{"embeddable":true,"href":"https:\/\/www.hsu-hh.de\/sozpsy\/wp-json\/wp\/v2\/users\/2779"}],"replies":[{"embeddable":true,"href":"https:\/\/www.hsu-hh.de\/sozpsy\/wp-json\/wp\/v2\/comments?post=228"}],"version-history":[{"count":13,"href":"https:\/\/www.hsu-hh.de\/sozpsy\/wp-json\/wp\/v2\/pages\/228\/revisions"}],"predecessor-version":[{"id":2288,"href":"https:\/\/www.hsu-hh.de\/sozpsy\/wp-json\/wp\/v2\/pages\/228\/revisions\/2288"}],"wp:attachment":[{"href":"https:\/\/www.hsu-hh.de\/sozpsy\/wp-json\/wp\/v2\/media?parent=228"}],"wp:term":[{"taxonomy":"category","embeddable":true,"href":"https:\/\/www.hsu-hh.de\/sozpsy\/wp-json\/wp\/v2\/categories?post=228"},{"taxonomy":"post_tag","embeddable":true,"href":"https:\/\/www.hsu-hh.de\/sozpsy\/wp-json\/wp\/v2\/tags?post=228"}],"curies":[{"name":"wp","href":"https:\/\/api.w.org\/{rel}","templated":true}]}}