{"id":2128,"date":"2025-03-11T13:57:13","date_gmt":"2025-03-11T12:57:13","guid":{"rendered":"https:\/\/www.hsu-hh.de\/sozpsy\/?page_id=2128"},"modified":"2025-04-14T15:07:48","modified_gmt":"2025-04-14T13:07:48","slug":"pd-dr-olga-klimecki","status":"publish","type":"page","link":"https:\/\/www.hsu-hh.de\/sozpsy\/pd-dr-olga-klimecki\/","title":{"rendered":"PD Dr. Olga Klimecki"},"content":{"rendered":"\n<div class=\"wp-block-media-text alignwide is-stacked-on-mobile background-grey\" style=\"grid-template-columns:37% auto\"><figure class=\"wp-block-media-text__media\"><img loading=\"lazy\" decoding=\"async\" width=\"1024\" height=\"683\" src=\"https:\/\/www.hsu-hh.de\/sozpsy\/wp-content\/uploads\/sites\/850\/2025\/04\/Olga-Klimecki-Foto-Maria-Noi-WEB-3056-1024x683.jpg\" data-credit=\"Maria Noi\" alt=\"\" class=\"wp-image-2171 size-full\" srcset=\"https:\/\/www.hsu-hh.de\/sozpsy\/wp-content\/uploads\/sites\/850\/2025\/04\/Olga-Klimecki-Foto-Maria-Noi-WEB-3056-1024x683.jpg 1024w, https:\/\/www.hsu-hh.de\/sozpsy\/wp-content\/uploads\/sites\/850\/2025\/04\/Olga-Klimecki-Foto-Maria-Noi-WEB-3056-300x200.jpg 300w, https:\/\/www.hsu-hh.de\/sozpsy\/wp-content\/uploads\/sites\/850\/2025\/04\/Olga-Klimecki-Foto-Maria-Noi-WEB-3056-768x512.jpg 768w, https:\/\/www.hsu-hh.de\/sozpsy\/wp-content\/uploads\/sites\/850\/2025\/04\/Olga-Klimecki-Foto-Maria-Noi-WEB-3056-1536x1024.jpg 1536w, https:\/\/www.hsu-hh.de\/sozpsy\/wp-content\/uploads\/sites\/850\/2025\/04\/Olga-Klimecki-Foto-Maria-Noi-WEB-3056-2048x1365.jpg 2048w, https:\/\/www.hsu-hh.de\/sozpsy\/wp-content\/uploads\/sites\/850\/2025\/04\/Olga-Klimecki-Foto-Maria-Noi-WEB-3056-1100x733.jpg 1100w\" sizes=\"auto, (max-width: 1024px) 100vw, 1024px\" \/><\/figure><div class=\"wp-block-media-text__content\">\n<p><strong>E-Mail-Adress<\/strong>e: <a href=\"mailto:olga.klimecki@unige.ch\" rel='nofollow'><\/a><a href=\"mailto:olga.klimecki@hsu-hh.de\" rel='nofollow'>olga.klimecki@hsu-hh.de<\/a><\/p>\n\n\n\n<p><strong>Postanschrift:<\/strong> Postfach 700822, 22008 Hamburg<\/p>\n\n\n\n<p><strong>Telefonnummer:<\/strong> +49(0)40\/6541-2310<\/p>\n\n\n\n<p><strong>Besuchsadresse:<\/strong> Holstenhofweg 85, 22043 Hamburg<\/p>\n\n\n\n<p><strong>Raum\/ Geb\u00e4ude:<\/strong> H 1, Raum 2369<\/p>\n\n\n\n<p><strong>Sprechzeit<\/strong>: Nach Vereinbarung.<\/p>\n\n\n\n<p><strong>Sekretariat:<\/strong> Britta Neumann<br>T +49(0)40\/6541-2366<\/p>\n<\/div><\/div>\n\n\n\n<hr class=\"wp-block-separator has-alpha-channel-opacity\" \/>\n\n\n\n<p><strong>\u00dcber Olga<\/strong><\/p>\n\n\n\n<p>Privatdozentin <abbr title=\"Doktor\">Dr.<\/abbr> Olga Klimecki ist Neurowissenschaftlerin und Psychologin. Derzeit ist sie kommissarische Lehrstuhlinhaberin f\u00fcr Sozialpsychologie an der Universit\u00e4t der Bundeswehr in Deutschland.<\/p>\n\n\n\n<p>Sie promovierte an der Universit\u00e4t Z\u00fcrich, Schweiz, im Fachbereich Philosophie (<abbr title=\"Doktor\">Dr.<\/abbr> phil., summa cum laude) und habilitierte sich im Fachbereich Naturwissenschaften (<abbr title=\"Doktor\">Dr.<\/abbr> <abbr title=\"rerum\">rer.<\/abbr> nat. <abbr title=\"habilitatus\">habil.<\/abbr>) an der Technischen Universit\u00e4t Dresden, Deutschland. An letzterer war sie in den Jahren 2020 und 2021 als Gastprofessorin f\u00fcr Psychologie sowie in den Jahren 2024 und 2025 als kommissarische Professorin f\u00fcr Biologische Psychologie t\u00e4tig.<\/p>\n\n\n\n<p>Ihr Forschungsinteresse gilt der F\u00f6rderung von psychischer und physischer Gesundheit sowie der Verbesserung interpersonaler und intergruppaler Beziehungen \u00fcber die gesamte Lebensspanne hinweg. Konkret untersucht Olga Klimecki gemeinsam mit ihrem Team in randomisiert-kontrollierten Studien die kausalen Effekte von Verhaltens-, Kognitions- und Emotionsinterventionen. Ein weiterer Fokus ihrer Forschung liegt auf den bio-psycho-sozialen Wirkmechanismen, insbesondere im Hinblick auf Hirnfunktionen und -konnektivit\u00e4t, Emotionen sowie zwischenmenschliches und intergruppales Verhalten.<\/p>\n\n\n\n<p>Olga Klimecki ist (Ko-)Autorin von \u00fcber 80 wissenschaftlichen Publikationen. F\u00fcr ihre Arbeiten zur neuronalen Plastizit\u00e4t und Konfliktl\u00f6sung wurde sie mehrfach ausgezeichnet, unter anderem mit dem Early Career Award der Society for Social Neuroscience in Washington D.C., einem Marie-Curie-Stipendium sowie einem Horizon2020-Forschungsgrant der Europ\u00e4ischen Kommission.<\/p>\n\n\n\n<p>Als Ko-Sprecherin der bislang l\u00e4ngsten Meditationsstudie \u2013 der Medit-Ageing \/ Silver-Health-Studie \u2013 verantwortete sie ein von der Europ\u00e4ischen Kommission mit insgesamt 7 Millionen Euro gef\u00f6rdertes Projekt. Seit 2013 leitet sie Forschungsprojekte zur Konfliktl\u00f6sung in verschiedenen L\u00e4ndern.<\/p>\n\n\n\n<p>Ihre wissenschaftliche Arbeit findet breite Resonanz in nationalen und internationalen Medien, darunter arte, BBC, <em>Die Zeit<\/em>, <em>Der Spiegel<\/em>, <em>The Independent<\/em>, RTS und ZDF.<\/p>\n\n\n\n<p><strong>Wichtige Publikationen:<\/strong><\/p>\n\n\n\n<p>Cernadas Curotto, P., Sander, D., Halperin, E., &amp; <strong>Klimecki, O.<\/strong>, (2023) Getting closer: Compassion training increases feelings of closeness toward a disliked person.<em> Scientific Reports.<\/em> [IF 4.6; OA]<\/p>\n\n\n\n<p>Cernadas Curotto, P.,&nbsp; Sander, D., d\u2019Argembeau, A., <strong>Klimecki, O. <\/strong>(2022). Back to the future: a way to increase prosocial behavior. <em>PLoS One.<\/em> [IF 3.8; OA]<\/p>\n\n\n\n<p>Bogacz, F., Pun, T., &amp; <strong>Klimecki, O. M.<\/strong> (2020). Improved conflict resolution in romantic couples in mediation compared to negotiation. <em>Humanities &amp; Social Sciences<\/em> <em>Communications, 7: 131. <\/em>[IF 3.5; OA]<strong><\/strong><\/p>\n\n\n\n<p><strong>Klimecki, O.<\/strong>, V\u00e9tois, M., &amp; Sander, D. (2020). The impact of empathy and perspective-taking instructions on proponents and opponents of immigration. <em>Humanities &amp; Social Sciences<\/em> <em>Communications, 7: 91. <\/em>[IF 3.5; OA]<\/p>\n\n\n\n<p>Rafi, H., Bogacz, F., Sander, D., &amp; <strong>Klimecki, O.M.<\/strong> (2020). Impact of Couple Conflict and Mediation on How Romantic Partners Are Seen: an fMRI study. <em>Cortex, <\/em><em>130,<\/em> 302-317.<em> <\/em>[IF 4.28]<em><\/em><\/p>\n\n\n\n<p><strong>Klimecki, O.<\/strong> (2019). The role of empathy and compassion in conflict resolution. <em>Emotion Review, 11<\/em>(4), 310\u2013325.&nbsp;[IF 4.07]<strong>&nbsp;<\/strong><\/p>\n\n\n\n<p><strong>Klimecki, O.M., <\/strong>Sander, D., &amp; Vuilleumier, P. (2018). Distinct brain areas involved in anger versus punishment during social interactions. <em>Scientific Reports, 8, <\/em>10556<em>.<\/em> [IF: 5.58; OA; Part of Top 100 in Neuroscience]<\/p>\n\n\n\n<p><strong>Klimecki, O.M., <\/strong>Mayer, S.V., Jusyte, A., Scheeff, J., &amp; Sch\u00f6nenberg, M. (2016). Empathy promotes altruistic behavior in economic interactions. <em>Scientific Reports<\/em>, 6, 31961. [IF 5.58; OA]<\/p>\n\n\n\n<p><strong>Klimecki, O.M., <\/strong>Vuilleumier, P., &amp; Sander, D. (2016). The impact of emotions and empathy-related traits on punishment behavior: Introduction and Validation of the Inequality Game. <em>PLoS One, <\/em>11(3): e0151028. [IF 3.23; OA]<\/p>\n\n\n\n<p><strong>Klimecki, O.M. <\/strong>(2015). The Plasticity of Social Emotions. <em>Social Neuroscience<\/em>. 10, 466-473. doi: 10.1080\/17470919.2015.1087427 [IF 3.65]<\/p>\n\n\n\n<p>Singer, T., &amp; <strong>Klimecki, O.M.<\/strong> (2014). Empathy and Compassion. <em>Current Biology<\/em>, 24, R875-R878. [IF 10.83; OA]<\/p>\n\n\n\n<p><strong>Klimecki, O.<\/strong>, Leiberg, S., Ricard, M., &amp; Singer, T. (2014).Differential Pattern of Functional Brain Plasticity after Compassion and Empathy Training. <em>Social, Cognitive and Affective Neuroscience, 9<\/em>, 873\u2013879. [IF 7.37; OA]<\/p>\n\n\n\n<p>Bernhardt, B.*, <strong>Klimecki, O.*<\/strong>, Leiberg, S., &amp; Singer T. (2014). Structural Covariance Networks of the Dorsal Anterior Insula Predict Females\u2019 Individual Differences in Empathic Responding. <em>Cerebral Cortex, <\/em>24, 2189-98<em>. <\/em>[IF 8.67; OA] *shared first authorship<\/p>\n\n\n\n<p><strong>Klimecki,O.<\/strong>, Leiberg, S., Lamm, C., &amp; Singer, T. (2013). Functional neural plasticity and associated changes in positive affect after compassion training. <em>Cerebral Cortex, 23<\/em>, 1552\u20131561. [IF 8.67; OA]<\/p>\n\n\n\n<p>Leiberg, S., <strong>Klimecki, O.<\/strong>, &amp; Singer, T. (2011). Short-term compassion training increases prosocial behavior in a newly developed prosocial game. <em>PLoS One, 6, e17798<\/em><em>. <\/em>[IF 3.23; OA]<\/p>\n\n\n\n<p>F\u00fcr eine vollst\u00e4ndige Publikationsliste siehe: https:\/\/scholar.google.de\/citations?user=QKjZBUIAAAAJ&amp;hl=de&amp;oi=ao<\/p>\n","protected":false},"excerpt":{"rendered":"<p>E-Mail-Adresse: olga.klimecki@hsu-hh.de Postanschrift: Postfach 700822, 22008 Hamburg Telefonnummer: +49(0)40\/6541-2310 Besuchsadresse: Holstenhofweg 85, 22043 Hamburg Raum\/ Geb\u00e4ude: H 1, Raum 2369 Sprechzeit: Nach Vereinbarung. Sekretariat: Britta NeumannT +49(0)40\/6541-2366 \u00dcber Olga Privatdozentin [&hellip;]<\/p>\n","protected":false},"author":2779,"featured_media":0,"parent":0,"menu_order":0,"comment_status":"closed","ping_status":"closed","template":"","meta":{"footnotes":""},"categories":[4],"tags":[],"class_list":["post-2128","page","type-page","status-publish","hentry","category-forschung"],"_links":{"self":[{"href":"https:\/\/www.hsu-hh.de\/sozpsy\/wp-json\/wp\/v2\/pages\/2128","targetHints":{"allow":["GET"]}}],"collection":[{"href":"https:\/\/www.hsu-hh.de\/sozpsy\/wp-json\/wp\/v2\/pages"}],"about":[{"href":"https:\/\/www.hsu-hh.de\/sozpsy\/wp-json\/wp\/v2\/types\/page"}],"author":[{"embeddable":true,"href":"https:\/\/www.hsu-hh.de\/sozpsy\/wp-json\/wp\/v2\/users\/2779"}],"replies":[{"embeddable":true,"href":"https:\/\/www.hsu-hh.de\/sozpsy\/wp-json\/wp\/v2\/comments?post=2128"}],"version-history":[{"count":13,"href":"https:\/\/www.hsu-hh.de\/sozpsy\/wp-json\/wp\/v2\/pages\/2128\/revisions"}],"predecessor-version":[{"id":2178,"href":"https:\/\/www.hsu-hh.de\/sozpsy\/wp-json\/wp\/v2\/pages\/2128\/revisions\/2178"}],"wp:attachment":[{"href":"https:\/\/www.hsu-hh.de\/sozpsy\/wp-json\/wp\/v2\/media?parent=2128"}],"wp:term":[{"taxonomy":"category","embeddable":true,"href":"https:\/\/www.hsu-hh.de\/sozpsy\/wp-json\/wp\/v2\/categories?post=2128"},{"taxonomy":"post_tag","embeddable":true,"href":"https:\/\/www.hsu-hh.de\/sozpsy\/wp-json\/wp\/v2\/tags?post=2128"}],"curies":[{"name":"wp","href":"https:\/\/api.w.org\/{rel}","templated":true}]}}