{"id":116,"date":"2018-01-17T14:07:04","date_gmt":"2018-01-17T13:07:04","guid":{"rendered":"https:\/\/www.hsu-hh.de\/vorlage\/?page_id=116"},"modified":"2025-06-04T12:41:46","modified_gmt":"2025-06-04T10:41:46","slug":"lehre","status":"publish","type":"page","link":"https:\/\/www.hsu-hh.de\/sozpsy\/lehre\/","title":{"rendered":"Lehre"},"content":{"rendered":"\n<p>Lehrveranstaltungen der Professur f\u00fcr Sozialpsychologie.<\/p>\n\n\n\n<p>Weitere Information zu Lehrveranstaltungen der Professur finden Sie im&nbsp;<a rel=\"noreferrer noopener\" href=\"https:\/\/campus.hsu-hh.de\/qisserver\/rds?state=wsearchv&amp;search=1&amp;subdir=veranstaltung&amp;veranstaltung.dtxt=sozialpsychologie&amp;veranstaltung.semester=20191&amp;P_start=0&amp;P_anzahl=10&amp;P.sort=&amp;_form=display\" target=\"_blank\">Campus-Management-System<\/a>&nbsp;der&nbsp;<abbr title=\"Helmut Schmidt Universit\u00e4t\">HSU<\/abbr>&nbsp;(Login erforderlich).<\/p>\n\n\n\n<p>Studierende der&nbsp;<abbr title=\"Helmut Schmidt Universit\u00e4t\">HSU<\/abbr>&nbsp;k\u00f6nnen die Folien zu den Vorlesungen <a href=\"https:\/\/www.hsu-hh.de\/sozpsy\/downloads\/\" data-type=\"URL\" data-id=\"https:\/\/www.hsu-hh.de\/sozpsy\/downloads\/\">hier<\/a> herunterladen. Lehrmaterialien zu den weiteren Veranstaltungen der Professur finden Sie bei Ilias.<\/p>\n\n\n\n<p>M\u00f6gliche Themen f\u00fcr Abschlussarbeiten finden Sie weiter unten.<\/p>\n\n\n\n<h3 class=\"wp-block-heading\"><\/h3>\n\n\n\n<h2 class=\"wp-block-heading\"><strong>Fr\u00fchjahrstrimester 202<\/strong>5<\/h2>\n\n\n\n<p><\/p>\n\n\n\n<p><strong><a href=\"https:\/\/www.hsu-hh.de\/sozpsy\/en\/pd-dr-olga-klimecki-2\/\" data-type=\"page\" data-id=\"2131\"><abbr title=\"Privatdozent\">PD<\/abbr> <abbr title=\"Doktor\">Dr.<\/abbr> Olga Maria Klimecki-Lenz<\/a><\/strong><\/p>\n\n\n\n<ul class=\"wp-block-list\">\n<li>Einf\u00fchrung in die Sozialpsychologie I (Vorlesung), Mo. 14:00 &#8211; 15:30 Uhr, H\u00f6rsaal 03<\/li>\n\n\n\n<li>Experimentalpsychologisches Arbeiten (\u00dcbung), Di. 08:00 &#8211; 09:30 Uhr, Seminarraum 0205<\/li>\n\n\n\n<li>Forschungsseminar Sozialpsychologie (Seminar), \n<ul class=\"wp-block-list\">\n<li><em>07.04.25 &#8211; 02.06.25. Mo. 15:45 &#8211; 17:15 Uhr, Seminarraum 0205<\/em><\/li>\n\n\n\n<li><em>10.06.25. Di. 09:45 &#8211; 11:15 Uhr, Seminarraum 0305<\/em><\/li>\n<\/ul>\n<\/li>\n<\/ul>\n\n\n\n<p><\/p>\n\n\n\n<p><strong><a href=\"https:\/\/www.hsu-hh.de\/sozpsy\/julia-alexandra-krueger-m-sc\/\" data-type=\"link\" data-id=\"https:\/\/www.hsu-hh.de\/sozpsy\/julia-alexandra-krueger-m-sc\/\">Julia Kr\u00fcger, M. Sc.<\/a> &amp; <a href=\"https:\/\/www.hsu-hh.de\/sozpsy\/mitarbeiter\/dipl-psych-scarlett-friedrich\/\" data-type=\"link\" data-id=\"https:\/\/www.hsu-hh.de\/sozpsy\/mitarbeiter\/dipl-psych-scarlett-friedrich\/\"><abbr title=\"Doktor\">Dr.<\/abbr> Scarlett Friedrich<\/a><\/strong><\/p>\n\n\n\n<ul class=\"wp-block-list\">\n<li>Einf\u00fchrung in die Sozialpsychologie I (Seminar), Mi. 11:30 &#8211; 13:00 Uhr, Seminarraum 0202<\/li>\n\n\n\n<li>Einf\u00fchrung in die Sozialpsychologie I (Seminar), Mi. 14:00 &#8211; 15:30 Uhr, Seminarraum 0202<\/li>\n<\/ul>\n\n\n\n<p><\/p>\n\n\n\n<p><strong><a href=\"https:\/\/www.hsu-hh.de\/sozpsy\/shiva-pauer-m-sc\/\" data-type=\"link\" data-id=\"https:\/\/www.hsu-hh.de\/sozpsy\/shiva-pauer-m-sc\/\"><abbr title=\"Doktor\">Dr.<\/abbr> Shiva Pauer<\/a><\/strong><\/p>\n\n\n\n<ul class=\"wp-block-list\">\n<li>Forschungsorientierte Vertiefung: Sozialpsychologie (Seminar\/ Blockveranstaltung)<strong>,<\/strong> \n<ul class=\"wp-block-list\">\n<li><em>07.04.25. Mi. 08:00 &#8211; 09:30 Uhr, Seminarraum 0205<\/em><\/li>\n\n\n\n<li><em>17.05.25. Sa. 10:30 &#8211; 19:00 Uhr, Seminarraum 0202<\/em><\/li>\n\n\n\n<li><em>07.06.25. Sa. 10:30 &#8211; 19:00 Uhr, Seminarraum 0202<\/em><\/li>\n<\/ul>\n<\/li>\n<\/ul>\n\n\n\n<p><\/p>\n\n\n\n<div style=\"height:0px\" aria-hidden=\"true\" class=\"wp-block-spacer\"><\/div>\n\n\n\n<h2 class=\"wp-block-heading\">Themen f\u00fcr Abschlussarbeiten<\/h2>\n\n\n\n<p>Hier finden Sie eine Liste mit einigen m\u00f6glichen Themen f\u00fcr Abschlussarbeiten sowie die entsprechenden Ansprechpartner*innen:<\/p>\n\n\n\n<ul class=\"wp-block-list\">\n<li><strong>Intergroup-empathy bias<\/strong> (<abbr title=\"Privatdozent\">PD<\/abbr>&nbsp;<abbr title=\"Doktor\">Dr.<\/abbr>&nbsp;Olga Klimecki, klimecko[at]hsu-hh.de)<\/li>\n\n\n\n<li><strong>Empathie aus neurowissenschaftlicher Sicht<\/strong> (<abbr title=\"Privatdozent\">PD<\/abbr>&nbsp;<abbr title=\"Doktor\">Dr.<\/abbr>&nbsp;Olga Klimecki, klimecko[at]hsu-hh.de)<\/li>\n\n\n\n<li><strong>Bewirkt Stress Aggression?<\/strong> (<abbr title=\"Privatdozent\">PD<\/abbr>&nbsp;<abbr title=\"Doktor\">Dr.<\/abbr>&nbsp;Olga Klimecki, klimecko[at]hsu-hh.de)<\/li>\n\n\n\n<li><strong>Interventionen zur Entsch\u00e4rfung des Konflikts zwischen Israelis und Pal\u00e4stinensern <\/strong>(<abbr title=\"Privatdozent\">PD<\/abbr>&nbsp;<abbr title=\"Doktor\">Dr.<\/abbr>&nbsp;Olga Klimecki, klimecko[at]hsu-hh.de)<\/li>\n\n\n\n<li><strong>Einfluss von Sozio-emotionalem Lernen auf Kinder im S\u00fcdsudan<\/strong> (<abbr title=\"Privatdozent\">PD<\/abbr>&nbsp;<abbr title=\"Doktor\">Dr.<\/abbr>&nbsp;Olga Klimecki, klimecko[at]hsu-hh.de)<\/li>\n<\/ul>\n\n\n\n<ul class=\"wp-block-list\">\n<li><strong>Lateral Attitude Change<\/strong> (Indirekte Einstellungsver\u00e4nderung) (<abbr title=\"Doktor\">Dr.<\/abbr>&nbsp;Roman Linne, roman.linne[at]hsu-hh.de)<\/li>\n\n\n\n<li><strong>Verschw\u00f6rungstheorien<\/strong> (<abbr title=\"Doktor\">Dr.<\/abbr>&nbsp;Roman Linne, roman.linne[at]hsu-hh.de)<\/li>\n\n\n\n<li><strong>Autoritarismus<\/strong> (<abbr title=\"Doktor\">Dr.<\/abbr>&nbsp;Roman Linne, roman.linne[at]hsu-hh.de)<\/li>\n<\/ul>\n\n\n\n<ul class=\"wp-block-list\">\n<li><strong>Sozialer&nbsp;Einfluss&nbsp;als&nbsp;Funktion&nbsp;psychologischer&nbsp;Distanz<\/strong> (Scarlett Friedrich, friedrsc[at]hsu-hh.de; Roman Linne, roman.linne[at]hsu-hh.de)<\/li>\n<\/ul>\n\n\n\n<ul class=\"wp-block-list\">\n<li><strong>Need for Uniqueness<\/strong> (<abbr title=\"Doktor\">Dr.<\/abbr>&nbsp;Alina Tilner, tilner[at]hsu-hh.de)<\/li>\n\n\n\n<li><strong>Interpersonelle Attraktion<\/strong> (<abbr title=\"Doktor\">Dr.<\/abbr>&nbsp;Alina Tilner, tilner[at]hsu-hh.de)<\/li>\n<\/ul>\n\n\n\n<ul class=\"wp-block-list\">\n<li><strong>Ambivalenz<\/strong> (Shiva Pauer, pauers[at]hsu-hh.de)<\/li>\n\n\n\n<li><strong>Kognitive Dissonanz<\/strong> (Shiva Pauer, pauers[at]hsu-hh.de)<\/li>\n\n\n\n<li><strong>Persuasion<\/strong> (Shiva Pauer, pauers[at]hsu-hh.de)<\/li>\n\n\n\n<li><strong>Kontrollerleben<\/strong> (Shiva Pauer, pauers[at]hsu-hh.de)<\/li>\n<\/ul>\n\n\n\n<p>Die Anzahl an Themen ist nicht identisch mit der Anzahl an Arbeiten, die betreut werden k\u00f6nnen. Wir sind insbesondere auch offen f\u00fcr Ihre Vorschl\u00e4ge, sofern sie im engeren oder weiteren Sinne sozialpsychologische Inhalte betreffen. Sprechen Sie uns gerne an!<\/p>\n","protected":false},"excerpt":{"rendered":"<p>Lehrveranstaltungen der Professur f\u00fcr Sozialpsychologie. Weitere Information zu Lehrveranstaltungen der Professur finden Sie im&nbsp;Campus-Management-System&nbsp;der&nbsp;HSU&nbsp;(Login erforderlich). Studierende der&nbsp;HSU&nbsp;k\u00f6nnen die Folien zu den Vorlesungen hier herunterladen. Lehrmaterialien zu den weiteren Veranstaltungen der [&hellip;]<\/p>\n","protected":false},"author":26,"featured_media":0,"parent":0,"menu_order":0,"comment_status":"closed","ping_status":"closed","template":"","meta":{"footnotes":""},"categories":[6],"tags":[],"class_list":["post-116","page","type-page","status-publish","hentry","category-lehre"],"_links":{"self":[{"href":"https:\/\/www.hsu-hh.de\/sozpsy\/wp-json\/wp\/v2\/pages\/116","targetHints":{"allow":["GET"]}}],"collection":[{"href":"https:\/\/www.hsu-hh.de\/sozpsy\/wp-json\/wp\/v2\/pages"}],"about":[{"href":"https:\/\/www.hsu-hh.de\/sozpsy\/wp-json\/wp\/v2\/types\/page"}],"author":[{"embeddable":true,"href":"https:\/\/www.hsu-hh.de\/sozpsy\/wp-json\/wp\/v2\/users\/26"}],"replies":[{"embeddable":true,"href":"https:\/\/www.hsu-hh.de\/sozpsy\/wp-json\/wp\/v2\/comments?post=116"}],"version-history":[{"count":55,"href":"https:\/\/www.hsu-hh.de\/sozpsy\/wp-json\/wp\/v2\/pages\/116\/revisions"}],"predecessor-version":[{"id":2313,"href":"https:\/\/www.hsu-hh.de\/sozpsy\/wp-json\/wp\/v2\/pages\/116\/revisions\/2313"}],"wp:attachment":[{"href":"https:\/\/www.hsu-hh.de\/sozpsy\/wp-json\/wp\/v2\/media?parent=116"}],"wp:term":[{"taxonomy":"category","embeddable":true,"href":"https:\/\/www.hsu-hh.de\/sozpsy\/wp-json\/wp\/v2\/categories?post=116"},{"taxonomy":"post_tag","embeddable":true,"href":"https:\/\/www.hsu-hh.de\/sozpsy\/wp-json\/wp\/v2\/tags?post=116"}],"curies":[{"name":"wp","href":"https:\/\/api.w.org\/{rel}","templated":true}]}}