{"id":662,"date":"2021-12-21T15:46:46","date_gmt":"2021-12-21T14:46:46","guid":{"rendered":"https:\/\/www.hsu-hh.de\/soziologie\/?page_id=662"},"modified":"2021-12-21T15:51:33","modified_gmt":"2021-12-21T14:51:33","slug":"suche-interviewpartner","status":"publish","type":"page","link":"https:\/\/www.hsu-hh.de\/soziologie\/suche-interviewpartner","title":{"rendered":"Suche Interviewpartner"},"content":{"rendered":"\n<p><em>Dezember 2021 <\/em><\/p>\n\n\n\n<p>Im Rahmen des Projektes \u201eEmergent Norms in Corona Protests\u201c f\u00fchren wir zum Zeitpunkt Interviews mit Personen, die den Coronama\u00dfnahmen kritisch gegen\u00fcber stehen. Wir interessieren uns f\u00fcr Ihre Meinung zum aktuellen Geschehen und daf\u00fcr inwiefern (soziale) Medien Ihnen in den letzten zwei Jahren geholfen haben sich zu informieren und auszutauschen.<\/p>\n\n\n\n<p>Das Interview kann pers\u00f6nlich oder digital stattfinden und wird aufgezeichnet. Wir speichern Ihre Daten anonymisiert. Ihr Name wird nicht \u00f6ffentlich gemacht. Die Auswertung der Interviews wird in einer wissenschaftlichen Fachpublikation (Zeitschrift oder Buch) erfolgen. Gerne werden Sie dar\u00fcber weiter informiert. <\/p>\n\n\n\n<p>Mit dieser Forschung m\u00f6chten wir mehr Verst\u00e4ndnis f\u00fcr die gesellschaftlichen Probleme in der Pandemie und f\u00fcr einander schaffen und der Spaltung in der Gesellschaft entgegenwirken.<\/p>\n\n\n\n<p><strong>Wer?<\/strong><\/p>\n\n\n\n<p>Das Projekt wird durchgef\u00fchrt an der Helmut-Schmidt-Universit\u00e4t der Bundeswehr Hamburg und dem Hamburger Institut f\u00fcr Sozialforschung. Es wird finanziert von der Volkswagen Stiftung. Mehr Informationen unter: <a href=\"http:\/\/www.hsu-hh.de\/soziologie\/emergentnorms\">www.hsu-hh.de\/soziologie\/emergentnorms<\/a><\/p>\n\n\n\n<p><strong>Kontakt<\/strong><\/p>\n\n\n\n<p>Bei Interesse schreiben Sie gerne eine unverbindliche Nachricht an <a href=\"mailto:emergentnorms@hsu-hh.de\" rel='nofollow'>emergentnorms@hsu-hh.de<\/a> Wir beantworten gerne alle Ihre Fragen.<\/p>\n","protected":false},"excerpt":{"rendered":"<p>Dezember 2021 Im Rahmen des Projektes \u201eEmergent Norms in Corona Protests\u201c f\u00fchren wir zum Zeitpunkt Interviews mit Personen, die den Coronama\u00dfnahmen kritisch gegen\u00fcber stehen. Wir interessieren uns f\u00fcr Ihre Meinung [&hellip;]<\/p>\n","protected":false},"author":3111,"featured_media":0,"parent":0,"menu_order":0,"comment_status":"closed","ping_status":"closed","template":"","meta":{"footnotes":""},"categories":[4],"tags":[],"class_list":["post-662","page","type-page","status-publish","hentry","category-forschung"],"_links":{"self":[{"href":"https:\/\/www.hsu-hh.de\/soziologie\/wp-json\/wp\/v2\/pages\/662","targetHints":{"allow":["GET"]}}],"collection":[{"href":"https:\/\/www.hsu-hh.de\/soziologie\/wp-json\/wp\/v2\/pages"}],"about":[{"href":"https:\/\/www.hsu-hh.de\/soziologie\/wp-json\/wp\/v2\/types\/page"}],"author":[{"embeddable":true,"href":"https:\/\/www.hsu-hh.de\/soziologie\/wp-json\/wp\/v2\/users\/3111"}],"replies":[{"embeddable":true,"href":"https:\/\/www.hsu-hh.de\/soziologie\/wp-json\/wp\/v2\/comments?post=662"}],"version-history":[{"count":4,"href":"https:\/\/www.hsu-hh.de\/soziologie\/wp-json\/wp\/v2\/pages\/662\/revisions"}],"predecessor-version":[{"id":668,"href":"https:\/\/www.hsu-hh.de\/soziologie\/wp-json\/wp\/v2\/pages\/662\/revisions\/668"}],"wp:attachment":[{"href":"https:\/\/www.hsu-hh.de\/soziologie\/wp-json\/wp\/v2\/media?parent=662"}],"wp:term":[{"taxonomy":"category","embeddable":true,"href":"https:\/\/www.hsu-hh.de\/soziologie\/wp-json\/wp\/v2\/categories?post=662"},{"taxonomy":"post_tag","embeddable":true,"href":"https:\/\/www.hsu-hh.de\/soziologie\/wp-json\/wp\/v2\/tags?post=662"}],"curies":[{"name":"wp","href":"https:\/\/api.w.org\/{rel}","templated":true}]}}