{"id":566,"date":"2021-11-15T15:37:54","date_gmt":"2021-11-15T14:37:54","guid":{"rendered":"https:\/\/www.hsu-hh.de\/soziologie\/?page_id=566"},"modified":"2021-11-16T14:46:32","modified_gmt":"2021-11-16T13:46:32","slug":"alexia-hack-ma","status":"publish","type":"page","link":"https:\/\/www.hsu-hh.de\/soziologie\/alexia-hack-ma","title":{"rendered":"Alexia Hack, MSc"},"content":{"rendered":"\n<div class=\"wp-block-columns is-layout-flex wp-container-core-columns-is-layout-9d6595d7 wp-block-columns-is-layout-flex\">\n<div class=\"wp-block-column is-layout-flow wp-block-column-is-layout-flow\" style=\"flex-basis:66.66%\">\n<p>Alexia Anna Hack ist seit November 2021 als wissenschaftliche Hilfskraft an der Professur f\u00fcr Soziologie mit dem Schwerpunkt Gesellschaftsanalyse und sozialer Wandel der Helmut-Schmidt-Universit\u00e4t Hamburg t\u00e4tig und engagiert sich im soziologischen Teilprojekt des \u201eZusammenhalt durch Sicherheit? Diskurse, Interaktionen und Praktiken des europ\u00e4ischen Zusammenhaltes im Feld Sicherheit (<a href=\"https:\/\/zuse-projekt.de\/\" target=\"_blank\" rel=\"noreferrer noopener\">ZUSE<\/a>)\u201c-Projekts. Zuvor hat sie einen Bachelor of Arts im Kernfach Geschichte an der Rheinischen Friedrich-Wilhelms-Universit\u00e4t Bonn abgeschlossen, w\u00e4hrend dessen sie den Fokus auf die Forschung von B\u00fcrgerkriegen, Revolutionen, Interventionen, und anderen sozialen Umw\u00e4lzungen in der zweiten H\u00e4lfte des 20. Jahrhunderts legte, wobei oft ethnische und geschlechts-spezifische Aspekte der Prozesse im Vordergrund standen. In der Quellenanalyse f\u00fcr ihre Bachelorarbeit \u00fcber die griechische Widerstandsorganisation und B\u00fcrgerkriegspartei EAM-ELAS (1941-1949) nutzte sie ihre Muttersprachen Deutsch und Griechisch. Anschlie\u00dfend erwarb sie einen Master of Science in Security Studies am University College London. Daf\u00fcr besch\u00e4ftigte sie sich unter anderem mit dem Entwurf von Policy Briefs zur Entwaffnung von terroristischen Organisationen durch UN-Friedenssicherungseins\u00e4tze, nutzte quantitative Methoden f\u00fcr die Untersuchung von Bek\u00e4mpfung sexueller Gewalt als Teil von UN-Entwaffnungs-Missionen, der historischen Entwicklung der Genfer Konventionen mit Blick auf Kontroversen rund um den Kriegsgefangenenstatus w\u00e4hrend des Irak-Kriegs, und ethisch-legalen Ans\u00e4tzen zu \u201eClean Trade\u201c und des sogenannten Ressourcenfluches. In ihrer Masterarbeit untersuchte sie bereits existierende soziale Netzwerke und deren Auswirkung auf die Teilnahme an genozidaler Gewalt, indem sie Daten zu Waffen-SS-Mitgliedern, die ihren Dienst im Konzentrationslagerkomplex Auschwitz leisteten, qualitativ auswertete.<\/p>\n<\/div>\n\n\n\n<div class=\"wp-block-column is-layout-flow wp-block-column-is-layout-flow\" style=\"flex-basis:33.33%\">\n<figure class=\"wp-block-image size-large\"><img loading=\"lazy\" decoding=\"async\" width=\"1024\" height=\"768\" src=\"https:\/\/www.hsu-hh.de\/soziologie\/wp-content\/uploads\/sites\/727\/2021\/11\/IMG_25411-1024x768.jpg\" data-credit=\"Alexia Hack \" alt=\"-\" class=\"wp-image-564\" srcset=\"https:\/\/www.hsu-hh.de\/soziologie\/wp-content\/uploads\/sites\/727\/2021\/11\/IMG_25411-1024x768.jpg 1024w, https:\/\/www.hsu-hh.de\/soziologie\/wp-content\/uploads\/sites\/727\/2021\/11\/IMG_25411-300x225.jpg 300w, https:\/\/www.hsu-hh.de\/soziologie\/wp-content\/uploads\/sites\/727\/2021\/11\/IMG_25411-768x576.jpg 768w, https:\/\/www.hsu-hh.de\/soziologie\/wp-content\/uploads\/sites\/727\/2021\/11\/IMG_25411-1536x1152.jpg 1536w, https:\/\/www.hsu-hh.de\/soziologie\/wp-content\/uploads\/sites\/727\/2021\/11\/IMG_25411-2048x1536.jpg 2048w, https:\/\/www.hsu-hh.de\/soziologie\/wp-content\/uploads\/sites\/727\/2021\/11\/IMG_25411-1100x825.jpg 1100w\" sizes=\"auto, (max-width: 1024px) 100vw, 1024px\" \/><\/figure>\n<\/div>\n<\/div>\n","protected":false},"excerpt":{"rendered":"<p>Alexia Anna Hack ist seit November 2021 als wissenschaftliche Hilfskraft an der Professur f\u00fcr Soziologie mit dem Schwerpunkt Gesellschaftsanalyse und sozialer Wandel der Helmut-Schmidt-Universit\u00e4t Hamburg t\u00e4tig und engagiert sich im [&hellip;]<\/p>\n","protected":false},"author":2938,"featured_media":0,"parent":0,"menu_order":0,"comment_status":"closed","ping_status":"closed","template":"","meta":{"footnotes":""},"categories":[4],"tags":[],"class_list":["post-566","page","type-page","status-publish","hentry","category-forschung"],"_links":{"self":[{"href":"https:\/\/www.hsu-hh.de\/soziologie\/wp-json\/wp\/v2\/pages\/566","targetHints":{"allow":["GET"]}}],"collection":[{"href":"https:\/\/www.hsu-hh.de\/soziologie\/wp-json\/wp\/v2\/pages"}],"about":[{"href":"https:\/\/www.hsu-hh.de\/soziologie\/wp-json\/wp\/v2\/types\/page"}],"author":[{"embeddable":true,"href":"https:\/\/www.hsu-hh.de\/soziologie\/wp-json\/wp\/v2\/users\/2938"}],"replies":[{"embeddable":true,"href":"https:\/\/www.hsu-hh.de\/soziologie\/wp-json\/wp\/v2\/comments?post=566"}],"version-history":[{"count":3,"href":"https:\/\/www.hsu-hh.de\/soziologie\/wp-json\/wp\/v2\/pages\/566\/revisions"}],"predecessor-version":[{"id":588,"href":"https:\/\/www.hsu-hh.de\/soziologie\/wp-json\/wp\/v2\/pages\/566\/revisions\/588"}],"wp:attachment":[{"href":"https:\/\/www.hsu-hh.de\/soziologie\/wp-json\/wp\/v2\/media?parent=566"}],"wp:term":[{"taxonomy":"category","embeddable":true,"href":"https:\/\/www.hsu-hh.de\/soziologie\/wp-json\/wp\/v2\/categories?post=566"},{"taxonomy":"post_tag","embeddable":true,"href":"https:\/\/www.hsu-hh.de\/soziologie\/wp-json\/wp\/v2\/tags?post=566"}],"curies":[{"name":"wp","href":"https:\/\/api.w.org\/{rel}","templated":true}]}}