{"id":441,"date":"2021-10-21T15:31:45","date_gmt":"2021-10-21T13:31:45","guid":{"rendered":"https:\/\/www.hsu-hh.de\/soziologie\/?page_id=441"},"modified":"2026-04-01T11:07:01","modified_gmt":"2026-04-01T09:07:01","slug":"prof-dr-teresa-koloma-beck-2","status":"publish","type":"page","link":"https:\/\/www.hsu-hh.de\/soziologie\/en\/prof-dr-teresa-koloma-beck-2","title":{"rendered":"Prof. Dr. Teresa Koloma Beck"},"content":{"rendered":"\n<div class=\"wp-block-columns is-layout-flex wp-container-core-columns-is-layout-9d6595d7 wp-block-columns-is-layout-flex\">\n<div class=\"wp-block-column is-layout-flow wp-block-column-is-layout-flow\" style=\"flex-basis:66.66%\">\n<p>I am a sociologist working on conflicts, crises, and social transformation, as well as violence, (in-)security, and globalization. I am particularly interested in everyday dynamics and the post\/decolonial dimension of the present. To this end, I have conducted ethnographic research in Angola, Mozambique, Afghanistan, and Germany. I studied at Sciences Po Paris and the University of Witten\/Herdecke, and completed my doctorate at Humboldt University Berlin in 2010. Before joining Helmut Schmidt University in early 2021, I was a Professor of the Sociology of Globalization at the Bundeswehr University Munich and a Senior Fellow at the Hamburg Institute for Social Research. Prior to that, I worked as a project group leader, visiting professor, and research associate in various international and interdisciplinary teaching and research contexts, including at the Centre Marc Bloch Berlin, Erfurt University, the University of Marburg, and Humboldt University Berlin. Alongside my academic teaching and research activities, I regularly work beyond the ivory tower of academia as a speaker, consultant, and author across various civil society, political, and artistic fields of practice.<\/p>\n\n\n\n<p>In a current research project I explore &#8222;<a href=\"https:\/\/unease.hypotheses.org\/\" rel='nofollow'>Experiences of (in-)security and (un-)safety in the university context after October 7, 2023<\/a>&#8222;, at the intersection of sociologies of (in-)security, <em>critical security studies<\/em> and the sociology of the everyday of globalisation. <\/p>\n<\/div>\n\n\n\n<div class=\"wp-block-column is-vertically-aligned-center is-layout-flow wp-block-column-is-layout-flow\" style=\"flex-basis:33.33%\"><div class=\"wp-block-image\">\n<figure class=\"aligncenter size-full is-resized\"><img loading=\"lazy\" decoding=\"async\" width=\"480\" height=\"640\" src=\"https:\/\/www.hsu-hh.de\/soziologie\/wp-content\/uploads\/sites\/727\/2021\/10\/Teresa_Koloma_Beck_Homepage.jpeg\" data-credit=\"Teresa Koloma Beck\" alt=\"-\" class=\"wp-image-447\" style=\"aspect-ratio:0.7500000151778409;width:290px;height:auto\" srcset=\"https:\/\/www.hsu-hh.de\/soziologie\/wp-content\/uploads\/sites\/727\/2021\/10\/Teresa_Koloma_Beck_Homepage.jpeg 480w, https:\/\/www.hsu-hh.de\/soziologie\/wp-content\/uploads\/sites\/727\/2021\/10\/Teresa_Koloma_Beck_Homepage-225x300.jpeg 225w\" sizes=\"auto, (max-width: 480px) 100vw, 480px\" \/><\/figure>\n<\/div><\/div>\n<\/div>\n\n\n\n<div class=\"wp-block-columns is-layout-flex wp-container-core-columns-is-layout-9d6595d7 wp-block-columns-is-layout-flex\">\n<div class=\"wp-block-column is-layout-flow wp-block-column-is-layout-flow\">\n<p><strong>Current Publications<\/strong><\/p>\n\n\n\n<p>Koloma Beck, Teresa\/Gauditz, Leslie Carmel\/Pa\u00dflick, Anna. <a href=\"https:\/\/unease.hypotheses.org\/verletzlich\" data-type=\"link\" data-id=\"https:\/\/unease.hypotheses.org\/verletzlich\" target=\"_blank\" rel=\"noreferrer noopener\">Verletzlich. Un\/Sicherheit, Anti\/Diskriminierung und Konflikt im Hochschulalltag nach dem 7. Oktober 2023<\/a>. <em>openHSU<\/em> (university repository), 4. M\u00e4rz 2026. <a href=\"https:\/\/doi.org\/10.24405\/22236\" rel='nofollow'>https:\/\/doi.org\/10.24405\/22236<\/a>. (English translation forthcoming this spring)<\/p>\n\n\n\n<p>Lentz, Carola\/Koloma Beck, Teresa\/Boehm, Omri. 2024. <a href=\"https:\/\/www.merkur-zeitschrift.de\/artikel\/die-zukunft-unseres-erinnerns-a-mr-78-11-5\/\" rel='nofollow'>Die Zukunft unseres Erinnerns. Ein kulturpolitisches Gespr\u00e4ch<\/a>. <em>Merkur<\/em>. 78(906), 5-19. English translation: Lentz, Carola\/Koloma Beck, Teresa\/Boehm, Omri. 2025 <a href=\"https:\/\/www.eurozine.com\/the-future-of-remembering\/\" data-type=\"link\" data-id=\"https:\/\/www.eurozine.com\/the-future-of-remembering\/\" rel='nofollow'>The future of remembering<\/a>. Translated from German by Isabelle Chaize, <em>Eurozine<\/em>, 19 February 2025<\/p>\n\n\n\n<p>Koloma Beck, Teresa\/Liebsch, Katharina. 2024. Researching war, feminist solidarity, and transnational dynamics \u2013 introductory remarks.<em>&nbsp;Feministische Studien,&nbsp;42<\/em>(1), 9-13.&nbsp;<a href=\"https:\/\/doi.org\/10.1515\/fs-2024-0002\" target=\"_blank\" rel=\"noreferrer noopener\">https:\/\/doi.org\/10.1515\/fs-2024-0002<\/a><\/p>\n\n\n\n<p>Koloma Beck, Teresa\/Wuropulos, Katharina\/Hack, Alexia. 2024. Eine Frage der \u00c4hnlichkeit. Umgang mit Fluchtmigration in Europa. <em>Integration,&nbsp;47<\/em>(3), 224-238.&nbsp;<a href=\"https:\/\/doi.org\/10.5771\/0720-5120-2024-3-224\" target=\"_blank\" rel=\"noreferrer noopener\">https:\/\/doi.org\/10.5771\/0720-5120-2024-3-224<\/a><\/p>\n\n\n\n<p>Koloma Beck, Teresa. 2024. <a href=\"https:\/\/www.deutschlandfunk.de\/sprechen-in-zeiten-des-gaza-kriegs-100.html\" rel='nofollow'>Sprechen in Zeiten des Gaza-Kriegs. Welche Aufgaben haben Kultur- und Wissenschaftsinstitutionen?<\/a> <em>Deutschlandfunk Essay &amp; Diskurs<\/em><\/p>\n\n\n\n<p>Koloma Beck, Teresa. 2024. Die Universit\u00e4t als \u00f6ffentlicher Ort. 2024. In Olaf Sanders &amp; Thomas Jung (Eds.),&nbsp;<em>Universit\u00e4t und Milit\u00e4rische Sicherheit<\/em>. transcript 135-140.&nbsp;<a href=\"https:\/\/doi.org\/10.1515\/9783839470237-013\" target=\"_blank\" rel=\"noreferrer noopener\">https:\/\/doi.org\/10.1515\/9783839470237-013<\/a><\/p>\n\n\n\n<p>Koloma Beck, Teresa, &amp; K\u00fchn, Florian P (eds.). 2023.&nbsp;<em><a href=\"https:\/\/www.hamburger-edition.de\/buecher-e-books\/artikel-detail\/zur-intervention\/\" rel='nofollow'>Zur Intervention. Afghanistan und die Folgen<\/a><\/em>. Hamburger Edition.<\/p>\n\n\n\n<p>Wuropulos, Katharina\/Koloma Beck, Teresa\/Hack, Alexia. 2023.&nbsp;<em>Solidarity for All? Europe\u2019s Unequal Treatment of Refugees. <\/em>IFSH Policy<em> <\/em>Brief. https:\/\/doi.org\/10.25592\/IFSH-POLICY-BRIEF-0123E.<\/p>\n\n\n\n<p>Wuropulos, Katharina\/Koloma Beck, Teresa\/Hack, Alexia. 2023. <em>Solidarit\u00e4t f\u00fcr alle? Europas ungleicher Umgang mit Gefl\u00fcchteten. <\/em>IFSH Policy Brief. https:\/\/doi.org\/10.25592\/IFSH-POLICY-BRIEF-0123.<\/p>\n\n\n\n<p>Koloma Beck, Teresa. 2023. Ein Jahr danach: \u00dcberlegungen zur documenta fifteen. <em>Soziopolis<\/em>. <a href=\"https:\/\/nbn-resolving.org\/urn:nbn:de:0168-ssoar-87462-5\" rel='nofollow'>https:\/\/nbn-resolving.org\/urn:nbn:de:0168-ssoar-87462-5<\/a><\/p>\n\n\n\n<p>Koloma Beck, Teresa. 2023. Divided world. Encountering Frantz Fanon in Kabul. In The present of the past. Imperialism and the historicity of international politics, edited by Klaus Schlichte und Stephan Stetter, Cambridge: Cambridge University Press.<\/p>\n\n\n\n<p>Buckley-Zistel, Susanne\/Koloma Beck, Teresa. 2022. Dekolonisiert Euch! Kritische Betrachtungen der Friedens- und Konfliktforschung. Einleitung zum Forum. In Zeitschrift f\u00fcr Friedens- und Konfliktforschung 11 (2).<\/p>\n\n\n\n<p>Basil, Priya\/Buckley-Zistel, Susanne\/Koloma Beck, Teresa. 2022 [in Druck]. On remembering, unlearning, and creating new stories. An interview with Priya Basil. In Zeitschrift f\u00fcr Friedens- und Konfliktforschung 11 (2) [<a rel=\"noreferrer noopener\" href=\"https:\/\/doi.org\/10.1007\/s42597-022-00084-6\" target=\"_blank\">https:\/\/doi.org\/10.1007\/s42597-022-00084-6<\/a>].<\/p>\n\n\n\n<p>Koloma Beck, Teresa. 2022. Vermessung des besetzten Raums. Vorwort. In: Geva, Dorit. Milit\u00e4r und Familie: Eine andere Geschichte moderner Staatlichkeit. Hamburg: Hamburger Edition. 9-23.<\/p>\n\n\n\n<p>Koloma Beck, Teresa. 2021. Roaring silence. Central European History 54(1), 47-56.<\/p>\n\n\n\n<p>Koloma Beck, Teresa. 2021. \u203aI am a victor, not a victim!\u2039 Verweigerung und Selbstbehauptung in Opfererz\u00e4hlungen. Mittelweg 36 30 (2), 51-71.<\/p>\n\n\n\n<p>Koloma Beck, Teresa, und Klaus Schlichte. 2020. Theorien der Gewalt zur Einf\u00fchrung. Hamburg: Junius.<\/p>\n\n\n\n<p>Koloma Beck, Teresa. 2020. Particularly Universal Encounters. Ethnographic Explorations into a Laboratory of World Society. In What in the World. Understanding Global Social Change, edited by Mathias Albert, und Tobias Werron, 117-137. Bristol: Bristol University Press.<\/p>\n\n\n\n<p>Koloma Beck, Teresa. 2020. Nachdenklichkeit und leibliche Erfahrung. \u00dcberlegungen zum (auto-)ethnographischen Forschen in der Soziologie. In Nachdenklichkeit, edited by Christine Abbt, Donata Schoeller, und Hartmut von Sass, 167-181. Berlin: Diaphanes.<\/p>\n\n\n\n<p>Koloma Beck, Teresa. 2020. Fortschritt und Analyse. \u00dcber die zwei Formen von Kritik, ohne die Wissenschaft nicht funktionieren w\u00fcrde. In Kleine Soziologie des Studierens. Eine Navigationshilfe, edited by Thomas Hoebel, und Swantje Lahm. Stuttgart: utb.<\/p>\n\n\n\n<p>Koloma Beck, Teresa. 2020. Alltag im Reallabor. Pandemie und B\u00fcrgerkrieg als existentielle gesellschaftliche Krisen. Leviathan 48(3), 451-469.<\/p>\n\n\n\n<p>Koloma Beck, Teresa. 2019. Welterzeugung. Gewaltsoziologie als kritische Gesellschaftstheorie. Zeitschrift f\u00fcr Theoretische Soziologie 8 (1), 12-23.<\/p>\n\n\n\n<p>Koloma Beck, Teresa, und Werron, Tobias. 2018. Violent Conflictition. Armed Conflicts and Global Competition for Attention and Legitimacy. International Journal of Politics, Culture, and Society 31(3), 275-296.<\/p>\n\n\n\n<p>Koloma Beck, Teresa. 2018. Mehr als der Mythos vom Zivilisationsprozess. Warum es sich lohnt, Norbert Elias\u2019 bekanntestes Werk neu zu lesen. Zeithistorische Forschungen 2018 (2), 383-390.<\/p>\n\n\n\n<p>Koloma Beck, Teresa. 2018. Liberating the Women of Afghanistan. Socio 11, 57-75. Koloma Beck, Teresa. 2018. Aufruf zum Aufstand. Diversit\u00e4t als wissenschaftliches Problem. Mittelweg 36 27(3), 75-91.<\/p>\n<\/div>\n<\/div>\n\n\n\n<div class=\"wp-block-columns is-layout-flex wp-container-core-columns-is-layout-9d6595d7 wp-block-columns-is-layout-flex\">\n<div class=\"wp-block-column is-layout-flow wp-block-column-is-layout-flow\">\n<p><strong>Contact<\/strong><\/p>\n\n\n\n<p>phone:&nbsp;+49.40.6541-2762<br>fax:&nbsp;+49.40.6541-3746<br>mail:&nbsp;koloma@hsu.hamburg<br>assistant: Helga Dudda <br>dudda@hsu-hh.de<\/p>\n<\/div>\n\n\n\n<div class=\"wp-block-column is-layout-flow wp-block-column-is-layout-flow\">\n<p><strong>Visiting adress<\/strong><\/p>\n\n\n\n<p>Helmut-Schmidt-Universit\u00e4t<br>Building H1, Raum 2373<br>Holstenhofweg 85<br>22043 Hamburg \/\/ Germany                                                                         <\/p>\n<\/div>\n\n\n\n<div class=\"wp-block-column is-layout-flow wp-block-column-is-layout-flow\">\n<p><strong>Postal address<\/strong><\/p>\n\n\n\n<p>Helmut-Schmidt-Universit\u00e4t<br>Fakult\u00e4t f\u00fcr Geistes- und Sozialwissenschaften<br>Holstenhofweg 85<br>22043 Hamburg<br>Germany<\/p>\n<\/div>\n<\/div>\n","protected":false},"excerpt":{"rendered":"<p>I am a sociologist working on conflicts, crises, and social transformation, as well as violence, (in-)security, and globalization. I am particularly interested in everyday dynamics and the post\/decolonial dimension of [&hellip;]<\/p>\n","protected":false},"author":2938,"featured_media":0,"parent":0,"menu_order":0,"comment_status":"closed","ping_status":"closed","template":"","meta":{"footnotes":""},"categories":[7],"tags":[],"class_list":["post-441","page","type-page","status-publish","hentry","category-research"],"_links":{"self":[{"href":"https:\/\/www.hsu-hh.de\/soziologie\/wp-json\/wp\/v2\/pages\/441","targetHints":{"allow":["GET"]}}],"collection":[{"href":"https:\/\/www.hsu-hh.de\/soziologie\/wp-json\/wp\/v2\/pages"}],"about":[{"href":"https:\/\/www.hsu-hh.de\/soziologie\/wp-json\/wp\/v2\/types\/page"}],"author":[{"embeddable":true,"href":"https:\/\/www.hsu-hh.de\/soziologie\/wp-json\/wp\/v2\/users\/2938"}],"replies":[{"embeddable":true,"href":"https:\/\/www.hsu-hh.de\/soziologie\/wp-json\/wp\/v2\/comments?post=441"}],"version-history":[{"count":21,"href":"https:\/\/www.hsu-hh.de\/soziologie\/wp-json\/wp\/v2\/pages\/441\/revisions"}],"predecessor-version":[{"id":1276,"href":"https:\/\/www.hsu-hh.de\/soziologie\/wp-json\/wp\/v2\/pages\/441\/revisions\/1276"}],"wp:attachment":[{"href":"https:\/\/www.hsu-hh.de\/soziologie\/wp-json\/wp\/v2\/media?parent=441"}],"wp:term":[{"taxonomy":"category","embeddable":true,"href":"https:\/\/www.hsu-hh.de\/soziologie\/wp-json\/wp\/v2\/categories?post=441"},{"taxonomy":"post_tag","embeddable":true,"href":"https:\/\/www.hsu-hh.de\/soziologie\/wp-json\/wp\/v2\/tags?post=441"}],"curies":[{"name":"wp","href":"https:\/\/api.w.org\/{rel}","templated":true}]}}