{"id":231,"date":"2021-03-15T10:38:55","date_gmt":"2021-03-15T09:38:55","guid":{"rendered":"https:\/\/www.hsu-hh.de\/soziologie\/?page_id=231"},"modified":"2026-04-01T11:24:50","modified_gmt":"2026-04-01T09:24:50","slug":"team","status":"publish","type":"page","link":"https:\/\/www.hsu-hh.de\/soziologie\/team","title":{"rendered":"Team"},"content":{"rendered":"\n<div class=\"wp-block-media-text is-stacked-on-mobile\" style=\"grid-template-columns:17% auto\"><figure class=\"wp-block-media-text__media\"><img loading=\"lazy\" decoding=\"async\" width=\"480\" height=\"640\" src=\"https:\/\/www.hsu-hh.de\/soziologie\/wp-content\/uploads\/sites\/727\/2021\/03\/IMG_0548-2.jpeg\" data-credit=\"Teresa Koloma Beck\" alt=\"Teresa Koloma Beck\" class=\"wp-image-155 size-full\" srcset=\"https:\/\/www.hsu-hh.de\/soziologie\/wp-content\/uploads\/sites\/727\/2021\/03\/IMG_0548-2.jpeg 480w, https:\/\/www.hsu-hh.de\/soziologie\/wp-content\/uploads\/sites\/727\/2021\/03\/IMG_0548-2-225x300.jpeg 225w\" sizes=\"auto, (max-width: 480px) 100vw, 480px\" \/><\/figure><div class=\"wp-block-media-text__content\">\n<p class=\"has-medium-font-size\"><strong><abbr title=\"Professor\">Prof.<\/abbr> <abbr title=\"Doktor\">Dr.<\/abbr> Teresa Koloma Beck <\/strong><\/p>\n\n\n\n<p>Teresa Koloma Beck ist Soziologin und besch\u00e4ftigt sich mit Konflikten, Krisen und gesellschaftlicher Transformation, mit Gewalt, (Un-)Sicherheit und Globalisierung. Dabei interessiert sie sich besonders f\u00fcr die Bedeutung kolonialer und imperialer Geschichte in den Gesellschaften der Gegenwart. [<a href=\"https:\/\/www.hsu-hh.de\/soziologie\/prof-dr-teresa-koloma-beck\">Zur pers\u00f6nlichen Homepage<\/a>]<\/p>\n<\/div><\/div>\n\n\n\n<p><\/p>\n\n\n\n<div class=\"wp-block-columns is-layout-flex wp-container-core-columns-is-layout-9d6595d7 wp-block-columns-is-layout-flex\">\n<div class=\"wp-block-column is-layout-flow wp-block-column-is-layout-flow\" style=\"flex-basis:66.66%\">\n<p class=\"has-medium-font-size\"><strong><abbr title=\"Doktor\">Dr.<\/abbr> Tobias Hauffe  <\/strong><\/p>\n\n\n\n<p>Tobias Hauffe ist wissenschaftlicher Mitarbeiter an der Professur f\u00fcr Soziologie mit dem Schwerpunkt Gesellschaftsanalyse und sozialer Wandel. Seine Forschungsschwerpunkte liegen in der Macht- und Herrschaftssoziologie sowie in der Soziologie der Gewalt. Seine bisherige Lehrt\u00e4tigkeit erstreckt sich von Lekt\u00fcreseminaren (<abbr title=\"unter anderem\">u.a.<\/abbr> Durkheim, Archibald, Marcuse, Popitz, Foucault) \u00fcber einf\u00fchrende Seminare (Macht, Entfremdung, Abweichendes Verhalten) bis hin zu thematisch fokussierten Seminaren (<abbr title=\"unter anderem\">u.a.<\/abbr> Totale Institutionen, Stra\u00dfengewalt). <a href=\"https:\/\/www.hsu-hh.de\/soziologie\/dipl-soz-tobias-hauffe\">[Zur pers\u00f6nlichen Homepage]<\/a><\/p>\n\n\n\n<p><\/p>\n<\/div>\n\n\n\n<div class=\"wp-block-column is-layout-flow wp-block-column-is-layout-flow\" style=\"flex-basis:33.33%\">\n<figure class=\"wp-block-image size-large is-resized\"><img loading=\"lazy\" decoding=\"async\" width=\"660\" height=\"1024\" src=\"https:\/\/www.hsu-hh.de\/soziologie\/wp-content\/uploads\/sites\/727\/2021\/03\/Tobias-Hauffe-660x1024.jpg\" data-credit=\"privat\" alt=\"Tobias Hauffe\" class=\"wp-image-215\" style=\"width:169px;height:261px\" srcset=\"https:\/\/www.hsu-hh.de\/soziologie\/wp-content\/uploads\/sites\/727\/2021\/03\/Tobias-Hauffe-660x1024.jpg 660w, https:\/\/www.hsu-hh.de\/soziologie\/wp-content\/uploads\/sites\/727\/2021\/03\/Tobias-Hauffe-193x300.jpg 193w, https:\/\/www.hsu-hh.de\/soziologie\/wp-content\/uploads\/sites\/727\/2021\/03\/Tobias-Hauffe-768x1192.jpg 768w, https:\/\/www.hsu-hh.de\/soziologie\/wp-content\/uploads\/sites\/727\/2021\/03\/Tobias-Hauffe-990x1536.jpg 990w, https:\/\/www.hsu-hh.de\/soziologie\/wp-content\/uploads\/sites\/727\/2021\/03\/Tobias-Hauffe-1320x2048.jpg 1320w, https:\/\/www.hsu-hh.de\/soziologie\/wp-content\/uploads\/sites\/727\/2021\/03\/Tobias-Hauffe-1100x1707.jpg 1100w, https:\/\/www.hsu-hh.de\/soziologie\/wp-content\/uploads\/sites\/727\/2021\/03\/Tobias-Hauffe-scaled.jpg 1650w\" sizes=\"auto, (max-width: 660px) 100vw, 660px\" \/><\/figure>\n<\/div>\n<\/div>\n\n\n\n<div class=\"wp-block-columns is-layout-flex wp-container-core-columns-is-layout-9d6595d7 wp-block-columns-is-layout-flex\">\n<div class=\"wp-block-column is-layout-flow wp-block-column-is-layout-flow\" style=\"flex-basis:100%\">\n<div class=\"wp-block-columns is-layout-flex wp-container-core-columns-is-layout-9d6595d7 wp-block-columns-is-layout-flex\">\n<div class=\"wp-block-column is-layout-flow wp-block-column-is-layout-flow\" style=\"flex-basis:100%\">\n<p class=\"has-medium-font-size\"><strong>Leslie Gauditz, <strong><abbr title=\"Doktor\">Dr.<\/abbr><\/strong>rer.pol<\/strong> <\/p>\n\n\n\n<p>Leslie Gauditz ist seit 2021 wissenschaftliche Mitarbeiterin an der Professur f\u00fcr Soziologie.<br>Ihre Schwerpunkte liegen in der sozialen Bewegungsforschung, sozialen Konflikten sowie qualitativen Methoden. <a href=\"https:\/\/www.hsu-hh.de\/soziologie\/leslie-gauditz-ma\">[Zur pers\u00f6nlichen Homepage]<\/a> <\/p>\n\n\n\n<p><\/p>\n<\/div>\n<\/div>\n<\/div>\n<\/div>\n\n\n\n<p class=\"has-large-font-size\"><strong>Ehemalige Mitarbeiterinnen der Professur <\/strong><\/p>\n\n\n\n<div class=\"wp-block-columns is-layout-flex wp-container-core-columns-is-layout-9d6595d7 wp-block-columns-is-layout-flex\">\n<div class=\"wp-block-column is-layout-flow wp-block-column-is-layout-flow\" style=\"flex-basis:33.33%\">\n<figure class=\"wp-block-image size-large is-resized\"><img loading=\"lazy\" decoding=\"async\" width=\"1024\" height=\"768\" src=\"https:\/\/www.hsu-hh.de\/soziologie\/wp-content\/uploads\/sites\/727\/2021\/11\/IMG_25411-1024x768.jpg\" data-credit=\"Alexia Hack \" alt=\"- \" class=\"wp-image-564\" style=\"width:281px;height:210px\" srcset=\"https:\/\/www.hsu-hh.de\/soziologie\/wp-content\/uploads\/sites\/727\/2021\/11\/IMG_25411-1024x768.jpg 1024w, https:\/\/www.hsu-hh.de\/soziologie\/wp-content\/uploads\/sites\/727\/2021\/11\/IMG_25411-300x225.jpg 300w, https:\/\/www.hsu-hh.de\/soziologie\/wp-content\/uploads\/sites\/727\/2021\/11\/IMG_25411-768x576.jpg 768w, https:\/\/www.hsu-hh.de\/soziologie\/wp-content\/uploads\/sites\/727\/2021\/11\/IMG_25411-1536x1152.jpg 1536w, https:\/\/www.hsu-hh.de\/soziologie\/wp-content\/uploads\/sites\/727\/2021\/11\/IMG_25411-2048x1536.jpg 2048w, https:\/\/www.hsu-hh.de\/soziologie\/wp-content\/uploads\/sites\/727\/2021\/11\/IMG_25411-1100x825.jpg 1100w\" sizes=\"auto, (max-width: 1024px) 100vw, 1024px\" \/><\/figure>\n<\/div>\n\n\n\n<div class=\"wp-block-column is-layout-flow wp-block-column-is-layout-flow\" style=\"flex-basis:66.66%\">\n<p class=\"has-medium-font-size\"><strong>Alexia Hack, MSc<\/strong><\/p>\n\n\n\n<p>Alexia Anna Hack war 2021\/22 als wissenschaftliche Mitarbeiterin an der Professur f\u00fcr Soziologie mit dem Schwerpunkt Gesellschaftsanalyse und sozialer Wandel der Helmut-Schmidt-Universit\u00e4t Hamburg t\u00e4tig und arbeitete im <abbr title=\"Bundesministerium f\u00fcr Bildung und Forschung\">BMBF<\/abbr>-Verbundprojekt \u201eZusammenhalt durch Sicherheit? Diskurse, Interaktionen und Praktiken des europ\u00e4ischen Zusammenhaltes im Feld Sicherheit (<a href=\"https:\/\/zuse-projekt.de\/\" target=\"_blank\" rel=\"noreferrer noopener\">ZUSE<\/a>)\u201c.<\/p>\n<\/div>\n<\/div>\n\n\n\n<div class=\"wp-block-media-text has-media-on-the-right is-stacked-on-mobile\" style=\"grid-template-columns:auto 21%\"><div class=\"wp-block-media-text__content\">\n<p class=\"has-medium-font-size\"><strong>Katharina Wuropulos, M.A<\/strong>.<\/p>\n\n\n\n<p>Katharina Maria Wuropulos war von 2021-2023 wissenschaftliche Mitarbeiterin und Promovendin an der Professur f\u00fcr Soziologie mit dem Schwerpunkt Gesellschaftsanalyse und sozialer Wandel. Die Schwerpunkte ihrer Forschung und Lehre liegen in der Gewaltsoziologie, globalen Gewaltkonflikten, der Soziologie sozialer Probleme und Problematisierungen. W\u00e4hrend ihrer Promotion war sie Fellow am Friedensforschungsinstitut Oslo (PRIO). Inzwischen arbeitet sie als Forscherin an der Universit\u00e4t Bergen, Norwegen.<\/p>\n<\/div><figure class=\"wp-block-media-text__media\"><img loading=\"lazy\" decoding=\"async\" width=\"240\" height=\"256\" src=\"https:\/\/www.hsu-hh.de\/soziologie\/wp-content\/uploads\/sites\/727\/2021\/03\/katharina-maria-WUROPULOS.png\" data-credit=\"privat\" alt=\"Katharina Wuropulos\" class=\"wp-image-177 size-full\" \/><\/figure><\/div>\n","protected":false},"excerpt":{"rendered":"<p>Prof. Dr. Teresa Koloma Beck Teresa Koloma Beck ist Soziologin und besch\u00e4ftigt sich mit Konflikten, Krisen und gesellschaftlicher Transformation, mit Gewalt, (Un-)Sicherheit und Globalisierung. Dabei interessiert sie sich besonders f\u00fcr [&hellip;]<\/p>\n","protected":false},"author":2938,"featured_media":0,"parent":0,"menu_order":0,"comment_status":"closed","ping_status":"closed","template":"","meta":{"footnotes":""},"categories":[4],"tags":[],"class_list":["post-231","page","type-page","status-publish","hentry","category-forschung"],"_links":{"self":[{"href":"https:\/\/www.hsu-hh.de\/soziologie\/wp-json\/wp\/v2\/pages\/231","targetHints":{"allow":["GET"]}}],"collection":[{"href":"https:\/\/www.hsu-hh.de\/soziologie\/wp-json\/wp\/v2\/pages"}],"about":[{"href":"https:\/\/www.hsu-hh.de\/soziologie\/wp-json\/wp\/v2\/types\/page"}],"author":[{"embeddable":true,"href":"https:\/\/www.hsu-hh.de\/soziologie\/wp-json\/wp\/v2\/users\/2938"}],"replies":[{"embeddable":true,"href":"https:\/\/www.hsu-hh.de\/soziologie\/wp-json\/wp\/v2\/comments?post=231"}],"version-history":[{"count":26,"href":"https:\/\/www.hsu-hh.de\/soziologie\/wp-json\/wp\/v2\/pages\/231\/revisions"}],"predecessor-version":[{"id":1284,"href":"https:\/\/www.hsu-hh.de\/soziologie\/wp-json\/wp\/v2\/pages\/231\/revisions\/1284"}],"wp:attachment":[{"href":"https:\/\/www.hsu-hh.de\/soziologie\/wp-json\/wp\/v2\/media?parent=231"}],"wp:term":[{"taxonomy":"category","embeddable":true,"href":"https:\/\/www.hsu-hh.de\/soziologie\/wp-json\/wp\/v2\/categories?post=231"},{"taxonomy":"post_tag","embeddable":true,"href":"https:\/\/www.hsu-hh.de\/soziologie\/wp-json\/wp\/v2\/tags?post=231"}],"curies":[{"name":"wp","href":"https:\/\/api.w.org\/{rel}","templated":true}]}}