{"id":214,"date":"2021-03-11T12:14:34","date_gmt":"2021-03-11T11:14:34","guid":{"rendered":"https:\/\/www.hsu-hh.de\/soziologie\/?page_id=214"},"modified":"2025-11-18T13:57:54","modified_gmt":"2025-11-18T12:57:54","slug":"dipl-soz-tobias-hauffe","status":"publish","type":"page","link":"https:\/\/www.hsu-hh.de\/soziologie\/dipl-soz-tobias-hauffe","title":{"rendered":"Dr. phil. Tobias Hauffe"},"content":{"rendered":"\n<p><\/p>\n\n\n\n<div class=\"wp-block-columns is-layout-flex wp-container-core-columns-is-layout-9d6595d7 wp-block-columns-is-layout-flex\">\n<div class=\"wp-block-column is-layout-flow wp-block-column-is-layout-flow\" style=\"flex-basis:66.66%\">\n<p>Tobias Hauffe ist wissenschaftlicher Mitarbeiter an der Professur f\u00fcr Soziologie mit dem Schwerpunkt Gesellschaftsanalyse und sozialer Wandel. Seine Forschungsschwerpunkte liegen in der Macht- und Herrschaftssoziologie sowie in der Soziologie der Gewalt. Seine bisherige Lehrt\u00e4tigkeit erstreckt sich von Lekt\u00fcreseminaren (<abbr title=\"unter anderem\">u.a.<\/abbr> Durkheim, Marcuse, Popitz, Foucault) \u00fcber einf\u00fchrende Seminare (Macht, Entfremdung, Abweichendes Verhalten) bis hin zu thematisch fokussierten Seminaren (<abbr title=\"unter anderem\">u.a.<\/abbr> Totale Institutionen, Stra\u00dfengewalt). In seiner 2024 ver\u00f6ffentlichten Dissertation untersucht er ausgehend von der Analyse von juristisch als versuchten Totschlags klassifizierten F\u00e4llen den Moment, in dem allt\u00e4gliche Konfliktsituationen in Gewaltgeschehen kippen und es zu schwerwiegender Gewalt in Form von Fu\u00df- und Stampftritten gegen den Kopf einer am Boden liegenden Person kommt. In seinem aktuellen Forschungsvorhaben fragt er nach Bedingungen menschlicher Vorstellungskraft. Er studierte an den Universit\u00e4ten Bayreuth und Bielefeld, arbeitete als Lehrbeauftragter und war als wissenschaftlicher Mitarbeiter an der Professur f\u00fcr Politische Soziologie an der Universit\u00e4t Bayreuth t\u00e4tig. Er war Stipendiat am Hamburger Institut f\u00fcr Sozialforschung und ist seit 2021 externes Mitglied der dortigen Forschungsgruppe Makrogewalt.<\/p>\n<\/div>\n\n\n\n<div class=\"wp-block-column is-vertically-aligned-center is-layout-flow wp-block-column-is-layout-flow\" style=\"flex-basis:33.33%\"><div class=\"wp-block-image\">\n<figure class=\"aligncenter size-large is-resized\"><img loading=\"lazy\" decoding=\"async\" width=\"660\" height=\"1024\" src=\"https:\/\/www.hsu-hh.de\/soziologie\/wp-content\/uploads\/sites\/727\/2021\/03\/Tobias-Hauffe-660x1024.jpg\" data-credit=\"privat\" alt=\"Tobias Hauffe\" class=\"wp-image-215\" style=\"width:165px;height:256px\" srcset=\"https:\/\/www.hsu-hh.de\/soziologie\/wp-content\/uploads\/sites\/727\/2021\/03\/Tobias-Hauffe-660x1024.jpg 660w, https:\/\/www.hsu-hh.de\/soziologie\/wp-content\/uploads\/sites\/727\/2021\/03\/Tobias-Hauffe-193x300.jpg 193w, https:\/\/www.hsu-hh.de\/soziologie\/wp-content\/uploads\/sites\/727\/2021\/03\/Tobias-Hauffe-768x1192.jpg 768w, https:\/\/www.hsu-hh.de\/soziologie\/wp-content\/uploads\/sites\/727\/2021\/03\/Tobias-Hauffe-990x1536.jpg 990w, https:\/\/www.hsu-hh.de\/soziologie\/wp-content\/uploads\/sites\/727\/2021\/03\/Tobias-Hauffe-1320x2048.jpg 1320w, https:\/\/www.hsu-hh.de\/soziologie\/wp-content\/uploads\/sites\/727\/2021\/03\/Tobias-Hauffe-1100x1707.jpg 1100w, https:\/\/www.hsu-hh.de\/soziologie\/wp-content\/uploads\/sites\/727\/2021\/03\/Tobias-Hauffe-scaled.jpg 1650w\" sizes=\"auto, (max-width: 660px) 100vw, 660px\" \/><figcaption class=\"wp-element-caption\">Tobias Hauffe<\/figcaption><\/figure>\n<\/div><\/div>\n<\/div>\n\n\n\n<div class=\"wp-block-columns is-layout-flex wp-container-core-columns-is-layout-9d6595d7 wp-block-columns-is-layout-flex\">\n<div class=\"wp-block-column is-layout-flow wp-block-column-is-layout-flow\">\n<p><strong>Kontakt<\/strong><\/p>\n\n\n\n<p>Raum: H1, 2510 \/\/ Mail: hauffe[at]hsu.hamburg<\/p>\n\n\n\n<p><\/p>\n<\/div>\n<\/div>\n\n\n\n<p><strong>Publikationen<\/strong><\/p>\n\n\n\n<p>&#8222;Gewalt&#8220;. In: Althoff, M., Bereswill, M., Neuber, A. (eds) Handbuch Soziale Probleme. Springer VS, Wiesbaden 2025. <a href=\"https:\/\/doi.org\/10.1007\/978-3-658-44905-6_22-1\" target=\"_blank\" rel=\"noreferrer noopener\">https:\/\/doi.org\/10.1007\/978-3-658-44905-6_22-1<\/a><\/p>\n\n\n\n<p>&#8222;(Zwangs-)Arbeit als Herrschaftspraxis&#8220; (2025) &#8211; Rezension zu \u201eSklaverei, Freiheit und Arbeit. Soziohistorische Beitr\u00e4ge zur Rekonfiguration von Zwangsarbeit\u201c von Theresa Wobbe, L\u00e9a Renard und Marianne Braig (Hg.), online abrufbar unter: <a href=\"https:\/\/www.soziopolis.de\/zwangs-arbeit-als-herrschaftspraxis.html\" data-type=\"link\" data-id=\"https:\/\/www.soziopolis.de\/zwangs-arbeit-als-herrschaftspraxis.html\" target=\"_blank\" rel=\"noreferrer noopener\">https:\/\/www.soziopolis.de\/zwangs-arbeit-als-herrschaftspraxis.html<\/a><\/p>\n\n\n\n<p>&#8222;Die Leere im Zentrum der Tat: Eine Soziologie unvermittelter Gewalt&#8220;, Hamburger Edition, Hamburg 2024. Informationen \u00fcber das Buch finden Sie unter: <a href=\"https:\/\/www.hamburger-edition.de\/buecher-e-books\/artikel-detail\/die-leere-im-zentrum-der-tat\/d\/2956\/\" target=\"_blank\" rel=\"noreferrer noopener\">https:\/\/www.hamburger-edition.de\/buecher-e-books\/artikel-detail\/die-leere-im-zentrum-der-tat\/d\/2956\/<\/a><\/p>\n\n\n\n<p>&#8222;Die <abbr title=\"Helmut Schmidt Universit\u00e4t\">HSU<\/abbr> als (nicht-) \u00f6ffentlicher Ort&#8220;, in: Thomas Jung und Olaf Sanders (<abbr title=\"Herausgeber\">Hrsg.<\/abbr>), Universit\u00e4t und milit\u00e4rische Sicherheit. \u00dcber den Streit um die drohende Einrichtung eines milit\u00e4rischen Sicherheitsbereichs an der Helmut-Schmidt-Universit\u00e4t, transcript, Bielefeld 2024. <\/p>\n\n\n\n<p>&#8222;Der soziologische Blick. \u00dcber die Schwierigkeit, unsere Standardeinstellung infrage zu stellen&#8220;, in: Swantje Lahm und Thomas Hoebel (<abbr title=\"Herausgeber\">Hrsg.<\/abbr>), Kleine Soziologie des Studierens. Eine Navigationshilfe f\u00fcr sozialwissenschaftliche F\u00e4cher, UTB, Stuttgart 2020.<\/p>\n\n\n\n<p>&#8222;Einsame W\u00f6lfe und stabile Paare&#8220; (2019), Rezension von: Elmer Luchterhand, Einsame W\u00f6lfe und stabile Paare. Verhalten und Sozialordnung in den H\u00e4ftlingsgesellschaften nationalsozialistischer Konzentrationslager. Heraus\u00adge\u00adgeben und eingeleitet von Andreas Kranebitter und Christian Fleck. Mauthausen-Studien. Schriftenreihe der KZ-Gedenkst\u00e4tte Mauthausen. Band 11. Wien: new academic press 2018. In: KZfSS, 71.2 (2019): S. 327-330.<\/p>\n\n\n\n<p>&#8222;Dynamiken soziologischer Gewaltforschung&#8220; (2017); zus. mit Thomas Hoebel, Sammelrezension, in: Soziologische Revue 40.3 (2017): S. 369-384.<\/p>\n\n\n\n<p>&#8222;Das KL-System&#8220; (2017), Rezension von: Nikolaus Wachsmann, KL. Die Geschichte der nationalsozialistischen Konzentrationslager, Siedler, M\u00fcnchen 2016, in: Sozio\u00adpolis, online abrufbar unter: <a href=\"https:\/\/soziopolis.de\/lesen\/buecher\/artikel\/das-kl-system\/\" target=\"_blank\" rel=\"noreferrer noopener\">https:\/\/sozio<\/a><a href=\"https:\/\/soziopolis.de\/lesen\/buecher\/artikel\/das-kl-system\/\" rel='nofollow'>polis.de\/lesen\/buecher\/artikel\/das-kl-system\/<\/a>.<\/p>\n\n\n\n<p>&#8222;Soziologie und Nationalsozialismus&#8220; (2015), Rezension von: Michaela Christ \/ Maja Suderland (Hg.), Soziologie und Nationalsozialismus. Positionen, Debatten, Perspektiven, Suhrkamp, Berlin 2014. In: Detlev Peukert und die NS-Forschung, hg. v. R\u00fcdiger Hachtmann und Sven Reichardt, Wallstein G\u00f6ttingen 2015 (= Beitr\u00e4ge zur Geschichte des Nationalsozialismus, <abbr title=\"Band\">Bd.<\/abbr> 31).<\/p>\n\n\n\n<p><strong>Sonstige Ver\u00f6ffentlichung<\/strong>en<\/p>\n\n\n\n<p>Mittelweg 36-Podcast: Wie kann man unvermittelte Gewalt verstehen? Ein Gespr\u00e4ch mit Jens Bisky \u00fcber das Buch &#8222;Die Leere im Zentrum der Tat&#8220; (Hamburger Edition 2024). Online abrufbar unter: <a href=\"https:\/\/www.soziopolis.de\/wie-kann-man-unvermittelte-gewalt-verstehen.html\" target=\"_blank\" rel=\"noreferrer noopener\">https:\/\/www.soziopolis.de\/wie-kann-man-unvermittelte-gewalt-verstehen.html<\/a><\/p>\n\n\n\n<p>Das System, das System, das hat immer recht. Wo Diversit\u00e4t endet: Eine bayerische Hochschule versucht, die Leistungen ihrer Studenten digital zu erfassen, in: FAZ, Mittwoch 12. Dezember 2018. <\/p>\n","protected":false},"excerpt":{"rendered":"<p>Tobias Hauffe ist wissenschaftlicher Mitarbeiter an der Professur f\u00fcr Soziologie mit dem Schwerpunkt Gesellschaftsanalyse und sozialer Wandel. Seine Forschungsschwerpunkte liegen in der Macht- und Herrschaftssoziologie sowie in der Soziologie der [&hellip;]<\/p>\n","protected":false},"author":2862,"featured_media":0,"parent":0,"menu_order":0,"comment_status":"closed","ping_status":"closed","template":"","meta":{"footnotes":""},"categories":[40],"tags":[],"class_list":["post-214","page","type-page","status-publish","hentry","category-team"],"_links":{"self":[{"href":"https:\/\/www.hsu-hh.de\/soziologie\/wp-json\/wp\/v2\/pages\/214","targetHints":{"allow":["GET"]}}],"collection":[{"href":"https:\/\/www.hsu-hh.de\/soziologie\/wp-json\/wp\/v2\/pages"}],"about":[{"href":"https:\/\/www.hsu-hh.de\/soziologie\/wp-json\/wp\/v2\/types\/page"}],"author":[{"embeddable":true,"href":"https:\/\/www.hsu-hh.de\/soziologie\/wp-json\/wp\/v2\/users\/2862"}],"replies":[{"embeddable":true,"href":"https:\/\/www.hsu-hh.de\/soziologie\/wp-json\/wp\/v2\/comments?post=214"}],"version-history":[{"count":25,"href":"https:\/\/www.hsu-hh.de\/soziologie\/wp-json\/wp\/v2\/pages\/214\/revisions"}],"predecessor-version":[{"id":1256,"href":"https:\/\/www.hsu-hh.de\/soziologie\/wp-json\/wp\/v2\/pages\/214\/revisions\/1256"}],"wp:attachment":[{"href":"https:\/\/www.hsu-hh.de\/soziologie\/wp-json\/wp\/v2\/media?parent=214"}],"wp:term":[{"taxonomy":"category","embeddable":true,"href":"https:\/\/www.hsu-hh.de\/soziologie\/wp-json\/wp\/v2\/categories?post=214"},{"taxonomy":"post_tag","embeddable":true,"href":"https:\/\/www.hsu-hh.de\/soziologie\/wp-json\/wp\/v2\/tags?post=214"}],"curies":[{"name":"wp","href":"https:\/\/api.w.org\/{rel}","templated":true}]}}