{"id":176,"date":"2021-03-10T15:21:19","date_gmt":"2021-03-10T14:21:19","guid":{"rendered":"https:\/\/www.hsu-hh.de\/soziologie\/?page_id=176"},"modified":"2024-06-03T09:30:00","modified_gmt":"2024-06-03T07:30:00","slug":"katharina-wuropulos-m-a","status":"publish","type":"page","link":"https:\/\/www.hsu-hh.de\/soziologie\/katharina-wuropulos-m-a","title":{"rendered":"Katharina  Wuropulos, M.A."},"content":{"rendered":"\n<div class=\"wp-block-columns is-layout-flex wp-container-core-columns-is-layout-9d6595d7 wp-block-columns-is-layout-flex\">\n<div class=\"wp-block-column is-layout-flow wp-block-column-is-layout-flow\" style=\"flex-basis:66.66%\">\n<p>Katharina Maria Wuropulos ist wissenschaftliche Mitarbeiterin der Professur f\u00fcr Soziologie mit dem Schwerpunkt Gesellschaftsanalyse und sozialer Wandel. Die Schwerpunkte ihrer Forschung und Lehre liegen in der Gewaltsoziologie, globalen Gewaltkonflikten, der Soziologie sozialer Probleme und Problematisierungen sowie innovative als auch scheiternde L\u00f6sungsversuche solcher. Sie ist Stipendiatin der Research School on Peace and Conflict des Friedensforschungsinstituts Oslo (PRIO) in Norwegen.<br>F\u00fcr ihre Promotion f\u00fchrte sie 8 Monate ethnographische Feldforschung in Malm\u00f6, Schweden, durch. Ihre Promotion befasst sich mit der Frage, wie Menschen Gewalt als Problem verhandeln und nach L\u00f6sungsversuchen f\u00fcr Gewalt und gegen Zuschreibungen von Gewalt suchen. Das Forschungsvorhaben kombiniert Gewaltsoziologie und Erkenntnisse aus den Science and Technology Studies mit den Thematiken Innovation und \u00absocial engineering\u00bb sowie mit soziologischen Erkenntnissen zu globalisierten Lebenswelten.<br>Sie studierte an der Universit\u00e4t Uppsala, der Ruprecht-Karls-Universit\u00e4t Heidelberg, und der Universit\u00e0 di Bologna. Weitere Arbeits- und Forschungsaufenthalte absolvierte sie an der Universit\u00e4t der Bundeswehr M\u00fcnchen, an der Universit\u00e4t Augsburg, bei der GIZ in Br\u00fcssel, am deutsch-franz\u00f6sischen Forschungsinstitut Centre Marc Bloch in Berlin, beim Heidelberger Konfliktbarometer, und bei verschiedenen Innovationslaboren im Rahmen der SDGs, <abbr title=\"unter anderem\">u.a.<\/abbr> beim Innovationslabor Unleash und beim Friedensinnovationslabor der Stanford University.<\/p>\n<\/div>\n\n\n\n<div class=\"wp-block-column is-layout-flow wp-block-column-is-layout-flow\" style=\"flex-basis:33.33%\">\n<figure class=\"wp-block-image size-large is-style-default\"><img loading=\"lazy\" decoding=\"async\" width=\"240\" height=\"256\" src=\"https:\/\/www.hsu-hh.de\/soziologie\/wp-content\/uploads\/sites\/727\/2021\/03\/katharina-maria-WUROPULOS.png\" data-credit=\"privat\" alt=\"Katharina Wuropulos\" class=\"wp-image-177\" \/><\/figure>\n<\/div>\n<\/div>\n","protected":false},"excerpt":{"rendered":"<p>Katharina Maria Wuropulos ist wissenschaftliche Mitarbeiterin der Professur f\u00fcr Soziologie mit dem Schwerpunkt Gesellschaftsanalyse und sozialer Wandel. Die Schwerpunkte ihrer Forschung und Lehre liegen in der Gewaltsoziologie, globalen Gewaltkonflikten, der [&hellip;]<\/p>\n","protected":false},"author":3014,"featured_media":0,"parent":0,"menu_order":0,"comment_status":"closed","ping_status":"closed","template":"","meta":{"footnotes":""},"categories":[40],"tags":[],"class_list":["post-176","page","type-page","status-publish","hentry","category-team"],"_links":{"self":[{"href":"https:\/\/www.hsu-hh.de\/soziologie\/wp-json\/wp\/v2\/pages\/176","targetHints":{"allow":["GET"]}}],"collection":[{"href":"https:\/\/www.hsu-hh.de\/soziologie\/wp-json\/wp\/v2\/pages"}],"about":[{"href":"https:\/\/www.hsu-hh.de\/soziologie\/wp-json\/wp\/v2\/types\/page"}],"author":[{"embeddable":true,"href":"https:\/\/www.hsu-hh.de\/soziologie\/wp-json\/wp\/v2\/users\/3014"}],"replies":[{"embeddable":true,"href":"https:\/\/www.hsu-hh.de\/soziologie\/wp-json\/wp\/v2\/comments?post=176"}],"version-history":[{"count":9,"href":"https:\/\/www.hsu-hh.de\/soziologie\/wp-json\/wp\/v2\/pages\/176\/revisions"}],"predecessor-version":[{"id":1089,"href":"https:\/\/www.hsu-hh.de\/soziologie\/wp-json\/wp\/v2\/pages\/176\/revisions\/1089"}],"wp:attachment":[{"href":"https:\/\/www.hsu-hh.de\/soziologie\/wp-json\/wp\/v2\/media?parent=176"}],"wp:term":[{"taxonomy":"category","embeddable":true,"href":"https:\/\/www.hsu-hh.de\/soziologie\/wp-json\/wp\/v2\/categories?post=176"},{"taxonomy":"post_tag","embeddable":true,"href":"https:\/\/www.hsu-hh.de\/soziologie\/wp-json\/wp\/v2\/tags?post=176"}],"curies":[{"name":"wp","href":"https:\/\/api.w.org\/{rel}","templated":true}]}}