{"id":152,"date":"2021-03-08T21:51:03","date_gmt":"2021-03-08T20:51:03","guid":{"rendered":"https:\/\/www.hsu-hh.de\/soziologie\/?page_id=152"},"modified":"2026-04-01T11:25:02","modified_gmt":"2026-04-01T09:25:02","slug":"prof-dr-teresa-koloma-beck","status":"publish","type":"page","link":"https:\/\/www.hsu-hh.de\/soziologie\/prof-dr-teresa-koloma-beck","title":{"rendered":"Prof. Dr. Teresa Koloma Beck"},"content":{"rendered":"\n<div class=\"wp-block-columns is-layout-flex wp-container-core-columns-is-layout-9d6595d7 wp-block-columns-is-layout-flex\">\n<div class=\"wp-block-column is-layout-flow wp-block-column-is-layout-flow\" style=\"flex-basis:100%\">\n<div class=\"wp-block-columns are-vertically-aligned-center is-layout-flex wp-container-core-columns-is-layout-9d6595d7 wp-block-columns-is-layout-flex\">\n<div class=\"wp-block-column is-vertically-aligned-center is-layout-flow wp-block-column-is-layout-flow\" style=\"flex-basis:66.66%\">\n<p>Ich bin Soziologin und besch\u00e4ftige mich mit Konflikten, Krisen und gesellschaftlicher Transformation, mit Gewalt, (Un-)Sicherheit und Globalisierung. Besonders interessieren mich dabei Alltagsdynamiken und die post\/dekoloniale Dimension der Gegenwart. Dazu habe ich ethnographisch in Angola, Mosambik, Afghanistan und Deutschland geforscht. Ich habe bei Science Po Paris und an der Universit\u00e4t Witten\/Herdecke studiert und 2010 an der Humboldt-Universit\u00e4t zu Berlin meine Promotion abgeschlossen. Ehe ich Anfang 2021 an die Helmut-Schmidt-Universit\u00e4t kam, war ich Professorin f\u00fcr Soziologie der Globalisierung an der Universit\u00e4t der Bundeswehr M\u00fcnchen und Senior Fellow am Hamburger Institut f\u00fcr Sozialforschung. Zuvor arbeitete ich als Projektgruppenleiterin, Professurvertreterin und wissenschaftliche Mitarbeiterin in verschiedenen internationalen und interdisziplin\u00e4ren Lehr- und Forschungskontexten, <abbr title=\"unter anderem\">u.a.<\/abbr> am Centre Marc Bloch Berlin, der Universit\u00e4t Erfurt, der Universit\u00e4t Marburg und der Humboldt-Universit\u00e4t zu Berlin. Neben der akademischen Lehr- und Forschungst\u00e4tigkeit bin ich als Vortragende, Beraterin und Autorin immer wieder auch au\u00dferhalb des akademischen Elfenbeinturms in verschiedenen zivilgesellschaftlichen, politischen und k\u00fcnstlerischen Praxisfeldern unterwegs.<\/p>\n<\/div>\n\n\n\n<div class=\"wp-block-column is-vertically-aligned-center is-layout-flow wp-block-column-is-layout-flow\" style=\"flex-basis:33.33%\"><div class=\"wp-block-image is-style-default\">\n<figure class=\"alignright size-large is-resized\"><img loading=\"lazy\" decoding=\"async\" width=\"480\" height=\"640\" src=\"https:\/\/www.hsu-hh.de\/soziologie\/wp-content\/uploads\/sites\/727\/2021\/03\/IMG_0548-2.jpeg\" data-credit=\"Teresa Koloma Beck\" alt=\"Teresa Koloma Beck\" class=\"wp-image-155\" style=\"aspect-ratio:0.7492625368731564;width:299px;height:auto\" srcset=\"https:\/\/www.hsu-hh.de\/soziologie\/wp-content\/uploads\/sites\/727\/2021\/03\/IMG_0548-2.jpeg 480w, https:\/\/www.hsu-hh.de\/soziologie\/wp-content\/uploads\/sites\/727\/2021\/03\/IMG_0548-2-225x300.jpeg 225w\" sizes=\"auto, (max-width: 480px) 100vw, 480px\" \/><\/figure>\n<\/div><\/div>\n<\/div>\n\n\n\n<p>In einem aktuellen Forschungsprojekt besch\u00e4ftige ich mich mit &#8222;<a href=\"https:\/\/unease.hypotheses.org\/\" data-type=\"link\" data-id=\"https:\/\/unease.hypotheses.org\/\" rel='nofollow'>(Un-)Sicherheitserfahrungen im Kontext Hochschule nach dem 7. Oktober 2023 (UNEASE)<\/a>&#8220; an der Schnittstelle von (Un-)Sicherheitssoziologie, Critical Security Studies und Alltagssoziologie der Globalisierung.<\/p>\n<\/div>\n<\/div>\n\n\n\n<div class=\"wp-block-columns is-layout-flex wp-container-core-columns-is-layout-9d6595d7 wp-block-columns-is-layout-flex\">\n<div class=\"wp-block-column is-layout-flow wp-block-column-is-layout-flow\">\n<h3 class=\"wp-block-heading\">Ausgew\u00e4hlte Publikationen<\/h3>\n\n\n\n<p>Koloma Beck, Teresa\/Gauditz, Leslie Carmel\/Pa\u00dflick, Anna. <a href=\"https:\/\/unease.hypotheses.org\/verletzlich\" data-type=\"link\" data-id=\"https:\/\/unease.hypotheses.org\/verletzlich\" target=\"_blank\" rel=\"noreferrer noopener\">Verletzlich. Un\/Sicherheit, Anti\/Diskriminierung und Konflikt im Hochschulalltag nach dem 7. Oktober 2023<\/a>. <em>openHSU<\/em> (university repository), 4. M\u00e4rz 2026. <a href=\"https:\/\/doi.org\/10.24405\/22236\" rel='nofollow'>https:\/\/doi.org\/10.24405\/22236<\/a>.<\/p>\n\n\n\n<p>Lentz, Carola\/Koloma Beck, Teresa\/Boehm, Omri. 2024. <a href=\"https:\/\/www.merkur-zeitschrift.de\/artikel\/die-zukunft-unseres-erinnerns-a-mr-78-11-5\/\" rel='nofollow'>Die Zukunft unseres Erinnerns. Ein kulturpolitisches Gespr\u00e4ch<\/a>. <em>Merkur<\/em>. 78(906), 5-19. English translation: Lentz, Carola\/Koloma Beck, Teresa\/Boehm, Omri. 2025 <a href=\"https:\/\/www.eurozine.com\/the-future-of-remembering\/\" data-type=\"link\" data-id=\"https:\/\/www.eurozine.com\/the-future-of-remembering\/\" rel='nofollow'>The future of remembering<\/a>. Translated from German by Isabelle Chaize, <em>Eurozine<\/em>, 19 February 2025<\/p>\n\n\n\n<p>Koloma Beck, Teresa\/Liebsch, Katharina. 2024. Researching war, feminist solidarity, and transnational dynamics \u2013 introductory remarks.<em>&nbsp;Feministische Studien,&nbsp;42<\/em>(1), 9-13.&nbsp;<a href=\"https:\/\/doi.org\/10.1515\/fs-2024-0002\" target=\"_blank\" rel=\"noreferrer noopener\">https:\/\/doi.org\/10.1515\/fs-2024-0002<\/a><\/p>\n\n\n\n<p>Koloma Beck, Teresa\/Wuropulos, Katharina\/Hack, Alexia. 2024. Eine Frage der \u00c4hnlichkeit. Umgang mit Fluchtmigration in Europa. <em>Integration,&nbsp;47<\/em>(3), 224-238.&nbsp;<a href=\"https:\/\/doi.org\/10.5771\/0720-5120-2024-3-224\" target=\"_blank\" rel=\"noreferrer noopener\">https:\/\/doi.org\/10.5771\/0720-5120-2024-3-224<\/a><\/p>\n\n\n\n<p>Koloma Beck, Teresa. 2024. <a href=\"https:\/\/www.deutschlandfunk.de\/sprechen-in-zeiten-des-gaza-kriegs-100.html\" rel='nofollow'>Sprechen in Zeiten des Gaza-Kriegs. Welche Aufgaben haben Kultur- und Wissenschaftsinstitutionen?<\/a> <em>Deutschlandfunk Essay &amp; Diskurs<\/em> <\/p>\n\n\n\n<p>Koloma Beck, Teresa. 2024. Die Universit\u00e4t als \u00f6ffentlicher Ort. 2024. In Olaf Sanders &amp; Thomas Jung (Eds.),&nbsp;<em>Universit\u00e4t und Milit\u00e4rische Sicherheit<\/em>. transcript 135-140.&nbsp;<a href=\"https:\/\/doi.org\/10.1515\/9783839470237-013\" target=\"_blank\" rel=\"noreferrer noopener\">https:\/\/doi.org\/10.1515\/9783839470237-013<\/a><\/p>\n\n\n\n<p>Koloma Beck, Teresa, &amp; K\u00fchn, Florian P (eds.). 2023.&nbsp;<a href=\"http:\/\/Koloma Beck, Teresa, &amp; K\u00fchn, Florian P (eds.). 2023.&nbsp;Zur Intervention. Afghanistan und die Folgen. Hamburger Edition.\" rel='nofollow'><em>Zur Intervention. Afghanistan und die Folgen<\/em>.<\/a> Hamburger Edition.<\/p>\n\n\n\n<p>Wuropulos, Katharina\/Koloma Beck, Teresa\/Hack, Alexia. 2023.&nbsp;<em>Solidarity for All? Europe\u2019s Unequal Treatment of Refugees. <\/em>IFSH Policy<em> <\/em>Brief. https:\/\/doi.org\/10.25592\/IFSH-POLICY-BRIEF-0123E.<\/p>\n\n\n\n<p>Wuropulos, Katharina\/Koloma Beck, Teresa\/Hack, Alexia. 2023. <em>Solidarit\u00e4t f\u00fcr alle? Europas ungleicher Umgang mit Gefl\u00fcchteten. <\/em>IFSH Policy Brief. https:\/\/doi.org\/10.25592\/IFSH-POLICY-BRIEF-0123.<\/p>\n\n\n\n<p>Koloma Beck, Teresa. 2023. Ein Jahr danach: \u00dcberlegungen zur documenta fifteen. <em>Soziopolis<\/em>. <a href=\"https:\/\/nbn-resolving.org\/urn:nbn:de:0168-ssoar-87462-5\" rel='nofollow'>https:\/\/nbn-resolving.org\/urn:nbn:de:0168-ssoar-87462-5<\/a><\/p>\n\n\n\n<p>Koloma Beck, Teresa. 2023. Divided world. Encountering Frantz Fanon in Kabul. In The present of the past. Imperialism and the historicity of international politics, edited by Klaus Schlichte und Stephan Stetter, Cambridge: Cambridge University Press.<\/p>\n\n\n\n<p>Buckley-Zistel, Susanne\/Koloma Beck, Teresa. 2022. Dekolonisiert Euch! Kritische Betrachtungen der Friedens- und Konfliktforschung. Einleitung zum Forum. In Zeitschrift f\u00fcr Friedens- und Konfliktforschung 11 (2).<\/p>\n\n\n\n<p>Basil, Priya\/Buckley-Zistel, Susanne\/Koloma Beck, Teresa. 2022 [in Druck]. On remembering, unlearning, and creating new stories. An interview with Priya Basil. In Zeitschrift f\u00fcr Friedens- und Konfliktforschung 11 (2) [<a rel=\"noreferrer noopener\" href=\"https:\/\/doi.org\/10.1007\/s42597-022-00084-6\" target=\"_blank\">https:\/\/doi.org\/10.1007\/s42597-022-00084-6<\/a>].<\/p>\n\n\n\n<p>Koloma Beck, Teresa. 2022. Vermessung des besetzten Raums. Vorwort. In: Geva, Dorit. Milit\u00e4r und Familie: Eine andere Geschichte moderner Staatlichkeit. Hamburg: Hamburger Edition. 9-23.<\/p>\n\n\n\n<p>Koloma Beck, Teresa. 2021. <a href=\"http:\/\/Koloma Beck, Teresa. 2021. Zerteilte Welten. Mit Frantz Fanon in Kabul. In Soziopolis. https:\/\/www.soziopolis.de\/zerteilte-welten.html\" target=\"_blank\" rel=\"noreferrer noopener\">Zerteilte Welten. Mit Frantz Fanon in Kabul<\/a>. In Soziopolis. https:\/\/www.soziopolis.de\/zerteilte-welten.html<\/p>\n\n\n\n<p>Basil, Priya, und Teresa Koloma Beck. 2021. <a href=\"https:\/\/www.zeit.de\/kultur\/2021-09\/humboldt-forum-ethnologisches-museum-plakatwerbung-vorurteile-kolonialisierung-historie\" target=\"_blank\" rel=\"noreferrer noopener\">Mehr Humble Forum, bitte! <\/a>In ZeitOnline, 10 nach 8. https:\/\/www.zeit.de\/kultur\/2021-09\/humboldt-forum-ethnologisches-museum-plakatwerbung-vorurteile-kolonialisierung-historie  <\/p>\n\n\n\n<p>Koloma Beck, Teresa. 2021. Roaring silence. Central European History 54(1), 47-56.<\/p>\n\n\n\n<p>Koloma Beck, Teresa. 2021. \u203aI am a victor, not a victim!\u2039 Verweigerung und Selbstbehauptung in Opfererz\u00e4hlungen. Mittelweg 36 30 (2), 51-71.<\/p>\n\n\n\n<p>Koloma Beck, Teresa, und Klaus Schlichte. 2020. Theorien der Gewalt zur Einf\u00fchrung. 3. \u00fcberarbeitete Auflage Hamburg: Junius.<\/p>\n\n\n\n<p>Koloma Beck, Teresa. 2020. Particularly Universal Encounters. Ethnographic Explorations into a Laboratory of World Society. In What in the World. Understanding Global Social Change, edited by Mathias Albert, und Tobias Werron, 117-137. Bristol: Bristol University Press.<\/p>\n\n\n\n<p>Koloma Beck, Teresa. 2020. Nachdenklichkeit und leibliche Erfahrung. \u00dcberlegungen zum (auto-)ethnographischen Forschen in der Soziologie. In Nachdenklichkeit, edited by Christine Abbt, Donata Schoeller, und Hartmut von Sass, 167-181. Berlin: Diaphanes.<\/p>\n\n\n\n<p>Koloma Beck, Teresa. 2020. Fortschritt und Analyse. \u00dcber die zwei Formen von Kritik, ohne die Wissenschaft nicht funktionieren w\u00fcrde. In Kleine Soziologie des Studierens. Eine Navigationshilfe, edited by Thomas Hoebel, und Swantje Lahm. Stuttgart: utb.<\/p>\n\n\n\n<p>Koloma Beck, Teresa. 2020. Alltag im Reallabor. Pandemie und B\u00fcrgerkrieg als existentielle gesellschaftliche Krisen. Leviathan 48(3), 451-469.<\/p>\n\n\n\n<p>Koloma Beck, Teresa. 2019. Welterzeugung. Gewaltsoziologie als kritische Gesellschaftstheorie. Zeitschrift f\u00fcr Theoretische Soziologie 8 (1), 12-23.<\/p>\n\n\n\n<p>Koloma Beck, Teresa, und Werron, Tobias. 2018. Violent Conflictition. Armed Conflicts and Global Competition for Attention and Legitimacy. International Journal of Politics, Culture, and Society 31(3), 275-296.<\/p>\n\n\n\n<p>Koloma Beck, Teresa. 2018. Mehr als der Mythos vom Zivilisationsprozess. Warum es sich lohnt, Norbert Elias\u2019 bekanntestes Werk neu zu lesen. Zeithistorische Forschungen 2018 (2), 383-390.<\/p>\n\n\n\n<p>Koloma Beck, Teresa. 2018. Liberating the Women of Afghanistan. Socio 11, 57-75.<\/p>\n\n\n\n<p>Koloma Beck, Teresa. 2018. Aufruf zum Aufstand. Diversit\u00e4t als wissenschaftliches Problem. Mittelweg 36 27(3), 75-91.<\/p>\n\n\n\n<div class=\"wp-block-columns is-layout-flex wp-container-core-columns-is-layout-9d6595d7 wp-block-columns-is-layout-flex\">\n<div class=\"wp-block-column is-layout-flow wp-block-column-is-layout-flow\">\n<p><strong>Kontakt<\/strong><\/p>\n\n\n\n<p>Telefon:\u00a0<a target=\"_blank\" rel=\"noreferrer noopener\">+49.40.6541-2762<\/a><br>Fax:\u00a0<a target=\"_blank\" rel=\"noreferrer noopener\">+49.40.6541-3746<\/a><br>Mail:\u00a0<a target=\"_blank\" rel=\"noreferrer noopener\">koloma@hsu.hamburg<\/a><br>B\u00fcroassistenz: <a target=\"_blank\" rel=\"noreferrer noopener\">dudda@hsu.hamburg<\/a><\/p>\n\n\n\n<p><\/p>\n<\/div>\n\n\n\n<div class=\"wp-block-column is-layout-flow wp-block-column-is-layout-flow\">\n<p><strong>Besucheradresse<\/strong><\/p>\n\n\n\n<p>Helmut-Schmidt-Universit\u00e4t<br>Geb\u00e4ude H1, Raum 2373<br>Holstenhofweg 85<br>22043 Hamburg<\/p>\n<\/div>\n\n\n\n<div class=\"wp-block-column is-layout-flow wp-block-column-is-layout-flow\">\n<p><strong>Postadresse<\/strong><\/p>\n\n\n\n<p>Helmut-Schmidt-Universit\u00e4t<br>Holstenhofweg 85<br>22043 Hamburg<br>Germany<\/p>\n<\/div>\n<\/div>\n<\/div>\n<\/div>\n\n\n\n<p><\/p>\n","protected":false},"excerpt":{"rendered":"<p>Ich bin Soziologin und besch\u00e4ftige mich mit Konflikten, Krisen und gesellschaftlicher Transformation, mit Gewalt, (Un-)Sicherheit und Globalisierung. Besonders interessieren mich dabei Alltagsdynamiken und die post\/dekoloniale Dimension der Gegenwart. Dazu habe [&hellip;]<\/p>\n","protected":false},"author":2862,"featured_media":0,"parent":0,"menu_order":0,"comment_status":"closed","ping_status":"closed","template":"","meta":{"footnotes":""},"categories":[40],"tags":[],"class_list":["post-152","page","type-page","status-publish","hentry","category-team"],"_links":{"self":[{"href":"https:\/\/www.hsu-hh.de\/soziologie\/wp-json\/wp\/v2\/pages\/152","targetHints":{"allow":["GET"]}}],"collection":[{"href":"https:\/\/www.hsu-hh.de\/soziologie\/wp-json\/wp\/v2\/pages"}],"about":[{"href":"https:\/\/www.hsu-hh.de\/soziologie\/wp-json\/wp\/v2\/types\/page"}],"author":[{"embeddable":true,"href":"https:\/\/www.hsu-hh.de\/soziologie\/wp-json\/wp\/v2\/users\/2862"}],"replies":[{"embeddable":true,"href":"https:\/\/www.hsu-hh.de\/soziologie\/wp-json\/wp\/v2\/comments?post=152"}],"version-history":[{"count":31,"href":"https:\/\/www.hsu-hh.de\/soziologie\/wp-json\/wp\/v2\/pages\/152\/revisions"}],"predecessor-version":[{"id":1285,"href":"https:\/\/www.hsu-hh.de\/soziologie\/wp-json\/wp\/v2\/pages\/152\/revisions\/1285"}],"wp:attachment":[{"href":"https:\/\/www.hsu-hh.de\/soziologie\/wp-json\/wp\/v2\/media?parent=152"}],"wp:term":[{"taxonomy":"category","embeddable":true,"href":"https:\/\/www.hsu-hh.de\/soziologie\/wp-json\/wp\/v2\/categories?post=152"},{"taxonomy":"post_tag","embeddable":true,"href":"https:\/\/www.hsu-hh.de\/soziologie\/wp-json\/wp\/v2\/tags?post=152"}],"curies":[{"name":"wp","href":"https:\/\/api.w.org\/{rel}","templated":true}]}}