{"id":123,"date":"2019-11-07T15:52:41","date_gmt":"2019-11-07T14:52:41","guid":{"rendered":"https:\/\/www.hsu-hh.de\/soziologie\/?page_id=123"},"modified":"2026-04-01T11:23:15","modified_gmt":"2026-04-01T09:23:15","slug":"forschung","status":"publish","type":"page","link":"https:\/\/www.hsu-hh.de\/soziologie\/forschung","title":{"rendered":"Forschung"},"content":{"rendered":"\n<h3 class=\"wp-block-heading\">&nbsp;<\/h3>\n\n\n\n<h3 class=\"wp-block-heading\">Forschungsprojekt &#8222;(Un-) Sicherheitserfahrungen im Kontext Hochschule (UNEASE)&#8220; (laufend)<\/h3>\n\n\n\n<p>Vor dem Hintergrund anschwellender \u00f6ffentlicher Debatten \u00fcber Un_Sicherheit an Universit\u00e4ten und Hochschulen geht die Studie der Frage nach, wie sich das Sicherheitsempfinden von Hochschulangeh\u00f6rigen seit dem 7. Oktober 2023 ver\u00e4ndert hat. Ziel ist es, subjektive Un_Sicherheitserfahrungen analytisch aufzuschl\u00fcsseln und herauszuarbeiten, wovon konkret die Rede ist, wenn Hochschulangeh\u00f6rige sagen, sie f\u00fchlten sich im Hochschulalltag nicht (mehr) sicher. An der Schnittstelle von (Un-)Sicherheitssoziologie, Critical Security Studies, (Anti-)Diskriminierungsforschung und Konfliktsoziologie fragt das Vorhaben, welche Situationen Erfahrungen von Un_Sicherheit erzeugen, inwiefern Unsicherheitserfahrungen mit Diskriminierungserfahrungen zusammenh\u00e4ngen? Und wer aus welchen Gr\u00fcnden und in welcher Weise von Ver\u00e4nderungen des Sicherheitsempfindens besonders betroffen war? <a href=\"https:\/\/unease.hypotheses.org\/\" target=\"_blank\" rel=\"noreferrer noopener\">Mehr Informationen sind im Blog zum Projekt zu finden<\/a>.<\/p>\n\n\n\n<h3 class=\"wp-block-heading\">&nbsp;<\/h3>\n\n\n\n<h3 class=\"wp-block-heading\"><strong>Forschungsprojekt &#8222;Zusammenhalt durch Sicherheit?<\/strong><br><strong>Diskurse, Interaktionen und Praktiken des europ\u00e4ischen Zusammenhaltes im Feld Sicherheit (ZUSE)&#8220; (abgeschlossen)<\/strong><\/h3>\n\n\n\n<p class=\"has-text-align-left\">Nach einer Phase beschleunigter Integration, die in einigen Regionen und Gesellschaftsteilen von Begeisterung f\u00fcr die Europ\u00e4ische Union (EU) begleitet wurde, sind aktuelle Debatten \u00fcber Europa von Krisendiskursen gepr\u00e4gt. In diesen Zeiten multipler Krisen vom Brexit \u00fcber den Klimawandel bis zur Corona-Pandemie betonen europ\u00e4ische Institutionen und Staaten vermehrt die Rolle der EU als Sicherheitsgarantin in unsicheren Zeiten, um damit den Zusammenhalt in und zwischen europ\u00e4ischen Gesellschaften zu bef\u00f6rdern. ZUSE untersucht die politische Ausgestaltung, die administrative Umsetzung sowie die gesellschaftlichen Auswirkungen von Sicherheit als m\u00f6glichem neuen Leitnarrativ europ\u00e4ischer Integration.<\/p>\n\n\n\n<p class=\"has-text-align-left\">ZUSE war ein gemeinsames Forschungsprojekt des Instituts f\u00fcr Friedensforschung und Sicherheitspolitik an der Universit\u00e4t Hamburg (IFSH), der Helmut-Schmidt-Universit\u00e4t \/ Universit\u00e4t der Bundeswehr Hamburg und der Eberhard Karls Universit\u00e4t T\u00fcbingen. Das Vorhaben wurde vom Bundesministerium f\u00fcr Bildung und Forschung mit einer Laufzeit von Februar 2021 bis Dezember 2023 gef\u00f6rdert.<\/p>\n\n\n\n<p class=\"has-text-align-left\">&nbsp;<\/p>\n\n\n\n<h3 class=\"wp-block-heading\"><strong>Forschungsprojekt &#8222;Emergent Norms in Corona Protests&#8220; (abgeschlossen)<\/strong><\/h3>\n\n\n\n<p class=\"has-text-align-left\">Die ab Anfang M\u00e4rz 2020 zur Eind\u00e4mmung der Covid-19-Pandemie ergriffenen Ma\u00dfnahmen haben zu anhaltenden \u00f6ffentlichen Proteste gef\u00fchrt. Das Projekt interessiert sich f\u00fcr die politischen und gesellschaftlichen Implikationen der sogenannten Corona-Proteste in Deutschland. Besondere Aufmerksamkeit gilt dabei der sozialen und politischen Einbettung des Protestgeschehens, das sehr grunds\u00e4tzliche Fragen hinsichtlich der (Re-)Produktion der Legitimit\u00e4t staatlicher Institutionen aufwirft. Im Zentrum steht die Frage, wie sich im Protestgeschehen geteilte Vorstellungswelten und Normen formen, reproduzieren, wandeln oder auch (wieder) aufl\u00f6sen. Ziel ist ein besseres Verst\u00e4ndnis dieser Vorstellungswelten, die sich hinsichtlich sozialer Spaltungen in der Gesamtgesellschaft immer sch\u00e4rfer ausdifferenzieren und konturieren. Das als digitale politische Ethnografie angelegte Projekt ist ein Kooperationsvorhaben der Helmut-Schmidt-Universit\u00e4t und des Hamburger Instituts f\u00fcr Sozialforschung unter besonderer Einbindung des dortigen Archivs. Es wurde gef\u00f6rdert von der Volkswagenstiftung (F\u00f6rderlinie Corona Crisis and Beyond).<\/p>\n\n\n\n<p class=\"has-text-align-right has-medium-font-size\"><\/p>\n\n\n\n<div class=\"wp-block-columns is-layout-flex wp-container-core-columns-is-layout-9d6595d7 wp-block-columns-is-layout-flex\">\n<div class=\"wp-block-column is-layout-flow wp-block-column-is-layout-flow\" style=\"flex-basis:100%\">\n<div class=\"wp-block-columns is-layout-flex wp-container-core-columns-is-layout-9d6595d7 wp-block-columns-is-layout-flex\">\n<div class=\"wp-block-column is-layout-flow wp-block-column-is-layout-flow\" style=\"flex-basis:100%\">\n<p class=\"has-text-align-right has-normal-font-size\"><br><\/p>\n\n\n\n<p><\/p>\n<\/div>\n<\/div>\n<\/div>\n<\/div>\n\n\n\n<p><\/p>\n","protected":false},"excerpt":{"rendered":"<p>&nbsp; Forschungsprojekt &#8222;(Un-) Sicherheitserfahrungen im Kontext Hochschule (UNEASE)&#8220; (laufend) Vor dem Hintergrund anschwellender \u00f6ffentlicher Debatten \u00fcber Un_Sicherheit an Universit\u00e4ten und Hochschulen geht die Studie der Frage nach, wie sich das [&hellip;]<\/p>\n","protected":false},"author":1935,"featured_media":0,"parent":0,"menu_order":0,"comment_status":"closed","ping_status":"closed","template":"","meta":{"footnotes":""},"categories":[4],"tags":[],"class_list":["post-123","page","type-page","status-publish","hentry","category-forschung"],"_links":{"self":[{"href":"https:\/\/www.hsu-hh.de\/soziologie\/wp-json\/wp\/v2\/pages\/123","targetHints":{"allow":["GET"]}}],"collection":[{"href":"https:\/\/www.hsu-hh.de\/soziologie\/wp-json\/wp\/v2\/pages"}],"about":[{"href":"https:\/\/www.hsu-hh.de\/soziologie\/wp-json\/wp\/v2\/types\/page"}],"author":[{"embeddable":true,"href":"https:\/\/www.hsu-hh.de\/soziologie\/wp-json\/wp\/v2\/users\/1935"}],"replies":[{"embeddable":true,"href":"https:\/\/www.hsu-hh.de\/soziologie\/wp-json\/wp\/v2\/comments?post=123"}],"version-history":[{"count":25,"href":"https:\/\/www.hsu-hh.de\/soziologie\/wp-json\/wp\/v2\/pages\/123\/revisions"}],"predecessor-version":[{"id":1283,"href":"https:\/\/www.hsu-hh.de\/soziologie\/wp-json\/wp\/v2\/pages\/123\/revisions\/1283"}],"wp:attachment":[{"href":"https:\/\/www.hsu-hh.de\/soziologie\/wp-json\/wp\/v2\/media?parent=123"}],"wp:term":[{"taxonomy":"category","embeddable":true,"href":"https:\/\/www.hsu-hh.de\/soziologie\/wp-json\/wp\/v2\/categories?post=123"},{"taxonomy":"post_tag","embeddable":true,"href":"https:\/\/www.hsu-hh.de\/soziologie\/wp-json\/wp\/v2\/tags?post=123"}],"curies":[{"name":"wp","href":"https:\/\/api.w.org\/{rel}","templated":true}]}}