{"id":950,"date":"2021-01-18T17:34:45","date_gmt":"2021-01-18T16:34:45","guid":{"rendered":"https:\/\/www.hsu-hh.de\/sozgov\/?page_id=950"},"modified":"2022-02-15T15:00:21","modified_gmt":"2022-02-15T14:00:21","slug":"smasch","status":"publish","type":"page","link":"https:\/\/www.hsu-hh.de\/sozgov\/forschung\/smasch\/","title":{"rendered":"Projekt Smarte Schulen (SMASCH)"},"content":{"rendered":"\n<p><\/p>\n\n\n\n<p><strong>Projektlaufzeit:<\/strong> 2021-2024<\/p>\n\n\n\n<p><strong>HSU-ProjektleiterInnen:<\/strong> <a rel=\"noreferrer noopener\" href=\"https:\/\/www.hsu-hh.de\/sozgov\/team\/prof-dr-sigrid-hartong\/\" target=\"_blank\">Prof. Dr. Sigrid Hartong<\/a>, <a rel=\"noreferrer noopener\" href=\"https:\/\/web.hsu-hh.de\/fak\/wiso\/fach\/icu\/team\/scheytt\" target=\"_blank\">Prof. Dr. Tobias Scheytt<\/a> <\/p>\n\n\n\n<p>Das Projekt <a href=\"https:\/\/www.smasch.eu\/\" target=\"_blank\" rel=\"noreferrer noopener\">SMASCH<\/a> wird aus Mitteln des Zentrums f\u00fcr Digitalisierungs- und Technologieforschung der Bundeswehr (<a rel=\"noreferrer noopener\" href=\"https:\/\/dtecbw.de\/home\" target=\"_blank\">dtec.bw<\/a>) gef\u00f6rdert und ist im Rahmen des Forschungsnetzwerks <a rel=\"noreferrer noopener\" href=\"https:\/\/www.hsu-hh.de\/opal\/\" target=\"_blank\">OPAL<\/a> verortet.<\/p>\n\n\n\n<p><strong>Rahmen und Ziel des Projekts: <\/strong>Das Projekt begleitet und unterst\u00fctzt Schulen darin, <em>nachhaltige<\/em>, <em>p\u00e4dagogisch sinnvolle<\/em> und <em>bedarfsgerechte<\/em> Digitalisierungskonzepte zu entwickeln, die mittel- und langfristig sachgerecht und zielad\u00e4quat wirken. Schulen werden dabei als jeweils spezifische organisationale Kontexte begriffen, deren komplexe Eigenheiten zum Ausgangspunkt f\u00fcr die Digitalisierung genommen werden m\u00fcssen. Das erfordert, Digitalisierung nicht nur als Problem der technischen Ausstattung von Schulen, sondern vor allem als Treiber nachhaltiger Schulentwicklung zu verstehen. \u00dcber drei Interventionswellen hinweg vermittelt das Projekt einem ausgew\u00e4hlten Kreis an Schulen organisationsspezifisch und vernetzend Beratungsdienstleistungen, Fortbildungen, Anbieter f\u00fcr IT-Infrastrukturen sowie Unterst\u00fctzung bei der Gestaltung analoger Randbedingungen und evaluiert deren Implementation. Begleitend werden in der gesamten Projektlaufzeit Erkenntnisse gewonnen, die den beteiligten Schulen wie auch der interessierten \u00d6ffentlichkeit dazu dienen sollen, die vielschichtigen und hochdynamischen Wirkungen digitaler Technologien in Bildungsorganisationen zu verstehen und angemessene Handlungsstrategien zu entwerfen.<\/p>\n\n\n\n<p><strong>Projektaufbau und Teilprojekte: <\/strong>Das Projekt SMASCH verfolgt zwei verschiedene Ans\u00e4tze: Im Rahmen einer Feldforschung werden Problematisierungs-, Strategieentwicklungs- und Ver\u00e4nderungsprozesse an zehn deutschen und f\u00fcnf belgischen staatlichen Schulen aus dem Primar- und Sekundarbereich empirisch begleitet.&nbsp; Dar\u00fcber hinaus werden an diesen Schulen in Form einer experimentellen Intervention Digitalisierungskonzepte entwickelt und praktisch implementiert.<\/p>\n\n\n\n<p><strong>Projektvolumen:<\/strong> 3,58 Millionen Euro<\/p>\n\n\n\n<p>Weitere Infos zum Projekt finden Sie <a href=\"https:\/\/www.smasch.eu\/\" target=\"_blank\" rel=\"noreferrer noopener\">hier<\/a>!<\/p>\n","protected":false},"excerpt":{"rendered":"<p>Projektlaufzeit: 2021-2024 HSU-ProjektleiterInnen: Prof. Dr. Sigrid Hartong, Prof. Dr. Tobias Scheytt Das Projekt SMASCH wird aus Mitteln des Zentrums f\u00fcr Digitalisierungs- und Technologieforschung der Bundeswehr (dtec.bw) gef\u00f6rdert und ist im [&hellip;]<\/p>\n","protected":false},"author":2723,"featured_media":0,"parent":112,"menu_order":0,"comment_status":"closed","ping_status":"closed","template":"","meta":{"footnotes":""},"categories":[4],"tags":[],"class_list":["post-950","page","type-page","status-publish","hentry","category-forschung"],"_links":{"self":[{"href":"https:\/\/www.hsu-hh.de\/sozgov\/wp-json\/wp\/v2\/pages\/950","targetHints":{"allow":["GET"]}}],"collection":[{"href":"https:\/\/www.hsu-hh.de\/sozgov\/wp-json\/wp\/v2\/pages"}],"about":[{"href":"https:\/\/www.hsu-hh.de\/sozgov\/wp-json\/wp\/v2\/types\/page"}],"author":[{"embeddable":true,"href":"https:\/\/www.hsu-hh.de\/sozgov\/wp-json\/wp\/v2\/users\/2723"}],"replies":[{"embeddable":true,"href":"https:\/\/www.hsu-hh.de\/sozgov\/wp-json\/wp\/v2\/comments?post=950"}],"version-history":[{"count":7,"href":"https:\/\/www.hsu-hh.de\/sozgov\/wp-json\/wp\/v2\/pages\/950\/revisions"}],"predecessor-version":[{"id":2154,"href":"https:\/\/www.hsu-hh.de\/sozgov\/wp-json\/wp\/v2\/pages\/950\/revisions\/2154"}],"up":[{"embeddable":true,"href":"https:\/\/www.hsu-hh.de\/sozgov\/wp-json\/wp\/v2\/pages\/112"}],"wp:attachment":[{"href":"https:\/\/www.hsu-hh.de\/sozgov\/wp-json\/wp\/v2\/media?parent=950"}],"wp:term":[{"taxonomy":"category","embeddable":true,"href":"https:\/\/www.hsu-hh.de\/sozgov\/wp-json\/wp\/v2\/categories?post=950"},{"taxonomy":"post_tag","embeddable":true,"href":"https:\/\/www.hsu-hh.de\/sozgov\/wp-json\/wp\/v2\/tags?post=950"}],"curies":[{"name":"wp","href":"https:\/\/api.w.org\/{rel}","templated":true}]}}