{"id":605,"date":"2020-09-02T16:24:38","date_gmt":"2020-09-02T14:24:38","guid":{"rendered":"https:\/\/www.hsu-hh.de\/sozgov\/?page_id=605"},"modified":"2026-01-28T09:40:56","modified_gmt":"2026-01-28T08:40:56","slug":"manuel-reinhard","status":"publish","type":"page","link":"https:\/\/www.hsu-hh.de\/sozgov\/team\/manuel-reinhard\/","title":{"rendered":"Dr. Manuel Reinhard"},"content":{"rendered":"<p><img loading=\"lazy\" decoding=\"async\" class=\"wp-image-611 size-thumbnail alignnone\" src=\"https:\/\/www.hsu-hh.de\/sozgov\/wp-content\/uploads\/sites\/841\/2020\/09\/Dr.-Manuel-Reinhard-klein-150x150.jpg\" alt=\"Manuel Reinhard\" width=\"150\" height=\"150\" data-credit=\"Dr. Manuel Reinhard\" srcset=\"https:\/\/www.hsu-hh.de\/sozgov\/wp-content\/uploads\/sites\/841\/2020\/09\/Dr.-Manuel-Reinhard-klein-150x150.jpg 150w, https:\/\/www.hsu-hh.de\/sozgov\/wp-content\/uploads\/sites\/841\/2020\/09\/Dr.-Manuel-Reinhard-klein-100x100.jpg 100w\" sizes=\"auto, (max-width: 150px) 100vw, 150px\" \/><\/p>\n<div class=\"ansprechparter-container\">\n<div class=\"row ansprechpartner-item ansprechparter-header\">\n<div class=\"col-xs-8 col-lg-12\">\n<h2 class=\"mobile-small\">Kontakt<\/h2>\n<\/div>\n<div class=\"col-md-4 col-lg-3 col-xs-4 ansprechpartner-item floatright img-circle center-block\">\n<div class=\"img-responsive-wrapper\">\u00a0<\/div>\n<\/div>\n<div class=\"col-md-12 col-lg-3 col-xs-12 ansprechpartner-item kontakt floatright\">\n<div class=\"row\">\n<div class=\"col-xs-12 col-sm-6 col-lg-12\">\n<div class=\"row\">\n<div class=\"col-xs-12 col-lg-4 row-text bold\">Raum:<\/div>\n<div class=\"col-xs-12 col-lg-8 row-text\">228, H4<\/div>\n<\/div>\n<\/div>\n<div class=\"col-xs-12 col-sm-6 col-lg-12\">\n<div class=\"row\">\n<div class=\"col-xs-12 col-md-12 row-text bold\">E-Mail:<\/div>\n<div class=\"col-xs-12 col-md-12 row-text\"><a href=\"mailto:manuel.reinhard@hsu-hh.de\" rel='nofollow'>manuel.reinhard@hsu-hh.de<\/a><\/div>\n<\/div>\n<\/div>\n<\/div>\n<\/div>\n<div class=\"col-md-6 col-lg-3 col-xs-12 ansprechpartner-item anschrift floatright\">\n<div class=\"row-headline\">Besucheranschrift<\/div>\n<div class=\"row-text\">Helmut-Schmidt-Universit\u00e4t<\/div>\n<div class=\"row-text\">Geb\u00e4ude H4<\/div>\n<div class=\"row-text\">Holstenhofweg 85<\/div>\n<div class=\"row-text\">22043 Hamburg<\/div>\n<\/div>\n<div class=\"col-md-6 col-lg-3 col-xs-12 ansprechpartner-item anschrift floatright\">\n<div class=\"row-headline\">Postanschrift<\/div>\n<div class=\"row-text\">Helmut-Schmidt-Universit\u00e4t<\/div>\n<div class=\"row-text\">Postfach 70 08 22<\/div>\n<div class=\"row-text\">22008 Hamburg<\/div>\n<\/div>\n<\/div>\n<\/div>\n\n\n<p><\/p>\n\n\n\n<p><\/p>\n\n\n\n<h4 class=\"wp-block-heading\">Informationen zur Person<\/h4>\n\n\n\n<details class=\"wp-block-details is-layout-flow wp-block-details-is-layout-flow\"><summary>Forschungsprofil<\/summary>\n<p>Forschungsfokus:&nbsp;<\/p>\n\n\n\n<ul class=\"wp-block-list\">\n<li>Soziologie der Zukunft (insbes. Politiken der Zukunft in westlichen Gesellschaften des 21. Jahrhundert)\u00a0<\/li>\n<\/ul>\n\n\n\n<p>Theoretische Hintergr\u00fcnde:<\/p>\n\n\n\n<ul class=\"wp-block-list\">\n<li>Kulturtheorie (insbes. Praxeologie)<\/li>\n<\/ul>\n<\/details>\n\n\n\n<details class=\"wp-block-details is-layout-flow wp-block-details-is-layout-flow\"><summary>Kurzvita<\/summary>\n<ul class=\"wp-block-list\">\n<li><strong>seit 2020<\/strong>: Wissenschaftlicher Mitarbeiter, Helmut-Schmidt-Universit\u00e4t \/ Universit\u00e4t der Bundeswehr Hamburg (Professur f\u00fcr Soziologie mit dem Schwerpunkt Transformation von Governance in Bildung und Gesellschaft)<\/li>\n\n\n\n<li><strong>2019<\/strong>: Strategieberater, McKinsey &amp; Company (Orphoz <abbr title=\"Gesellschaft mit beschr\u00e4nkter Haftung\">GmbH<\/abbr> &amp; Co. <abbr title=\"Kommanditgesellschaft\">KG<\/abbr>)<\/li>\n\n\n\n<li><strong>2017-2018:<\/strong> Trainee, Schweers, Kemps &amp; Schuhmann Unternehmensberatung (Gesch\u00e4ftsbereich Risk Advisory)<\/li>\n\n\n\n<li><strong>2013-2016:<\/strong> Promotion im Fach Philosophie, Technische Universit\u00e4t Darmstadt (DFG-Graduiertenkolleg \u201eTopologie der Technik\u201c)<\/li>\n\n\n\n<li><strong>2014-2015<\/strong>: Gastwissenschaftler, Harvard University (Department of Romance Languages &amp; Literatures)<\/li>\n\n\n\n<li><strong>2007-2012:<\/strong> Studium der Philosophie, Psychologie und P\u00e4dagogik, Universit\u00e4t Trier (Magister Artium)<\/li>\n<\/ul>\n<\/details>\n\n\n\n<details class=\"wp-block-details is-layout-flow wp-block-details-is-layout-flow\"><summary>Habilitationsvorhaben<\/summary>\n<p>&#8222;The Making of Possible Futures <strong>\u2013<\/strong> Studies of the Epistemic Culture of Government Foresight in Germany&#8220; (Arbeitstitel)<\/p>\n\n\n\n<ul class=\"wp-block-list\">\n<li>Forschungsziele: Epistemologien, Ethiken und Ontologien der Zukunft in westlichen Gesellschaften des 21. Jahrhunderts<\/li>\n\n\n\n<li>Forschungsfelder: Verteidigungs-, Klima- und Finanzpolitik der Bundesrepublik Deutschland<\/li>\n\n\n\n<li>Forschungsmethoden: Ethnografische Feldstudien in Fachabteilungen f\u00fcr strategische Vorausschau (&#8222;Strategic Foresight&#8220;) von Bundesbeh\u00f6rden (Fallstudie 1: Bundesanstalt f\u00fcr Finanzdienstleistungsaufsicht, Fallstudie 2: Umweltbundesamt, Fallstudie 3: Planungsamt der Bundeswehr)<\/li>\n<\/ul>\n<\/details>\n\n\n\n<details class=\"wp-block-details is-layout-flow wp-block-details-is-layout-flow\"><summary>Publikationen<\/summary>\n<p><strong>Monographien:<\/strong><\/p>\n\n\n\n<ul class=\"wp-block-list\">\n<li>Reinhard, M. (2017) <strong>Philosophie des Scheiterns. Jacques Derridas aporetische Schriften.<\/strong> Weilerswist: Velbr\u00fcck Wissenschaft. <a href=\"https:\/\/www.velbrueck.de\/out\/media\/978-3-95832-114-4(1).pdf\" target=\"_blank\" rel=\"noreferrer noopener\">Link.<\/a><\/li>\n<\/ul>\n\n\n\n<p><\/p>\n\n\n\n<p><strong>Fachartikel in Zeitschriften:<\/strong><\/p>\n\n\n\n<ul class=\"wp-block-list\">\n<li>Reinhard, M. (2021) <strong>Speculative Societies. Towards a new Research Agenda.<\/strong> <em>Review of Economic Philosophy<\/em> 21 (2): 51-81.<\/li>\n\n\n\n<li>Reinhard, M. (2015) <strong>Krise der Wissenschaft? Krisen der Wissenschaften!<\/strong>. <em>Philokles &#8211; Zeitschrift f\u00fcr popul\u00e4re Philosophie <\/em>2015 (21): 76-93.<\/li>\n\n\n\n<li>Reinhard, M. (2013) <strong>Zeitgen\u00f6ssische Philosophien der Grenze. <\/strong><em>Critica. Zeitschrift f\u00fcr Philosophie und Kunsttheorie <\/em>3(1): 11-16.<\/li>\n<\/ul>\n\n\n\n<p><\/p>\n\n\n\n<p><strong>Fachartikel in Sammelb\u00e4nden:<\/strong><\/p>\n\n\n\n<ul class=\"wp-block-list\">\n<li>Hartong, S.; Allert, H.; Amos, K.; Bleckmann, P.; Czarnojan, I.; F\u00f6rschler, A.; Jornitz, S.; Reinhard, M. und Sander, I. (2021) <strong>Unblack the Box. Anregungen f\u00fcr eine (selbst)bewusste Auseinandersetzung mit digitaler Bildung<\/strong>. In: Lankau, R. (<abbr title=\"Herausgeber\">Hrsg.<\/abbr>) <em>Autonom und m\u00fcndig am Touchscreen. F\u00fcr eine konstruktive Medienarbeit in der Schule<\/em>. Weinheim und Basel: Beltz Verlag, S. 201-212.<\/li>\n\n\n\n<li>Reinhard, M. (2018) <strong>Der Topos der Grenze. Zur Suggestibilit\u00e4t von Jacques Derridas Dekonstruktion.<\/strong> In: Brenneis, A.; Honer, O.; Keesser, S.; Ripper, A. und Vetter-Schulthei\u00df, S. (<abbr title=\"Herausgeber\">Hrsg.<\/abbr>) <em>Technik \u2013 Macht \u2013 Raum.<\/em> Wiesbaden: Springer VS, S. 335-344.<\/li>\n\n\n\n<li>Reinhard, M., Brenneis, A., Honer, O., Keesser, S. und Hubig, C. (2018)&nbsp; <strong>The Topological Manifesto.<\/strong> In: Brenneis, A., Honer, O., Keesser, S., Ripper, A. und Vetter-Schulthei\u00df, S. (<abbr title=\"Herausgeber\">Hrsg.<\/abbr>) <em>Technik \u2013 Macht \u2013 Raum. <\/em>Wiesbaden: Springer VS, S.31-36.<\/li>\n<\/ul>\n\n\n\n<p><\/p>\n\n\n\n<p><strong>Fachrezensionen:<\/strong><\/p>\n\n\n\n<ul class=\"wp-block-list\">\n<li>Reinhard, M. (2013) <strong>Rezension zu &#8218;H\u00f6ltershinken, Dieter: Die Nichtplanbarkeit in Erziehung und Bildung. Ein Essay \u00fcber vergessene Erfahrungen und Erkenntnisse in der P\u00e4dagogik&#8216;<\/strong>. <em>Vierteljahrsschrift f\u00fcr wissenschaftliche P\u00e4dagogik<\/em>&nbsp;89 (4): 664-668.<\/li>\n<\/ul>\n\n\n\n<p><\/p>\n\n\n\n<p><strong>Zeitungsartikel:<\/strong><\/p>\n\n\n\n<ul class=\"wp-block-list\">\n<li>Reinhard, M. (2017) <strong>Irref\u00fchrende Suggestionen. Kommentar zur polizeilichen Kriminalit\u00e4tsstatistik<\/strong> 2016. In: <em>Rhein-Zeitung<\/em> 14.03.2017: 12.&nbsp;<\/li>\n<\/ul>\n\n\n\n<p><\/p>\n\n\n\n<p><strong>Weitere Beitr\u00e4ge:<\/strong><\/p>\n\n\n\n<ul class=\"wp-block-list\">\n<li>UNBLACK THE BOX (2020) <strong>Wie transparent ist die Modellierung?<\/strong>. <a href=\"https:\/\/unblackthebox.org\/wp-content\/uploads\/2021\/08\/UBTB_Onepager_Modellierung.pdf\" target=\"_blank\" rel=\"noreferrer noopener\">Link<\/a>.<\/li>\n\n\n\n<li>UNBLACK THE BOX (2020) <strong>Inwieweit ist K\u00fcnstliche Intelligenz involviert?<\/strong>.<a href=\"https:\/\/unblackthebox.org\/wp-content\/uploads\/2021\/08\/UBTB_Onepager_KI.pdf\" target=\"_blank\" rel=\"noreferrer noopener\"> Link<\/a>.<\/li>\n\n\n\n<li>UNBLACK THE BOX (2020)<strong> Wo flie\u00dfen die Daten hin?<\/strong>. <a href=\"https:\/\/unblackthebox.org\/wp-content\/uploads\/2021\/08\/UBTB_Onepager_Daten.pdf\" target=\"_blank\" rel=\"noreferrer noopener\">Link<\/a>.<\/li>\n\n\n\n<li>UNBLACK THE BOX (2020) <strong>Wer ber\u00e4t\/schult mit welcher Logik?<\/strong>. <a href=\"https:\/\/unblackthebox.org\/wp-content\/uploads\/2021\/08\/UBTB_Onepager_Beratungsinstitutionen.pdf\" target=\"_blank\" rel=\"noreferrer noopener\">Link<\/a>.<\/li>\n\n\n\n<li>UNBLACK THE BOX (2020) <strong>Wer steckt hinter dem Tool?<\/strong>. <a href=\"https:\/\/unblackthebox.org\/wp-content\/uploads\/2021\/08\/UBTB_Onepager_Tool.pdf\" target=\"_blank\" rel=\"noreferrer noopener\">Link<\/a>.<\/li>\n\n\n\n<li>UNBLACK THE BOX (2020) <strong>Was sind die bildungspolitischen Hintergr\u00fcnde?<\/strong>.<a href=\"https:\/\/unblackthebox.org\/wp-content\/uploads\/2021\/08\/UBTB_Onepager_Bildungspolitik.pdf\" target=\"_blank\" rel=\"noreferrer noopener\"> Link<\/a>.<\/li>\n\n\n\n<li>UNBLACK THE BOX (2020) <strong>Was sind m\u00f6gliche gesundheitliche Folgen (k\u00f6rperlich)?<\/strong>. <a href=\"https:\/\/unblackthebox.org\/wp-content\/uploads\/2021\/08\/UBTB_Onepager_Gesundheitliche_Folgen.pdf\" target=\"_blank\" rel=\"noreferrer noopener\">Link<\/a>.<\/li>\n\n\n\n<li>UNBLACK THE BOX (2020) <strong>Was sind m\u00f6gliche gesundheitliche Folgen (psycho-sozial)?<\/strong>. <a href=\"https:\/\/unblackthebox.org\/wp-content\/uploads\/2021\/08\/UBTB_Onepager_Psychosoziale_Folgen.pdf\" target=\"_blank\" rel=\"noreferrer noopener\">Link<\/a>.<\/li>\n\n\n\n<li>UNBLACK THE BOX (2020) <strong>Welche Art Lernen\/Bildung macht die Software (nicht) m\u00f6glich?<\/strong>. <a href=\"https:\/\/unblackthebox.org\/wp-content\/uploads\/2021\/08\/UBTB_Onepager_Lernmoeglichkeiten.pdf\" target=\"_blank\" rel=\"noreferrer noopener\">Link<\/a>.<\/li>\n\n\n\n<li>UNBLACK THE BOX (2020) <strong>Inwieweit gibt die Software \/ Plattform M\u00f6glichkeiten der (p\u00e4dagogischen) Gestaltbarkeit?<\/strong>. <a href=\"https:\/\/unblackthebox.org\/wp-content\/uploads\/2021\/08\/UBTB_Onepager_Paedagogische_Gestaltbarkeit.pdf\" target=\"_blank\" rel=\"noreferrer noopener\">Link<\/a>.<\/li>\n\n\n\n<li>UNBLACK THE BOX (2020) <strong>Welche Formen des Nudging, <abbr title=\"zum Beispiel\">z.B.<\/abbr> Gamifizierung oder Visualisierung, gibt es?<\/strong>. <a href=\"https:\/\/unblackthebox.org\/wp-content\/uploads\/2021\/08\/UBTB_Onepager_Nudging.pdf\" target=\"_blank\" rel=\"noreferrer noopener\">Link<\/a>.<\/li>\n\n\n\n<li>UNBLACK THE BOX (2020). <strong>Wie viel wird \u00fcberwacht?<\/strong>. <a href=\"https:\/\/unblackthebox.org\/wp-content\/uploads\/2021\/08\/UBTB_Onepager_Ueberwachung.pdf\" target=\"_blank\" rel=\"noreferrer noopener\">Link<\/a>.<\/li>\n<\/ul>\n<\/details>\n\n\n\n<details class=\"wp-block-details is-layout-flow wp-block-details-is-layout-flow\"><summary>Vortr\u00e4ge<\/summary>\n<ul class=\"wp-block-list\">\n<li>Reinhard, M. (2025) <strong>What Makes Future Scenarios &#8218;Plausible&#8216;? Scenario Analysis in the Bundeswehr (Federal Armed Forces of Germany) &#8211; An Ethnographic Study of the Epistemic Culture of Military Futures Research<\/strong>. STS Hub 2025, Humboldt-Universit\u00e4t zu Berlin, 11.-14.03.2025.<\/li>\n\n\n\n<li>Reinhard, M. (2025) <strong>Einf\u00fchrung in die Szenarioanalyse: Ziele, Methoden, Anwendungen<\/strong>. Kolloquium NavigatorsFirst. 07.02.2025<\/li>\n\n\n\n<li>Reinhard, M. (2024)\u00a0<strong>Szenarioanalyse als Wissenskultur: Praxeologische Perspektiven auf die Zukunftsforschung<\/strong>. 9. Jahrestagung der Kulturwissenschaftlichen Gesellschaft (KWG), Martin-Luther-Universit\u00e4t Halle-Wittenberg, 10.-12.10.2024.<\/li>\n\n\n\n<li>Reinhard, M. (2024)&nbsp;<strong>Sociology of the Future: Theoretical Foundations, Approaches, and Prospects.&nbsp;<\/strong>16th European Sociological Association 2024 Conference (ESA 2024), Universit\u00e4t Porto, 27.-30.08.2024.<\/li>\n\n\n\n<li>Reinhard, M. (2024) <\/li>\n\n\n\n<li>Reinhard, M. (2023)&nbsp;<strong>Die Deutsche Anpassungsstrategie an den Klimawandel: Klimawirkungs- und Risikoanalysen, Politische Ma\u00dfnahmen und Zielentwicklung in der deutschen Klimapolitik. Zwischenfazit zur Fallstudie<\/strong>. Kolloquium des Kompetenzzentrums \u201eKlimafolgen und Anpassung\u201c des Umweltbundesamts, Dessau, 11.07.2023.<\/li>\n\n\n\n<li>Reinhard, M. (2023)&nbsp;<strong>Die Nationale Sicherheitsstrategie:&nbsp;<\/strong><strong>Zukunftsanalysen, F\u00e4higkeitsentwicklung und Strategische Planung in der deutschen Verteidigungspolitik. Ein Werkstattbericht aus der Forschungspraxis.&nbsp;<\/strong>Tagung \u201ePolitische Soziologie des Krieges\u201c der Sektion Politische Soziologie der Deutschen Gesellschaft f\u00fcr Soziologie und des Zentrums f\u00fcr Milit\u00e4rgeschichte und Sozialwissenschaften der Bundeswehr, Potsdam, 06.-07.07.2023.<\/li>\n\n\n\n<li>Reinhard, M. (2023)&nbsp;<strong>Politics of the Future in 21st-Century Societies: Outline of a Research Project.<\/strong>&nbsp;Tag der Forschung 2023, Helmut-Schmidt-Universit\u00e4t Hamburg, 28.03.2023.<\/li>\n\n\n\n<li>Reinhard, M. (2022)&nbsp;<strong>\u201eMehr Fortschritt wagen\u201c? Politische Zukunftssemantiken im Kontext der Krisendiskurse westlicher Gesellschaften des 21. Jahrhunderts (Globale Anti-Terrorismus Strategie, Basel III, Agenda 2030 f\u00fcr nachhaltige Entwicklung)<\/strong>. Kongress der Deutschen Gesellschaft f\u00fcr Soziologie, Universit\u00e4t Bielefeld, 26.-30.09.2022.<\/li>\n\n\n\n<li>Reinhard, M. (2021)&nbsp;<strong>Predictive Governance: A few Thoughts on a Research Agenda<\/strong>. Workshop Predictive Governance \u2013 Towards Transdisciplinary Perspectives on Algorithmic Prediction &amp; Decision Making, Workshop Predictive Governance, Helmut-Schmidt-Universit\u00e4t Hamburg, 17.-18.09.2021.<\/li>\n\n\n\n<li>Reinhard, M. (2021)&nbsp;<strong>Early Warning Systems in U.S. Schooling: A Critical Review<\/strong>. European Conference on Educational Research Conference 2021, Universit\u00e4t Genf (online), 06.-10.09.2021.&nbsp;<\/li>\n\n\n\n<li>Reinhard, M. (2021)&nbsp;<strong>Speculative Societies: Towards a Cultural Sociology of the Future<\/strong>. 15th European Sociological Association Conference 2021 (ESA 2021), Universit\u00e4t Barcelona (online), 31.08.-03.09.2021.<\/li>\n\n\n\n<li>Reinhard, M. (2018)&nbsp;<strong>Financial Ethics:<\/strong><strong>&nbsp;Risk Management, Regulation, and Norms in the Light of Basel III<\/strong>. 4th International Conference Economics and Philosophy, Ecole Normale Sup\u00e9rieure de Lyon, 27.-29.06.2018.<\/li>\n\n\n\n<li>Reinhard, M. (2016)&nbsp;<strong>Philosophie des Scheiterns: Jacques Derridas aporetische Schriften.<\/strong>&nbsp;Disputationsvortrag, Technische Universit\u00e4t Darmstadt, 24.03.2016.<\/li>\n\n\n\n<li>Reinhard, M. und Enrong, P. (2015)&nbsp;<strong>New Issues and Approaches in Philosophy of Technology.<\/strong>&nbsp;19th Biennial Meeting of the Society for Philosophy of Technology, Universit\u00e4t Shenyang, 02.-06.07.2015.<\/li>\n\n\n\n<li>Reinhard, M. (2015)<strong>&nbsp;Paradoxies of Contemporary Philosophy of Technology.<\/strong>&nbsp;19th Biennial Meeting of the Society for Philosophy of Technology, Northeastern Universit\u00e4t Shenyang, 02.-06.07.2015.<\/li>\n\n\n\n<li>Reinhard, M. und Friedrich, A. (2015)&nbsp;<strong>Das topologische Manifest.<\/strong>&nbsp;Konferenz TechnoSpaces. Persistence \u2013 Practices \u2013 Procedures \u2013 Power, Technische Universit\u00e4t Darmstadt, 18.-20.03.2015.<\/li>\n\n\n\n<li>Reinhard, M. (2015)&nbsp;<strong>Der Topos der Grenze in der zeitgen\u00f6ssischen Philosophie.<\/strong>&nbsp;Konferenz TechnoSpaces. Persistence \u2013 Practices \u2013 Procedures \u2013 Power, Technische Universit\u00e4t Darmstadt, 18.-20.03.2015.<\/li>\n\n\n\n<li>Reinhard, M. (2014)&nbsp;<strong>Jacques Derrida\u2019s Project: Aporetology.<\/strong>&nbsp;IV. Derrida Today Conference, Fordham Universit\u00e4t, New York City, 28.-31.05.2014.<\/li>\n\n\n\n<li>Reinhard, M. (2014)&nbsp;<strong>Aporias.<\/strong>&nbsp;Spring School Visualizing the World \u2013 Making Sense of Our Environments, K\u00f6nigliche Schwedische Akademie der Wissenschaften, Abisko, 02.-06.05.2014.<\/li>\n\n\n\n<li>Reinhard, M. (2012):&nbsp;<strong>Philosophie und ihre M\u00f6glichkeiten. Anmerkungen zur Geschichte der Modalit\u00e4t.<\/strong>&nbsp;Gemeinsames Forschungskolloquium der Abteilung Allgemeine P\u00e4dagogik der Universit\u00e4t Trier und des Instituts f\u00fcr Allgemeine Erziehungswissenschaften der Helmut-Schmidt-Universit\u00e4t Hamburg, Hamburg, 03.-04.11.2012.<\/li>\n<\/ul>\n<\/details>\n\n\n\n<details class=\"wp-block-details is-layout-flow wp-block-details-is-layout-flow\"><summary>Mitgliedschaften und \u00c4mter<\/summary>\n<ul class=\"wp-block-list\">\n<li>Kulturwissenschaftliche Gesellschaft (Mitglied im Vorstand der Sektion &#8222;Wissenskulturen&#8220;)<\/li>\n\n\n\n<li>Deutsche Gesellschaft f\u00fcr Soziologie<\/li>\n\n\n\n<li>World Future Studies Federation<\/li>\n<\/ul>\n\n\n\n<details class=\"wp-block-details is-layout-flow wp-block-details-is-layout-flow\"><summary>Lehrveranstaltungen an der Helmut-Schmidt-Universit\u00e4t<\/summary>\n<p><abbr title=\"Fr\u00fchjahrstrimester\">FT<\/abbr>&nbsp;2025: Seminar&nbsp;<strong>Das Ende der Illusionen? Einf\u00fchrung in die Kultursoziologie des 21. Jahrhundert<\/strong>s<\/p>\n\n\n\n<p><abbr title=\"Herbsttrimester\">HT<\/abbr>&nbsp;2024: Seminar&nbsp;<strong>Michel Foucaults &#8222;Die Geburt der Biopolitik&#8220; \u2013<\/strong> <strong>Soziologische Klassikerlekt\u00fcre<\/strong><\/p>\n\n\n\n<p><abbr title=\"Herbsttrimester\">HT<\/abbr>&nbsp;2023: Seminar <strong>Soziologie der Zukunft &#8211; Theorien, Methoden, empirische Forschung, Teil 2<\/strong><\/p>\n\n\n\n<p><abbr title=\"Fr\u00fchjahrstrimester\">FT<\/abbr>&nbsp;2023: Seminar <strong>Soziologie der Zukunft &#8211; Theorien, Methoden, empirische Forschung, Teil 1<\/strong><\/p>\n\n\n\n<p><abbr title=\"Herbsttrimester\">HT<\/abbr>&nbsp;2022: Seminar&nbsp;<strong>Making sense of sense-making &#8211; Einf\u00fchrung in die qualitative Sozialforschung, Teil 2<\/strong><\/p>\n\n\n\n<p><abbr title=\"Fr\u00fchjahrstrimester\">FT<\/abbr> 2022: Seminar <strong>Making sense of sense-making &#8211; Einf\u00fchrung in die qualitative Sozialforschung, Teil 1<\/strong><\/p>\n\n\n\n<p><abbr title=\"Fr\u00fchjahrstrimester\">FT<\/abbr> 2021: Seminar <strong>Michel Foucaults &#8222;Sicherheit, Territorium, Bev\u00f6lkerung&#8220; &#8211; Soziologische Klassikerlekt\u00fcre<\/strong><\/p>\n\n\n\n<p><abbr title=\"Wintertrimester\">WT<\/abbr> 2021: Seminar <strong>Einf\u00fchrung in die Bildungsphilosophie<\/strong> <strong>Bildungskonzepte von der Antike bis zur Gegenwart<\/strong><\/p>\n<\/details>\n\n\n\n<details class=\"wp-block-details is-layout-flow wp-block-details-is-layout-flow\"><summary>Auszeichnungen<\/summary>\n<ul class=\"wp-block-list\">\n<li><strong>2013 \u2013 2016<\/strong>: Promotionsstipendium, Deutsche Forschungsgemeinschaft<\/li>\n\n\n\n<li><strong>2014 \u2013 2015<\/strong>: Visiting Scholarship, Harvard University, USA<\/li>\n\n\n\n<li><strong>2014 \u2013 2015<\/strong>: Visiting Fellowship, University of Cambridge, UK (abgelehnt aufgrund der oben genannten Einladung)<\/li>\n\n\n\n<li><strong>2011 \u2013 2012<\/strong>: Studienstipendium, Studienstiftung des deutschen Volkes<\/li>\n<\/ul>\n<\/details>\n<\/details>\n\n\n\n<details class=\"wp-block-details is-layout-flow wp-block-details-is-layout-flow\"><summary>Lehrveranstaltungen an der Helmut-Schmidt-Universit\u00e4t<\/summary>\n<p><abbr title=\"Fr\u00fchjahrstrimester\">FT<\/abbr> 2026 Seminar <strong>Futures Studies <strong>\u2013<\/strong> Eine Forschungswerkstatt zur Methode der Szenarioanalyse (Teil 2: Praxis\u00fcbung in Szenarioanalyse)<\/strong><\/p>\n\n\n\n<p><abbr title=\"Wintertrimester\">WT<\/abbr> 2026 Seminar <strong>Futures Studies <strong>\u2013<\/strong> Eine Forschungswerkstatt zur Methode der Szenarioanalyse (Teil 1: Einf\u00fchrung in die Futures Studies)<\/strong><\/p>\n\n\n\n<p><abbr title=\"Fr\u00fchjahrstrimester\">FT<\/abbr>&nbsp;2025 Seminar&nbsp;<strong>Das Ende der Illusionen? Kultursoziologie der Gegenwart<\/strong><\/p>\n\n\n\n<p><abbr title=\"Herbsttrimester\">HT<\/abbr>&nbsp;2024 Seminar&nbsp;<strong>Michel Foucaults \u201cDie Geburt der Biopolitik\u201d \u2013 Ein Lekt\u00fcrekurs zu Klassikern der Sozialtheorie<\/strong><\/p>\n\n\n\n<p><abbr title=\"Herbsttrimester\">HT<\/abbr>&nbsp;2023 Seminar&nbsp;<strong>Soziologie der Zukunft \u2013 Theorien, Methoden, empirische Forschung (Teil 2)<\/strong><\/p>\n\n\n\n<p><abbr title=\"Fr\u00fchjahrstrimester\">FT<\/abbr>&nbsp;2023 Seminar&nbsp;<strong>Soziologie der Zukunft \u2013 Theorien, Methoden, empirische Forschung (Teil 1)<\/strong><\/p>\n\n\n\n<p><abbr title=\"Herbsttrimester\">HT<\/abbr>&nbsp;2022 Seminar&nbsp;<strong>Making Sense of Sense-Making \u2013 Einf\u00fchrung in die qualitative Sozialforschung (Teil 2)<\/strong><\/p>\n\n\n\n<p><abbr title=\"Fr\u00fchjahrstrimester\">FT<\/abbr>&nbsp;2022&nbsp;<strong>Making Sense of Sense-Making \u2013 Einf\u00fchrung in die qualitative Sozialforschung (Teil 1)<\/strong><\/p>\n\n\n\n<p><abbr title=\"Herbsttrimester\">HT<\/abbr>&nbsp;2021&nbsp;<strong>Michel Foucaults \u201cSicherheit, Territorium, Bev\u00f6lkerung\u201d Klassiker der Sozialtheorie<\/strong><\/p>\n\n\n\n<p><abbr title=\"Wintertrimester\">WT<\/abbr>&nbsp;2021&nbsp;<strong>Einf\u00fchrung in die Bildungsphilosophie &#8211; Bildungskonzepte von der Antike bis zur Gegenwart<\/strong><\/p>\n<\/details>\n\n\n\n<details class=\"wp-block-details is-layout-flow wp-block-details-is-layout-flow\"><summary>Auszeichnungen<\/summary>\n<ul class=\"wp-block-list\">\n<li>2013-2016: Promotionsstipendium (Deutsche Forschungsgemeinschaft)<\/li>\n\n\n\n<li>2014-2015: Visiting Scholarship (Harvard University)<\/li>\n\n\n\n<li>2014-2015: Visiting Fellowship (University of Cambridge \u2013 abgelehnt aufgrund der obigen Einladung)<\/li>\n\n\n\n<li>2011-2012: Universit\u00e4tsstipendium (Studienstiftung des Deutschen Volkes)<\/li>\n<\/ul>\n<\/details>\n\n\n\n<p><\/p>\n","protected":false},"excerpt":{"rendered":"<p>Kontakt \u00a0 Raum: 228, H4 E-Mail: manuel.reinhard@hsu-hh.de Besucheranschrift Helmut-Schmidt-Universit\u00e4t Geb\u00e4ude H4 Holstenhofweg 85 22043 Hamburg Postanschrift Helmut-Schmidt-Universit\u00e4t Postfach 70 08 22 22008 Hamburg Informationen zur Person<\/p>\n","protected":false},"author":2110,"featured_media":0,"parent":106,"menu_order":0,"comment_status":"closed","ping_status":"closed","template":"","meta":{"footnotes":""},"categories":[4],"tags":[],"class_list":["post-605","page","type-page","status-publish","hentry","category-forschung"],"_links":{"self":[{"href":"https:\/\/www.hsu-hh.de\/sozgov\/wp-json\/wp\/v2\/pages\/605","targetHints":{"allow":["GET"]}}],"collection":[{"href":"https:\/\/www.hsu-hh.de\/sozgov\/wp-json\/wp\/v2\/pages"}],"about":[{"href":"https:\/\/www.hsu-hh.de\/sozgov\/wp-json\/wp\/v2\/types\/page"}],"author":[{"embeddable":true,"href":"https:\/\/www.hsu-hh.de\/sozgov\/wp-json\/wp\/v2\/users\/2110"}],"replies":[{"embeddable":true,"href":"https:\/\/www.hsu-hh.de\/sozgov\/wp-json\/wp\/v2\/comments?post=605"}],"version-history":[{"count":160,"href":"https:\/\/www.hsu-hh.de\/sozgov\/wp-json\/wp\/v2\/pages\/605\/revisions"}],"predecessor-version":[{"id":4468,"href":"https:\/\/www.hsu-hh.de\/sozgov\/wp-json\/wp\/v2\/pages\/605\/revisions\/4468"}],"up":[{"embeddable":true,"href":"https:\/\/www.hsu-hh.de\/sozgov\/wp-json\/wp\/v2\/pages\/106"}],"wp:attachment":[{"href":"https:\/\/www.hsu-hh.de\/sozgov\/wp-json\/wp\/v2\/media?parent=605"}],"wp:term":[{"taxonomy":"category","embeddable":true,"href":"https:\/\/www.hsu-hh.de\/sozgov\/wp-json\/wp\/v2\/categories?post=605"},{"taxonomy":"post_tag","embeddable":true,"href":"https:\/\/www.hsu-hh.de\/sozgov\/wp-json\/wp\/v2\/tags?post=605"}],"curies":[{"name":"wp","href":"https:\/\/api.w.org\/{rel}","templated":true}]}}