{"id":4635,"date":"2026-04-14T10:57:41","date_gmt":"2026-04-14T08:57:41","guid":{"rendered":"https:\/\/www.hsu-hh.de\/sozgov\/?page_id=4635"},"modified":"2026-04-14T12:00:56","modified_gmt":"2026-04-14T10:00:56","slug":"norina-pommering-m-a","status":"publish","type":"page","link":"https:\/\/www.hsu-hh.de\/sozgov\/norina-pommering-m-a\/","title":{"rendered":"Norina Pommerening M.A."},"content":{"rendered":"\n<figure class=\"wp-block-image size-full is-resized\"><img loading=\"lazy\" decoding=\"async\" width=\"680\" height=\"680\" src=\"https:\/\/www.hsu-hh.de\/sozgov\/wp-content\/uploads\/sites\/841\/2026\/04\/Norina.jpg\" data-credit=\"Norina Pommering\" alt=\"\" class=\"wp-image-4636\" style=\"width:161px;height:auto\" srcset=\"https:\/\/www.hsu-hh.de\/sozgov\/wp-content\/uploads\/sites\/841\/2026\/04\/Norina.jpg 680w, https:\/\/www.hsu-hh.de\/sozgov\/wp-content\/uploads\/sites\/841\/2026\/04\/Norina-300x300.jpg 300w, https:\/\/www.hsu-hh.de\/sozgov\/wp-content\/uploads\/sites\/841\/2026\/04\/Norina-150x150.jpg 150w, https:\/\/www.hsu-hh.de\/sozgov\/wp-content\/uploads\/sites\/841\/2026\/04\/Norina-100x100.jpg 100w\" sizes=\"auto, (max-width: 680px) 100vw, 680px\" \/><\/figure>\n\n\n<script type=\"application\/ld+json\">[{\"@context\": \"https:\/\/www.schema.org\",\"@type\": \"Person\",\"name\": \"Kontakt \",\"worksFor\": [{\t\"@type\": \"Organization\",\t\"name\": \"Helmut-Schmidt-Universit\u00e4t\",\t\"url\": \"https:\/\/www.hsu-hh.de\"\t, \"department\": {\"@type\": \"Organization\",\t\t\t\t\t\"name\": \"Professur Hartong\",\t\t\t\t\t\"location\": {\t\t\t\t\t\t\"@type\": \"PostalAddress\",\t\t\t\t\t\t\"addressLocality\": \"\",        \t\t\t\t\"postalCode\": \"22043\",        \t\t\t\t\"streetAddress\": \"Holstenhofweg 85 , Geb\u00e4ude H4\"\t\t\t\t\t}},\t\"location\": {\t\t\"@type\": \"PostalAddress\",    \t\"addressLocality\": \"\",    \t\"postalCode\": \"22008\",    \t\"postOfficeBoxNumber\": \"700822\"\t}   }],\"image\": \"https:\/\/www.hsu-hh.de\/sozgov\/wp-content\/uploads\/sites\/841\/2026\/03\/white-150x150.jpg\",\"telephone\": \"\",\"faxNumber\": \"\",\"email\": \"norina.pommerening@hsu-hh.de\"}]<\/script><div class=\"clearfix\"><\/div><div class=\"ansprechparter-container \" style=\"margin-top:1em; \"><div class=\"row ansprechpartner-item ansprechparter-header\" ><div class=\"col-xs-8 col-lg-12\" style=\"margin-bottom: 30px;\"><h3 class=\"ansprechparter-headline\">Kontakt <\/h3><\/div><\/div><div class=\"col-md-4 col-lg-3 col-xs-4 ansprechpartner-item floatright img-circle center-block\" style=\"margin-bottom: 30px;\"><div class=\"img-responsive-wrapper\"><img decoding=\"async\" src=\"https:\/\/www.hsu-hh.de\/sozgov\/wp-content\/uploads\/sites\/841\/2026\/03\/white-150x150.jpg\" alt=\"joecks\" class=\"img-circle img-responsive center-block\" \/><\/div><\/div><div class=\"col-md-12 col-lg-3 col-xs-12 ansprechpartner-item kontakt floatright\" style=\"margin-bottom: 30px; \"><div class=\"row\"><div class=\"col-xs-12 col-sm-6 col-lg-12\"><div class=\"row\"><div class=\"col-xs-4 col-lg-4 row-text bold\" >Raum:<\/div><div class=\" row-text\">229<\/div><\/div><\/div><div class=\"col-xs-12 col-sm-6 col-lg-12\"><div class=\"row\"><div class=\"col-xs-4 col-lg-4 row-text bold\">E-Mail:<\/div><div class=\"row-text\" style=\"overflow:hidden; word-break: break-word\"><a href=\"mailto:norina.pommerening@hsu-hh.de\" rel=\"nofollow\">norina.pommerening@hsu-hh.de<\/a><\/div><\/div><\/div><\/div><\/div><div class=\"col-md-6 col-lg-3 col-xs-12 ansprechpartner-item anschrift floatright\" ><div class=\"row-headline\">Besucheranschrift<\/div><div class=\"dataBesucheranschrift\" style=\"\"><div class=\"row-text\">Helmut-Schmidt-Universit\u00e4t<\/div><div class=\"row-text\">Geb\u00e4ude H4<\/div><div class=\"row-text\">Holstenhofweg 85<\/div><div class=\"row-text\">22043 Hamburg<\/div><\/div><\/div><div class=\"col-md-6 col-lg-3 col-xs-12 ansprechpartner-item anschrift floatright\"><div class=\"row-headline\">Postanschrift<\/div><div class=\"dataPostanschrift\" style=\"\"><div class=\"row-text\">Helmut-Schmidt-Universit\u00e4t<\/div><div class=\"row-text\">Professur Hartong<\/div><div class=\"row-text\">Postfach 70 08 22<\/div><div class=\"row-text\">22008 Hamburg<\/div><\/div><\/div><\/div><div class=\"clearfix\"><\/div>\n\n\n<p><\/p>\n\n\n\n<h4 class=\"wp-block-heading\">Pers\u00f6nliche Informationen<\/h4>\n\n\n\n<details class=\"wp-block-details is-layout-flow wp-block-details-is-layout-flow\"><summary>Vita<\/summary>\n<ul class=\"wp-block-list\">\n<li><strong>Seit April 2026: <\/strong>Wissenschaftliche Mitarbeiterin an der Helmut-Schmidt-Universit\u00e4t im Projekt \u201eKo-Entwicklung bedeutsamer Bildungstechnologie: Eine Untersuchung von EdTech Testbeds\u201c (MEET), Projektleitung:&nbsp;<abbr title=\"Professor\">Prof.<\/abbr>&nbsp;<abbr title=\"Doktor\">Dr.<\/abbr>&nbsp;Sigrid Hartong<\/li>\n\n\n\n<li><strong>2025-2026: <\/strong>Projektreferentin bei LESSAN e.V.<\/li>\n\n\n\n<li><strong>2022-2024:<\/strong> Studentische Mitarbeiterin bei IMAP <abbr title=\"Gesellschaft mit beschr\u00e4nkter Haftung\">GmbH<\/abbr> im Bereich Vielfalt und politische Beteiligung<\/li>\n\n\n\n<li><strong>2021-2024: <\/strong>Master of Arts in Global Studies \u2013 Law and Politics and der Karl-Franzens-Universit\u00e4t Graz, \u00d6sterreich<\/li>\n\n\n\n<li><strong>2017-2021: <\/strong>Bachelor of Arts in Politikwissenschaften und Soziologie an der Christian-Albrechts-Universit\u00e4t zu Kiel<\/li>\n\n\n\n<li><strong>2019-2020: <\/strong>Auslandssemester an der K\u014dbe University, Japan; Faculty of Law<\/li>\n<\/ul>\n<\/details>\n\n\n\n<details class=\"wp-block-details is-layout-flow wp-block-details-is-layout-flow\"><summary>Aktuelle Projekte<\/summary>\n<h3 class=\"wp-block-heading\"><strong>MEET \u2013\u201eKo-Entwicklung bedeutsamer Bildungstechnologie: Eine Untersuchung von EdTech Testbeds\u201c (Februar 2026 \u2013 Januar 2029)<\/strong><\/h3>\n\n\n\n<p>MEET ist ein Forschungsprojekt in Kooperation mit der P\u00e4dagogischen Hochschule (PH) Z\u00fcrich, das im Rahmen des WEAVE-Verfahrens durch die Deutsche Forschungsgemeinschaft (DFG) und den Schweizerischen Nationalfonds (SNF) gef\u00f6rdert wird. Das Forschungsvorhaben widmet sich dem Ph\u00e4nomen der EdTech-Testbeds. Es untersucht die gegenw\u00e4rtige Entstehung von Umgebungen zur Erprobung und\/oder (Neu-)Gestaltung von EdTech. Das Projekt erforscht hierbei die Zusammenarbeit von (EdTech-)Unternehmen mit Bildungspraxis und Forschung im Rahmen von Testbed-Initiativen, die pr\u00e4genden Governance-Strukturen und Akteurskonstellationen sowie ihre Perspektiven auf die Wirkung&nbsp;<abbr title=\"beziehungsweise\">bzw.<\/abbr>&nbsp;den \u201eImpact\u201c von EdTech.<\/p>\n<\/details>\n\n\n\n<details class=\"wp-block-details is-layout-flow wp-block-details-is-layout-flow\"><summary>Mitgliedschaften<\/summary>\n<p>Baltic Sea Region Youth Forum \u2013 Working Group on Digital Literacy and Democracy<\/p>\n<\/details>\n","protected":false},"excerpt":{"rendered":"<p>Pers\u00f6nliche Informationen<\/p>\n","protected":false},"author":2740,"featured_media":0,"parent":0,"menu_order":0,"comment_status":"closed","ping_status":"closed","template":"","meta":{"footnotes":""},"categories":[4],"tags":[],"class_list":["post-4635","page","type-page","status-publish","hentry","category-forschung"],"_links":{"self":[{"href":"https:\/\/www.hsu-hh.de\/sozgov\/wp-json\/wp\/v2\/pages\/4635","targetHints":{"allow":["GET"]}}],"collection":[{"href":"https:\/\/www.hsu-hh.de\/sozgov\/wp-json\/wp\/v2\/pages"}],"about":[{"href":"https:\/\/www.hsu-hh.de\/sozgov\/wp-json\/wp\/v2\/types\/page"}],"author":[{"embeddable":true,"href":"https:\/\/www.hsu-hh.de\/sozgov\/wp-json\/wp\/v2\/users\/2740"}],"replies":[{"embeddable":true,"href":"https:\/\/www.hsu-hh.de\/sozgov\/wp-json\/wp\/v2\/comments?post=4635"}],"version-history":[{"count":7,"href":"https:\/\/www.hsu-hh.de\/sozgov\/wp-json\/wp\/v2\/pages\/4635\/revisions"}],"predecessor-version":[{"id":4692,"href":"https:\/\/www.hsu-hh.de\/sozgov\/wp-json\/wp\/v2\/pages\/4635\/revisions\/4692"}],"wp:attachment":[{"href":"https:\/\/www.hsu-hh.de\/sozgov\/wp-json\/wp\/v2\/media?parent=4635"}],"wp:term":[{"taxonomy":"category","embeddable":true,"href":"https:\/\/www.hsu-hh.de\/sozgov\/wp-json\/wp\/v2\/categories?post=4635"},{"taxonomy":"post_tag","embeddable":true,"href":"https:\/\/www.hsu-hh.de\/sozgov\/wp-json\/wp\/v2\/tags?post=4635"}],"curies":[{"name":"wp","href":"https:\/\/api.w.org\/{rel}","templated":true}]}}