{"id":4592,"date":"2026-04-14T09:48:26","date_gmt":"2026-04-14T07:48:26","guid":{"rendered":"https:\/\/www.hsu-hh.de\/sozgov\/?page_id=4592"},"modified":"2026-04-14T10:14:27","modified_gmt":"2026-04-14T08:14:27","slug":"dominik-theis-2","status":"publish","type":"page","link":"https:\/\/www.hsu-hh.de\/sozgov\/dominik-theis-2\/","title":{"rendered":"Dominik Theis"},"content":{"rendered":"<div class=\"wp-block-image\">\n<figure class=\"alignleft size-large is-resized\"><img loading=\"lazy\" decoding=\"async\" width=\"1024\" height=\"1017\" src=\"https:\/\/www.hsu-hh.de\/sozgov\/wp-content\/uploads\/sites\/841\/2026\/04\/Theis-4109-CD-1024x1017.jpg\" data-credit=\"Dominik Theis\" alt=\"\" class=\"wp-image-4582\" style=\"aspect-ratio:1.0068882735806173;width:154px;height:auto\" srcset=\"https:\/\/www.hsu-hh.de\/sozgov\/wp-content\/uploads\/sites\/841\/2026\/04\/Theis-4109-CD-1024x1017.jpg 1024w, https:\/\/www.hsu-hh.de\/sozgov\/wp-content\/uploads\/sites\/841\/2026\/04\/Theis-4109-CD-300x298.jpg 300w, https:\/\/www.hsu-hh.de\/sozgov\/wp-content\/uploads\/sites\/841\/2026\/04\/Theis-4109-CD-150x150.jpg 150w, https:\/\/www.hsu-hh.de\/sozgov\/wp-content\/uploads\/sites\/841\/2026\/04\/Theis-4109-CD-768x763.jpg 768w, https:\/\/www.hsu-hh.de\/sozgov\/wp-content\/uploads\/sites\/841\/2026\/04\/Theis-4109-CD-1536x1526.jpg 1536w, https:\/\/www.hsu-hh.de\/sozgov\/wp-content\/uploads\/sites\/841\/2026\/04\/Theis-4109-CD-2048x2034.jpg 2048w, https:\/\/www.hsu-hh.de\/sozgov\/wp-content\/uploads\/sites\/841\/2026\/04\/Theis-4109-CD-100x100.jpg 100w, https:\/\/www.hsu-hh.de\/sozgov\/wp-content\/uploads\/sites\/841\/2026\/04\/Theis-4109-CD-1100x1093.jpg 1100w\" sizes=\"auto, (max-width: 1024px) 100vw, 1024px\" \/><\/figure>\n<\/div>\n\n\n<p><strong>Externer<\/strong> <strong>Doktorand<\/strong><\/p>\n\n\n\n<p>Helmut-Schmidt-Universit\u00e4t Hamburg <\/p>\n\n\n\n<p>Fakult\u00e4t f\u00fcr Geistes- und Sozialwissenschaften<\/p>\n\n\n\n<p>Professur f\u00fcr Soziologie, insbes. Transformation von Governance in Bildung und Gesellschaft <\/p>\n\n\n\n<p>E-Mail: t.b.d.<\/p>\n\n\n\n<p><\/p>\n\n\n\n<h4 class=\"wp-block-heading\">Pers\u00f6nliche Informationen<\/h4>\n\n\n\n<details class=\"wp-block-details is-layout-flow wp-block-details-is-layout-flow\"><summary>Forschungsprofil<\/summary>\n<ul class=\"wp-block-list\">\n<li>Bildungsgerechtigkeit und Digital Equity<\/li>\n\n\n\n<li>Governance digitaler Bildungs\u00f6kosysteme<\/li>\n\n\n\n<li>Governance von OER, KI und digitalen Bildungsinfrastrukturen<\/li>\n\n\n\n<li>Vergleichende Bildungspolitik und digitale Transformation von Bildungssystemen<\/li>\n<\/ul>\n<\/details>\n\n\n\n<details class=\"wp-block-details is-layout-flow wp-block-details-is-layout-flow\"><summary>Vita<\/summary>\n<ul class=\"wp-block-list\">\n<li>seit <strong>08\/2025<\/strong>: Wissenschaftlicher Mitarbeiter, Institut f\u00fcr Innovation und Technik (iit), Berlin<\/li>\n\n\n\n<li>seit <strong>04\/2025<\/strong>: Berater f\u00fcr strategische Kommunikation und Netzwerkarbeit (OSDN), Leibniz Universit\u00e4t Hannover<\/li>\n\n\n\n<li>seit <strong>09\/2021<\/strong>: Wissenschaftlicher Seniorberater Bildungstechnologie, VDI\/VDE Innovation + Technik, Berlin<\/li>\n\n\n\n<li><strong>2023 \u2013 2025<\/strong>: Referent in der Projektgruppe \u201eDigitaler Bildungsraum\u201c, Bundesministerium f\u00fcr Bildung und Forschung<\/li>\n\n\n\n<li><strong>2022 \u2013 2023<\/strong>: Gastdozent, Weiterbildungszentrum der Freien Universit\u00e4t Berlin<\/li>\n\n\n\n<li><strong>2018 \u2013 2021<\/strong>: Master of Arts Internationale Beziehungen (MAIB), Humboldt-Universit\u00e4t zu Berlin \/ Freie Universit\u00e4t Berlin \/ Universit\u00e4t Potsdam (Joint Degree) mit Erasmus-Studium an der Universit\u00e9 libre de Bruxelles, Belgien<\/li>\n\n\n\n<li><strong>2017 \u2013 2021<\/strong>: Projektmanager Bildungspolitik und Koordinator des B\u00fcndnis Freie Bildung, Wikimedia Deutschland e.V., Berlin<\/li>\n\n\n\n<li><strong>2015 \u2013 2017<\/strong>: Studentische Hilfskraft, Fakult\u00e4t f\u00fcr Sozialwissenschaften der Universit\u00e4t Mannheim<\/li>\n\n\n\n<li><strong>2014 \u2013 2017<\/strong>: Bachelor of Arts Politikwissenschaft mit Beifach Volkswirtschaftslehre, Universit\u00e4t Mannheim mit Erasmus-Studium an der Universidad Aut\u00f3noma de Madrid, Spanien<\/li>\n<\/ul>\n<\/details>\n\n\n\n<details class=\"wp-block-details is-layout-flow wp-block-details-is-layout-flow\"><summary>Dissertationsprojekt<\/summary>\n<p>&#8222;Digital Equity in Education Ecosystems: The Influence of Governance and Infrastructure Conditions on Digital Educational Inequalities&#8220;<\/p>\n<\/details>\n\n\n\n<details class=\"wp-block-details is-layout-flow wp-block-details-is-layout-flow\"><summary>Publikationen<\/summary>\n<ul class=\"wp-block-list\">\n<li>Theis, Dominik (2026) <strong>Governing Digital Education: Lessons from Federal Systems Worldwide<\/strong>. In: T\u00f6dt, Katia; B\u00fcching, Corinne; Granas, Bastian (<abbr title=\"Herausgeber\">Hrsg.<\/abbr>), Digital Education and Innovation<em>.<\/em> Springer (in Druck).<\/li>\n\n\n\n<li>Wasserfuhr, Veit; Theis, Dominik (2026) <strong>Navigating the Digital Shift: A Systematic Review of Educational Innovations and the Role of Governance<\/strong>. In: T\u00f6dt, Katia; B\u00fcching, Corinne; Granas, Bastian (<abbr title=\"Herausgeber\">Hrsg.<\/abbr>), Digital Education and Innovation<em>.<\/em> Springer (in Druck).<\/li>\n\n\n\n<li>Brings, Christin; Theis, Dominik; Park, Jihoon (2026) T<strong>ransformation of Digitalization in General Education in Korea and Implementation of Digital Textbook<\/strong>. In: T\u00f6dt, Katia; B\u00fcching, Corinne; Granas, Bastian (<abbr title=\"Herausgeber\">Hrsg.<\/abbr>), Digital Education and Innovation<em>.<\/em> Springer (in Druck).<\/li>\n<\/ul>\n<\/details>\n\n\n\n<p><\/p>\n","protected":false},"excerpt":{"rendered":"<p>Externer Doktorand Helmut-Schmidt-Universit\u00e4t Hamburg Fakult\u00e4t f\u00fcr Geistes- und Sozialwissenschaften Professur f\u00fcr Soziologie, insbes. Transformation von Governance in Bildung und Gesellschaft E-Mail: t.b.d. Pers\u00f6nliche Informationen<\/p>\n","protected":false},"author":2740,"featured_media":0,"parent":0,"menu_order":0,"comment_status":"closed","ping_status":"closed","template":"","meta":{"footnotes":""},"categories":[4],"tags":[],"class_list":["post-4592","page","type-page","status-publish","hentry","category-forschung"],"_links":{"self":[{"href":"https:\/\/www.hsu-hh.de\/sozgov\/wp-json\/wp\/v2\/pages\/4592","targetHints":{"allow":["GET"]}}],"collection":[{"href":"https:\/\/www.hsu-hh.de\/sozgov\/wp-json\/wp\/v2\/pages"}],"about":[{"href":"https:\/\/www.hsu-hh.de\/sozgov\/wp-json\/wp\/v2\/types\/page"}],"author":[{"embeddable":true,"href":"https:\/\/www.hsu-hh.de\/sozgov\/wp-json\/wp\/v2\/users\/2740"}],"replies":[{"embeddable":true,"href":"https:\/\/www.hsu-hh.de\/sozgov\/wp-json\/wp\/v2\/comments?post=4592"}],"version-history":[{"count":7,"href":"https:\/\/www.hsu-hh.de\/sozgov\/wp-json\/wp\/v2\/pages\/4592\/revisions"}],"predecessor-version":[{"id":4631,"href":"https:\/\/www.hsu-hh.de\/sozgov\/wp-json\/wp\/v2\/pages\/4592\/revisions\/4631"}],"wp:attachment":[{"href":"https:\/\/www.hsu-hh.de\/sozgov\/wp-json\/wp\/v2\/media?parent=4592"}],"wp:term":[{"taxonomy":"category","embeddable":true,"href":"https:\/\/www.hsu-hh.de\/sozgov\/wp-json\/wp\/v2\/categories?post=4592"},{"taxonomy":"post_tag","embeddable":true,"href":"https:\/\/www.hsu-hh.de\/sozgov\/wp-json\/wp\/v2\/tags?post=4592"}],"curies":[{"name":"wp","href":"https:\/\/api.w.org\/{rel}","templated":true}]}}