{"id":431,"date":"2020-08-03T16:54:53","date_gmt":"2020-08-03T14:54:53","guid":{"rendered":"https:\/\/www.hsu-hh.de\/sozgov\/?page_id=431"},"modified":"2025-02-05T11:57:28","modified_gmt":"2025-02-05T10:57:28","slug":"predictive-governance","status":"publish","type":"page","link":"https:\/\/www.hsu-hh.de\/sozgov\/forschung\/predictive-governance\/","title":{"rendered":"Predictive Governance"},"content":{"rendered":"\n<p>Im Rahmen wachsender Datafizierung und Digitalisierung von Governance spielen pr\u00e4diktive Steuerungsinstrumente eine zunehmend zentrale Rolle, welche auf der Basis kontinuierlicher Datenanalysen Zukunftsszenarien modellieren und damit pr\u00e4ventive Steuerungspotentiale nahelegen.<\/p>\n\n\n\n<p>An der Professur verorten sich insbesondere zwei Projekte in diesem Themenbereich:<\/p>\n\n\n\n<p><\/p>\n\n\n\n<p><strong>Forschungsprojekt \u201eDie produktiven Effekte pr\u00e4diktiver Steuerungsinstrumente am Beispiel von Early Warning Indicator Systems (EWIS)\u201c<\/strong><\/p>\n\n\n\n<p>Das im Rahmen der DFG-Heisenbergf\u00f6rderung verortete Projekt besch\u00e4ftigt sich mit Fr\u00fchwarnsystemen, welche im Bildungsbereich mittels pr\u00e4diktiver Learning Analytics Sch\u00fclerInnen identifizieren, welche etwa in den Bereichen akademischer Leistung oder sozialem Verhalten ein hohes Risiko haben, etwa den Schulabschluss nicht zu schaffen. Anhand von Fallbeispielen in den USA sowie in Flanders untersucht das Projekt insbesondere die folgenden Fragen:<\/p>\n\n\n\n<p>Wie ver\u00e4ndert sich die Temporalit\u00e4t, <abbr title=\"das hei\u00dft\">d.h.<\/abbr> die zeitlichen Rahmenstrukturen von Schulprozessen, durch die Einbindung von Fr\u00fchwarnsystemen?<\/p>\n\n\n\n<p>Wie binden Schulleitung und Lehrkr\u00e4fte pr\u00e4diktive Steuerungstools konkret in ihr Handeln ein <abbr title=\"beziehungsweise\">bzw.<\/abbr> wie haben sich ihr Handeln und damit <abbr title=\"gegebenenfalls\">ggf.<\/abbr> die sozialen Beziehungen in der Schule durch das Instrument ver\u00e4ndert?<\/p>\n\n\n\n<p>Inwieweit ver\u00e4ndert das \u201eflagging\u201c von Sch\u00fclerInnen das Sprechen \u00fcber und das Einsch\u00e4tzen diese\/r Sch\u00fclerInnen? Wie werden Fr\u00fchwarnsysteme und bisheriges (professionelles) Wissen dabei in Beziehung gesetzt?<\/p>\n\n\n\n<p>Wie sch\u00e4tzen Schulleitung und Lehrkr\u00e4fte die Effekte des \u201eflaggings\u201c f\u00fcr die Sch\u00fclerInnen selbst, etwa in Bezug auf die Produktion von Datenbiografien und soziale Ungleichheit, ein? Im Projekt kollaborieren wir mit <abbr title=\"Doktor\">Dr.<\/abbr> Steven Lewis (Link) an der Australian Catholic University sowie <abbr title=\"Professor\">Prof.<\/abbr> Mathias Decuypere (Link) an der PH Z\u00fcrich.<\/p>\n\n\n\n<p><\/p>\n\n\n\n<p><strong>\u201e\u201aGovernment Foresight\u2018 in Deutschland. Kultursoziologische Studien zu Politiken der Zukunft in westlichen Gesellschaften des 21. Jahrhunderts\u201c<\/strong> (<a href=\"https:\/\/www.hsu-hh.de\/sozgov\/team\/manuel-reinhard\/\">Habilitationsprojekt <abbr title=\"Doktor\">Dr.<\/abbr> Manuel Reinhard<\/a>)<\/p>\n\n\n\n<p>Welche Bedeutung hat \u201egovernment foresight\u201c (<abbr title=\"das hei\u00dft\">d.h.<\/abbr>, Zukunftsanalysen in Regierungsbeh\u00f6rden wie beispielsweise Szenarioplanung) f\u00fcr die Etablierung von \u201ePolitiken der Zukunft\u201c \u2013 die Ko-Konstitution von Versuchen der Imagination (\u201eimaginary futures\u201c), Steuerung (\u201eanticipatory governance\u201c) und konkreten Gestaltung (\u201efuture-making practices\u201c) m\u00f6glicher Zuk\u00fcnfte \u2013 in spezifischen politischen Praxisfeldern unterschiedlicher politischer Sektoren der Bundesrepublik Deutschland? Das Habilitationsprojekt von <abbr title=\"Doktor\">Dr.<\/abbr> Manuel Reinhard besteht aus drei ethnografischen Feldstudien in Fachabteilungen f\u00fcr Zukunftsanalyse in Bundesbeh\u00f6rden der Finanz-, Klima- und Verteidigungspolitik (Bundesanstalt f\u00fcr Finanzdienstleistungsaufsicht, Umweltbundesamt, Planungsamt der Bundeswehr).<\/p>\n\n\n\n<p>Des Weiteren haben wir zwischen 2020 und 2022 die internationale Veranstaltungsreihe \u201ePreGov \u2013 Predictive Governance\u201c mit KollegInnen an der <abbr title=\"Helmut Schmidt Universit\u00e4t\">HSU<\/abbr> durchgef\u00fchrt. Das letzte Programm aus der Veranstaltung von 2022 finden Sie <a href=\"https:\/\/www.hsu-hh.de\/icu\/pregov\/\">hier<\/a>.<\/p>\n","protected":false},"excerpt":{"rendered":"<p>Im Rahmen wachsender Datafizierung und Digitalisierung von Governance spielen pr\u00e4diktive Steuerungsinstrumente eine zunehmend zentrale Rolle, welche auf der Basis kontinuierlicher Datenanalysen Zukunftsszenarien modellieren und damit pr\u00e4ventive Steuerungspotentiale nahelegen. An der [&hellip;]<\/p>\n","protected":false},"author":2110,"featured_media":0,"parent":112,"menu_order":0,"comment_status":"closed","ping_status":"closed","template":"","meta":{"footnotes":""},"categories":[4],"tags":[],"class_list":["post-431","page","type-page","status-publish","hentry","category-forschung"],"_links":{"self":[{"href":"https:\/\/www.hsu-hh.de\/sozgov\/wp-json\/wp\/v2\/pages\/431","targetHints":{"allow":["GET"]}}],"collection":[{"href":"https:\/\/www.hsu-hh.de\/sozgov\/wp-json\/wp\/v2\/pages"}],"about":[{"href":"https:\/\/www.hsu-hh.de\/sozgov\/wp-json\/wp\/v2\/types\/page"}],"author":[{"embeddable":true,"href":"https:\/\/www.hsu-hh.de\/sozgov\/wp-json\/wp\/v2\/users\/2110"}],"replies":[{"embeddable":true,"href":"https:\/\/www.hsu-hh.de\/sozgov\/wp-json\/wp\/v2\/comments?post=431"}],"version-history":[{"count":17,"href":"https:\/\/www.hsu-hh.de\/sozgov\/wp-json\/wp\/v2\/pages\/431\/revisions"}],"predecessor-version":[{"id":3974,"href":"https:\/\/www.hsu-hh.de\/sozgov\/wp-json\/wp\/v2\/pages\/431\/revisions\/3974"}],"up":[{"embeddable":true,"href":"https:\/\/www.hsu-hh.de\/sozgov\/wp-json\/wp\/v2\/pages\/112"}],"wp:attachment":[{"href":"https:\/\/www.hsu-hh.de\/sozgov\/wp-json\/wp\/v2\/media?parent=431"}],"wp:term":[{"taxonomy":"category","embeddable":true,"href":"https:\/\/www.hsu-hh.de\/sozgov\/wp-json\/wp\/v2\/categories?post=431"},{"taxonomy":"post_tag","embeddable":true,"href":"https:\/\/www.hsu-hh.de\/sozgov\/wp-json\/wp\/v2\/tags?post=431"}],"curies":[{"name":"wp","href":"https:\/\/api.w.org\/{rel}","templated":true}]}}