{"id":4172,"date":"2025-03-25T17:02:54","date_gmt":"2025-03-25T16:02:54","guid":{"rendered":"https:\/\/www.hsu-hh.de\/sozgov\/?page_id=4172"},"modified":"2026-01-13T10:16:40","modified_gmt":"2026-01-13T09:16:40","slug":"nina-issbruecker","status":"publish","type":"page","link":"https:\/\/www.hsu-hh.de\/sozgov\/team\/nina-issbruecker\/","title":{"rendered":"Nina I\u00dfbr\u00fccker M.A."},"content":{"rendered":"\n<figure class=\"wp-block-image size-full is-resized\"><img loading=\"lazy\" decoding=\"async\" width=\"1013\" height=\"948\" src=\"https:\/\/www.hsu-hh.de\/sozgov\/wp-content\/uploads\/sites\/841\/2025\/03\/signal-2025-03-16-170716_018.jpeg\" data-credit=\"Nina I\u00dfbr\u00fccker\" alt=\"\" class=\"wp-image-4130\" style=\"width:159px;height:auto\" srcset=\"https:\/\/www.hsu-hh.de\/sozgov\/wp-content\/uploads\/sites\/841\/2025\/03\/signal-2025-03-16-170716_018.jpeg 1013w, https:\/\/www.hsu-hh.de\/sozgov\/wp-content\/uploads\/sites\/841\/2025\/03\/signal-2025-03-16-170716_018-300x281.jpeg 300w, https:\/\/www.hsu-hh.de\/sozgov\/wp-content\/uploads\/sites\/841\/2025\/03\/signal-2025-03-16-170716_018-768x719.jpeg 768w\" sizes=\"auto, (max-width: 1013px) 100vw, 1013px\" \/><\/figure>\n\n\n<script type=\"application\/ld+json\">[{\"@context\": \"https:\/\/www.schema.org\",\"@type\": \"Person\",\"name\": \"Kontakt \",\"worksFor\": [{\t\"@type\": \"Organization\",\t\"name\": \"Helmut-Schmidt-Universit\u00e4t\",\t\"url\": \"https:\/\/www.hsu-hh.de\"}],\"image\": \"https:\/\/www.hsu-hh.de\/wp-content\/themes\/hsu\/img\/dummy\/dummy_ansprechpartner.png\",\"telephone\": \"\",\"faxNumber\": \"\",\"email\": \"issbruen@hsu-hh.de\"}]<\/script><div class=\"clearfix\"><\/div><div class=\"ansprechparter-container \" style=\"margin-top:1em; \"><div class=\"row ansprechpartner-item ansprechparter-header\" ><div class=\"col-xs-8 col-lg-12\" style=\"margin-bottom: 30px;\"><h3 class=\"ansprechparter-headline\">Kontakt <\/h3><\/div><\/div><div class=\"col-md-4 col-lg-3 col-xs-4 ansprechpartner-item floatright img-circle center-block\" style=\"margin-bottom: 30px;\"><div class=\"img-responsive-wrapper\"><img decoding=\"async\" src=\"\/wp-content\/themes\/hsu\/img\/dummy\/dummy_ansprechpartner.png\" alt=\"Mitarbeiter Symbol-Icon\" class=\"img-circle img-responsive center-block\" \/><\/div><\/div><div class=\"col-md-12 col-lg-3 col-xs-12 ansprechpartner-item kontakt floatright\" style=\"margin-bottom: 30px; \"><div class=\"row\"><div class=\"col-xs-12 col-sm-6 col-lg-12\"><div class=\"row\"><div class=\"col-xs-4 col-lg-4 row-text bold\" >Raum:<\/div><div class=\" row-text\">228, H4<\/div><\/div><\/div><div class=\"col-xs-12 col-sm-6 col-lg-12\"><div class=\"row\"><div class=\"col-xs-4 col-lg-4 row-text bold\">E-Mail:<\/div><div class=\"row-text\" style=\"overflow:hidden; word-break: break-word\"><a href=\"mailto:issbruen@hsu-hh.de\" rel=\"nofollow\">issbruen@hsu-hh.de<\/a><\/div><\/div><\/div><\/div><\/div><div class=\"col-md-6 col-lg-3 col-xs-12 ansprechpartner-item anschrift floatright\" ><div class=\"row-headline\">Besucheranschrift<\/div><div class=\"dataBesucheranschrift\" style=\"\"><div class=\"row-text\">Helmut-Schmidt-Universit\u00e4t<\/div><div class=\"row-text\">Geb\u00e4ude H4<\/div><div class=\"row-text\">Holstenhofweg 85<\/div><div class=\"row-text\">22043 Hamburg<\/div><\/div><\/div><div class=\"col-md-6 col-lg-3 col-xs-12 ansprechpartner-item anschrift floatright\"><div class=\"row-headline\">Postanschrift<\/div><div class=\"dataPostanschrift\" style=\"\"><div class=\"row-text\">Helmut-Schmidt-Universit\u00e4t<\/div><div class=\"row-text\">Postfach 70 08 22<\/div><div class=\"row-text\">22008 Hamburg<\/div><\/div><\/div><\/div><div class=\"clearfix\"><\/div>\n\n\n<p><strong>Pers\u00f6nliche Informationen<\/strong><\/p>\n\n\n\n<details class=\"wp-block-details is-layout-flow wp-block-details-is-layout-flow\"><summary>Kurzvita<\/summary>\n<ul class=\"wp-block-list\">\n<li><strong>Seit M\u00e4rz 2025<\/strong>: Wissenschaftliche Mitarbeiterin an der Helmut-Schmidt-Universit\u00e4t, Professur f\u00fcr Soziologie (Transformation von Governance in Bildung und Gesellschaft)<\/li>\n\n\n\n<li><strong>2022-2023<\/strong>: Studentische Mitarbeiterin beim Deutschen Kinderhilfswerk in der Abteilung Kinder- und Jugendbeteiligung<\/li>\n\n\n\n<li><strong>2019-2021<\/strong>: Bildungreferentin an Schulen (Bildung trifft Entwicklung Berlin, Grenzg\u00e4nge e.V.)<\/li>\n\n\n\n<li><strong>2018-2024<\/strong>: Master of Arts in Interdisziplin\u00e4re Lateinamerikastudien an der Freien Universit\u00e4t Berlin. Schwerpunkte: Transformation von Gesellschaften (insbesondere Transformation von M\u00e4nnlichkeiten), Politische \u00d6kologie, (Post-)Entwicklungstheorien und (Post-)Wachstum<\/li>\n\n\n\n<li><strong>2015-2016<\/strong>: Auslandsstudium an der Universidad de Buenos Aires, Argentinien. Schwerpunkte: Lateinamerikanische Geschichte und Menschenrechte<\/li>\n\n\n\n<li><strong>2013-2018<\/strong>: Bachelor of Arts in Politikwissenschaften an der Freien Universit\u00e4t Berlin. Schwerpunkte: Politische \u00d6kologie, Politische \u00d6konomie, Lateinamerikanische Politik und Theorie, Menschenrechtsp\u00e4dagogik<\/li>\n<\/ul>\n\n\n\n<p><\/p>\n<\/details>\n\n\n\n<details class=\"wp-block-details is-layout-flow wp-block-details-is-layout-flow\"><summary>Aktuelle Projekte<\/summary>\n<p><a href=\"https:\/\/unblackthebox.org\/\" target=\"_blank\" rel=\"noreferrer noopener\"><strong>UNBLACK THE BOX<\/strong><\/a><\/p>\n\n\n\n<p>UNBLACK THE BOX ist eine im Jahr 2019 gegr\u00fcndete Netzwerkinitiative von Wissenschaftlerinnen aus Erziehungswissenschaft, Soziologie, Bildungsinformatik, Medien- und Gesundheitsp\u00e4dagogik sowie Lehrkr\u00e4ften in Schule, Hochschule&nbsp;<abbr title=\"beziehungsweise\">bzw.<\/abbr>&nbsp;Lehreraus- und -fortbildung. Sie verfolgt das Ziel, Bildungseinrichtungen, Lehrkr\u00e4fte und DozentInnen zu bef\u00e4higen, der wachsenden Verdatung und Digitalisierung von Bildung auch ohne umfangreiche informatische Kenntnisse mit aufgekl\u00e4rter, kritisch-bewusster Entscheidungs- und Gestaltungsf\u00e4higkeit zu begegnen.<\/p>\n\n\n\n<p><\/p>\n\n\n\n<p><a href=\"https:\/\/smasch.eu\/\" rel='nofollow'>SMASCH II<\/a> (seit Oktober 2025)<\/p>\n\n\n\n<p>OPAL-Forschungsprojekt zur Begleitung und Unterst\u00fctzung von Schulen in einer Kultur der Digitalit\u00e4t. Gef\u00f6rdert durch Mittel des Zentrums f\u00fcr Digitalisierungs- und Technologieforschung der Bundeswehr (dtec.bw). In SMASCH II (2025-2026) wird gemeinsam mit Schulen aus 5 europ\u00e4ischen L\u00e4ndern eine transnationale Schulentwicklungplattform f\u00fcr einen selbstbewussten und kritisch-reflexiven Umgang mit Digitalit\u00e4tsthemen entwickelt.<\/p>\n\n\n\n<p><\/p>\n<\/details>\n\n\n\n<p><\/p>\n","protected":false},"excerpt":{"rendered":"<p>Pers\u00f6nliche Informationen<\/p>\n","protected":false},"author":2740,"featured_media":0,"parent":106,"menu_order":0,"comment_status":"closed","ping_status":"closed","template":"","meta":{"footnotes":""},"categories":[4],"tags":[],"class_list":["post-4172","page","type-page","status-publish","hentry","category-forschung"],"_links":{"self":[{"href":"https:\/\/www.hsu-hh.de\/sozgov\/wp-json\/wp\/v2\/pages\/4172","targetHints":{"allow":["GET"]}}],"collection":[{"href":"https:\/\/www.hsu-hh.de\/sozgov\/wp-json\/wp\/v2\/pages"}],"about":[{"href":"https:\/\/www.hsu-hh.de\/sozgov\/wp-json\/wp\/v2\/types\/page"}],"author":[{"embeddable":true,"href":"https:\/\/www.hsu-hh.de\/sozgov\/wp-json\/wp\/v2\/users\/2740"}],"replies":[{"embeddable":true,"href":"https:\/\/www.hsu-hh.de\/sozgov\/wp-json\/wp\/v2\/comments?post=4172"}],"version-history":[{"count":9,"href":"https:\/\/www.hsu-hh.de\/sozgov\/wp-json\/wp\/v2\/pages\/4172\/revisions"}],"predecessor-version":[{"id":4428,"href":"https:\/\/www.hsu-hh.de\/sozgov\/wp-json\/wp\/v2\/pages\/4172\/revisions\/4428"}],"up":[{"embeddable":true,"href":"https:\/\/www.hsu-hh.de\/sozgov\/wp-json\/wp\/v2\/pages\/106"}],"wp:attachment":[{"href":"https:\/\/www.hsu-hh.de\/sozgov\/wp-json\/wp\/v2\/media?parent=4172"}],"wp:term":[{"taxonomy":"category","embeddable":true,"href":"https:\/\/www.hsu-hh.de\/sozgov\/wp-json\/wp\/v2\/categories?post=4172"},{"taxonomy":"post_tag","embeddable":true,"href":"https:\/\/www.hsu-hh.de\/sozgov\/wp-json\/wp\/v2\/tags?post=4172"}],"curies":[{"name":"wp","href":"https:\/\/api.w.org\/{rel}","templated":true}]}}