{"id":4110,"date":"2025-03-13T11:56:27","date_gmt":"2025-03-13T10:56:27","guid":{"rendered":"https:\/\/www.hsu-hh.de\/sozgov\/?page_id=4110"},"modified":"2025-03-25T16:56:22","modified_gmt":"2025-03-25T15:56:22","slug":"nina-issbruecker-2","status":"publish","type":"page","link":"https:\/\/www.hsu-hh.de\/sozgov\/team\/nina-issbruecker-2\/","title":{"rendered":"Nina I\u00dfbr\u00fccker"},"content":{"rendered":"\n<figure class=\"wp-block-image size-full is-resized\"><img loading=\"lazy\" decoding=\"async\" width=\"1013\" height=\"948\" src=\"https:\/\/www.hsu-hh.de\/sozgov\/wp-content\/uploads\/sites\/841\/2025\/03\/signal-2025-03-16-170716_018-1.jpeg\" data-credit=\"Nina I\u00dfbr\u00fccker\" alt=\"\" class=\"wp-image-4131\" style=\"width:167px;height:auto\" srcset=\"https:\/\/www.hsu-hh.de\/sozgov\/wp-content\/uploads\/sites\/841\/2025\/03\/signal-2025-03-16-170716_018-1.jpeg 1013w, https:\/\/www.hsu-hh.de\/sozgov\/wp-content\/uploads\/sites\/841\/2025\/03\/signal-2025-03-16-170716_018-1-300x281.jpeg 300w, https:\/\/www.hsu-hh.de\/sozgov\/wp-content\/uploads\/sites\/841\/2025\/03\/signal-2025-03-16-170716_018-1-768x719.jpeg 768w\" sizes=\"auto, (max-width: 1013px) 100vw, 1013px\" \/><\/figure>\n\n\n<div class=\"clearfix\">\u00a0<\/div>\n<div class=\"ansprechparter-container\">\n<div class=\"row ansprechpartner-item ansprechparter-header\">\n<div class=\"col-xs-8 col-lg-12\" style=\"margin-bottom: 30px\">\n<h3 class=\"ansprechparter-headline\">Kontakt\u00a0<\/h3>\n<\/div>\n<div class=\"col-md-4 col-lg-3 col-xs-4 ansprechpartner-item floatright img-circle center-block\" style=\"margin-bottom: 30px\">\u00a0<\/div>\n<div class=\"col-md-12 col-lg-3 col-xs-12 ansprechpartner-item kontakt floatright\" style=\"margin-bottom: 30px\">\n<div class=\"row\">\n<div class=\"col-xs-12 col-sm-6 col-lg-12\">\n<div class=\"row\">\n<div class=\"col-xs-12 col-md-12 row-text bold\">E-Mail:<\/div>\n<div class=\"col-xs-12 col-md-12 row-text\">issbruen@hsu-hh.de<\/div>\n<\/div>\n<\/div>\n<\/div>\n<\/div>\n<div class=\"col-md-6 col-lg-3 col-xs-12 ansprechpartner-item anschrift floatright\">\n<div class=\"row-headline\">Besucheranschrift<\/div>\n<div class=\"row-text\">Helmut-Schmidt-Universit\u00e4t<\/div>\n<div class=\"row-text\">Geb\u00e4ude H4, Raum 228<\/div>\n<div class=\"row-text\">Holstenhofweg 85<\/div>\n<div class=\"row-text\">22043 Hamburg<\/div>\n<\/div>\n<div class=\"col-md-6 col-lg-3 col-xs-12 ansprechpartner-item anschrift floatright\">\n<div class=\"row-headline\">Postanschrift<\/div>\n<div class=\"row-text\">Helmut-Schmidt-Universit\u00e4t<\/div>\n<div class=\"row-text\">Postfach 70 08 22<\/div>\n<div class=\"row-text\">22008 Hamburg<\/div>\n<\/div>\n<\/div>\n<\/div>\n<div class=\"clearfix\">\u00a0<\/div>\n<p><strong>Informationen zur Person<\/strong><\/p>\n\n\n<details class=\"wp-block-details is-layout-flow wp-block-details-is-layout-flow\"><summary>Kurzvita<\/summary>\n<ul class=\"wp-block-list\">\n<li>Seit M\u00e4rz 2025: Wissenschaftliche Mitarbeiterin an der Helmut-Schmidt-Universit\u00e4t, Professur f\u00fcr Transformation von Governance in Bildung und Gesellschaft<\/li>\n\n\n\n<li>2022-2023: Studentische Mitarbeiterin beim Deutschen Kinderhilfswerk in der Abteilung Kinder- und Jugendbeteiligung<\/li>\n\n\n\n<li>2019-2021: Bildungreferentin an Schulen (Bildung trifft Entwicklung Berlin, Grenzg\u00e4nge e.V.)<\/li>\n\n\n\n<li>2018-2024: Master of Arts in Interdisziplin\u00e4re Lateinamerikastudien an der Freien Universit\u00e4t Berlin. Schwerpunkte: Transformation von Gesellschaften (insbesondere Transformation von M\u00e4nnlichkeiten), Politische \u00d6kologie, (Post-)Entwicklungstheorien und (Post-)Wachstum<\/li>\n\n\n\n<li>2015-2016: Auslandsstudium an der Universidad de Buenos Aires, Argentinien. Schwerpunkte: Lateinamerikanische Geschichte und Menschenrechte<\/li>\n\n\n\n<li>2013-2018: Bachelor of Arts in Politikwissenschaften an der Freien Universit\u00e4t Berlin. Schwerpunkte: Politische \u00d6kologie, Politische \u00d6konomie, Lateinamerikanische Politik und Theorie, Menschenrechtsp\u00e4dagogik<\/li>\n<\/ul>\n\n\n\n<p><\/p>\n<\/details>\n\n\n\n<details class=\"wp-block-details is-layout-flow wp-block-details-is-layout-flow\"><summary>Aktuelle Projekte<\/summary>\n<p><strong><a href=\"https:\/\/unblackthebox.org\/\" rel='nofollow'>UNBLACK THE BOX<\/a><\/strong><\/p>\n\n\n\n<p>UNBLACK THE BOX ist eine im Jahr 2019 gegr\u00fcndete Netzwerkinitiative von Wissenschaftlerinnen aus Erziehungswissenschaft, Soziologie, Bildungsinformatik, Medien- und Gesundheitsp\u00e4dagogik sowie Lehrkr\u00e4ften in Schule, Hochschule <abbr title=\"beziehungsweise\">bzw.<\/abbr> LehrerInnenaus- und -fortbildung. Sie verfolgt das Ziel, Bildungseinrichtungen, Lehrkr\u00e4fte und DozentInnen zu bef\u00e4higen, der wachsenden Verdatung und Digitalisierung von Bildung auch ohne umfangreiche informatische Kenntnisse mit aufgekl\u00e4rter, kritisch-bewusster Entscheidungs- und Gestaltungsf\u00e4higkeit zu begegnen.<\/p>\n<\/details>\n","protected":false},"excerpt":{"rendered":"<p>\u00a0 Kontakt\u00a0 \u00a0 E-Mail: issbruen@hsu-hh.de Besucheranschrift Helmut-Schmidt-Universit\u00e4t Geb\u00e4ude H4, Raum 228 Holstenhofweg 85 22043 Hamburg Postanschrift Helmut-Schmidt-Universit\u00e4t Postfach 70 08 22 22008 Hamburg \u00a0 Informationen zur Person<\/p>\n","protected":false},"author":2740,"featured_media":0,"parent":106,"menu_order":0,"comment_status":"closed","ping_status":"closed","template":"","meta":{"footnotes":""},"categories":[4],"tags":[],"class_list":["post-4110","page","type-page","status-publish","hentry","category-forschung"],"_links":{"self":[{"href":"https:\/\/www.hsu-hh.de\/sozgov\/wp-json\/wp\/v2\/pages\/4110","targetHints":{"allow":["GET"]}}],"collection":[{"href":"https:\/\/www.hsu-hh.de\/sozgov\/wp-json\/wp\/v2\/pages"}],"about":[{"href":"https:\/\/www.hsu-hh.de\/sozgov\/wp-json\/wp\/v2\/types\/page"}],"author":[{"embeddable":true,"href":"https:\/\/www.hsu-hh.de\/sozgov\/wp-json\/wp\/v2\/users\/2740"}],"replies":[{"embeddable":true,"href":"https:\/\/www.hsu-hh.de\/sozgov\/wp-json\/wp\/v2\/comments?post=4110"}],"version-history":[{"count":9,"href":"https:\/\/www.hsu-hh.de\/sozgov\/wp-json\/wp\/v2\/pages\/4110\/revisions"}],"predecessor-version":[{"id":4150,"href":"https:\/\/www.hsu-hh.de\/sozgov\/wp-json\/wp\/v2\/pages\/4110\/revisions\/4150"}],"up":[{"embeddable":true,"href":"https:\/\/www.hsu-hh.de\/sozgov\/wp-json\/wp\/v2\/pages\/106"}],"wp:attachment":[{"href":"https:\/\/www.hsu-hh.de\/sozgov\/wp-json\/wp\/v2\/media?parent=4110"}],"wp:term":[{"taxonomy":"category","embeddable":true,"href":"https:\/\/www.hsu-hh.de\/sozgov\/wp-json\/wp\/v2\/categories?post=4110"},{"taxonomy":"post_tag","embeddable":true,"href":"https:\/\/www.hsu-hh.de\/sozgov\/wp-json\/wp\/v2\/tags?post=4110"}],"curies":[{"name":"wp","href":"https:\/\/api.w.org\/{rel}","templated":true}]}}