{"id":3483,"date":"2024-06-11T09:31:26","date_gmt":"2024-06-11T07:31:26","guid":{"rendered":"https:\/\/www.hsu-hh.de\/sozgov\/?page_id=3483"},"modified":"2024-06-11T09:32:39","modified_gmt":"2024-06-11T07:32:39","slug":"erfolgreicher-abschluss-der-doktorarbeiten-von-mitarbeiterinnen-der-professur","status":"publish","type":"page","link":"https:\/\/www.hsu-hh.de\/sozgov\/erfolgreicher-abschluss-der-doktorarbeiten-von-mitarbeiterinnen-der-professur\/","title":{"rendered":"Erfolgreicher Abschluss der Doktorarbeiten von Mitarbeiterinnen der Professur"},"content":{"rendered":"\n<p>Wir freuen uns, bekannt geben zu d\u00fcrfen, dass zwei Mitarbeiterinnen der Professur in der letzten Zeit erfolgreich ihre Doktorarbeiten abgeschlossen haben: Ina Sander und Annina F\u00f6rschler haben ihre Promotionen mit gro\u00dfem Erfolg verteidigt und damit einen wichtigen Meilenstein in ihrer wissenschaftlichen Karriere erreicht.<\/p>\n\n\n\n<p>Ina Sander verteidigte am 16. November 2023 ihre Doktorarbeit mit dem Titel &#8222;Toward Critical Datafication Literacy: The Role of Online Resources in Fostering Critical Education about Datafication&#8220; an der Cardiff University (Data Justice Lab). Ihre Arbeit wurde unter der Betreuung von <abbr title=\"Doktor\">Dr.<\/abbr> Joanna Redden, <abbr title=\"Doktor\">Dr.<\/abbr> Arne Hintz und <abbr title=\"Doktor\">Dr.<\/abbr> Francesca Sobande angefertigt.<\/p>\n\n\n\n<p>Annina F\u00f6rschler verteidigte ihre Dissertation am 22. April 2024 an der Helmut Schmidt Universit\u00e4t Hamburg (Fachbereich Geistes- und Sozialwissenschaften). Ihre Doktorarbeit tr\u00e4gt den Titel \u201eGovernance-Transformationen und neue formen des Policymaking am Beispiel der Digitalisierung von (schulischer) Bildung in Deutschland\u201c und wurde von <abbr title=\"Professor\">Prof.<\/abbr> <abbr title=\"Doktor\">Dr.<\/abbr> Sigrid Hartong und <abbr title=\"Professor\">Prof.<\/abbr> <abbr title=\"Doktor\">Dr.<\/abbr> Felicitas Macgilchrist betreut.<\/p>\n\n\n\n<p>Wir gratulieren Ina Sander und Annina F\u00f6rschler herzlich zu ihren herausragenden Leistungen und w\u00fcnschen ihnen viel Erfolg auf ihrem weiteren beruflichen Weg. Das Team der Professur ist stolz auf ihre wissenschaftlichen Beitr\u00e4ge und freut sich auf ihre zuk\u00fcnftigen Forschungen und Engagements.<\/p>\n","protected":false},"excerpt":{"rendered":"<p>Wir freuen uns, bekannt geben zu d\u00fcrfen, dass zwei Mitarbeiterinnen der Professur in der letzten Zeit erfolgreich ihre Doktorarbeiten abgeschlossen haben: Ina Sander und Annina F\u00f6rschler haben ihre Promotionen mit [&hellip;]<\/p>\n","protected":false},"author":2740,"featured_media":0,"parent":0,"menu_order":0,"comment_status":"closed","ping_status":"closed","template":"","meta":{"footnotes":""},"categories":[51],"tags":[],"class_list":["post-3483","page","type-page","status-publish","hentry","category-aktuelles"],"_links":{"self":[{"href":"https:\/\/www.hsu-hh.de\/sozgov\/wp-json\/wp\/v2\/pages\/3483","targetHints":{"allow":["GET"]}}],"collection":[{"href":"https:\/\/www.hsu-hh.de\/sozgov\/wp-json\/wp\/v2\/pages"}],"about":[{"href":"https:\/\/www.hsu-hh.de\/sozgov\/wp-json\/wp\/v2\/types\/page"}],"author":[{"embeddable":true,"href":"https:\/\/www.hsu-hh.de\/sozgov\/wp-json\/wp\/v2\/users\/2740"}],"replies":[{"embeddable":true,"href":"https:\/\/www.hsu-hh.de\/sozgov\/wp-json\/wp\/v2\/comments?post=3483"}],"version-history":[{"count":2,"href":"https:\/\/www.hsu-hh.de\/sozgov\/wp-json\/wp\/v2\/pages\/3483\/revisions"}],"predecessor-version":[{"id":3485,"href":"https:\/\/www.hsu-hh.de\/sozgov\/wp-json\/wp\/v2\/pages\/3483\/revisions\/3485"}],"wp:attachment":[{"href":"https:\/\/www.hsu-hh.de\/sozgov\/wp-json\/wp\/v2\/media?parent=3483"}],"wp:term":[{"taxonomy":"category","embeddable":true,"href":"https:\/\/www.hsu-hh.de\/sozgov\/wp-json\/wp\/v2\/categories?post=3483"},{"taxonomy":"post_tag","embeddable":true,"href":"https:\/\/www.hsu-hh.de\/sozgov\/wp-json\/wp\/v2\/tags?post=3483"}],"curies":[{"name":"wp","href":"https:\/\/api.w.org\/{rel}","templated":true}]}}