{"id":3118,"date":"2023-10-05T12:04:49","date_gmt":"2023-10-05T10:04:49","guid":{"rendered":"https:\/\/www.hsu-hh.de\/sozgov\/?page_id=3118"},"modified":"2023-10-05T14:02:49","modified_gmt":"2023-10-05T12:02:49","slug":"summer-school-doing-qualitative-education-research-in-of-through-algorithmic-environments","status":"publish","type":"page","link":"https:\/\/www.hsu-hh.de\/sozgov\/summer-school-doing-qualitative-education-research-in-of-through-algorithmic-environments\/","title":{"rendered":"Summer School &#8222;Doing Qualitative Education Research in\/of\/through Algorithmic Environments&#8220;"},"content":{"rendered":"\n<p>Vom 18. bis 20. September richtete die Professur f\u00fcr Transformation von Governance in Bildung und Gesellschaft eine 3-t\u00e4gige internationale Summer School an der Helmut-Schmidt-Universit\u00e4t aus. Ziel der Veranstaltung war es, Nachwuchforscher*innen verschiedene method(olog)ische Perspektiven n\u00e4her zu bringen, wie qualitative Bildungsforschung auf zunehmend datafizierte und algorithmisierte Umgebungen eingehen und diese sowohl zum Gegenstand als auch zum Werkzeug ihrer Forschung machen kann. Daf\u00fcr hatten 26 Teilnehmende aus \u00fcber 10 verschiedenen L\u00e4ndern die M\u00f6glichkeit, an diversen Inputs teilzunehmen und untereinander ins Gespr\u00e4ch zu kommen.<\/p>\n\n\n\n<figure class=\"wp-block-image size-large\"><img loading=\"lazy\" decoding=\"async\" width=\"1024\" height=\"768\" src=\"https:\/\/www.hsu-hh.de\/sozgov\/wp-content\/uploads\/sites\/841\/2023\/10\/Gruppenfoto-Website-1024x768.jpeg\" data-credit=\"Lena Kreft\" alt=\"\" class=\"wp-image-3121\" srcset=\"https:\/\/www.hsu-hh.de\/sozgov\/wp-content\/uploads\/sites\/841\/2023\/10\/Gruppenfoto-Website-1024x768.jpeg 1024w, https:\/\/www.hsu-hh.de\/sozgov\/wp-content\/uploads\/sites\/841\/2023\/10\/Gruppenfoto-Website-300x225.jpeg 300w, https:\/\/www.hsu-hh.de\/sozgov\/wp-content\/uploads\/sites\/841\/2023\/10\/Gruppenfoto-Website-768x576.jpeg 768w, https:\/\/www.hsu-hh.de\/sozgov\/wp-content\/uploads\/sites\/841\/2023\/10\/Gruppenfoto-Website-1536x1152.jpeg 1536w, https:\/\/www.hsu-hh.de\/sozgov\/wp-content\/uploads\/sites\/841\/2023\/10\/Gruppenfoto-Website-1100x825.jpeg 1100w, https:\/\/www.hsu-hh.de\/sozgov\/wp-content\/uploads\/sites\/841\/2023\/10\/Gruppenfoto-Website.jpeg 2048w\" sizes=\"auto, (max-width: 1024px) 100vw, 1024px\" \/><\/figure>\n\n\n\n<p>Der Summer School-Auftakt am Montagvormittag diente insbesondere dem gegenseitigen Kennenlernen und der Vorstellung der eigenen Forschungsvorhaben. Daf\u00fcr hatten die Doktorand*innen und Post-Doktorand*innen erst Zeit, ihr eigenes Projekt vorzustellen, um anschlie\u00dfend in thematischen Fokusgruppen gemeinsame Herausforderungen herauszuarbeiten. Die Vorstellung der Gruppenarbeit zeigte, dass die zunehmende Datafizierung der Bildungslandschaft neue Spannungsfelder und Akteurskonstellationen er\u00f6ffnet, f\u00fcr deren Erkundung die relationale Orientierung qualitativer Bildungsforschung besonders viel Potential entfaltet.<\/p>\n\n\n\n<div class=\"wp-block-columns is-layout-flex wp-container-core-columns-is-layout-9d6595d7 wp-block-columns-is-layout-flex\">\n<div class=\"wp-block-column is-layout-flow wp-block-column-is-layout-flow\">\n<figure class=\"wp-block-image size-large\"><img loading=\"lazy\" decoding=\"async\" width=\"1024\" height=\"768\" src=\"https:\/\/www.hsu-hh.de\/sozgov\/wp-content\/uploads\/sites\/841\/2023\/10\/xsignal-2023-09-25-090044_003-1024x768.jpeg\" data-credit=\"Anja Loft-Akhoondi\" alt=\"\" class=\"wp-image-3119\" srcset=\"https:\/\/www.hsu-hh.de\/sozgov\/wp-content\/uploads\/sites\/841\/2023\/10\/xsignal-2023-09-25-090044_003-1024x768.jpeg 1024w, https:\/\/www.hsu-hh.de\/sozgov\/wp-content\/uploads\/sites\/841\/2023\/10\/xsignal-2023-09-25-090044_003-300x225.jpeg 300w, https:\/\/www.hsu-hh.de\/sozgov\/wp-content\/uploads\/sites\/841\/2023\/10\/xsignal-2023-09-25-090044_003-768x576.jpeg 768w, https:\/\/www.hsu-hh.de\/sozgov\/wp-content\/uploads\/sites\/841\/2023\/10\/xsignal-2023-09-25-090044_003-1536x1152.jpeg 1536w, https:\/\/www.hsu-hh.de\/sozgov\/wp-content\/uploads\/sites\/841\/2023\/10\/xsignal-2023-09-25-090044_003-1100x825.jpeg 1100w, https:\/\/www.hsu-hh.de\/sozgov\/wp-content\/uploads\/sites\/841\/2023\/10\/xsignal-2023-09-25-090044_003.jpeg 1600w\" sizes=\"auto, (max-width: 1024px) 100vw, 1024px\" \/><figcaption class=\"wp-element-caption\"><em>Eindr\u00fccke der Projektvorstellungen und Fokusgruppen<\/em><\/figcaption><\/figure>\n<\/div>\n\n\n\n<div class=\"wp-block-column is-layout-flow wp-block-column-is-layout-flow\">\n<figure class=\"wp-block-image size-large\"><img loading=\"lazy\" decoding=\"async\" width=\"1024\" height=\"768\" src=\"https:\/\/www.hsu-hh.de\/sozgov\/wp-content\/uploads\/sites\/841\/2023\/10\/IMG_6951-1024x768.jpeg\" data-credit=\"Nina Brandau\" alt=\"\" class=\"wp-image-3120\" srcset=\"https:\/\/www.hsu-hh.de\/sozgov\/wp-content\/uploads\/sites\/841\/2023\/10\/IMG_6951-1024x768.jpeg 1024w, https:\/\/www.hsu-hh.de\/sozgov\/wp-content\/uploads\/sites\/841\/2023\/10\/IMG_6951-300x225.jpeg 300w, https:\/\/www.hsu-hh.de\/sozgov\/wp-content\/uploads\/sites\/841\/2023\/10\/IMG_6951-768x576.jpeg 768w, https:\/\/www.hsu-hh.de\/sozgov\/wp-content\/uploads\/sites\/841\/2023\/10\/IMG_6951-1536x1152.jpeg 1536w, https:\/\/www.hsu-hh.de\/sozgov\/wp-content\/uploads\/sites\/841\/2023\/10\/IMG_6951-1100x825.jpeg 1100w, https:\/\/www.hsu-hh.de\/sozgov\/wp-content\/uploads\/sites\/841\/2023\/10\/IMG_6951.jpeg 2048w\" sizes=\"auto, (max-width: 1024px) 100vw, 1024px\" \/><\/figure>\n<\/div>\n<\/div>\n\n\n\n<p>Den zweiten Teil der Veranstaltung bildeten dann 6 Expert*innenvortr\u00e4ge am Montagnachmittag und Dienstagvormittag, die verschiedene Zug\u00e4nge zur methodologischen Auseinandersetzung mit algorithmischen Bildungsumgebungen er\u00f6ffneten:<\/p>\n\n\n\n<ul class=\"wp-block-list\">\n<li>Hermeneutic analysis of classroom interaction, including educational technology<br><abbr title=\"Doktor\">Dr.<\/abbr> Sieglinde Jornitz, DIPF \u01c0 Leibniz Institute for Research and Information in Education, Frankfurt\/Main, Germany<\/li>\n\n\n\n<li>Analyzing digital education platforms \u2013 The IUDE Framework<br><abbr title=\"Professor\">Prof.<\/abbr> <abbr title=\"Doktor\">Dr.<\/abbr> Mathias Decuypere, KU Leuven, Belgium<\/li>\n\n\n\n<li>Smartphone-based analysis in educational settings<br><abbr title=\"Professor\">Prof.<\/abbr> <abbr title=\"Doktor\">Dr.<\/abbr> Fritjof Sahlstr\u00f6m, University of Helsinki, Finland<\/li>\n\n\n\n<li>(Digital) Network Ethnography in Policy Analysis<br><abbr title=\"Doktor\">Dr.<\/abbr> Anna Hogan, University of Queensland, Australia<\/li>\n\n\n\n<li>Participatory and design-based research in\/through algorithmic environments<br><abbr title=\"Professor\">Prof.<\/abbr> <abbr title=\"Doktor\">Dr.<\/abbr> Erik Gr\u00f6nvall, <abbr title=\"Informationstechnologie\">IT<\/abbr> University of Copenhagen, Denmark<\/li>\n\n\n\n<li>Researching data visualizations in education<br><abbr title=\"Professor\">Prof.<\/abbr> <abbr title=\"Doktor\">Dr.<\/abbr> Helene Ratner, Aarhus University, Denmark<\/li>\n<\/ul>\n\n\n\n<p><\/p>\n\n\n\n<div class=\"wp-block-columns is-layout-flex wp-container-core-columns-is-layout-9d6595d7 wp-block-columns-is-layout-flex\">\n<div class=\"wp-block-column is-layout-flow wp-block-column-is-layout-flow\">\n<figure class=\"wp-block-image size-large\"><img loading=\"lazy\" decoding=\"async\" width=\"1024\" height=\"768\" src=\"https:\/\/www.hsu-hh.de\/sozgov\/wp-content\/uploads\/sites\/841\/2023\/10\/xIMG_6970-1024x768.jpeg\" data-credit=\"Nina Brandau\" alt=\"\" class=\"wp-image-3123\" srcset=\"https:\/\/www.hsu-hh.de\/sozgov\/wp-content\/uploads\/sites\/841\/2023\/10\/xIMG_6970-1024x768.jpeg 1024w, https:\/\/www.hsu-hh.de\/sozgov\/wp-content\/uploads\/sites\/841\/2023\/10\/xIMG_6970-300x225.jpeg 300w, https:\/\/www.hsu-hh.de\/sozgov\/wp-content\/uploads\/sites\/841\/2023\/10\/xIMG_6970-768x576.jpeg 768w, https:\/\/www.hsu-hh.de\/sozgov\/wp-content\/uploads\/sites\/841\/2023\/10\/xIMG_6970-1536x1152.jpeg 1536w, https:\/\/www.hsu-hh.de\/sozgov\/wp-content\/uploads\/sites\/841\/2023\/10\/xIMG_6970-1100x825.jpeg 1100w, https:\/\/www.hsu-hh.de\/sozgov\/wp-content\/uploads\/sites\/841\/2023\/10\/xIMG_6970.jpeg 2048w\" sizes=\"auto, (max-width: 1024px) 100vw, 1024px\" \/><figcaption class=\"wp-element-caption\"><em>Eindr\u00fccke der Expert*innen-Vortr\u00e4ge<\/em><\/figcaption><\/figure>\n<\/div>\n\n\n\n<div class=\"wp-block-column is-layout-flow wp-block-column-is-layout-flow\">\n<figure class=\"wp-block-image size-large\"><img loading=\"lazy\" decoding=\"async\" width=\"1024\" height=\"768\" src=\"https:\/\/www.hsu-hh.de\/sozgov\/wp-content\/uploads\/sites\/841\/2023\/10\/xIMG_6954-1024x768.jpeg\" data-credit=\"Nina Brandau\" alt=\"\" class=\"wp-image-3122\" srcset=\"https:\/\/www.hsu-hh.de\/sozgov\/wp-content\/uploads\/sites\/841\/2023\/10\/xIMG_6954-1024x768.jpeg 1024w, https:\/\/www.hsu-hh.de\/sozgov\/wp-content\/uploads\/sites\/841\/2023\/10\/xIMG_6954-300x225.jpeg 300w, https:\/\/www.hsu-hh.de\/sozgov\/wp-content\/uploads\/sites\/841\/2023\/10\/xIMG_6954-768x576.jpeg 768w, https:\/\/www.hsu-hh.de\/sozgov\/wp-content\/uploads\/sites\/841\/2023\/10\/xIMG_6954-1536x1152.jpeg 1536w, https:\/\/www.hsu-hh.de\/sozgov\/wp-content\/uploads\/sites\/841\/2023\/10\/xIMG_6954-1100x825.jpeg 1100w, https:\/\/www.hsu-hh.de\/sozgov\/wp-content\/uploads\/sites\/841\/2023\/10\/xIMG_6954.jpeg 2048w\" sizes=\"auto, (max-width: 1024px) 100vw, 1024px\" \/><\/figure>\n<\/div>\n<\/div>\n\n\n\n<p>Im Anschluss an die Vortr\u00e4ge hatten die Teilnehmenden am die M\u00f6glichkeit in Coaching-Sessions ihre individuellen Fragen an die Expert*innen zu stellen. In kleinen Gespr\u00e4chsrunden standen die Expert*innen den Teilnehmenden f\u00fcr zwei Stunden zur Verf\u00fcgung und trugen damit \u00fcber ihren Vortrag hinaus zum Gelingen der Summer School bei.<\/p>\n\n\n\n<p>Am letzten Vormittag der Summer School widmeten sich die Teilnehmenden schlie\u00dflich bestimmten methodologischen Herausforderungen in sogenannten \u201ePeer-to-Peer-Sessions\u201c:<\/p>\n\n\n\n<ol class=\"wp-block-list\" type=\"1\">\n<li>How to build a strong research design?<br>(Moderation: Mathias Decuypere &amp; Carlos Ortegon Banoy)<\/li>\n\n\n\n<li>Disentangling the concept jungle and developing solid conceptual frameworks&nbsp;&nbsp;&nbsp;&nbsp;&nbsp;<br>(Moderation: Ina Sander &amp; Lucas Joecks)<\/li>\n\n\n\n<li>Data management and dealing with fading\/fluid data \u00a0\u00a0<br>(Moderation: Annina F\u00f6rschler &amp; Anja Loft-Akhoondi)<\/li>\n<\/ol>\n\n\n\n<p><\/p>\n\n\n\n<div class=\"wp-block-columns is-layout-flex wp-container-core-columns-is-layout-9d6595d7 wp-block-columns-is-layout-flex\">\n<div class=\"wp-block-column is-layout-flow wp-block-column-is-layout-flow\">\n<figure class=\"wp-block-image size-large\"><img loading=\"lazy\" decoding=\"async\" width=\"1024\" height=\"768\" src=\"https:\/\/www.hsu-hh.de\/sozgov\/wp-content\/uploads\/sites\/841\/2023\/10\/xIMG_7015-1024x768.jpeg\" data-credit=\"Lena Kreft\" alt=\"\" class=\"wp-image-3124\" srcset=\"https:\/\/www.hsu-hh.de\/sozgov\/wp-content\/uploads\/sites\/841\/2023\/10\/xIMG_7015-1024x768.jpeg 1024w, https:\/\/www.hsu-hh.de\/sozgov\/wp-content\/uploads\/sites\/841\/2023\/10\/xIMG_7015-300x225.jpeg 300w, https:\/\/www.hsu-hh.de\/sozgov\/wp-content\/uploads\/sites\/841\/2023\/10\/xIMG_7015-768x576.jpeg 768w, https:\/\/www.hsu-hh.de\/sozgov\/wp-content\/uploads\/sites\/841\/2023\/10\/xIMG_7015-1536x1152.jpeg 1536w, https:\/\/www.hsu-hh.de\/sozgov\/wp-content\/uploads\/sites\/841\/2023\/10\/xIMG_7015-1100x825.jpeg 1100w, https:\/\/www.hsu-hh.de\/sozgov\/wp-content\/uploads\/sites\/841\/2023\/10\/xIMG_7015.jpeg 2048w\" sizes=\"auto, (max-width: 1024px) 100vw, 1024px\" \/><figcaption class=\"wp-element-caption\"><em>Eindr\u00fccke der Peer-to-Peer-Sessions<\/em><\/figcaption><\/figure>\n<\/div>\n\n\n\n<div class=\"wp-block-column is-layout-flow wp-block-column-is-layout-flow\">\n<figure class=\"wp-block-image size-large\"><img loading=\"lazy\" decoding=\"async\" width=\"1024\" height=\"768\" src=\"https:\/\/www.hsu-hh.de\/sozgov\/wp-content\/uploads\/sites\/841\/2023\/10\/xIMG_6992-1024x768.jpeg\" data-credit=\"Lena Kreft\" alt=\"\" class=\"wp-image-3125\" srcset=\"https:\/\/www.hsu-hh.de\/sozgov\/wp-content\/uploads\/sites\/841\/2023\/10\/xIMG_6992-1024x768.jpeg 1024w, https:\/\/www.hsu-hh.de\/sozgov\/wp-content\/uploads\/sites\/841\/2023\/10\/xIMG_6992-300x225.jpeg 300w, https:\/\/www.hsu-hh.de\/sozgov\/wp-content\/uploads\/sites\/841\/2023\/10\/xIMG_6992-768x576.jpeg 768w, https:\/\/www.hsu-hh.de\/sozgov\/wp-content\/uploads\/sites\/841\/2023\/10\/xIMG_6992-1536x1152.jpeg 1536w, https:\/\/www.hsu-hh.de\/sozgov\/wp-content\/uploads\/sites\/841\/2023\/10\/xIMG_6992-1100x825.jpeg 1100w, https:\/\/www.hsu-hh.de\/sozgov\/wp-content\/uploads\/sites\/841\/2023\/10\/xIMG_6992.jpeg 2048w\" sizes=\"auto, (max-width: 1024px) 100vw, 1024px\" \/><\/figure>\n<\/div>\n<\/div>\n\n\n\n<p>Abgerundet wurde die Summer School durch ein abwechslungsreiches Rahmenprogramm, darunter eine gef\u00fchrte Kieztour durch St. Pauli, sportliche Aktivit\u00e4ten sowie gesellige Abendessen w\u00e4hrend der Konferenztage. Wir bedanken uns insbesondere bei den Teilnehmenden und Expert*innen f\u00fcr ihre Beitr\u00e4ge und den spannenden Austausch!<\/p>\n\n\n\n<div class=\"wp-block-columns is-layout-flex wp-container-core-columns-is-layout-9d6595d7 wp-block-columns-is-layout-flex\">\n<div class=\"wp-block-column is-layout-flow wp-block-column-is-layout-flow\">\n<figure class=\"wp-block-image size-large\"><img loading=\"lazy\" decoding=\"async\" width=\"768\" height=\"1024\" src=\"https:\/\/www.hsu-hh.de\/sozgov\/wp-content\/uploads\/sites\/841\/2023\/10\/IMG_6961-768x1024.jpeg\" data-credit=\"Nina Brandau\" alt=\"\" class=\"wp-image-3126\" srcset=\"https:\/\/www.hsu-hh.de\/sozgov\/wp-content\/uploads\/sites\/841\/2023\/10\/IMG_6961-768x1024.jpeg 768w, https:\/\/www.hsu-hh.de\/sozgov\/wp-content\/uploads\/sites\/841\/2023\/10\/IMG_6961-225x300.jpeg 225w, https:\/\/www.hsu-hh.de\/sozgov\/wp-content\/uploads\/sites\/841\/2023\/10\/IMG_6961-1152x1536.jpeg 1152w, https:\/\/www.hsu-hh.de\/sozgov\/wp-content\/uploads\/sites\/841\/2023\/10\/IMG_6961-1100x1467.jpeg 1100w, https:\/\/www.hsu-hh.de\/sozgov\/wp-content\/uploads\/sites\/841\/2023\/10\/IMG_6961.jpeg 1536w\" sizes=\"auto, (max-width: 768px) 100vw, 768px\" \/><figcaption class=\"wp-element-caption\"><em>Sportliches Rahmenprogramm und Abendessen<\/em><\/figcaption><\/figure>\n<\/div>\n\n\n\n<div class=\"wp-block-column is-layout-flow wp-block-column-is-layout-flow\">\n<figure class=\"wp-block-image size-full\"><img loading=\"lazy\" decoding=\"async\" width=\"1024\" height=\"768\" src=\"https:\/\/www.hsu-hh.de\/sozgov\/wp-content\/uploads\/sites\/841\/2023\/10\/xsignal-2023-09-25-090029_003.jpeg\" data-credit=\"Sigrid Hartong\" alt=\"\" class=\"wp-image-3127\" srcset=\"https:\/\/www.hsu-hh.de\/sozgov\/wp-content\/uploads\/sites\/841\/2023\/10\/xsignal-2023-09-25-090029_003.jpeg 1024w, https:\/\/www.hsu-hh.de\/sozgov\/wp-content\/uploads\/sites\/841\/2023\/10\/xsignal-2023-09-25-090029_003-300x225.jpeg 300w, https:\/\/www.hsu-hh.de\/sozgov\/wp-content\/uploads\/sites\/841\/2023\/10\/xsignal-2023-09-25-090029_003-768x576.jpeg 768w\" sizes=\"auto, (max-width: 1024px) 100vw, 1024px\" \/><\/figure>\n<\/div>\n<\/div>\n","protected":false},"excerpt":{"rendered":"<p>Vom 18. bis 20. September richtete die Professur f\u00fcr Transformation von Governance in Bildung und Gesellschaft eine 3-t\u00e4gige internationale Summer School an der Helmut-Schmidt-Universit\u00e4t aus. Ziel der Veranstaltung war es, [&hellip;]<\/p>\n","protected":false},"author":2740,"featured_media":0,"parent":0,"menu_order":0,"comment_status":"closed","ping_status":"closed","template":"","meta":{"footnotes":""},"categories":[4],"tags":[],"class_list":["post-3118","page","type-page","status-publish","hentry","category-forschung"],"_links":{"self":[{"href":"https:\/\/www.hsu-hh.de\/sozgov\/wp-json\/wp\/v2\/pages\/3118","targetHints":{"allow":["GET"]}}],"collection":[{"href":"https:\/\/www.hsu-hh.de\/sozgov\/wp-json\/wp\/v2\/pages"}],"about":[{"href":"https:\/\/www.hsu-hh.de\/sozgov\/wp-json\/wp\/v2\/types\/page"}],"author":[{"embeddable":true,"href":"https:\/\/www.hsu-hh.de\/sozgov\/wp-json\/wp\/v2\/users\/2740"}],"replies":[{"embeddable":true,"href":"https:\/\/www.hsu-hh.de\/sozgov\/wp-json\/wp\/v2\/comments?post=3118"}],"version-history":[{"count":7,"href":"https:\/\/www.hsu-hh.de\/sozgov\/wp-json\/wp\/v2\/pages\/3118\/revisions"}],"predecessor-version":[{"id":3165,"href":"https:\/\/www.hsu-hh.de\/sozgov\/wp-json\/wp\/v2\/pages\/3118\/revisions\/3165"}],"wp:attachment":[{"href":"https:\/\/www.hsu-hh.de\/sozgov\/wp-json\/wp\/v2\/media?parent=3118"}],"wp:term":[{"taxonomy":"category","embeddable":true,"href":"https:\/\/www.hsu-hh.de\/sozgov\/wp-json\/wp\/v2\/categories?post=3118"},{"taxonomy":"post_tag","embeddable":true,"href":"https:\/\/www.hsu-hh.de\/sozgov\/wp-json\/wp\/v2\/tags?post=3118"}],"curies":[{"name":"wp","href":"https:\/\/api.w.org\/{rel}","templated":true}]}}