{"id":2502,"date":"2022-07-11T11:58:35","date_gmt":"2022-07-11T09:58:35","guid":{"rendered":"https:\/\/www.hsu-hh.de\/sozgov\/?page_id=2502"},"modified":"2026-03-15T15:24:28","modified_gmt":"2026-03-15T14:24:28","slug":"m-ed-lucas-joecks","status":"publish","type":"page","link":"https:\/\/www.hsu-hh.de\/sozgov\/team\/m-ed-lucas-joecks\/","title":{"rendered":"Dr. des. Lucas Joecks"},"content":{"rendered":"\n<figure class=\"wp-block-image size-large is-resized\"><img loading=\"lazy\" decoding=\"async\" width=\"1024\" height=\"746\" src=\"https:\/\/www.hsu-hh.de\/sozgov\/wp-content\/uploads\/sites\/841\/2022\/10\/Bild-LucasJoecks-1024x746.jpeg\" data-credit=\"Lucas Joecks\" alt=\"Lucas Joecks\" class=\"wp-image-2699\" style=\"aspect-ratio:1.3726712192534642;width:165px;height:auto\" srcset=\"https:\/\/www.hsu-hh.de\/sozgov\/wp-content\/uploads\/sites\/841\/2022\/10\/Bild-LucasJoecks-1024x746.jpeg 1024w, https:\/\/www.hsu-hh.de\/sozgov\/wp-content\/uploads\/sites\/841\/2022\/10\/Bild-LucasJoecks-300x219.jpeg 300w, https:\/\/www.hsu-hh.de\/sozgov\/wp-content\/uploads\/sites\/841\/2022\/10\/Bild-LucasJoecks-768x560.jpeg 768w, https:\/\/www.hsu-hh.de\/sozgov\/wp-content\/uploads\/sites\/841\/2022\/10\/Bild-LucasJoecks-1536x1120.jpeg 1536w, https:\/\/www.hsu-hh.de\/sozgov\/wp-content\/uploads\/sites\/841\/2022\/10\/Bild-LucasJoecks-2048x1493.jpeg 2048w, https:\/\/www.hsu-hh.de\/sozgov\/wp-content\/uploads\/sites\/841\/2022\/10\/Bild-LucasJoecks-1100x802.jpeg 1100w\" sizes=\"auto, (max-width: 1024px) 100vw, 1024px\" \/><\/figure>\n\n\n<script type=\"application\/ld+json\">[{\"@context\": \"https:\/\/www.schema.org\",\"@type\": \"Person\",\"name\": \"Kontakt \",\"worksFor\": [{\t\"@type\": \"Organization\",\t\"name\": \"Helmut-Schmidt-Universit\u00e4t\",\t\"url\": \"https:\/\/www.hsu-hh.de\"\t, \"department\": {\"@type\": \"Organization\",\t\t\t\t\t\"name\": \"Professur Hartong\",\t\t\t\t\t\"location\": {\t\t\t\t\t\t\"@type\": \"PostalAddress\",\t\t\t\t\t\t\"addressLocality\": \"\",        \t\t\t\t\"postalCode\": \"22043\",        \t\t\t\t\"streetAddress\": \"Holstenhofweg 85 , Geb\u00e4ude H4\"\t\t\t\t\t}},\t\"location\": {\t\t\"@type\": \"PostalAddress\",    \t\"addressLocality\": \"\",    \t\"postalCode\": \"22008\",    \t\"postOfficeBoxNumber\": \"700822\"\t}   }],\"image\": \"https:\/\/www.hsu-hh.de\/sozgov\/wp-content\/uploads\/sites\/841\/2026\/03\/white-150x150.jpg\",\"telephone\": \"\",\"faxNumber\": \"\",\"email\": \"lucas.joecks@hsu-hh.de\"}]<\/script><div class=\"clearfix\"><\/div><div class=\"ansprechparter-container \" style=\"margin-top:1em; \"><div class=\"row ansprechpartner-item ansprechparter-header\" ><div class=\"col-xs-8 col-lg-12\" style=\"margin-bottom: 30px;\"><h3 class=\"ansprechparter-headline\">Kontakt <\/h3><\/div><\/div><div class=\"col-md-4 col-lg-3 col-xs-4 ansprechpartner-item floatright img-circle center-block\" style=\"margin-bottom: 30px;\"><div class=\"img-responsive-wrapper\"><img decoding=\"async\" src=\"https:\/\/www.hsu-hh.de\/sozgov\/wp-content\/uploads\/sites\/841\/2026\/03\/white-150x150.jpg\" alt=\"joecks\" class=\"img-circle img-responsive center-block\" \/><\/div><\/div><div class=\"col-md-12 col-lg-3 col-xs-12 ansprechpartner-item kontakt floatright\" style=\"margin-bottom: 30px; \"><div class=\"row\"><div class=\"col-xs-12 col-sm-6 col-lg-12\"><div class=\"row\"><div class=\"col-xs-4 col-lg-4 row-text bold\" >Raum:<\/div><div class=\" row-text\">229<\/div><\/div><\/div><div class=\"col-xs-12 col-sm-6 col-lg-12\"><div class=\"row\"><div class=\"col-xs-4 col-lg-4 row-text bold\">E-Mail:<\/div><div class=\"row-text\" style=\"overflow:hidden; word-break: break-word\"><a href=\"mailto:lucas.joecks@hsu-hh.de\" rel=\"nofollow\">lucas.joecks@hsu-hh.de<\/a><\/div><\/div><\/div><\/div><\/div><div class=\"col-md-6 col-lg-3 col-xs-12 ansprechpartner-item anschrift floatright\" ><div class=\"row-headline\">Besucheranschrift<\/div><div class=\"dataBesucheranschrift\" style=\"\"><div class=\"row-text\">Helmut-Schmidt-Universit\u00e4t<\/div><div class=\"row-text\">Geb\u00e4ude H4<\/div><div class=\"row-text\">Holstenhofweg 85<\/div><div class=\"row-text\">22043 Hamburg<\/div><\/div><\/div><div class=\"col-md-6 col-lg-3 col-xs-12 ansprechpartner-item anschrift floatright\"><div class=\"row-headline\">Postanschrift<\/div><div class=\"dataPostanschrift\" style=\"\"><div class=\"row-text\">Helmut-Schmidt-Universit\u00e4t<\/div><div class=\"row-text\">Professur Hartong<\/div><div class=\"row-text\">Postfach 70 08 22<\/div><div class=\"row-text\">22008 Hamburg<\/div><\/div><\/div><\/div><div class=\"clearfix\"><\/div>\n\n\n<p><\/p>\n\n\n\n<h4 class=\"wp-block-heading\">Pers\u00f6nliche Informationen<\/h4>\n\n\n\n<details class=\"wp-block-details is-layout-flow wp-block-details-is-layout-flow\"><summary>Forschungsprofil<\/summary>\n<ul class=\"wp-block-list\">\n<li>Bildung und Schulentwicklung in der Digitalit\u00e4t<\/li>\n\n\n\n<li>Educational Governance<\/li>\n\n\n\n<li>Medienberatung \/ EdTech-Consulting<\/li>\n\n\n\n<li>\u00d6konomisierung im Schulwesen<\/li>\n\n\n\n<li>Private Akteure; <abbr title=\"unter anderem\">u.a.<\/abbr> EdTech-Startups, <abbr title=\"Informationstechnologie\">IT<\/abbr>-Dienstleister<\/li>\n\n\n\n<li>K\u00fcnstliche Intelligenz (KI)<\/li>\n\n\n\n<li>EdTech-Testbeds<\/li>\n<\/ul>\n<\/details>\n\n\n\n<details class=\"wp-block-details is-layout-flow wp-block-details-is-layout-flow\"><summary>Vita<\/summary>\n<ul class=\"wp-block-list\">\n<li><strong>seit Februar 2026<\/strong>: Wissenschaftliche Mitarbeiterin (PostDoc) an der Helmut-Schmidt-Universit\u00e4t im Projekt \u201eKo-Entwicklung bedeutsamer Bildungstechnologie: Eine Untersuchung von EdTech Testbeds\u201c (MEET), Projektleitung: <abbr title=\"Professor\">Prof.<\/abbr> <abbr title=\"Doktor\">Dr.<\/abbr> Sigrid Hartong.<\/li>\n\n\n\n<li><strong>2022-2026<\/strong>: Externer Doktorand an der Helmut-Schmidt-Universit\u00e4t Hamburg, Professur f\u00fcr Transformation von Governance in Bildung und Gesellschaft. Gef\u00f6rdert durch ein Promotionsstipendium der Hans-B\u00f6ckler-Stiftung.<\/li>\n\n\n\n<li><strong>2021-2026<\/strong>: Lehrkraft (Gesellschaftswissenschaften und Englisch) an der Wilhelm-von-Humboldt-Gemeinschaftsschule und der Heinz-Brandt-Schule in Berlin-Pankow. Preistr\u00e4gerschulen des Deutschen Schulpreises (2024 und 2011).<\/li>\n\n\n\n<li><strong>2020<\/strong>: Auslandssemester am Graduate Center der City University of New York (CUNY), USA. Schwerpunkte: Critical Ed-Tech Studies und Urban Education Policy<\/li>\n\n\n\n<li><strong>2018-2021<\/strong>: Master of Education (Politikwissenschaft und Englische Philologie; ISS\/GYM) an der Freien Universit\u00e4t Berlin. Masterarbeit: \u201eDie Aktivit\u00e4ten der Digitalindustrie im Kontext der Schule: Diskursive Strategien des Unternehmens SMART Technologies\u201c<\/li>\n\n\n\n<li><strong>2019-2021<\/strong>: Studentischer Mitarbeiter im Bereich Politische Kommunikation beim Deutschen Kinderhilfswerk (DKHW)<\/li>\n\n\n\n<li><strong>2017-2019<\/strong>: Studentischer Mitarbeiter f\u00fcr den wissenschaftlichen Vorstand (<abbr title=\"Professor\">Prof.<\/abbr>&nbsp;Petra Stanat und&nbsp;<abbr title=\"Doktor\">Dr.<\/abbr>&nbsp;Sofie Henschel) am Institut zur Qualit\u00e4tsentwicklung im Bildungswesen (IQB)<\/li>\n\n\n\n<li><strong>2015<\/strong>: Erasmus-Auslandsstudium an der University of Edinburgh, UK. Schwerpunkte: Internationale Beziehungen und Linguistik<\/li>\n\n\n\n<li><strong>2014-2018<\/strong>: Bachelor of Arts (Politikwissenschaft und Englische Philologie; Lehramt) an der Freien Universit\u00e4t Berlin. Bachelorarbeit: \u201eKrise der repr\u00e4sentativen Demokratie? Eine Betrachtung der Bestandsgef\u00e4hrdung anhand des systemtheoretischen Konzeptes der politischen Unterst\u00fctzung\u201c<\/li>\n<\/ul>\n<\/details>\n\n\n\n<details class=\"wp-block-details is-layout-flow wp-block-details-is-layout-flow\"><summary>Aktuelle Projekte<\/summary>\n<h3 class=\"wp-block-heading\"><strong>MEET \u2013\u201eKo-Entwicklung bedeutsamer Bildungstechnologie: Eine Untersuchung von EdTech Testbeds\u201c (Februar 2026 &#8211; Januar 2029)<\/strong><\/h3>\n\n\n\n<p>MEET ist ein Forschungsprojekt in Kooperation mit der P\u00e4dagogischen Hochschule (PH) Z\u00fcrich, das im Rahmen des WEAVE-Verfahrens durch die Deutsche Forschungsgemeinschaft (DFG) und den Schweizerischen Nationalfonds (SNF) gef\u00f6rdert wird. Das Forschungsvorhaben widmet sich dem Ph\u00e4nomen der EdTech-Testbeds. Es untersucht die gegenw\u00e4rtige Entstehung von Umgebungen zur Erprobung und\/oder (Neu-)Gestaltung von EdTech. Das Projekt erforscht hierbei die Zusammenarbeit von (EdTech-)Unternehmen mit Bildungspraxis und Forschung im Rahmen von Testbed-Initiativen, die pr\u00e4genden Governance-Strukturen und Akteurskonstellationen sowie ihre Perspektiven auf die Wirkung <abbr title=\"beziehungsweise\">bzw.<\/abbr> den \u201eImpact\u201c von EdTech.<\/p>\n<\/details>\n\n\n\n<details class=\"wp-block-details is-layout-flow wp-block-details-is-layout-flow\"><summary>Publikationen<\/summary>\n<p><strong>Zeitschriftenartikel<\/strong><\/p>\n\n\n\n<ul class=\"wp-block-list\">\n<li>Joecks, L. &amp; Hartong, S. (2026). <strong>Beyond products and policies: Transformative consultancy for schooling in the digital age<\/strong>. Learning, Media and Technology (Online Vorver\u00f6ffentlichung). <a href=\"https:\/\/doi.org\/10.1080\/17439884.2026.2630186\" rel='nofollow'>https:\/\/doi.org\/10.1080\/17439884.2026.2630186<\/a><\/li>\n\n\n\n<li>Joecks, L. (2025). <strong>Fobizz als \u201eSchl\u00fcssel zur KI-Welt&#8220;? Wie ein Unternehmen die Integration von KI im deutschen Schulwesen pr\u00e4gt<\/strong>. P\u00e4dagogische Korrespondenz, 72(2), 3\u201321. <a href=\"https:\/\/doi.org\/10.3224\/paek.v38i2.01\" target=\"_blank\" rel=\"noreferrer noopener\">https:\/\/doi.org\/10.3224\/paek.v38i2.01<\/a><\/li>\n\n\n\n<li>Joecks, L. &amp; Hartong, S. (2025). <strong>\u201aEiner muss es machen&#8216;? \u2013 Staatliche und private Medienberatung f\u00fcr Schulen und Schultr\u00e4ger<\/strong>. Zeitschrift f\u00fcr P\u00e4dagogik, 71(5), 686\u2013704. <a href=\"https:\/\/doi.org\/10.3262\/ZP2505686\" rel='nofollow'>https:\/\/doi.org\/10.3262\/ZP2505686<\/a><\/li>\n\n\n\n<li>Decuypere, M., Brandau, N., Hartong, S., Joecks, L., Orteg\u00f3n, C., Loft-Akhoondi, A. &amp; Vanermen, L. (2025). <strong>Tracing the infrastructural unfolding of (edtech) events through hybrid team ethnography<\/strong>. Learning, Media and Technology, 1\u201315. <a href=\"https:\/\/doi.org\/10.1080\/17439884.2025.2458667\" rel='nofollow'>https:\/\/doi.org\/10.1080\/17439884.2025.2458667<\/a><\/li>\n\n\n\n<li>Decuypere, M., Hartong, S., Brandau, N., Joecks, L., Loft-Akhoondi, A., Orteg\u00f3n, C., Tierens, T. &amp; Vanermen, L. (2024). <strong>Maneuvering constellations of valuation: A critical investigation of the edtech startup sector<\/strong>. Critical Studies in Education, 66(3), 429\u2013448. <a href=\"https:\/\/doi.org\/10.1080\/17508487.2024.2362196\" rel='nofollow'>https:\/\/doi.org\/10.1080\/17508487.2024.2362196<\/a><\/li>\n\n\n\n<li>Joecks, L. (2024). <strong>Exploring the intermediary role of ed-tech consulting in Germany: In-between policy, pedagogy, and economics<\/strong>. Research in Education, 120(1), 14\u201334. <a href=\"https:\/\/doi.org\/10.1177\/00345237241242993\" rel='nofollow'>https:\/\/doi.org\/10.1177\/00345237241242993<\/a><\/li>\n<\/ul>\n\n\n\n<p><strong>Weitere Aufs\u00e4tze und Beitr\u00e4ge<\/strong><\/p>\n\n\n\n<ul class=\"wp-block-list\">\n<li>Decuypere, M., Hartong, S., Joecks, L., Knox, J., Orteg\u00f3n, C., Schmidt, R. &amp; Williamson, B. (2025). <strong>Critical Edtech Studies. Defining the field; envisioning the future. 2025 Position statement after the inaugural edition of the European Conference on Critical Edtech Studies (ECCES)<\/strong>. P\u00e4dagogische Hochschule Z\u00fcrich. <a href=\"https:\/\/doi.org\/10.5281\/zenodo.17672486\" rel='nofollow'>https:\/\/doi.org\/10.5281\/zenodo.17672486<\/a><\/li>\n<\/ul>\n<\/details>\n\n\n\n<details class=\"wp-block-details is-layout-flow wp-block-details-is-layout-flow\"><summary>Vortr\u00e4ge<\/summary>\n<ul class=\"wp-block-list\">\n<li>Joecks, L. (2026). <strong>Br\u00fcckenbauer zwischen Bildungssystem und Big Tech? Die Rolle des Beratungs- und Dienstleistungssektors an den Schnittstellen von Schulen und M\u00e4rkten. <\/strong>Vortrag im Rahmen des DGfE-Kongress, M\u00fcnchen, 23.-25.03.2026.<\/li>\n\n\n\n<li>Joecks, L. (2025). <strong>How AI Intermediaries Bring ChatGPT Into Schools \u2013 A Case Study of the Company Fobizz.<\/strong> Vortrag im Rahmen der European Conference on Critical Edtech Studies (ECCES), Z\u00fcrich, 18.-20.06.2025.<\/li>\n\n\n\n<li>Joecks, L. (2023).&nbsp;<strong>Navigating Ed-Tech Integration: The Role of Consultants in the Digital Transformation of German Schools.<\/strong>&nbsp;Vortrag im Rahmen des Symposiums \u201cPlatforms and Pedagogies: Digital Technologies and New Perspectives for Youth and Education\u201d, Universit\u00e4t Utrecht, 14.-15.12.2023.<\/li>\n\n\n\n<li>Joecks, L. (2023).&nbsp;<strong>In-Between Policy, Pedagogy, and Economics: Exploring the Intermediary Role of Ed-Tech Consultancy in Germany.<\/strong>&nbsp;Posterpr\u00e4sentation im Rahmen der Emerging Researchers\u2018 Conference (ERC) of the European Educational Research Association (EERA), Glasgow, 21.-25.08.2023.<\/li>\n\n\n\n<li>Joecks, L. &amp; Ort\u00e9gon, C. (2023).&nbsp;<strong>Hybrid Team Ethnography \u2013 A Framework for Ethnographic Social Research of\/through Digitality.<\/strong>&nbsp;Vortrag im Rahmen des Workshops \u201cEducation &amp; the Digital Transformation of Social Research\u201d, PH Z\u00fcrich, 21-23.6.2023.<\/li>\n\n\n\n<li>Joecks, L. (2022):&nbsp;<strong>Das wachsende Feld der EdTech-Akteure in der Steuerung des deutschen Bildungssystems.<\/strong>&nbsp;Gastvortrag im Seminar \u201eBildung steuern \u2013 Einf\u00fchrung in bildungspolitische Kontexte\u201c von Benedict Kurz, Universit\u00e4t Bielefeld, 12.12.2022.<\/li>\n\n\n\n<li>Joecks, L. (2022).&nbsp;<strong>EdTech-Consulting: Vermittlung zwischen P\u00e4dagogik, Politik und Wirtschaft.<\/strong>&nbsp;Gastvortrag im Seminar \u201eUnterrichts- und Schulentwicklung \u2013 M.A. Bildungswissenschaften\u201c von Nick Oelrichs,&nbsp;<abbr title=\"Technische Universit\u00e4t\">TU<\/abbr>&nbsp;Berlin, 08.12.2022.<\/li>\n<\/ul>\n<\/details>\n\n\n\n<details class=\"wp-block-details is-layout-flow wp-block-details-is-layout-flow\"><summary>Lehrveranstaltungen<\/summary>\n<ul class=\"wp-block-list\">\n<li>Joecks, Lucas &amp; Brandau, Nina: \u201e<strong>Wer steuert das Bildungssystem? \u2013 Einblicke in Educational Governance\u201c<\/strong>, Herbsttrimester 2024, Helmut-Schmidt-Universit\u00e4t Hamburg.<\/li>\n<\/ul>\n<\/details>\n\n\n\n<details class=\"wp-block-details is-layout-flow wp-block-details-is-layout-flow\"><summary>Mitgliedschaften<\/summary>\n<p>Assoziiertes Mitglied in der Deutschen Gesellschaft f\u00fcr Erziehungswissenschaft (DGfE)<\/p>\n\n\n\n<p>Netzwerkmitglied&nbsp;<a href=\"https:\/\/kridifosch.gei.de\/\" target=\"_blank\" rel=\"noreferrer noopener\"><strong>KriDiFoSch \u2013 Netzwerk Kritische Digitalit\u00e4tsforschung im Kontext Schule<\/strong><\/a><\/p>\n<\/details>\n","protected":false},"excerpt":{"rendered":"<p>Pers\u00f6nliche Informationen<\/p>\n","protected":false},"author":1282,"featured_media":0,"parent":106,"menu_order":0,"comment_status":"closed","ping_status":"closed","template":"","meta":{"footnotes":""},"categories":[4],"tags":[],"class_list":["post-2502","page","type-page","status-publish","hentry","category-forschung"],"_links":{"self":[{"href":"https:\/\/www.hsu-hh.de\/sozgov\/wp-json\/wp\/v2\/pages\/2502","targetHints":{"allow":["GET"]}}],"collection":[{"href":"https:\/\/www.hsu-hh.de\/sozgov\/wp-json\/wp\/v2\/pages"}],"about":[{"href":"https:\/\/www.hsu-hh.de\/sozgov\/wp-json\/wp\/v2\/types\/page"}],"author":[{"embeddable":true,"href":"https:\/\/www.hsu-hh.de\/sozgov\/wp-json\/wp\/v2\/users\/1282"}],"replies":[{"embeddable":true,"href":"https:\/\/www.hsu-hh.de\/sozgov\/wp-json\/wp\/v2\/comments?post=2502"}],"version-history":[{"count":32,"href":"https:\/\/www.hsu-hh.de\/sozgov\/wp-json\/wp\/v2\/pages\/2502\/revisions"}],"predecessor-version":[{"id":4497,"href":"https:\/\/www.hsu-hh.de\/sozgov\/wp-json\/wp\/v2\/pages\/2502\/revisions\/4497"}],"up":[{"embeddable":true,"href":"https:\/\/www.hsu-hh.de\/sozgov\/wp-json\/wp\/v2\/pages\/106"}],"wp:attachment":[{"href":"https:\/\/www.hsu-hh.de\/sozgov\/wp-json\/wp\/v2\/media?parent=2502"}],"wp:term":[{"taxonomy":"category","embeddable":true,"href":"https:\/\/www.hsu-hh.de\/sozgov\/wp-json\/wp\/v2\/categories?post=2502"},{"taxonomy":"post_tag","embeddable":true,"href":"https:\/\/www.hsu-hh.de\/sozgov\/wp-json\/wp\/v2\/tags?post=2502"}],"curies":[{"name":"wp","href":"https:\/\/api.w.org\/{rel}","templated":true}]}}