{"id":236,"date":"2020-06-27T19:44:09","date_gmt":"2020-06-27T17:44:09","guid":{"rendered":"https:\/\/www.hsu-hh.de\/sozgov\/?page_id=236"},"modified":"2022-07-08T16:40:48","modified_gmt":"2022-07-08T14:40:48","slug":"projekt-datafied","status":"publish","type":"page","link":"https:\/\/www.hsu-hh.de\/sozgov\/forschung\/projekt-datafied\/","title":{"rendered":"Projekt DATAFIED"},"content":{"rendered":"<h2><strong><img loading=\"lazy\" decoding=\"async\" class=\"wp-image-571 alignleft\" src=\"https:\/\/www.hsu-hh.de\/ggb\/wp-content\/uploads\/sites\/679\/2019\/01\/BMBF-Logo_Foerderung-300x213.jpg\" alt=\"1\" width=\"187\" height=\"133\" data-credit=\"\" \/><img loading=\"lazy\" decoding=\"async\" class=\"wp-image-614 alignleft\" src=\"https:\/\/www.hsu-hh.de\/ggb\/wp-content\/uploads\/sites\/679\/2019\/02\/cropped-blau_Datafied_Logo-2-1024x260.png\" alt=\"1\" width=\"600\" height=\"152\" data-credit=\"datafied.de\" \/><\/strong><\/h2>\n<h2><\/h2>\n<h2><\/h2>\n<h2><\/h2>\n<h2><\/h2>\n<h2><\/h2>\n<h2><\/h2>\n<h2><strong>DATAFIED &#8211; DATA For and In EDucation. Die Konstruktion von Schule im Prozess der Datafizierung<\/strong><\/h2>\n<hr \/>\n<p>Projektnummer: 01JD1803D<\/p>\n<p>Projektlaufzeit: 2018-2022<\/p>\n<p>ProjektleiterInnen: <abbr title=\"Privatdozent\">PD<\/abbr> <abbr title=\"Doktor\">Dr.<\/abbr> <a href=\"https:\/\/www.hsu-hh.de\/sozgov\/team\/prof-dr-sigrid-hartong\/\" target=\"_blank\" rel=\"noopener noreferrer\">Sigrid Hartong<\/a> (<abbr title=\"Helmut Schmidt Universit\u00e4t\">HSU<\/abbr>, TP 1), <abbr title=\"Professor\">Prof.<\/abbr> Andreas Breiter und <abbr title=\"Doktor\">Dr.<\/abbr> Juliane Jarke (ifib Bremen, TP 2), <abbr title=\"Professor\">Prof.<\/abbr> Felicitas Macgilchrist (GEI Braunschweig, TP 3) und <abbr title=\"Doktor\">Dr.<\/abbr> Sieglinde Jornitz (DIPF Frankfurt\/Main, TP 4)<\/p>\n<p>Projektteam <abbr title=\"Helmut Schmidt Universit\u00e4t\">HSU<\/abbr>: M.A. <a href=\"https:\/\/www.hsu-hh.de\/sozgov\/team\/vito-dabisch\/\" target=\"_blank\" rel=\"noopener noreferrer\">Vito Dabisch<\/a> (<abbr title=\"Wissenschaftlicher Mitarbeiter\">WMA<\/abbr>), Tim-Fabian Schubert (stud. Hilfskraft), Nelly Kewitz (stud. Hilfskraft)<\/p>\n<p><strong>Das Verbundprojekt DATAFIED hat einen eigenen regelm\u00e4\u00dfig aktualisierten Webauftritt: <a href=\"https:\/\/datafied.de\/\" target=\"_blank\" rel=\"noopener noreferrer\">datafied.de<\/a><\/strong><\/p>\n<p><strong>Rahmen und Ziel des Projekts<\/strong><\/p>\n<p>Sowohl das Bundesministerium f\u00fcr Bildung und Forschung (<abbr title=\"Bundesministerium f\u00fcr Bildung und Forschung\">BMBF<\/abbr>) als auch die Kultusministerkonferenz (KMK) fordern eine st\u00e4rkere Auseinandersetzung zu den Chancen und Risiken der Digitalisierung im Bildungsbereich. Das Verbundprojekt DATAFIED (DATA For and In EDucation) untersucht, wie sich die Konstruktion von Schule in diesem Prozess ver\u00e4ndert. Hierbei werden digitale Praktiken sowohl in der Schulaufsicht, der Schulverwaltung als auch in Klassenzimmern untersucht. Im Fokus steht die Frage, wie die Verf\u00fcgbarkeit digitaler Daten, <abbr title=\"zum Beispiel\">z.B.<\/abbr> durch Informationssysteme und Lernsoftware, mit sich wandelnden Rollen, beruflichen Praktiken und sozial-p\u00e4dagogischen Beziehungen einhergeht und wie hierdurch das ver\u00e4ndert wird, was als \u201egute Schule\u201c empfunden wird.<\/p>\n<p>Verbundpartner der <abbr title=\"Helmut Schmidt Universit\u00e4t\">HSU<\/abbr> im Projekt sind das Institut f\u00fcr Informationsmanagement Bremen (ifib), das Georg-Eckert-Institut \u2013 Leibniz Institut f\u00fcr internationale Schulbuchforschung (GEI) in Braunschweig, sowie das Leibniz-Institut f\u00fcr Bildungsforschung und Bildungsinformation (DIPF) in Frankfurt\/Main.<\/p>\n<hr \/>\n<p><strong>Projektaufbau und Teilprojekte<\/strong><\/p>\n<p>Im Rahmen des Verbundprojekts verschiedene Organisationsebenen der Informationsgewinnung, -verarbeitung und -nutzung untersucht:<\/p>\n<p><img loading=\"lazy\" decoding=\"async\" class=\"wp-image-574 aligncenter\" src=\"https:\/\/www.hsu-hh.de\/ggb\/wp-content\/uploads\/sites\/679\/2019\/01\/Grafik-BMBF-Verbundprojekt-1024x628.jpg\" alt=\"1\" width=\"829\" height=\"509\" data-credit=\"\" \/><\/p>\n<p>Die vier Teilprojekte (TPs) untersuchen jeweils unterschiedliche Schnittstellen innerhalb des \u00f6ffentlichen Schulsystems. TP1 (Schulaufsicht und Schule, <abbr title=\"Helmut Schmidt Universit\u00e4t\">HSU<\/abbr>) widmet sich der Schnittstelle zwischen Schulbeh\u00f6rden und der Schule. Insbesondere werden dabei die Wirkungen von Praktiken externer Evaluationen und datenbasierter Schul-\/Unterrichtsentwicklungsberatung untersucht. TP2 (Schulmanagement und Schulinformationssysteme, ifib) betrachtet die von der Schulleitung verwendeten Informationssysteme. Es wird gefragt, wie sich die Organisation von Schulen durch den Einsatz von Daten und Algorithmen ver\u00e4ndert und welche Rolle Softwareentwickler*innen dabei spielen. TP3 (Digitale Lernsoftware und Unterricht, GEI) untersucht die im Unterricht verwendeten digitalen Werkzeuge und analysiert die Schnittstelle zwischen der Programmierung digitaler Lernsoftware und Unterrichtspraxis. Es wird etwa gefragt, wie Lernsoftware bestimmte Datenpraktiken, Bildungspriorit\u00e4ten sowie die Rolle von Lehrkr\u00e4ften und Sch\u00fclerinnen und Sch\u00fcler pr\u00e4konfiguriert. TP4 (Lehrkr\u00e4fte und Sch\u00fcler*innen im Unterricht, DIPF) betrachtet die Schnittstelle zwischen Lehrpersonal und Sch\u00fcler*innen im Klassenzimmer. Es untersucht die Mediennutzung und die damit verbundene Datenerfassung, -\u00fcberwachung und -analyse sowie die sich \u00e4ndernden Beziehungen und Rollen im Unterricht.<\/p>\n<hr \/>\n<p><strong>Fallauswahl<\/strong><\/p>\n<p>Es werden acht ausgew\u00e4hlte Schulen in vier Bundesl\u00e4ndern untersucht.<\/p>\n<p>Weitere Informationen siehe:<\/p>\n<p><a href=\"https:\/\/datafied.de\/\" target=\"_blank\" rel=\"noopener noreferrer\">https:\/\/datafied.de\/<\/a><\/p>\n<p><a href=\"https:\/\/www.empirische-bildungsforschung-bmbf.de\/de\/2563.php\" target=\"_blank\" rel=\"noopener noreferrer\">https:\/\/www.empirische-bildungsforschung-bmbf.de\/de\/2563.php<\/a><\/p>\n<h3><strong>Aktuelles zum Projekt<\/strong><\/h3>\n<h3>Konferenzbeitr\u00e4ge<\/h3>\n<p>Jarke, Juliane; Dabisch, Vito &amp; Hartong, Sigrid (2020) <strong>Die (Re-)Konstruktion von Schule durch digitale Datentechnologien: Einblicke in das Mehrebenen-Verbundprojekt DATAFIED.<\/strong> Pr\u00e4sentation im Rahmen des 40. Kongresses der Deutschen Gesellschaft f\u00fcr Soziologie (DGS), Berlin, 21.09.2020.<\/p>\n<p>(2020) <strong>DATAFIED &#8211; a study on the (re)construction of schooling in an increasingly datafied world.<\/strong> Posterbeitrag auf der <a href=\"https:\/\/cies2020.org\/\" target=\"_blank\" rel=\"noopener noreferrer\">Tagung der Comparative &amp; International Education Society (CIES)<\/a>, Miami, 22-26.03.2020. (Konferenz abgesagt)<em><br \/>\n<\/em><\/p>\n<p>Nikolai, Rita; Dabisch, Vito &amp; Hartong, Sigrid (2020) <strong>Schulmonitoring in Deutschland, Frankreich, Neuseeland und den USA: Eine vergleichende Betrachtung.<\/strong> Pr\u00e4sentation im Rahmen des DGfE Kongresses \u201eOptimierung\u201c, K\u00f6ln, 15.-18.03.2020. (Konferenz abgesagt)<\/p>\n<p>Dabisch, Vito (2019) <strong>DATAFIED: DATA For and in Education \u2013 The construction of school in a datafied society: School administration, monitoring and leadership.<\/strong> Vortrag im Rahmen der DATA POWER: global in\/securities, Bremen, 12.-13.09.2019.<\/p>\n<p>Dabisch, Vito; Bock, Annekatrin; Jarke, Juliane &amp; Tr\u00f6ger, Jasmin (2019) <strong>The DATAFIED school \u2013 an interdisciplinary study of the enactment of digital tools in school management and classroom practice.<\/strong> Pr\u00e4sentation im Rahmen des Workshops \u201eExploring the Datafication, Digitalization and Automatization of Educational Governance and Practice\u201c, <abbr title=\"Helmut Schmidt Universit\u00e4t\">HSU<\/abbr> Hamburg, 06.-07.09.2019.<\/p>\n<p>(2019) Pr\u00e4sentation des Verbundprojektes im Rahmen der <a href=\"https:\/\/eera-ecer.de\/ecer-2019-hamburg\/\" target=\"_blank\" rel=\"noopener noreferrer\">ECER<\/a> (European Conference of Educational Research), Hamburg, 02.-06.09.2019.<\/p>\n<h3>Publikationen<\/h3>\n<p>Dabisch, Vito; Hartong, Sigrid &amp; Nikolai, Rita (im Erscheinen) Herausforderungen der international vergleichenden Betrachtung von Dateninfra\u00adstrukturen des Schulmonitorings: Ein Diskussionsbeitrag. In: Zeitschrift f\u00fcr P\u00e4dagogik.<\/p>\n<p>Hartong, Sigrid; F\u00f6rschler, Annina &amp; Dabisch, Vito (2021)\u00a0<strong>Data infrastructures and the (ambivalent) effects of rising data interoperability: insights from Germany.<\/strong> In: Wyatt-Smith, Claire; Lingard, Bob &amp; Heck, Elizabeth (<abbr title=\"Herausgeber\">Hrsg.<\/abbr>) Digital Disruption in Teaching and Testing: Assessments, Big Data, and the Transformation of Schooling, Routledge: 136-151.<\/p>\n<p>Hartong, Sigrid &amp; Breiter, Andreas (2020) <strong>Between Fairness Optimization and \u2018Inequalities of Dataveillance\u2019 &#8211; the Emerge and Transformation of Social Indices in German School Monitoring and Management.<\/strong> In: Grek, Sotiria; Maroy, Christian &amp; Verger, Antoni (<abbr title=\"Herausgeber\">Hrsg.<\/abbr>) World Yearbook of Education 2021, Routledge.<\/p>\n<h3>Projektleitung<\/h3>\n<div class=\"clearfix\"><\/div>\n<div class=\"ansprechparter-container\">\n<div class=\"row ansprechpartner-item ansprechparter-header\">\n<div class=\"col-xs-8 col-lg-12\">\n<div class=\"mobile-small\">\n<h3 class=\"ansprechparter-headline\"><a href=\"https:\/\/www.hsu-hh.de\/sozgov\/team\/prof-dr-sigrid-hartong\/\" target=\"_blank\" rel=\"noopener noreferrer\"><abbr title=\"Professor\">Prof.<\/abbr> <abbr title=\"Doktor\">Dr.<\/abbr> Sigrid Hartong<\/a><\/h3>\n<\/div>\n<\/div>\n<div class=\"col-md-4 col-lg-3 col-xs-4 ansprechpartner-item floatright img-circle center-block\">\n<div class=\"img-responsive-wrapper\"><img loading=\"lazy\" decoding=\"async\" class=\"img-circle img-responsive center-block alignnone wp-image-419 size-thumbnail\" src=\"https:\/\/www.hsu-hh.de\/ggb\/wp-content\/uploads\/sites\/679\/2017\/12\/H-150x150.jpg\" alt=\"1\" width=\"150\" height=\"150\" data-credit=\"noname\" \/><\/div>\n<\/div>\n<div class=\"col-md-12 col-lg-3 col-xs-12 ansprechpartner-item kontakt floatright\">\n<div class=\"row\">\n<div class=\"col-xs-12 col-sm-6 col-lg-12\">\n<div class=\"row\">\n<div class=\"col-xs-12 col-lg-4 row-text bold\">Raum:<\/div>\n<div class=\"col-xs-12 col-lg-8 row-text\">202<\/div>\n<\/div>\n<\/div>\n<div class=\"col-xs-12 col-sm-6 col-lg-12\">\n<div class=\"row\">\n<div class=\"col-xs-12 col-lg-4 row-text bold\">Telefon:<\/div>\n<div class=\"col-xs-12 col-lg-8 row-text\">+49-40-6541-3115<\/div>\n<\/div>\n<\/div>\n<div class=\"col-xs-12 col-sm-6 col-lg-12\">\n<div class=\"row\">\n<div class=\"col-xs-12 col-md-12 row-text bold\">E-Mail:<\/div>\n<div class=\"col-xs-12 col-md-12 row-text\"><a href=\"hartongs@hsu-hh.de\" rel='nofollow'>hartongs@hsu-hh.de<\/a><\/div>\n<\/div>\n<\/div>\n<\/div>\n<\/div>\n<div class=\"col-md-6 col-lg-3 col-xs-12 ansprechpartner-item anschrift floatright\">\n<div class=\"row-headline\">Besucheranschrift<\/div>\n<div class=\"row-text\">Helmut-Schmidt-Universit\u00e4t<br \/>\nGeb\u00e4ude H4<br \/>\nHolstenhofweg 85<br \/>\n22043 Hamburg<\/div>\n<\/div>\n<div class=\"col-md-6 col-lg-3 col-xs-12 ansprechpartner-item anschrift floatright\">\n<div class=\"row-headline\">Postanschrift<\/div>\n<div class=\"row-text\">Helmut-Schmidt-Universit\u00e4t<br \/>\nPostfach 70 08 22<br \/>\n22008 Hamburg<\/div>\n<\/div>\n<\/div>\n<\/div>\n<div class=\"clearfix\"><\/div>\n<h3>Projektmitarbeiter<\/h3>\n<div class=\"clearfix\"><\/div>\n<div class=\"ansprechparter-container\">\n<div class=\"row ansprechpartner-item ansprechparter-header\">\n<div class=\"col-xs-8 col-lg-12\">\n<div class=\"mobile-small\">\n<h3 class=\"ansprechparter-headline\"><a href=\"https:\/\/www.hsu-hh.de\/sozgov\/team\/vito-dabisch\/\" target=\"_blank\" rel=\"noopener noreferrer\">M.A. Vito Dabisch<\/a><\/h3>\n<\/div>\n<\/div>\n<div class=\"col-md-4 col-lg-3 col-xs-4 ansprechpartner-item floatright img-circle center-block\">\n<div class=\"img-responsive-wrapper\"><img loading=\"lazy\" decoding=\"async\" class=\"img-circle img-responsive center-block alignnone wp-image-618 size-thumbnail\" src=\"https:\/\/www.hsu-hh.de\/ggb\/wp-content\/uploads\/sites\/679\/2019\/03\/Bild-Vito-Dabisch-150x150.png\" alt=\"1\" width=\"150\" height=\"150\" data-credit=\"noname\" \/><\/div>\n<\/div>\n<div class=\"col-md-12 col-lg-3 col-xs-12 ansprechpartner-item kontakt floatright\">\n<div class=\"row\">\n<div class=\"col-xs-12 col-sm-6 col-lg-12\">\n<div class=\"row\">\n<div class=\"col-xs-12 col-lg-4 row-text bold\">Raum:<\/div>\n<div class=\"col-xs-12 col-lg-8 row-text\">202<\/div>\n<\/div>\n<\/div>\n<div class=\"col-xs-12 col-sm-6 col-lg-12\">\n<div class=\"row\">\n<div class=\"col-xs-12 col-lg-4 row-text bold\">Telefon:<\/div>\n<div class=\"col-xs-12 col-lg-8 row-text\">+49-40-6541-3525<\/div>\n<\/div>\n<\/div>\n<div class=\"col-xs-12 col-sm-6 col-lg-12\">\n<div class=\"row\">\n<div class=\"col-xs-12 col-md-12 row-text bold\">E-Mail:<\/div>\n<div class=\"col-xs-12 col-md-12 row-text\"><a href=\"mailto:vito.dabisch@hsu-hh.de\" rel='nofollow'>vito.dabisch@hsu-hh.de<\/a><\/div>\n<\/div>\n<\/div>\n<\/div>\n<\/div>\n<div class=\"col-md-6 col-lg-3 col-xs-12 ansprechpartner-item anschrift floatright\">\n<div class=\"row-headline\">Besucheranschrift<\/div>\n<div class=\"row-text\">Helmut-Schmidt-Universit\u00e4t<\/div>\n<div class=\"row-text\">Geb\u00e4ude H4<\/div>\n<div class=\"row-text\">Holstenhofweg 85<\/div>\n<div class=\"row-text\">22043 Hamburg<\/div>\n<\/div>\n<div class=\"col-md-6 col-lg-3 col-xs-12 ansprechpartner-item anschrift floatright\">\n<div class=\"row-headline\">Postanschrift<\/div>\n<div class=\"row-text\">Helmut-Schmidt-Universit\u00e4t<\/div>\n<div class=\"row-text\">Postfach 70 08 22<\/div>\n<div class=\"row-text\">22008 Hamburg<\/div>\n<\/div>\n<\/div>\n<\/div>\n<h3>Soldatische\/Studentische Hilfskr\u00e4fte<\/h3>\n<div class=\"clearfix\"><\/div>\n<div class=\"ansprechparter-container\">\n<div class=\"row ansprechpartner-item ansprechparter-header\">\n<div class=\"col-xs-8 col-lg-12\">\n<div class=\"mobile-small\">Tim-Fabian Schubert<\/div>\n<\/div>\n<div class=\"col-md-4 col-lg-3 col-xs-4 ansprechpartner-item floatright img-circle center-block\">\n<div class=\"img-responsive-wrapper\"><img loading=\"lazy\" decoding=\"async\" class=\"img-circle img-responsive center-block alignnone wp-image-519 size-full\" src=\"https:\/\/www.hsu-hh.de\/ggb\/wp-content\/uploads\/sites\/679\/2019\/01\/Foto-Tim150150.jpg\" alt=\"1\" width=\"150\" height=\"150\" data-credit=\"\" \/><\/div>\n<\/div>\n<div class=\"col-md-12 col-lg-3 col-xs-12 ansprechpartner-item kontakt floatright\">\n<div class=\"row\">\n<div class=\"col-xs-12 col-sm-6 col-lg-12\">\n<div class=\"row\"><\/div>\n<\/div>\n<div class=\"col-xs-12 col-sm-6 col-lg-12\">\n<div class=\"row\">\n<div class=\"col-xs-12 col-md-12 row-text bold\">E-Mail:<\/div>\n<div class=\"col-xs-12 col-md-12 row-text\"><a href=\"TimFSchubert@hsu-hh.de\" rel='nofollow'>TimFSchubert@hsu-hh.de<\/a><\/div>\n<\/div>\n<\/div>\n<\/div>\n<\/div>\n<div class=\"col-md-6 col-lg-3 col-xs-12 ansprechpartner-item anschrift floatright\">\n<div class=\"row-headline\">Besucheranschrift<\/div>\n<div class=\"row-text\">Helmut-Schmidt-Universit\u00e4t<br \/>\nGeb\u00e4ude H4<br \/>\nHolstenhofweg 85<br \/>\n22043 Hamburg<\/div>\n<\/div>\n<div class=\"col-md-6 col-lg-3 col-xs-12 ansprechpartner-item anschrift floatright\">\n<div class=\"row-headline\">Postanschrift<\/div>\n<div class=\"row-text\">Helmut-Schmidt-Universit\u00e4t<br \/>\nPostfach 70 08 22<br \/>\n22008 Hamburg<\/div>\n<\/div>\n<\/div>\n<\/div>\n<div class=\"clearfix\"><\/div>\n<div class=\"ansprechparter-container\">\n<div class=\"row ansprechpartner-item ansprechparter-header\">\n<div class=\"col-xs-8 col-lg-12\">\n<h3 class=\"ansprechparter-headline\">Nelly Kewitz<\/h3>\n<div class=\"mobile-small\"><\/div>\n<\/div>\n<div class=\"col-md-4 col-lg-3 col-xs-4 ansprechpartner-item floatright img-circle center-block\">\n<div class=\"img-responsive-wrapper\"><img loading=\"lazy\" decoding=\"async\" class=\"img-circle img-responsive center-block aligncenter wp-image-629 size-thumbnail\" src=\"https:\/\/www.hsu-hh.de\/ggb\/wp-content\/uploads\/sites\/679\/2019\/03\/nelly_kewitz_jpg-150x150.jpg\" alt=\"1\" width=\"150\" height=\"150\" data-credit=\"noname\" \/><\/div>\n<\/div>\n<div class=\"col-md-12 col-lg-3 col-xs-12 ansprechpartner-item kontakt floatright\">\n<div class=\"row\">\n<div class=\"col-xs-12 col-sm-6 col-lg-12\">\n<div class=\"row\"><\/div>\n<\/div>\n<div class=\"col-xs-12 col-sm-6 col-lg-12\">\n<div class=\"row\">\n<div class=\"col-xs-12 col-md-12 row-text bold\"><\/div>\n<div class=\"col-xs-12 col-md-12 row-text\"><\/div>\n<\/div>\n<\/div>\n<\/div>\n<\/div>\n<div class=\"col-md-6 col-lg-3 col-xs-12 ansprechpartner-item anschrift floatright\">\n<div class=\"row-headline\">Besucheranschrift<\/div>\n<div class=\"row-text\">Helmut-Schmidt-Universit\u00e4t<\/div>\n<div class=\"row-text\">Geb\u00e4ude H4<\/div>\n<div class=\"row-text\">Holstenhofweg 85<\/div>\n<div class=\"row-text\">22043 Hamburg<\/div>\n<\/div>\n<div class=\"col-md-6 col-lg-3 col-xs-12 ansprechpartner-item anschrift floatright\">\n<div class=\"row-headline\">Postanschrift<\/div>\n<div class=\"row-text\">Helmut-Schmidt-Universit\u00e4t<\/div>\n<div class=\"row-text\">Postfach 70 08 22<\/div>\n<div class=\"row-text\">22008 Hamburg<\/div>\n<\/div>\n<\/div>\n<\/div>\n<div class=\"clearfix\"><\/div>\n","protected":false},"excerpt":{"rendered":"<p>DATAFIED &#8211; DATA For and In EDucation. Die Konstruktion von Schule im Prozess der Datafizierung Projektnummer: 01JD1803D Projektlaufzeit: 2018-2022 ProjektleiterInnen: PD Dr. Sigrid Hartong (HSU, TP 1), Prof. Andreas Breiter [&hellip;]<\/p>\n","protected":false},"author":2110,"featured_media":238,"parent":112,"menu_order":10,"comment_status":"closed","ping_status":"closed","template":"","meta":{"footnotes":""},"categories":[4],"tags":[],"class_list":["post-236","page","type-page","status-publish","has-post-thumbnail","hentry","category-forschung"],"_links":{"self":[{"href":"https:\/\/www.hsu-hh.de\/sozgov\/wp-json\/wp\/v2\/pages\/236","targetHints":{"allow":["GET"]}}],"collection":[{"href":"https:\/\/www.hsu-hh.de\/sozgov\/wp-json\/wp\/v2\/pages"}],"about":[{"href":"https:\/\/www.hsu-hh.de\/sozgov\/wp-json\/wp\/v2\/types\/page"}],"author":[{"embeddable":true,"href":"https:\/\/www.hsu-hh.de\/sozgov\/wp-json\/wp\/v2\/users\/2110"}],"replies":[{"embeddable":true,"href":"https:\/\/www.hsu-hh.de\/sozgov\/wp-json\/wp\/v2\/comments?post=236"}],"version-history":[{"count":21,"href":"https:\/\/www.hsu-hh.de\/sozgov\/wp-json\/wp\/v2\/pages\/236\/revisions"}],"predecessor-version":[{"id":2464,"href":"https:\/\/www.hsu-hh.de\/sozgov\/wp-json\/wp\/v2\/pages\/236\/revisions\/2464"}],"up":[{"embeddable":true,"href":"https:\/\/www.hsu-hh.de\/sozgov\/wp-json\/wp\/v2\/pages\/112"}],"wp:featuredmedia":[{"embeddable":true,"href":"https:\/\/www.hsu-hh.de\/sozgov\/wp-json\/wp\/v2\/media\/238"}],"wp:attachment":[{"href":"https:\/\/www.hsu-hh.de\/sozgov\/wp-json\/wp\/v2\/media?parent=236"}],"wp:term":[{"taxonomy":"category","embeddable":true,"href":"https:\/\/www.hsu-hh.de\/sozgov\/wp-json\/wp\/v2\/categories?post=236"},{"taxonomy":"post_tag","embeddable":true,"href":"https:\/\/www.hsu-hh.de\/sozgov\/wp-json\/wp\/v2\/tags?post=236"}],"curies":[{"name":"wp","href":"https:\/\/api.w.org\/{rel}","templated":true}]}}