{"id":2331,"date":"2022-07-08T10:46:00","date_gmt":"2022-07-08T08:46:00","guid":{"rendered":"https:\/\/www.hsu-hh.de\/sozgov\/?page_id=2331"},"modified":"2025-01-15T17:36:51","modified_gmt":"2025-01-15T16:36:51","slug":"anja-loft-akhoondi-2","status":"publish","type":"page","link":"https:\/\/www.hsu-hh.de\/sozgov\/anja-loft-akhoondi-2\/","title":{"rendered":"Anja Loft-Akhoondi"},"content":{"rendered":"<div class=\"wp-block-image\">\n<figure class=\"alignright size-thumbnail\"><img loading=\"lazy\" decoding=\"async\" width=\"150\" height=\"150\" src=\"https:\/\/www.hsu-hh.de\/sozgov\/wp-content\/uploads\/sites\/841\/2022\/07\/Anja-Foto-Homepage-150x150.jpg\" data-credit=\"Anja Loft-Akhoondi\" alt=\"1\" class=\"wp-image-2339\" \/><\/figure>\n<\/div>\n\n<h2>Forschungsprofil:<\/h2>\n<ul>\n<li>Diskurs fokussierte Institutionenanalyse<\/li>\n<li>Lehrkr\u00e4ftebildungspolitik<\/li>\n<li>Inklusion im Kontext von Bildungsungleichheiten und Teilhabe<\/li>\n<li>Digitalit\u00e4t und Schule<\/li>\n<li>Qualitative Forschungsmethoden<\/li>\n<\/ul>\n<div class=\"clearfix\">\u00a0<\/div>\n<div class=\"ansprechparter-container\">\n<div class=\"row ansprechpartner-item ansprechparter-header\">\n<div class=\"col-xs-8 col-lg-12\" style=\"margin-bottom: 30px\">\n<h3 class=\"ansprechparter-headline\">Kontakt<\/h3>\n<\/div>\n<div class=\"col-md-4 col-lg-3 col-xs-4 ansprechpartner-item floatright img-circle center-block\" style=\"margin-bottom: 30px\">\n<div class=\"img-responsive-wrapper\">\u00a0<\/div>\n<\/div>\n<div class=\"col-md-12 col-lg-3 col-xs-12 ansprechpartner-item kontakt floatright\" style=\"margin-bottom: 30px\">\n<div class=\"row\">\n<div class=\"col-xs-12 col-sm-6 col-lg-12\">\n<div class=\"row\">\n<div class=\"col-xs-12 col-lg-4 row-text bold\">Raum:<\/div>\n<div class=\"col-xs-12 col-lg-8 row-text\">201, H4<\/div>\n<\/div>\n<\/div>\n<div class=\"col-xs-12 col-sm-6 col-lg-12\">\n<div class=\"row\">\n<div class=\"col-xs-12 col-lg-4 row-text bold\">\u00a0<\/div>\n<\/div>\n<\/div>\n<div class=\"col-xs-12 col-sm-6 col-lg-12\">\n<div class=\"row\">\n<div class=\"col-xs-12 col-md-12 row-text bold\">E-Mail:<\/div>\n<div class=\"col-xs-12 col-md-12 row-text\"><a href=\"mailto:anja.loft-akhoondi@hsu-hh.de\" rel='nofollow'>anja.loft-akhoondi@hsu-hh.de<\/a><\/div>\n<\/div>\n<\/div>\n<\/div>\n<\/div>\n<div class=\"col-md-6 col-lg-3 col-xs-12 ansprechpartner-item anschrift floatright\">\n<div class=\"row-headline\">Besucheranschrift<\/div>\n<div class=\"row-text\">Helmut-Schmidt-Universit\u00e4t<\/div>\n<div class=\"row-text\">Geb\u00e4ude H1<\/div>\n<div class=\"row-text\">Holstenhofweg 85<\/div>\n<div class=\"row-text\">22043 Hamburg<\/div>\n<\/div>\n<div class=\"col-md-6 col-lg-3 col-xs-12 ansprechpartner-item anschrift floatright\">\n<div class=\"row-headline\">Postanschrift<\/div>\n<div class=\"row-text\">Helmut-Schmidt-Universit\u00e4t<\/div>\n<div class=\"row-text\">Postfach 70 08 22<\/div>\n<div class=\"row-text\">22008 Hamburg<\/div>\n<\/div>\n<\/div>\n<\/div>\n<div class=\"clearfix\">\u00a0<\/div>\n\n\n<h2 class=\"wp-block-heading\">Kurzvita:<\/h2>\n\n\n\n<ul class=\"wp-block-list\">\n<li>seit <strong>Juli 2022<\/strong>: Wissenschaftliche Mitarbeiterin an der Helmut-Schmidt-Universit\u00e4t im dtec-Projekt \u201eSmarte Schulen \u2013 SMASCH\u201c, Projektleitung: <abbr title=\"Professor\">Prof.<\/abbr> <abbr title=\"Doktor\">Dr.<\/abbr> Sigrid Hartong (Professur f\u00fcr Soziologie mit dem Schwerpunkt Transformation von Governance in Bildung und Gesellschaft<\/li>\n\n\n\n<li><strong>2018 \u2013 2020<\/strong>: Externe Mitarbeiterin im Forschungsprojekt \u201eMenschenrechtsbildung als Qualit\u00e4tsmerkmal in der Ausbildung von Erzieherinnen und Erziehern\u201c f\u00fcr das Deutsche Institut f\u00fcr Menschenrechte<\/li>\n\n\n\n<li><strong>07 \u2013 12\/2019:<\/strong> Berliner Startup Stipendiatin in der Projekt- und strategischen Organisationsentwicklung von Tatort Zukunft e.V. \u2013 eine NGO f\u00fcr einen gerechten, humanen und effektiven Umgang mit Kriminalit\u00e4t<\/li>\n\n\n\n<li><strong>2014 \u2013 2016<\/strong>: Mitarbeiterin bei pollytix strategic research <abbr title=\"Gesellschaft mit beschr\u00e4nkter Haftung\">GmbH<\/abbr><\/li>\n\n\n\n<li>seit <strong>2015<\/strong> Doktorandin im Graduiertenkolleg Inklusion-Bildung-Schule, Humboldt-Universit\u00e4t zu Berlin. Bis 2019 Promotionsstipendium der Hans-B\u00f6ckler-Stiftung. Titel der nahezu abgeschlossenen Dissertation: \u201eTransformation von Lehrkr\u00e4fteausbildung. Eine diskursiv-institutionalistische Analyse des Reformprozesses zur Vereinheitlichung des Berliner Sekundarstufenlehramts\u201c. Promotionsbetreuung <abbr title=\"Professor\">Prof.<\/abbr> <abbr title=\"Doktor\">Dr.<\/abbr> Rita Nikolai, Universit\u00e4t Augsburg. Status: Endphase<\/li>\n\n\n\n<li><strong>2004 \u2013 2014:<\/strong> Diplomstudium der Gesellschafts- und Wirtschaftskommunikation an der Universit\u00e4t der K\u00fcnste Berlin. Diplomarbeit: \u201eDer Farbcode Gr\u00fcn als politische Botschaft? Eine Webloganalyse der \u00b4Sea of Green\u00b4-Bewegung w\u00e4hrend der iranischen Pr\u00e4sidentschaftswahl 2009\u201c.<\/li>\n<\/ul>\n\n\n\n<h2 class=\"wp-block-heading\">Mitgliedschaften \/ Wissenschaftliche Netzwerke<\/h2>\n\n\n\n<p><strong>Reckahner Reflexionen zur Ethik P\u00e4dagogischer Beziehungen in Forschung, Lehre, Fortbildung<\/strong>, \u201eAG Menschenrechtsbildung&#8220;, initiiert von <abbr title=\"Professor\">Prof.<\/abbr> Annedore Prengel<\/p>\n\n\n\n<p> <\/p>\n\n\n\n<p><h3>Aktuelle Projekte<\/h3> <\/p>\n\n\n\n<p>\u201e<a href=\"http:\/\/www.smasch.eu\" target=\"_blank\" rel=\"noreferrer noopener\">Projekt Smarte Schulen (SMASCH<\/a>).\u201c (seit Juli 2022)<\/p>\n\n\n\n<p>OPAL-Forschungsprojekt (Laufzeit 48 Monate) zur Begleitung und Unterst\u00fctzung von Schulen bei der Entwicklung nachhaltiger, p\u00e4dagogisch sinnvoller und bedarfsgerechter Digitalisierungskonzepte, die mittel- und langfristig sachgerecht und zielad\u00e4quat wirken. Gef\u00f6rdert durch Mittel des Zentrums f\u00fcr Digitalisierungs- und Technologieforschung der Bundeswehr (dtec.bw).<\/p>\n\n\n\n<p><\/p>\n\n\n\n<h3>Publikationen<\/h3>\n\n\n\n<p>Moser, Vera; Akhoondi, Anja; Bengel, Angelika; Gasterst\u00e4dt, Julia; G\u00f6rtler, Sophie; Nesyba, Thea; Piezunka, Anne; Schrumpf, Florian; Tegge, Danja; Wawzyniak, Annika &amp; Wiebigke, Julia (2016) <strong>Graduiertenkolleg \u201eInklusion-Bildung-Schule: Analysen von Schulstrukturentwicklungen\u201c an der Humboldt-Universit\u00e4t zu Berlin.<\/strong> In: Hinz, Andreas; Kinne, Tanja; Kruschel, Robert &amp; Winter, Stephanie (<abbr title=\"Herausgeber\">Hrsg.<\/abbr>) Von der Zukunft her denken. Inklusive P\u00e4dagogik im Diskurs, Klinkhardt: 140-152.<\/p>\n\n\n\n<p><\/p>\n\n\n\n<h3>Vortr\u00e4ge<\/h3>\n\n\n\n<p>Akhoondi, Anja (2019) Moderation der Panels <strong>Teilhabe und Partizipation <\/strong>sowie <strong>Inklusionsorientierte Schulentwicklung<\/strong>. 33. Jahrestagung der Inklusionsforscher_innen \u201eInklusion-Partizipation-Menschrechte: 10 Jahre UN-BRK \u2013 Eine interdisziplin\u00e4re Zwischenbilanz\u201c, Humboldt-Universit\u00e4t zu Berlin, 20.-22.02.2019.<\/p>\n\n\n\n<p><\/p>\n\n\n\n<p><\/p>\n\n\n\n<p><\/p>\n","protected":false},"excerpt":{"rendered":"<p>Forschungsprofil: Diskurs fokussierte Institutionenanalyse Lehrkr\u00e4ftebildungspolitik Inklusion im Kontext von Bildungsungleichheiten und Teilhabe Digitalit\u00e4t und Schule Qualitative Forschungsmethoden \u00a0 Kontakt \u00a0 Raum: 201, H4 \u00a0 E-Mail: anja.loft-akhoondi@hsu-hh.de Besucheranschrift Helmut-Schmidt-Universit\u00e4t Geb\u00e4ude H1 [&hellip;]<\/p>\n","protected":false},"author":1282,"featured_media":0,"parent":0,"menu_order":0,"comment_status":"closed","ping_status":"closed","template":"","meta":{"footnotes":""},"categories":[4],"tags":[],"class_list":["post-2331","page","type-page","status-publish","hentry","category-forschung"],"_links":{"self":[{"href":"https:\/\/www.hsu-hh.de\/sozgov\/wp-json\/wp\/v2\/pages\/2331","targetHints":{"allow":["GET"]}}],"collection":[{"href":"https:\/\/www.hsu-hh.de\/sozgov\/wp-json\/wp\/v2\/pages"}],"about":[{"href":"https:\/\/www.hsu-hh.de\/sozgov\/wp-json\/wp\/v2\/types\/page"}],"author":[{"embeddable":true,"href":"https:\/\/www.hsu-hh.de\/sozgov\/wp-json\/wp\/v2\/users\/1282"}],"replies":[{"embeddable":true,"href":"https:\/\/www.hsu-hh.de\/sozgov\/wp-json\/wp\/v2\/comments?post=2331"}],"version-history":[{"count":11,"href":"https:\/\/www.hsu-hh.de\/sozgov\/wp-json\/wp\/v2\/pages\/2331\/revisions"}],"predecessor-version":[{"id":3320,"href":"https:\/\/www.hsu-hh.de\/sozgov\/wp-json\/wp\/v2\/pages\/2331\/revisions\/3320"}],"wp:attachment":[{"href":"https:\/\/www.hsu-hh.de\/sozgov\/wp-json\/wp\/v2\/media?parent=2331"}],"wp:term":[{"taxonomy":"category","embeddable":true,"href":"https:\/\/www.hsu-hh.de\/sozgov\/wp-json\/wp\/v2\/categories?post=2331"},{"taxonomy":"post_tag","embeddable":true,"href":"https:\/\/www.hsu-hh.de\/sozgov\/wp-json\/wp\/v2\/tags?post=2331"}],"curies":[{"name":"wp","href":"https:\/\/api.w.org\/{rel}","templated":true}]}}