{"id":1571,"date":"2021-06-20T19:59:36","date_gmt":"2021-06-20T17:59:36","guid":{"rendered":"https:\/\/www.hsu-hh.de\/sozgov\/?page_id=1571"},"modified":"2025-06-24T10:16:23","modified_gmt":"2025-06-24T08:16:23","slug":"nina-brandau","status":"publish","type":"page","link":"https:\/\/www.hsu-hh.de\/sozgov\/team\/nina-brandau\/","title":{"rendered":"Dr. Nina Brandau"},"content":{"rendered":"<h2><img loading=\"lazy\" decoding=\"async\" class=\"size-thumbnail wp-image-2621 alignnone\" src=\"https:\/\/www.hsu-hh.de\/sozgov\/wp-content\/uploads\/sites\/841\/2022\/09\/IMG_5043-150x150.jpg\" alt=\"Brandau\" width=\"150\" height=\"150\" data-credit=\"Brandau\" srcset=\"https:\/\/www.hsu-hh.de\/sozgov\/wp-content\/uploads\/sites\/841\/2022\/09\/IMG_5043-150x150.jpg 150w, https:\/\/www.hsu-hh.de\/sozgov\/wp-content\/uploads\/sites\/841\/2022\/09\/IMG_5043-100x100.jpg 100w\" sizes=\"auto, (max-width: 150px) 100vw, 150px\" \/><\/h2>\n<div class=\"ansprechparter-container\">\n<div class=\"row ansprechpartner-item ansprechparter-header\">\n<div class=\"col-xs-8 col-lg-12\" style=\"margin-bottom: 30px\">\n<h3 class=\"ansprechparter-headline\">Kontakt<\/h3>\n<div class=\"mobile-small\">\u00a0<\/div>\n<\/div>\n<div class=\"col-md-4 col-lg-3 col-xs-4 ansprechpartner-item floatright img-circle center-block\" style=\"margin-bottom: 30px\">\n<div class=\"img-responsive-wrapper\">\u00a0<\/div>\n<\/div>\n<div class=\"col-md-12 col-lg-3 col-xs-12 ansprechpartner-item kontakt floatright\" style=\"margin-bottom: 30px\">\n<div class=\"row\">\n<div class=\"col-xs-12 col-sm-6 col-lg-12\">\n<div class=\"row\">\n<div class=\"col-xs-12 col-lg-4 row-text bold\">Raum:<\/div>\n<div class=\"col-xs-12 col-lg-8 row-text\">218, H4<\/div>\n<\/div>\n<\/div>\n<div class=\"col-xs-12 col-sm-6 col-lg-12\">\n<div class=\"row\">\n<div class=\"col-xs-12 col-md-12 row-text bold\">E-Mail:<\/div>\n<div class=\"col-xs-12 col-md-12 row-text\"><a href=\"mailto:nina.brandau@hsu-hh.de\" rel='nofollow'>nina.brandau@hsu-hh.de<\/a><\/div>\n<\/div>\n<\/div>\n<\/div>\n<\/div>\n<div class=\"col-md-6 col-lg-3 col-xs-12 ansprechpartner-item anschrift floatright\">\n<div class=\"row-headline\">Besucheranschrift<\/div>\n<div class=\"row-text\">Helmut-Schmidt-Universit\u00e4t<\/div>\n<div class=\"row-text\">Geb\u00e4ude H1<\/div>\n<div class=\"row-text\">Holstenhofweg 85<\/div>\n<div class=\"row-text\">22043 Hamburg<\/div>\n<\/div>\n<div class=\"col-md-6 col-lg-3 col-xs-12 ansprechpartner-item anschrift floatright\">\n<div class=\"row-headline\">Postanschrift<\/div>\n<div class=\"row-text\">Helmut-Schmidt-Universit\u00e4t<\/div>\n<div class=\"row-text\">Postfach 70 08 22<\/div>\n<div class=\"row-text\">22008 Hamburg<\/div>\n<\/div>\n<\/div>\n<\/div>\n\n\n<p><\/p>\n\n\n\n<h4 class=\"wp-block-heading\">Informationen zur Person<\/h4>\n\n\n\n<details class=\"wp-block-details is-layout-flow wp-block-details-is-layout-flow\"><summary>Forschungsprofil<\/summary>\n<ul class=\"wp-block-list\">\n<li>Partizipative Gestaltung von digitalen Technologien\/ Critical Co-Design<\/li>\n\n\n\n<li>EdTech\/ Bildungstechnologien im Kontext Schule<\/li>\n\n\n\n<li>Schulentwicklung in der Kultur der Digitalit\u00e4t<\/li>\n\n\n\n<li>Ethnographische Forschung in hybriden Bildungsumgebungen<\/li>\n<\/ul>\n<\/details>\n\n\n\n<details class=\"wp-block-details is-layout-flow wp-block-details-is-layout-flow\"><summary>Kurzvita<\/summary>\n<ul class=\"wp-block-list\">\n<li>seit <strong>Mai 2021<\/strong>: Wissenschaftliche Mitarbeiterin an der Helmut-Schmidt-Universit\u00e4t im dtec-Projekt \u201eSmarte Schulen \u2013 SMASCH\u201c, Projektleitung: <abbr title=\"Professor\">Prof.<\/abbr> <abbr title=\"Doktor\">Dr.<\/abbr> Sigrid Hartong (Professur f\u00fcr Soziologie mit dem Schwerpunkt Transformation von Governance in Bildung und Gesellschaft<\/li>\n\n\n\n<li><strong>11\/2019 &#8211; 04\/2021:<\/strong> Referentin Bildungspolitik, Bitkom e.V.<\/li>\n\n\n\n<li><strong>2017 &#8211; 2019<\/strong>: Studium \u201eEuroculture: Society, Politics and Culture in a Global Context\u201c (M.A.) an der Georg-August-Universit\u00e4t G\u00f6ttingen und der Rijksuniversiteit Groningen. Schwerpunkte: Kulturtransfers und deutsch-skandinavische Netzwerke, Nationale Minderheiten, Europ\u00e4ische \u00d6ffentlichkeit; Masterarbeit: \u201eCultural Transfers between German and Swedish Theatre in the early 20th Century. The Reception and Function of German Theatre in Sweden\u201c<\/li>\n\n\n\n<li><strong>2016-2017<\/strong>: Studentische Hilfskraft an der a.r.t.e.s. Graduate School for the Humanities, Universit\u00e4t zu K\u00f6ln<\/li>\n\n\n\n<li><strong>2015-2016<\/strong>: Erasmus-Aufenthalt an der Universit\u00e4t Uppsala, Schweden. Schwerpunkte: Sprachsoziologie und Linguistik.<\/li>\n\n\n\n<li><strong>2013-2017<\/strong>: Studium Medienkulturwissenschaften und Skandinavistik (B.A.) an der Universit\u00e4t zu K\u00f6ln. Schwerpunkte: Medien- und Kulturwissenschaftliche Theorien und skandinavische Literatur des 20. Jhd.; Bachelorarbeit: \u201eDas Deutsche Theater in Schweden. Max Reinhardts Gastspiele in Stockholm, 1911-1920\u201c.<\/li>\n<\/ul>\n<\/details>\n\n\n\n<details class=\"wp-block-details is-layout-flow wp-block-details-is-layout-flow\"><summary>Aktuelle Projekte<\/summary>\n<p>\u201e<a href=\"https:\/\/www.hsu-hh.de\/sozgov\/forschung\/smasch\/\" target=\"_blank\" rel=\"noreferrer noopener\">Projekt Smarte Schulen (SMASCH)<\/a>.&#8220; (seit Januar 2021)<\/p>\n\n\n\n<p>OPAL-Forschungsprojekt zur Begleitung und Unterst\u00fctzung von Schulen in einer Kultur der Digitalit\u00e4t. Gef\u00f6rdert durch Mittel des Zentrums f\u00fcr Digitalisierungs- und Technologieforschung der Bundeswehr (dtec.bw).<\/p>\n\n\n\n<p>In F\u00f6rderphase I (2021-2024) wurden Schulen bei der Entwicklung nachhaltiger, p\u00e4dagogisch sinnvoller und bedarfsgerechter Digitalisierungskonzepte, die mittel- und langfristig sachgerecht und zielad\u00e4quat wirken, begleitet.<\/p>\n\n\n\n<p>In F\u00f6rderphase II (2024-2025) wird gemeinsam mit Schulen aus 5 europ\u00e4ischen L\u00e4ndern eine transnationale Schulentwicklungplattform f\u00fcr einen selbstbewussten und kritisch-reflexiven Umgang mit Digitalit\u00e4tsthemen entwickelt.<\/p>\n<\/details>\n\n\n\n<details class=\"wp-block-details is-layout-flow wp-block-details-is-layout-flow\"><summary>Publikationen<\/summary>\n<p>Brandau, Nina &amp; Hartong, Sigrid (2025)&nbsp;<strong>Die Macht graphischer Datenvisualisierungen. Eine &#8222;Einstiegst\u00fcr&#8220; in die kritisch-partizipative Auseinandersetzung mit Bildungsplattformen<\/strong>. In: Hofhues, S. &amp; Sch\u00fctz, J. (<abbr title=\"Herausgeber\">Hrsg.<\/abbr>),&nbsp;Plattformen f\u00fcr die Bildung<em>.<\/em>&nbsp;Bielefeld, transcript Verlag: 243-259.<\/p>\n\n\n\n<p>Decuypere, Mathias; Brandau, Nina; Hartong, Sigrid; Joecks, Lucas; Ortegon, Carlos; Loft-Akhoondi, Anja; Vanermen, Lanze (2025) <strong>Tracing the infrastructural unfolding of (edtech) events through hybrid team ethnography<\/strong>. In: Learning, Media and Technology: 1\u201315. <a href=\"https:\/\/www.tandfonline.com\/doi\/full\/10.1080\/17439884.2025.2458667\" rel='nofollow'>Link<\/a>.<\/p>\n\n\n\n<p>Brandau, Nina (2024) <strong>Partizipative und kritisch-reflexive Gestaltung von Lernmanagementsystemen im individuellen Schulkontext<\/strong>. Dissertationsschrift. <a href=\"https:\/\/openhsu.ub.hsu-hh.de\/entities\/publication\/17051\/full\" rel='nofollow'>Link<\/a>.<\/p>\n\n\n\n<p>Brandau, Nina &amp; Hartong, Sigrid (2024) <strong>Visualising the school: a critical study on co-designing a Moodle-based learning management system<\/strong>. In: Discourse: Studies in the Cultural Politics of Education. Online Vorver\u00f6ffentlichung. <a href=\"https:\/\/www.tandfonline.com\/doi\/full\/10.1080\/01596306.2024.2400229\" rel='nofollow'>Link<\/a>.<\/p>\n\n\n\n<p>Decuypere, Mathias; Hartong, Sigrid; Brandau, Nina; Joecks, Lucas; Loft-Akhoondi, Anja; Orteg\u00f3n, Carlos; Tierens, Toon &amp; Vanermen, Lanze (2024) <strong>Maneuvering constellations of valuation: a critical investigation of the edtech startup sector<\/strong>. In: Critical Studies in Education: 1-20. <a href=\"https:\/\/www.tandfonline.com\/doi\/full\/10.1080\/17508487.2024.2362196\" rel='nofollow'>Link<\/a>.<\/p>\n\n\n\n<p>Brandau, Nina (2024) <strong>Was steckt in Lernmanagementsystemen und welche Implikationen ergeben sich hieraus f\u00fcr die digital-m\u00fcndige Schulentwicklung? Eine Studie zu LMS.lernen.hamburg<\/strong>. In: Hartong, S. &amp; Renz, A. (<abbr title=\"Herausgeber\">Hrsg.<\/abbr>), Digitale Lerntechnologien. Von der Mystifizierung zur reflektierten Gestaltung von EdTech. Bielefeld, transcript Verlag: 63-85. <a href=\"https:\/\/www.transcript-verlag.de\/media\/pdf\/a0\/fe\/06\/oa9783839468937.pdf\" rel='nofollow'>Link<\/a>.<\/p>\n\n\n\n<p>Hartong, Sigrid; Loft-Akhoondi, Anja; Brandau, Nina; Junne, Barbara; Czarnojan, Izabela &amp; Scheytt, Tobias (2023) <strong>Auf dem Weg zur Digitalit\u00e4t in Schule. Zwischenbericht \u00fcber Interventionen und Explorationen im Rahmen des Projekts \u201eSMASCH \u2013 Smarte Schulen&#8220;<\/strong>.\u00a0Working Papers des Forschungsclusters OPAL der Helmut-Schmidt-Universit\u00e4t. <a href=\"https:\/\/openhsu.ub.hsu-hh.de\/handle\/10.24405\/14955\" rel='nofollow'>Link<\/a>.<\/p>\n\n\n\n<p>Cafantaris, Karola; Brandau, Nina &amp; Hartong, Sigrid (2023) <strong>Suchbewegungen und Ans\u00e4tze nachhaltiger digitaler Schulentwicklung am Beispiel des Projekts \u201aSmarte Schulen\u2018 (SMASCH).<\/strong> In: MedienP\u00e4dagogik: Zeitschrift f\u00fcr Theorie Und Praxis Der Medienbildung 52 (gerecht \u2013 digital \u2013 nachhaltig): 129-48. <a href=\"https:\/\/www.medienpaed.com\/article\/view\/1356\" target=\"_blank\" rel=\"noreferrer noopener\">Link.<\/a><\/p>\n\n\n\n<p>Brandau, Nina &amp; Alirezabeigi, Samira (2022) <strong>Critical and participatory design in-between the tensions of daily schooling: working towards sustainable and reflective digital school development.<\/strong> In: Learning, Media and Technology. <a href=\"https:\/\/www.tandfonline.com\/doi\/full\/10.1080\/17439884.2022.2156538\" target=\"_blank\" rel=\"noreferrer noopener\">Link.<\/a><\/p>\n<\/details>\n\n\n\n<details class=\"wp-block-details is-layout-flow wp-block-details-is-layout-flow\"><summary>Vortr\u00e4ge<\/summary>\n<p>Hartong, Sigrid; Brandau, Nina (2025)\u00a0<strong>Postdigital EdTech Design \u2013 Moving towards Planetary Dimensions, Power, and Care<\/strong>. Symposiumorganisation im Rahmen der European Conference of Education Research (ECER), Belgrad, 09.-12.09.2025.<\/p>\n\n\n\n<p>Brandau, Nina (2025) <strong>Critically Co-Designing EdTech. (In) how (far) can sociotechnical environments be designed in a reflexive and participatory manner?<\/strong> Vortrag auf der European Conference on Critical Edtech Studies, Z\u00fcrich, 18.-20.06.2025.<\/p>\n\n\n\n<p>Brandau, Nina (2025) <strong>Vorstellung der SMASCH-Labcademy<\/strong>. Fortbildung im Rahmen der Reihe &#8222;Medienkompetenz zwischen Theorie und Praxis&#8220;, Flensburg, 27.05.2025.<\/p>\n\n\n\n<p>Brandau Nina (2024)&nbsp;<strong>Visualising the school?! A critical study on co-designing data-based interfaces of learning management systems<\/strong>. Vortrag auf der Datapower Conference, Graz, 04.-06.09.24.<\/p>\n\n\n\n<p>Brandau Nina (2024)&nbsp;<strong>Critical and Participatory Design in-between the tensions of daily schooling. Working towards inclusive and reflective digital school development from an STS perspective<\/strong>. Vortrag auf der Jahresstagung der European Association for the Study of Science and Technology (EASST) und der Society for Social Studies of Science (4S), Amsterdam, 16.-19.07.24<\/p>\n\n\n\n<p>Hartong, Sigrid; Brandau, Nina; Loft-Akhoondi, Anja &amp; Decuypere, Mathias (2024)&nbsp;<strong>Schulentwicklung in der Digitalit\u00e4t \u2013 Einblicke in das Projekt SMASCH (Smarte Schulen)<\/strong>. Panel \u201eIch krieg die Krise \u2013 Professionalisierung in der Digitalit\u00e4t zwischen Routine und Revolution\u201c, Jahreskongress der Deutschen Gesellschaft f\u00fcr Erziehungswissenschaft (DGfE), Halle, 10.-13.03.2024.<\/p>\n\n\n\n<p>Brandau, Nina &amp; Hartong, Sigrid (2023)&nbsp;<strong>Visualising the school?! A critical study on co-designing a Moodle-based learning management system<\/strong>. Vortrag auf der Jahrestagung der Educational Research Association (EERA) 2023 (ECER), Glasgow, 22-25.08.23.<\/p>\n\n\n\n<p>Brandau, Nina (2023)&nbsp;<strong>How can a more reflected and democratic engagement with educational technology be achieved by reflexive, participatory and context-based design processes?<\/strong>&nbsp;Posterpr\u00e4sentation im Rahmen der Summer School der Educational Research Association (EERA), Porto, 26.-30.06.23.<\/p>\n\n\n\n<p>Cafantaris, Karola &amp; Brandau, Nina (2023)&nbsp;<strong>What is \u201asustainable\u2018 digital school development?<\/strong>&nbsp;SIIVE Annual conference 2023, Berlin, 09.03.2023.<\/p>\n\n\n\n<p>Brandau, Nina (2022)&nbsp;<strong>Using Critical and Participatory Design for sustainable and reflective digital school development? SMASCH in-between the tensions of daily schooling<\/strong>. Netzwerktreffen Technical Democracy Network im Rahmen der Australian Association for Education Research Annual Conference, Adelaide, 01.12.22.<\/p>\n\n\n\n<p>Junne, Barbara &amp; Brandau, Nina (2022)&nbsp;<strong>Nachhaltige Digitalisierung in Schulen aus Sicht der Forschung. Herausforderungen und Chancen<\/strong>. 12. Lokale Bildungskonferenz Sasel\/Wellingsb\u00fcttel \u201eUnser Stadtteil smart \u2013 Sasel und Wellingsb\u00fcttel im digitalen Zeitalter\u201c, online, 06.10.22.<\/p>\n\n\n\n<p>Cafantaris, Karola &amp; Brandau, Nina (2022)&nbsp;<strong>Suchbewegungen und Ans\u00e4tze nachhaltiger digitaler Schulentwicklung am Beispiel des Projekts \u201aSmarte Schulen\u2018 (SMASCH).<\/strong>&nbsp;Vortrag im Rahmen der Konferenz \u201eGerecht, digital, nachhaltig! Interdisziplin\u00e4re Perspektiven auf Lehr- und Lernprozesse in der digitalen Welt\u201c, Ludwig-Maximilians-Universit\u00e4t M\u00fcnchen, 20.05.2022.<\/p>\n\n\n\n<p>Brandau, Nina (2021)&nbsp;<strong>Critical design as a tool for comparative school development research? Developing sustainable digitisation strategies in Germany and Belgium<\/strong>. Vortrag im Rahmen der Winter School \u201eInternational and comparative education science goes digital?! (Pandemische) Herausforderungen und (neue) M\u00f6glichkeiten der Digitalisierung f\u00fcr die (Nachwuchs-)Forschung\u201c, Kommission Vergleichende und Internationale Erziehungswissenschaft der Deutschen Gesellschaft f\u00fcr Erziehungswissenschaft, online, 9.-10.12.2021.<\/p>\n\n\n\n<p>Brandau, Nina (2019)&nbsp;<strong>Cultural Transfers between German and Swedish Theatre in the early 20th Century<\/strong>. Vortrag im Rahmen des vierten U4 Network Workshop \u201eConcepts and Tools in Cultural Transfer. Research Case: Travel Writing\u201c, Universit\u00e4t G\u00f6ttingen, 16.-17.05.2019.<\/p>\n\n\n\n<p>Brandau, Nina (2018)&nbsp;<strong>Region vs. Nation \u2013 Regional actors\u2018 voice in the public debate on the reintroduction of border controls between Denmark and Germany.<\/strong>&nbsp;Paper-Pr\u00e4sentation im Rahmen der Euroculture Intensive Programme \u201eWhere is Europe\u201c, Jagiellonen University Krakow, 24.-30.06.2018.<\/p>\n<\/details>\n\n\n\n<details class=\"wp-block-details is-layout-flow wp-block-details-is-layout-flow\"><summary>Mitgliedschaften<\/summary>\n<p>Netzwerkmitglied <a href=\"https:\/\/kridifosch.gei.de\/\" target=\"_blank\" rel=\"noreferrer noopener\">KriDiFoSch &#8211; Netzwerk Kritische Digitalit\u00e4tsforschung im Kontext Schule<\/a><\/p>\n<\/details>\n","protected":false},"excerpt":{"rendered":"<p>Kontakt \u00a0 \u00a0 Raum: 218, H4 E-Mail: nina.brandau@hsu-hh.de Besucheranschrift Helmut-Schmidt-Universit\u00e4t Geb\u00e4ude H1 Holstenhofweg 85 22043 Hamburg Postanschrift Helmut-Schmidt-Universit\u00e4t Postfach 70 08 22 22008 Hamburg Informationen zur Person<\/p>\n","protected":false},"author":2958,"featured_media":0,"parent":106,"menu_order":0,"comment_status":"closed","ping_status":"closed","template":"","meta":{"footnotes":""},"categories":[4],"tags":[],"class_list":["post-1571","page","type-page","status-publish","hentry","category-forschung"],"_links":{"self":[{"href":"https:\/\/www.hsu-hh.de\/sozgov\/wp-json\/wp\/v2\/pages\/1571","targetHints":{"allow":["GET"]}}],"collection":[{"href":"https:\/\/www.hsu-hh.de\/sozgov\/wp-json\/wp\/v2\/pages"}],"about":[{"href":"https:\/\/www.hsu-hh.de\/sozgov\/wp-json\/wp\/v2\/types\/page"}],"author":[{"embeddable":true,"href":"https:\/\/www.hsu-hh.de\/sozgov\/wp-json\/wp\/v2\/users\/2958"}],"replies":[{"embeddable":true,"href":"https:\/\/www.hsu-hh.de\/sozgov\/wp-json\/wp\/v2\/comments?post=1571"}],"version-history":[{"count":60,"href":"https:\/\/www.hsu-hh.de\/sozgov\/wp-json\/wp\/v2\/pages\/1571\/revisions"}],"predecessor-version":[{"id":4281,"href":"https:\/\/www.hsu-hh.de\/sozgov\/wp-json\/wp\/v2\/pages\/1571\/revisions\/4281"}],"up":[{"embeddable":true,"href":"https:\/\/www.hsu-hh.de\/sozgov\/wp-json\/wp\/v2\/pages\/106"}],"wp:attachment":[{"href":"https:\/\/www.hsu-hh.de\/sozgov\/wp-json\/wp\/v2\/media?parent=1571"}],"wp:term":[{"taxonomy":"category","embeddable":true,"href":"https:\/\/www.hsu-hh.de\/sozgov\/wp-json\/wp\/v2\/categories?post=1571"},{"taxonomy":"post_tag","embeddable":true,"href":"https:\/\/www.hsu-hh.de\/sozgov\/wp-json\/wp\/v2\/tags?post=1571"}],"curies":[{"name":"wp","href":"https:\/\/api.w.org\/{rel}","templated":true}]}}