{"id":116,"date":"2018-01-17T14:07:04","date_gmt":"2018-01-17T13:07:04","guid":{"rendered":"https:\/\/www.hsu-hh.de\/vorlage\/?page_id=116"},"modified":"2021-06-20T19:49:29","modified_gmt":"2021-06-20T17:49:29","slug":"lehre","status":"publish","type":"page","link":"https:\/\/www.hsu-hh.de\/sozgov\/lehre\/","title":{"rendered":"Lehre"},"content":{"rendered":"<p>\u00a0<\/p>\n<p>Im Spektrum unserer thematischen Schwerpunkte bieten wir eine Reihe von Lehrveranstaltungen an. Genauere Informationen finden Sie auf den Seiten der <a href=\"https:\/\/www.hsu-hh.de\/sozgov\/team\/\" target=\"_blank\" rel=\"noopener noreferrer\">einzelnen Mitarbeiter_innen der Professur<\/a>.<\/p>\n<p>Um eine Pr\u00fcfungsleistung in der Professur f\u00fcr Transformation von Governance in Bildung und Gesellschaft ablegen zu k\u00f6nnen, beachten Sie bitte die <a href=\"https:\/\/www.hsu-hh.de\/sozgov\/wp-content\/uploads\/sites\/841\/2021\/06\/Richtlinien-fuer-wissenschaftliche-Arbeiten_ProfessurSozGov-2.pdf\" target=\"_blank\" rel=\"noopener\">Richtlinien und Hinweise zur Gestaltung von Haus-, Bachelor- oder Masterarbeiten<\/a>.<\/p>\n<p>\u00a0<\/p>\n\n\n<p><\/p>\n","protected":false},"excerpt":{"rendered":"<p>\u00a0 Im Spektrum unserer thematischen Schwerpunkte bieten wir eine Reihe von Lehrveranstaltungen an. Genauere Informationen finden Sie auf den Seiten der einzelnen Mitarbeiter_innen der Professur. Um eine Pr\u00fcfungsleistung in der [&hellip;]<\/p>\n","protected":false},"author":26,"featured_media":0,"parent":0,"menu_order":0,"comment_status":"closed","ping_status":"closed","template":"","meta":{"footnotes":""},"categories":[6],"tags":[],"class_list":["post-116","page","type-page","status-publish","hentry","category-lehre"],"_links":{"self":[{"href":"https:\/\/www.hsu-hh.de\/sozgov\/wp-json\/wp\/v2\/pages\/116","targetHints":{"allow":["GET"]}}],"collection":[{"href":"https:\/\/www.hsu-hh.de\/sozgov\/wp-json\/wp\/v2\/pages"}],"about":[{"href":"https:\/\/www.hsu-hh.de\/sozgov\/wp-json\/wp\/v2\/types\/page"}],"author":[{"embeddable":true,"href":"https:\/\/www.hsu-hh.de\/sozgov\/wp-json\/wp\/v2\/users\/26"}],"replies":[{"embeddable":true,"href":"https:\/\/www.hsu-hh.de\/sozgov\/wp-json\/wp\/v2\/comments?post=116"}],"version-history":[{"count":4,"href":"https:\/\/www.hsu-hh.de\/sozgov\/wp-json\/wp\/v2\/pages\/116\/revisions"}],"predecessor-version":[{"id":1605,"href":"https:\/\/www.hsu-hh.de\/sozgov\/wp-json\/wp\/v2\/pages\/116\/revisions\/1605"}],"wp:attachment":[{"href":"https:\/\/www.hsu-hh.de\/sozgov\/wp-json\/wp\/v2\/media?parent=116"}],"wp:term":[{"taxonomy":"category","embeddable":true,"href":"https:\/\/www.hsu-hh.de\/sozgov\/wp-json\/wp\/v2\/categories?post=116"},{"taxonomy":"post_tag","embeddable":true,"href":"https:\/\/www.hsu-hh.de\/sozgov\/wp-json\/wp\/v2\/tags?post=116"}],"curies":[{"name":"wp","href":"https:\/\/api.w.org\/{rel}","templated":true}]}}