{"id":1082,"date":"2021-02-27T17:21:55","date_gmt":"2021-02-27T16:21:55","guid":{"rendered":"https:\/\/www.hsu-hh.de\/sozgov\/?page_id=1082"},"modified":"2026-01-28T09:51:27","modified_gmt":"2026-01-28T08:51:27","slug":"dr-manuel-reinhard","status":"publish","type":"page","link":"https:\/\/www.hsu-hh.de\/sozgov\/en\/team-en\/dr-manuel-reinhard\/","title":{"rendered":"Dr. Manuel Reinhard"},"content":{"rendered":"<p><img loading=\"lazy\" decoding=\"async\" class=\"size-thumbnail wp-image-705 alignnone\" src=\"https:\/\/www.hsu-hh.de\/sozgov\/wp-content\/uploads\/sites\/841\/2020\/10\/Dr.-Manuel-Reinhard-klein-1024x833-1-150x150.jpg\" alt=\"1\" width=\"150\" height=\"150\" data-credit=\"Dr. Manuel Reinhard\" srcset=\"https:\/\/www.hsu-hh.de\/sozgov\/wp-content\/uploads\/sites\/841\/2020\/10\/Dr.-Manuel-Reinhard-klein-1024x833-1-150x150.jpg 150w, https:\/\/www.hsu-hh.de\/sozgov\/wp-content\/uploads\/sites\/841\/2020\/10\/Dr.-Manuel-Reinhard-klein-1024x833-1-100x100.jpg 100w\" sizes=\"auto, (max-width: 150px) 100vw, 150px\" \/><\/p>\n<div class=\"ansprechparter-container\">\n<div class=\"row ansprechpartner-item ansprechparter-header\">\n<div class=\"col-xs-8 col-lg-12\">\n<h2 class=\"mobile-small\">Contact Information<\/h2>\n<\/div>\n<div class=\"col-md-4 col-lg-3 col-xs-4 ansprechpartner-item floatright img-circle center-block\">\n<div class=\"img-responsive-wrapper\">\u00a0<\/div>\n<\/div>\n<div class=\"col-md-12 col-lg-3 col-xs-12 ansprechpartner-item kontakt floatright\">\n<div class=\"row\">\n<div class=\"col-xs-12 col-sm-6 col-lg-12\">\n<div class=\"row\">\n<div class=\"col-xs-12 col-lg-4 row-text bold\">Room:<\/div>\n<div class=\"col-xs-12 col-lg-8 row-text\">228, H4<\/div>\n<\/div>\n<\/div>\n<div class=\"col-xs-12 col-sm-6 col-lg-12\">\n<div class=\"row\">\n<div class=\"col-xs-12 col-md-12 row-text bold\">E-Mail:<\/div>\n<div class=\"col-xs-12 col-md-12 row-text\"><a href=\"mailto:manuel.reinhard@hsu-hh.de\" rel='nofollow'>manuel.reinhard@hsu-hh.de<\/a><\/div>\n<\/div>\n<\/div>\n<\/div>\n<\/div>\n<div class=\"col-md-6 col-lg-3 col-xs-12 ansprechpartner-item anschrift floatright\">\n<div class=\"row-headline\">Visiting address<\/div>\n<div class=\"row-text\">Helmut-Schmidt-Universit\u00e4t<\/div>\n<div class=\"row-text\">Building H4<\/div>\n<div class=\"row-text\">Holstenhofweg 85<\/div>\n<div class=\"row-text\">22043 Hamburg<\/div>\n<\/div>\n<div class=\"col-md-6 col-lg-3 col-xs-12 ansprechpartner-item anschrift floatright\">\n<div class=\"row-headline\">Postal address<\/div>\n<div class=\"row-text\">Helmut-Schmidt-Universit\u00e4t<\/div>\n<div class=\"row-text\">Postfach 70 08 22<\/div>\n<div class=\"row-text\">22008 Hamburg<\/div>\n<\/div>\n<\/div>\n<\/div>\n\n\n<h4 class=\"wp-block-heading\">Personal Information:<\/h4>\n\n\n\n<details class=\"wp-block-details is-layout-flow wp-block-details-is-layout-flow\"><summary>Research profile<\/summary>\n<p>Research focus:<\/p>\n\n\n\n<ul class=\"wp-block-list\">\n<li>Sociology of the future (esp. &#8222;politics of the future&#8220; in 21st-century Western societies)<\/li>\n<\/ul>\n\n\n\n<p>Theoretical background:<\/p>\n\n\n\n<ul class=\"wp-block-list\">\n<li>Theories of culture (esp. practice theories)<\/li>\n<\/ul>\n<\/details>\n\n\n\n<details class=\"wp-block-details is-layout-flow wp-block-details-is-layout-flow\"><summary>Vita<\/summary>\n<ul class=\"wp-block-list\">\n<li><strong>since 2020<\/strong>: Research Associate, Helmut Schmidt University \/ University of the Federal Armed Forces Hamburg (Professorship Transformation of Governance in Education and Society)<\/li>\n\n\n\n<li><strong>2019<\/strong>: Strategy Consultant, McKinsey &amp; Company (Orphoz <abbr title=\"Gesellschaft mit beschr\u00e4nkter Haftung\">GmbH<\/abbr> &amp; Co. <abbr title=\"Kommanditgesellschaft\">KG<\/abbr>)<\/li>\n\n\n\n<li><strong>2017-2018<\/strong>: Trainee Consulting, Schweers, Kemps &amp; Schuhmann Unternehmensberatung (business unit Risk Advisory)<\/li>\n\n\n\n<li><strong>2016<\/strong>: Visiting Scholar, Harvard University (Department of Romance Languages &amp; Literatures)<\/li>\n\n\n\n<li><strong>2013-2016<\/strong>: PhD-Student in Philosophy, Technical University of Darmstadt (DFG Research Training Group &#8222;Topology of Technology&#8220;)<\/li>\n\n\n\n<li><strong>2007-2012<\/strong>: Studies of Philosophy, Psychology and Pedagogy, University of Trier (Magister Artium)<\/li>\n<\/ul>\n<\/details>\n\n\n\n<details class=\"wp-block-details is-layout-flow wp-block-details-is-layout-flow\"><summary>Habilitation project<\/summary>\n<p>&#8222;The Making of Possible Futures <strong>\u2013<\/strong> Studies of the Epistemic Culture of Government Foresight in Germany&#8220; (working title)<\/p>\n\n\n\n<ul class=\"wp-block-list\">\n<li>Research objectives: Epistemologies, ontologies, and ethics of the future in 21st century Western societies<\/li>\n\n\n\n<li>Research fields: Defence, climate, and financial policy in the Federal republic of Germany<\/li>\n\n\n\n<li>Research methods: Ethnographic field studies in specialist foresight units within federal agencies (case study 1: <em>Bundesanstalt f\u00fcr Finanzdienstleistungsaufsicht<\/em> [Federal Financial Supervisory Authority], case study 2: <em>Umweltbundesamt<\/em> [Federal Environment Agency], case study 3: <em>Planungsamt der Bundeswehr<\/em> [Bundeswehr Office for Defence Planning])<\/li>\n<\/ul>\n<\/details>\n\n\n\n<details class=\"wp-block-details is-layout-flow wp-block-details-is-layout-flow\"><summary>Publications<\/summary>\n<p><strong>Monographies<\/strong>:<\/p>\n\n\n\n<p>Reinhard, M. (2017) <strong>Philosophie des Scheiterns. Jacques Derridas aporetische Schriften<\/strong>. Weilerswist: Velbr\u00fcck Wissenschaft.<\/p>\n\n\n\n<p><strong>Journal articles<\/strong>:<\/p>\n\n\n\n<ul class=\"wp-block-list\">\n<li>Reinhard, M. (2021)&nbsp;<strong>Speculative Societies. Towards a new Research Agenda<\/strong>.&nbsp;<em>Review of Economic Philosophy<\/em> 21 (2): 51-81.<\/li>\n\n\n\n<li>Reinhard, M. (2015)&nbsp;<strong>Krise der Wissenschaft? Krisen der Wissenschaften!<\/strong>.&nbsp;<em>Philokles \u2013 Zeitschrift f\u00fcr popul\u00e4re Philosophie<\/em> 21: 76-93.<\/li>\n\n\n\n<li>Reinhard, M. (2013)&nbsp;<strong>Zeitgen\u00f6ssische Philosophien der Grenze<\/strong>.&nbsp;<em>Critica. Zeitschrift f\u00fcr Philosophie und Kunsttheorie<\/em>&nbsp;3(1): 11-16.<\/li>\n<\/ul>\n\n\n\n<p><strong><br>Papers in edited volumes<\/strong>:<\/p>\n\n\n\n<ul class=\"wp-block-list\">\n<li>Hartong, S., Allert, H., Amos, K., Bleckmann, P., Czarnojan, I., F\u00f6rschler, A., Jornitz, S., Reinhard, M. and Sander, I. (2021) <strong>Unblack the Box. Anregungen f\u00fcr eine (selbst)bewusste Auseinandersetzung mit digitaler Bildung<\/strong>. In: Lankau, R. (ed.) <em>Autonom und m\u00fcndig am Touchscreen. F\u00fcr eine konstruktive Medienarbeit in der Schule<\/em>. Weinheim und Basel: Beltz Verlag, pp. 201-212.<\/li>\n\n\n\n<li>Reinhard, M. (2018)&nbsp;<strong>Der Topos der Grenze. Zur Suggestibilit\u00e4t von Jacques Derridas Dekonstruktion<\/strong>. In: Brenneis, A.; Honer, O.; Keesser, S.; Ripper, A. und Vetter-Schulthei\u00df, S. (eds.) <em>Technik \u2013 Macht \u2013 Raum<\/em>. Wiesbaden: Springer VS, pp. 335-344.<\/li>\n\n\n\n<li>Reinhard, M., Brenneis, A., Honer, O., Keesser, S. und Hubig, C. (2018) <strong>The Topological Manifesto<\/strong>. In: Brenneis, A., Honer, O., Keesser, S., Ripper, A. und Vetter-Schulthei\u00df, S. (eds.) <em>Technik \u2013 Macht \u2013 Raum<\/em>. Wiesbaden: Springer VS, pp. 31-36.<\/li>\n<\/ul>\n\n\n\n<p><strong><br>Reviews<\/strong>:<\/p>\n\n\n\n<ul class=\"wp-block-list\">\n<li>Reinhard, M. (2013) <strong>H\u00f6ltershinken, Dieter: Die Nichtplanbarkeit in Erziehung und Bildung. Ein Essay \u00fcber vergessene Erfahrungen und Erkenntnisse in der P\u00e4dagogik<\/strong>.&nbsp;<em>Vierteljahrsschrift f\u00fcr wissenschaftliche P\u00e4dagogik<\/em>&nbsp;89 (4): 664-668.<\/li>\n<\/ul>\n\n\n\n<p><strong><br>Newspaper articles<\/strong>:<\/p>\n\n\n\n<ul class=\"wp-block-list\">\n<li>Reinhard, M. (2017) <strong>Irref\u00fchrende Suggestionen. Kommentar zur polizeilichen Kriminalit\u00e4tsstatistik 2016<\/strong>. <em>Rhein-Zeitung<\/em>&nbsp;14.03.2017: 12.&nbsp;<\/li>\n<\/ul>\n\n\n\n<p><strong><br>Other publications<\/strong>:<\/p>\n\n\n\n<ul class=\"wp-block-list\">\n<li>UNBLACK THE BOX (2020) <strong>How Transparent is the Modelling?<\/strong>. <a href=\"https:\/\/unblackthebox.org\/wp-content\/uploads\/2021\/08\/UBTB_Onepager_Modelling.pdf\" target=\"_blank\" rel=\"noreferrer noopener\">Link.<\/a><\/li>\n\n\n\n<li>UNBLACK THE BOX (2020) <strong>To what Extent is Artificial Intelligence Involved?.<\/strong> <a href=\"https:\/\/unblackthebox.org\/wp-content\/uploads\/2021\/08\/UBTB_Onepager_AI.pdf\" target=\"_blank\" rel=\"noreferrer noopener\">Link.<\/a><\/li>\n\n\n\n<li>UNBLACK THE BOX (2020) <strong>Where does the Data Go?<\/strong>. <a href=\"https:\/\/unblackthebox.org\/wp-content\/uploads\/2021\/08\/UBTB_Onepager_Data.pdf\" target=\"_blank\" rel=\"noreferrer noopener\">Link.<\/a><\/li>\n\n\n\n<li>UNBLACK THE BOX (2020) <strong>Who Consults \/ Trains \u2013 and with what Rationale?<\/strong>. <a href=\"https:\/\/unblackthebox.org\/wp-content\/uploads\/2021\/08\/UBTB_Onepager_Consulting.pdf\" target=\"_blank\" rel=\"noreferrer noopener\">Link.<\/a><\/li>\n\n\n\n<li>UNBLACK THE BOX (2020) <strong>Who is behind the Tool?<\/strong>. <a href=\"https:\/\/unblackthebox.org\/wp-content\/uploads\/2021\/08\/UBTB_Onepager_Tool-1.pdf\" target=\"_blank\" rel=\"noreferrer noopener\">Link.<\/a><\/li>\n\n\n\n<li>UNBLACK THE BOX (2020) <strong>What are Education Policy Backgrounds?<\/strong>. <a href=\"https:\/\/unblackthebox.org\/wp-content\/uploads\/2021\/08\/UBTB_Onepager_Education_Policy.pdf\" target=\"_blank\" rel=\"noreferrer noopener\">Link.<\/a><\/li>\n\n\n\n<li>UNBLACK THE BOX (2020) <strong>What are the possible Health Effects (Physical)?<\/strong>. <a href=\"https:\/\/unblackthebox.org\/wp-content\/uploads\/2021\/08\/UBTB_Onepager_Physical_Health.pdf\" target=\"_blank\" rel=\"noreferrer noopener\">Link.<\/a><\/li>\n\n\n\n<li>UNBLACK THE BOX (2020) <strong>What are the possible Health Effects (Psychosocial)?<\/strong>. <a href=\"https:\/\/unblackthebox.org\/wp-content\/uploads\/2021\/08\/UBTB_Onepager_Psychosocial_Health.pdf\" target=\"_blank\" rel=\"noreferrer noopener\">Link.<\/a><\/li>\n\n\n\n<li>UNBLACK THE BOX (2020) <strong>Which Types of Learning \/ Education does the Software (not) Enable?.<\/strong> <a href=\"https:\/\/unblackthebox.org\/wp-content\/uploads\/2021\/08\/UBTB_Onepager_Learning.pdf\" target=\"_blank\" rel=\"noreferrer noopener\">Link.<\/a><\/li>\n\n\n\n<li>UNBLACK THE BOX (2020) <strong>To what Extent does the Software provide Opportunities for (Pedagogical) Design Adaptability?<\/strong>. <a href=\"https:\/\/unblackthebox.org\/wp-content\/uploads\/2021\/08\/UBTB_Onepager_Pedagogical_Design.pdf\" target=\"_blank\" rel=\"noreferrer noopener\">Link.<\/a><\/li>\n\n\n\n<li>UNBLACK THE BOX (2020) <strong>Which Types of Nudging, such as Gamification or Visualisation, are used?.<\/strong> <a href=\"https:\/\/unblackthebox.org\/wp-content\/uploads\/2021\/08\/UBTB_Onepager_Nudging-1.pdf\" target=\"_blank\" rel=\"noreferrer noopener\">Link.<\/a><\/li>\n\n\n\n<li>UNBLACK THE BOX (2020) <strong>(How much) is Education being surveilled?<\/strong>. <a href=\"https:\/\/unblackthebox.org\/wp-content\/uploads\/2021\/08\/UBTB_Onepager_Surveillance.pdf\" target=\"_blank\" rel=\"noreferrer noopener\">Link.<\/a><\/li>\n<\/ul>\n<\/details>\n\n\n\n<details class=\"wp-block-details is-layout-flow wp-block-details-is-layout-flow\"><summary>Presentations<\/summary>\n<ul class=\"wp-block-list\">\n<li>Reinhard, M. (2025) <strong>What Makes Future Scenarios &#8218;Plausible&#8216;? Scenario Analysis in the Bundeswehr (Federal Armed Forces of Germany) &#8211; An Ethnographic Study of the Epistemic Culture of Military Futures Research<\/strong>. STS Hub 2025, Humboldt University of Berlin, March 11-14, 2025.<\/li>\n\n\n\n<li>Reinhard, M. (2025) <strong>Einf\u00fchrung in die Szenarioanalyse: Ziele, Methoden, Anwendungen<\/strong>. Colloquium NavigatorsFirst. February 7, 2025.<\/li>\n\n\n\n<li>Reinhard, M. (2024)<strong> Szenarioanalyse als Wissenskultur: Praxeologische Perspektiven auf die Zukunftsforschung<\/strong>. 9th Annual Conference of the German Cultural Studies Association (KWG), Martin Luther University Halle-Wittenberg, October 10-12, 2024.<\/li>\n\n\n\n<li>Reinhard, M. (2024)&nbsp;<strong>Sociology of the Future: Theoretical Foundations, Approaches, and Prospects<\/strong>. 16th European Sociological Association Conference 2024 (ESA 24). University of Porto, August 27-30, 2024.<\/li>\n\n\n\n<li>Reinhard, M. (2023)&nbsp;<strong>Die Deutsche Anpassungsstrategie an den Klimawandel: Klimawirkungs- und Risikoanalysen, Politische Ma\u00dfnahmen und Zielentwicklung in der deutschen Klimapolitik. Zwischenfazit zur Fallstudie<\/strong>. Colloquium of the competence center \u201cClimate Impacts and Adaptation in Germany\u201d of the German Environment Agency (UBA), Dessau, July 11, 2023.<\/li>\n\n\n\n<li>Reinhard, M. (2023)&nbsp;<strong>Die&nbsp;<\/strong><strong>Nationale Sicherheitsstrategie: Zukunftsanalyse, F\u00e4higkeitsentwicklung und Strategische Planung in der deutschen Verteidigungspolitik<\/strong>.&nbsp;<strong>Ein Werkstattbericht aus der Forschungspraxis<\/strong>. Conference \u201cPolitische Soziologie des Krieges\u201d of the section \u201cPolitical Sociology\u201d of the German Sociological Association (DGS) and the Bundeswehr Centre of Military History and Social Sciences, Potsdam, July 6-7, 2023.<\/li>\n\n\n\n<li>Reinhard, M. (2023)&nbsp;<strong>Politics of the Future in 21st-Century Western Societies: Outline of a Research Project<\/strong>. Research day, Helmut Schmidt University Hamburg, March 28, 2023.<\/li>\n\n\n\n<li>Reinhard, M. (2022)&nbsp;<strong>\u201cMehr Fortschritt wagen\u201d? Politische Zukunftssemantiken im Kontext der Krisendiskurse westlicher Gesellschaften des 21. Jahrhunderts (Globale Anti-Terrororismus Strategie, Basel III, Agenda 2030 f\u00fcr nachhaltige Entwicklung)<\/strong>. Congress of the German Sociological Association, University of Bielefeld Bielefeld, September 26-30, 2022.<\/li>\n\n\n\n<li>Reinhard, M. (2021)&nbsp;<strong>Predictive Governance: A few Thoughts on a Research Agenda<\/strong>. Workshop Predictive Governance \u2013 Towards Transdisciplinary Perspectives on Algorithmic Prediction &amp; Decision Making, Workshop Predictive Governance, Helmut Schmidt University Hamburg, September 17-18, 2021.<\/li>\n\n\n\n<li>Reinhard, M. (2021)&nbsp;<strong>Early Warning Systems in U.S. Schooling: A Critical Review.<\/strong>&nbsp;European Conference on Educational Research Conference 2021, University of Geneva (online), September 6-10, 2021.&nbsp;<\/li>\n\n\n\n<li>Reinhard, M. (2021)&nbsp;<strong>Speculative Societies: Towards a Cultural Sociology of the Future<\/strong>. European Sociological Association Conference 2021, University of Barcelona (online), August 31-September 03, 2021.<\/li>\n\n\n\n<li>Reinhard, M. (2018)&nbsp;<strong>Financial Ethics: Risk Management, Regulation, and Norms in the Light of Basel III<\/strong>. 4th International Conference Economics and Philosophy, Ecole Normale Sup\u00e9rieure de Lyon, June 27-29, 2018.<\/li>\n\n\n\n<li>Reinhard, M. (2016)&nbsp;<strong>Philosophie des Scheiterns: Jacques Derridas aporetische Schriften<\/strong>. PhD thesis defense, Technical University of Darmstadt, March 24, 2016.<\/li>\n\n\n\n<li>Reinhard, M. und Enrong, P. (2015)&nbsp;<strong>New Issues and Approaches in Philosophy of Technology<\/strong>. 19th Biennial Meeting of the Society for Philosophy of Technology, Northeastern University Shenyang, June 2-6, 2015.<\/li>\n\n\n\n<li>Reinhard, M. (2015)&nbsp;<strong>Paradoxies of Contemporary Philosophy of Technology<\/strong>. 19th Biennial Meeting of the Society for Philosophy of Technology, Northeastern University Shenyang, June 2-6, 2015.<\/li>\n\n\n\n<li>Reinhard, M. und Friedrich, A. (2015)&nbsp;<strong>Das topologische Manifest<\/strong>. Conference TechnoSpaces. Persistence \u2013 Practices \u2013 Procedures \u2013 Power, Technical University of Darmstadt, March 18-20, 2015.<\/li>\n\n\n\n<li>Reinhard, M. (2015)&nbsp;<strong>Der Topos der Grenze in der zeitgen\u00f6ssischen Philosophie<\/strong>. Conference TechnoSpaces. Persistence \u2013 Practices \u2013 Procedures \u2013 Power, Technical University of Darmstadt, March 18-20, 2015.<\/li>\n\n\n\n<li>Reinhard, M. (2014)&nbsp;<strong>Jacques Derrida\u2019s Project: Aporetology<\/strong>. IV. Derrida Today Conference, Fordham University New York City, May 28-31, 2014.<\/li>\n\n\n\n<li>Reinhard, M. (2014)&nbsp;<strong>Aporias<\/strong>. Spring School Visualizing the World \u2013 Making Sense of Our Environments, Royal Academy of Science Sweden, Abisko, June 2-6, 2014.<\/li>\n\n\n\n<li>Reinhard, M. (2012)&nbsp;<strong>Philosophie und ihre M\u00f6glichkeiten: Anmerkungen zur Geschichte der Modalit\u00e4t<\/strong>. Joint Research Colloquium of the Department of Education at University of Trier and the Department of Education at Helmut Schmidt University Hamburg, Hamburg, November 3-4, 2012.<\/li>\n<\/ul>\n<\/details>\n\n\n\n<details class=\"wp-block-details is-layout-flow wp-block-details-is-layout-flow\"><summary>Memberships and functions<\/summary>\n<ul class=\"wp-block-list\">\n<li>German Cultural Studies Association (member of the board of the &#8222;Knowledge Cultures&#8220; section)<\/li>\n\n\n\n<li>German Sociological Association<\/li>\n\n\n\n<li>World Future Studies Federation<\/li>\n<\/ul>\n<\/details>\n\n\n\n<details class=\"wp-block-details is-layout-flow wp-block-details-is-layout-flow\"><summary>Courses at Helmut Schmidt University<\/summary>\n<p><abbr title=\"Wintertrimester\">WT<\/abbr> 2026 Seminar <strong>Futures Studies \u2013 A Methods Workshop on Scenario Analysis (Part II: Applied Scenario Analysis)<\/strong><\/p>\n\n\n\n<p><abbr title=\"Wintertrimester\">WT<\/abbr> 2026 Seminar <strong>Futures Studies \u2013 A Methods Workshop on Scenario Analysis (Part I: Introduction to Futures Studies)<\/strong><\/p>\n\n\n\n<p><abbr title=\"Fr\u00fchjahrstrimester\">FT<\/abbr> 2025 Seminar <strong>The End of Illusions? Cultural Sociology of the Present<\/strong><\/p>\n\n\n\n<p><abbr title=\"Herbsttrimester\">HT<\/abbr> 2024 Seminar <strong>Michel Foucault&#8217;s \u201cThe Birth of Biopolitics\u201d &#8211; Reading the Sociological Classics<\/strong><\/p>\n\n\n\n<p><abbr title=\"Herbsttrimester\">HT<\/abbr> 2023 Seminar <strong>Sociology of the Future <strong>\u2013<\/strong> Theories, Methods, and Empirical Research (Part 2)<\/strong><\/p>\n\n\n\n<p><abbr title=\"Fr\u00fchjahrstrimester\">FT<\/abbr> 2023 Seminar <strong>Sociology of the Future <strong>\u2013<\/strong> Theories, Methods, and Empirical Research (Part 1)<\/strong><\/p>\n\n\n\n<p><abbr title=\"Herbsttrimester\">HT<\/abbr> 2022 Seminar <strong>Making Sense of Sense-Making <strong>\u2013<\/strong> Introduction to Qualitative Social Research (Part 2)<\/strong><\/p>\n\n\n\n<p><abbr title=\"Fr\u00fchjahrstrimester\">FT<\/abbr> 2022 Seminar <strong>Making Sense of Sense-Making <strong>\u2013<\/strong> Introduction to Qualitative Social Research (Part 1<\/strong>)<\/p>\n\n\n\n<p><abbr title=\"Herbsttrimester\">HT<\/abbr> 2021 Seminar<strong> Michel Foucault&#8217;s &#8222;Security, Territory, Population&#8220; <strong>\u2013<\/strong> Reading the Sociological Classics<\/strong><\/p>\n\n\n\n<p><abbr title=\"Wintertrimester\">WT<\/abbr> 2021 Seminar <strong>Bildung <strong>\u2013<\/strong><\/strong> <strong>Introduction to Philosophy of Education<\/strong><\/p>\n<\/details>\n\n\n\n<details class=\"wp-block-details is-layout-flow wp-block-details-is-layout-flow\"><summary>Awards and honours<\/summary>\n<ul class=\"wp-block-list\">\n<li>2013-2016: PhD Scholarship (German Research Foundation)<\/li>\n\n\n\n<li>2014-2015: Visiting Scholarship (Harvard University)<\/li>\n\n\n\n<li>2014-2015: Visiting Fellowship (University of Cambridge &#8211; rejected due to the above invitation)<\/li>\n\n\n\n<li>2011-2012: Undergraduate Scholarship (German Academic Scholarship Foundation)<\/li>\n<\/ul>\n<\/details>\n\n\n\n<p><\/p>\n","protected":false},"excerpt":{"rendered":"<p>Contact Information \u00a0 Room: 228, H4 E-Mail: manuel.reinhard@hsu-hh.de Visiting address Helmut-Schmidt-Universit\u00e4t Building H4 Holstenhofweg 85 22043 Hamburg Postal address Helmut-Schmidt-Universit\u00e4t Postfach 70 08 22 22008 Hamburg Personal Information:<\/p>\n","protected":false},"author":2723,"featured_media":0,"parent":110,"menu_order":0,"comment_status":"closed","ping_status":"closed","template":"","meta":{"footnotes":""},"categories":[7],"tags":[],"class_list":["post-1082","page","type-page","status-publish","hentry","category-research"],"_links":{"self":[{"href":"https:\/\/www.hsu-hh.de\/sozgov\/wp-json\/wp\/v2\/pages\/1082","targetHints":{"allow":["GET"]}}],"collection":[{"href":"https:\/\/www.hsu-hh.de\/sozgov\/wp-json\/wp\/v2\/pages"}],"about":[{"href":"https:\/\/www.hsu-hh.de\/sozgov\/wp-json\/wp\/v2\/types\/page"}],"author":[{"embeddable":true,"href":"https:\/\/www.hsu-hh.de\/sozgov\/wp-json\/wp\/v2\/users\/2723"}],"replies":[{"embeddable":true,"href":"https:\/\/www.hsu-hh.de\/sozgov\/wp-json\/wp\/v2\/comments?post=1082"}],"version-history":[{"count":78,"href":"https:\/\/www.hsu-hh.de\/sozgov\/wp-json\/wp\/v2\/pages\/1082\/revisions"}],"predecessor-version":[{"id":4470,"href":"https:\/\/www.hsu-hh.de\/sozgov\/wp-json\/wp\/v2\/pages\/1082\/revisions\/4470"}],"up":[{"embeddable":true,"href":"https:\/\/www.hsu-hh.de\/sozgov\/wp-json\/wp\/v2\/pages\/110"}],"wp:attachment":[{"href":"https:\/\/www.hsu-hh.de\/sozgov\/wp-json\/wp\/v2\/media?parent=1082"}],"wp:term":[{"taxonomy":"category","embeddable":true,"href":"https:\/\/www.hsu-hh.de\/sozgov\/wp-json\/wp\/v2\/categories?post=1082"},{"taxonomy":"post_tag","embeddable":true,"href":"https:\/\/www.hsu-hh.de\/sozgov\/wp-json\/wp\/v2\/tags?post=1082"}],"curies":[{"name":"wp","href":"https:\/\/api.w.org\/{rel}","templated":true}]}}