{"id":73,"date":"2017-07-03T15:52:08","date_gmt":"2017-07-03T13:52:08","guid":{"rendered":"https:\/\/www.hsu-hh.de\/schutz\/?page_id=73"},"modified":"2024-03-14T17:18:08","modified_gmt":"2024-03-14T16:18:08","slug":"startseite","status":"publish","type":"page","link":"https:\/\/www.hsu-hh.de\/schutz\/","title":{"rendered":"Professur f\u00fcr Schutzsysteme"},"content":{"rendered":"\n<div class=\"wp-block-columns is-layout-flex wp-container-core-columns-is-layout-9d6595d7 wp-block-columns-is-layout-flex\">\n<div class=\"wp-block-column is-vertically-aligned-center is-layout-flow wp-block-column-is-layout-flow\"><div class=\"wp-block-image\">\n<figure class=\"aligncenter size-large is-resized\"><a href=\"https:\/\/www.hsu-hh.de\/schutz\/mitarbeiter\/\"><img loading=\"lazy\" decoding=\"async\" width=\"1024\" height=\"576\" src=\"https:\/\/www.hsu-hh.de\/schutz\/wp-content\/uploads\/sites\/880\/2023\/06\/MicrosoftTeams-image-2-edited-1024x576.jpg\" data-credit=\"PS\" alt=\"\" class=\"wp-image-524\" style=\"width:auto;height:undefinedpx\"\/><\/a><\/figure>\n<\/div>\n\n\n<p class=\"has-text-align-center\" style=\"font-size:26px\"><strong>Team<\/strong><\/p>\n<\/div>\n\n\n\n<div class=\"wp-block-column is-vertically-aligned-center is-layout-flow wp-block-column-is-layout-flow\"><div class=\"wp-block-image\">\n<figure class=\"aligncenter size-large is-resized\"><a href=\"https:\/\/www.hsu-hh.de\/schutz\/forschung\/\"><img loading=\"lazy\" decoding=\"async\" width=\"1024\" height=\"575\" src=\"https:\/\/www.hsu-hh.de\/schutz\/wp-content\/uploads\/sites\/880\/2023\/10\/forschung-kachel-e1710317064454-1024x575.png\" data-credit=\"PS\" alt=\"Forschung Symbolbild\" class=\"wp-image-655\" style=\"width:auto;height:undefinedpx\"\/><\/a><\/figure>\n<\/div>\n\n\n<p class=\"has-text-align-center\" style=\"font-size:26px\"><strong>Forschung<\/strong><\/p>\n<\/div>\n<\/div>\n\n\n\n<div class=\"wp-block-columns is-layout-flex wp-container-core-columns-is-layout-9d6595d7 wp-block-columns-is-layout-flex\">\n<div class=\"wp-block-column is-layout-flow wp-block-column-is-layout-flow\" style=\"flex-basis:100%\">\n<div class=\"wp-block-columns is-layout-flex wp-container-core-columns-is-layout-9d6595d7 wp-block-columns-is-layout-flex\">\n<div class=\"wp-block-column is-layout-flow wp-block-column-is-layout-flow\"><div class=\"wp-block-image\">\n<figure class=\"aligncenter size-large is-resized\"><a href=\"https:\/\/www.hsu-hh.de\/schutz\/lehre\/\"><img loading=\"lazy\" decoding=\"async\" width=\"1024\" height=\"577\" src=\"https:\/\/www.hsu-hh.de\/schutz\/wp-content\/uploads\/sites\/880\/2023\/03\/pexels-chokniti-khongchum-2280549-edited-5-scaled-e1710317606547-1024x577.jpg\" data-credit=\"Rechtefrei \" alt=\"Reagenzgl\u00e4ser\" class=\"wp-image-371\" style=\"width:auto;height:undefinedpx\"\/><\/a><\/figure>\n<\/div>\n\n\n<p class=\"has-text-align-center\" style=\"font-size:26px\"><strong>Lehre<\/strong><\/p>\n<\/div>\n\n\n\n<div class=\"wp-block-column is-layout-flow wp-block-column-is-layout-flow\"><div class=\"wp-block-image\">\n<figure class=\"aligncenter size-large is-resized\"><a href=\"https:\/\/www.hsu-hh.de\/schutz\/labor\/\"><img loading=\"lazy\" decoding=\"async\" width=\"1024\" height=\"577\" src=\"https:\/\/www.hsu-hh.de\/schutz\/wp-content\/uploads\/sites\/880\/2023\/03\/pexels-chokniti-khongchum-2280549-edited-5-scaled-e1710317606547-1024x577.jpg\" data-credit=\"Rechtefrei \" alt=\"Reagenzgl\u00e4ser\" class=\"wp-image-371\" style=\"width:auto;height:undefinedpx\"\/><\/a><\/figure>\n<\/div>\n\n\n<p class=\"has-text-align-center\" style=\"font-size:26px\"><strong> Einrichtung und Leistungen<\/strong><\/p>\n<\/div>\n<\/div>\n<\/div>\n<\/div>\n\n\n\n<h2 class=\"wp-block-heading\">News<\/h2>\n\n\n\n<hr class=\"wp-block-separator has-alpha-channel-opacity\"\/>\n\n\n\n<p>27. November 2023 <strong>Neue Publikation zu Flie\u00dffl\u00e4chen von chiral-auxetischen Strukturen<\/strong><\/p>\n\n\n\n<p><a href=\"https:\/\/onlinelibrary.wiley.com\/doi\/10.1002\/adem.202300914\" rel='nofollow'>Numerical Prediction of the Yield Surface of a Chiral Auxetic Structure<\/a><\/p>\n\n\n\n<p>R. Kose, N. Novak, S. Grednev, Z. Ren, M. Vesenjak, A. Jung<\/p>\n\n\n\n<p>Advanced Engineering Materials 2300914 (1-16) (2023)<\/p>\n\n\n\n<p>21. \u2013 24. November 2023 <strong>Hopkinson Bar Facility (HopLab), JRC<\/strong><\/p>\n\n\n\n<p>Die Professur f\u00fcr Schutzsysteme nahm mit drei Personen am Hopkinson-Bar-Training am Joint Research Center (JRC) der Europ\u00e4ischen Kommission in Ispra, Italien teil. Der Workshop an der Hopkinson Bar Facility des European Laboratory for Structural Assessment (ELSA) war sehr interessant und vermittelte uns alle notwendigen Kenntnisse, um den Grundstein f\u00fcr unseren eigenen Split-Hopkinson-Pressure Bar in unserem Labor f\u00fcr dynamische Materialcharakterisierung an der <abbr title=\"Helmut Schmidt Universit\u00e4t\">HSU<\/abbr> zu legen.<\/p>\n\n\n\n<p>21. November 2023 <strong>Neue Publikation zu selbstheilenden Polymeren<\/strong><\/p>\n\n\n\n<p><a href=\"https:\/\/www.mdpi.com\/2079-4991\/13\/23\/2983\" rel='nofollow'>Self-Healing Iron Oxide Polyelectrolyte Nanocomposites: Influence of Particle Agglomeration and Water on Mechanical Properties<\/a><\/p>\n\n\n\n<p>B. Oberhausen, A. Plohl, B.J. Niebuur, S. Diebels, A. Jung, T. Kraus, G. Kickelbick<\/p>\n\n\n\n<p>Nanomaterials 13 (23), 2983 (2023)<\/p>\n\n\n\n<p>15. November 2023 <strong>Teilnahme an der OpenForce2023<\/strong><\/p>\n\n\n\n<p><abbr title=\"Professor\">Prof.<\/abbr> Jung und Lt. Lasse Behrens haben bei der diesj\u00e4hrigen OpenForce auf dem Sprengplatz des Truppen\u00fcbungsplatzes Munster teilgenommen. Unter der Leitung des Kampfmittelr\u00e4umdienstes Hamburg trafen sich nationale und internationale Kampfmittelr\u00e4umdienste zum Austausch zur Kampfmittelbeseitigung nach dem Low-Order-Verfahren. Beim EOD-Workshop wurden von kleineren Granaten bis zu 1000 lbs Bomben aus dem 2. Weltkrieg alles \u201ebeseitigt\u201c. &nbsp;Es war eine gelungene und interessante Veranstaltung. Danke an den Kampfmittelr\u00e4umdienst Hamburg f\u00fcr die Einladung.<\/p>\n\n\n\n<p>11. Oktober 2023 N<strong>eue Publikation zur KI-gest\u00fctzten Optimierung von auxetischen Strukturen<\/strong><\/p>\n\n\n\n<p><a href=\"https:\/\/ojs.cvut.cz\/ojs\/index.php\/APP\/article\/view\/9397\" rel='nofollow'>AI-assisted study of auxetic structures<\/a><\/p>\n\n\n\n<p>S. Grednev, H.S. Steude, S. Bronder, O. Niggemann, A. Jung<\/p>\n\n\n\n<p>Acta Polytechnica CTU Proceedings 42, 32-36 (2023)<\/p>\n\n\n\n<p>11. Oktober 2023 <strong>Neue Publikation Multimaterial-Auxetischen Strukturen<\/strong><\/p>\n\n\n\n<p><a href=\"https:\/\/dspace.cvut.cz\/handle\/10467\/112796\" rel='nofollow'>Simulation of a multimaterial model for modified auxetic structures<\/a><\/p>\n\n\n\n<p>A. Engel, A. Jung<\/p>\n\n\n\n<p>Acta Polytechnica CTU Proceedings 42, 12-16 (2023)<\/p>\n\n\n\n<div style=\"height:41px\" aria-hidden=\"true\" class=\"wp-block-spacer\"><\/div>\n\n\n\n<p><a href=\"https:\/\/www.hsu-hh.de\/schutz\/newsarchiv\/\" data-type=\"page\" data-id=\"664\">Newsarchiv<\/a><\/p>\n\n\n\n<div style=\"height:100px\" aria-hidden=\"true\" class=\"wp-block-spacer\"><\/div>\n\n\n\n<h2 class=\"wp-block-heading\">Stellenausschreibungen<\/h2>\n\n\n\n<hr class=\"wp-block-separator has-alpha-channel-opacity\"\/>\n\n\n\n<p>F\u00fcr Stellen als soldatische oder studentische Hilfskr\u00e4fte sowie f\u00fcr Abschlussarbeiten sprechen sie uns gerne pers\u00f6nlich an.<\/p>\n","protected":false},"excerpt":{"rendered":"<p>Team Forschung Lehre Einrichtung und Leistungen News 27. November 2023 Neue Publikation zu Flie\u00dffl\u00e4chen von chiral-auxetischen Strukturen Numerical Prediction of the Yield Surface of a Chiral Auxetic Structure R. Kose, [&hellip;]<\/p>\n","protected":false},"author":26,"featured_media":0,"parent":0,"menu_order":0,"comment_status":"closed","ping_status":"closed","template":"","meta":{"footnotes":""},"categories":[35],"tags":[51,49],"class_list":["post-73","page","type-page","status-publish","hentry","category-startseite","tag-anne-jung","tag-schutz"],"_links":{"self":[{"href":"https:\/\/www.hsu-hh.de\/schutz\/wp-json\/wp\/v2\/pages\/73","targetHints":{"allow":["GET"]}}],"collection":[{"href":"https:\/\/www.hsu-hh.de\/schutz\/wp-json\/wp\/v2\/pages"}],"about":[{"href":"https:\/\/www.hsu-hh.de\/schutz\/wp-json\/wp\/v2\/types\/page"}],"author":[{"embeddable":true,"href":"https:\/\/www.hsu-hh.de\/schutz\/wp-json\/wp\/v2\/users\/26"}],"replies":[{"embeddable":true,"href":"https:\/\/www.hsu-hh.de\/schutz\/wp-json\/wp\/v2\/comments?post=73"}],"version-history":[{"count":50,"href":"https:\/\/www.hsu-hh.de\/schutz\/wp-json\/wp\/v2\/pages\/73\/revisions"}],"predecessor-version":[{"id":913,"href":"https:\/\/www.hsu-hh.de\/schutz\/wp-json\/wp\/v2\/pages\/73\/revisions\/913"}],"wp:attachment":[{"href":"https:\/\/www.hsu-hh.de\/schutz\/wp-json\/wp\/v2\/media?parent=73"}],"wp:term":[{"taxonomy":"category","embeddable":true,"href":"https:\/\/www.hsu-hh.de\/schutz\/wp-json\/wp\/v2\/categories?post=73"},{"taxonomy":"post_tag","embeddable":true,"href":"https:\/\/www.hsu-hh.de\/schutz\/wp-json\/wp\/v2\/tags?post=73"}],"curies":[{"name":"wp","href":"https:\/\/api.w.org\/{rel}","templated":true}]}}