{"id":664,"date":"2023-10-13T09:48:00","date_gmt":"2023-10-13T07:48:00","guid":{"rendered":"https:\/\/www.hsu-hh.de\/schutz\/?page_id=664"},"modified":"2023-12-05T13:24:02","modified_gmt":"2023-12-05T12:24:02","slug":"newsarchiv","status":"publish","type":"page","link":"https:\/\/www.hsu-hh.de\/schutz\/newsarchiv\/","title":{"rendered":"Newsarchiv"},"content":{"rendered":"\n<p>25.\/26. Oktober 2023 <strong>44. Panzertechnisches Kolloquium<\/strong><\/p>\n\n\n\n<p>Die Professur f\u00fcr Schutzsysteme war Gastgeber f\u00fcr das 44. Panzertechnische Kolloquium (PTK) an der <abbr title=\"Helmut Schmidt Universit\u00e4t\">HSU<\/abbr>. Mit 110 Teilnehmern aus allen Bereichen der Industrie und Forschung sowie Teilnehmern von mehreren Bundeswehrdienststellen, war das 44. PTK nach der Corona-Pause ein durchschlagender Erfolg. Es gab ein tolles Programm mit interessanten Vortr\u00e4gen und vielen Diskussionen.<\/p>\n\n\n\n<p>04. Oktober 2023 <strong>Besuch der ENSTA Bretagne<\/strong><\/p>\n\n\n\n<p>ENSTA Bretagne und <abbr title=\"Helmut Schmidt Universit\u00e4t\">HSU<\/abbr>\/UniBw H intensivieren ihre Kooperation in ihren Studienprogrammen \u201eMilitary Engineering\u201c (ENSTA Bretagne) und Engineering Science: Defence Systems\u201c (<abbr title=\"Helmut Schmidt Universit\u00e4t\">HSU<\/abbr>\/UniBw H). <abbr title=\"Professor\">Prof.<\/abbr> <abbr title=\"Doktor\">Dr.<\/abbr>&#8211;<abbr title=\"Ingenieur\">Ing.<\/abbr> <abbr title=\"Doktor\">Dr.<\/abbr> <abbr title=\"rerum\">rer.<\/abbr> nat. Anne Jung begr\u00fc\u00dft unsere G\u00e4ste von der ENSTA Bretagne, Herrn Thibault Cassin und Herrn Zacharie Malicoutis.<\/p>\n\n\n\n<p>25. \u2013 27. September <strong>Klausurtagung der Professur in Torfhaus im Harz<\/strong><\/p>\n\n\n\n<p>Die Professur f\u00fcr Schutzsysteme hat ihre diesj\u00e4hrige Klausurtagung mit vielen Vortr\u00e4gen der Doktoranden und gemeinsamen Diskussionen zu Lehre und Forschung am Lehrstuhl in der Jugendherberge in Torfhaus im Harz durchgef\u00fchrt. Die Klausurtagung war ein voller Erfolg und lie\u00df neben dem wissenschaftlichen Programm noch genug Zeit zum Reflektieren in der ruhigen Natur.<\/p>\n\n\n\n<p>18.- 20. September <strong>Teilnahme am 15. Kontinuumsmechanikworkshop im Odenwald<\/strong><\/p>\n\n\n\n<p>Die Professur f\u00fcr Schutzsysteme hat traditionell am 15. Kontinuumsmechanikworkshop teilgenommen. Diesmal fand der Workshop am Odenwald-Institut statt. Es gab einen regen und produktiven Austausch zu Numerischer und Experimenteller Mechanik.<\/p>\n\n\n\n<p>14. September 2023 <strong>Sommergrillen der Professur<\/strong><\/p>\n\n\n\n<p>Die Professur f\u00fcr Schutzsysteme feiert ihren gelungenen Start in Hamburg mit einem kleinen, gemeinsamen Grillfest am Campus.<\/p>\n\n\n\n<p>1. September 2023 <strong>Bewilligung von Projekt im Rahmen des TTP-Leichtbau<\/strong><\/p>\n\n\n\n<p>Das Bundesministerium f\u00fcr Bundesministerium f\u00fcr Wirtschaft und Klimaschutz (BMWK) bewilligt im Rahmen des Technologie-Transfer-Programm-Leichtbau (TTP-Leichtbau) das Verbundvorhaben \u201eHSF \u2013 Neuartige F\u00fcgetechnik f\u00fcr leichte Impakt-Strukturen aus Hybridsch\u00e4umen\u201c. Hierin forscht die Professur f\u00fcr Schutzsysteme im Teilvorhaben \u201eEntwicklung und mechanische Charakterisierung der Anbindungskonzepte\u201c &nbsp;nach einer F\u00fcgetechnologie f\u00fcr Hybridmetallsch\u00e4ume, die in zwei Use Cases als mobile Blastschutzw\u00e4nde und Blastschutzfassaden angewendet werden sollen. Der Verbund setzt sich zusammen aus Partnern aus dem Bereich der Galvanikindustrie, dem Fassadenbau, der Zerst\u00f6rungsfreien Pr\u00fcfung, dem Kampfmittelr\u00e4umdienst der Freien und Hansestadt Hamburg sowie der Universit\u00e4t des Saarlandes.<\/p>\n\n\n\n<p>1. September 2023 <strong>Promotion von Stefan Bronder<\/strong><\/p>\n\n\n\n<p>Unser langj\u00e4hriger Mitarbeiter Stefan Bronder verteidigte erfolgreich seine Dissertation zum Thema Optimisation of mechanical Metamaterials using Machine Learning \u2013 Establishing a new Workflow. Wir gratulieren Stefan ganz herzlich zur bestandenen Promotion und zum <abbr title=\"Doktor\">Dr.<\/abbr>&#8211;<abbr title=\"Ingenieur\">Ing.<\/abbr><\/p>\n\n\n\n<p>30. August 2023 <strong>Lt. Paul Knauth verteidigt erfolgreich seine Masterarbeit<\/strong><\/p>\n\n\n\n<p>Lt. Paul Knauth hat den Vortrag zu seiner Masterarbeit zum Thema \u201eBallistic Response of<\/p>\n\n\n\n<p>3D-printed auxetic structures\u201c &nbsp;erfolgreich pr\u00e4sentiert. Er stellte seine Arbeit in Kooperation mit dem Deutsch-Franz\u00f6sischen Forschungsinstitut in Saint-Louis (ISL), Frankreich und der Impact Dynamics Group der University of New South Wales in Canberra, Australien, vor.<\/p>\n\n\n\n<p>Juli\/August 2023<strong> Start des Labors f\u00fcr Kurzzeitdynamik<\/strong><\/p>\n\n\n\n<p>Mit der Aufstellung und Inbetriebnahme unseres neuen Fallwerks mit Hochenergiesystem der Fa. Instron hat der Aufbau des Labors f\u00fcr Kurzzeitdynamik der Professur f\u00fcr Schutzsysteme begonnen. In den folgenden Jahren sollen unterschiedliche Split-Hopkinson-Pressure-, Tension- und Torsion-Bars sowie eine Taylor Gun hinzukommen.<\/p>\n\n\n\n<p>02. \u2013 07. Juli <strong>Teilnahme an der International Conference on Advanced Computational Engineering and Experimenting (ACEX 2023) in Heraklion, Kreta<\/strong><\/p>\n\n\n\n<p>Die Professur f\u00fcr Schutzsysteme hat mit 3 Personen erfolgreich an der diesj\u00e4hrigen ACEX 2023 auf Kreta teilgenommen. &nbsp;Professor Anne Jung organisierte gemeinsam Herrn <abbr title=\"Privatdozent\">PD<\/abbr> <abbr title=\"Doktor\">Dr.<\/abbr>-Ing Christian Jochum von der ENSTA Bretagne die Special Session 6: Composites and Cellular Materials: Experimental Techniques and Modelling Challenges. Nicht nur die Special Session, sondern die ganze Konferenz war ein voller Erfolg. Neben erstklassigen Diskussionen konnten viele neue Kontakte und Kooperationen gekn\u00fcpft werden.<\/p>\n\n\n\n<p>11. \u2013 14. Juni 2023 <strong>Teilnahme am 18th Youth Symposium on Experimental Solid Mechanics (YSESM 2023) in Telc, Tschechien<\/strong><\/p>\n\n\n\n<p>Die Professur f\u00fcr Schutzsysteme hat mit drei Doktoranden am YSESM in Tschechien teilgenommen. Es war eine gelungene Veranstaltung, bei der junge Doktoranden ihre Ergebnisse international in lockerem Umfeld diskutieren und neue Kontakte kn\u00fcpfen konnten. Vielen Dank an unsere Freunde von der CTU in Prague f\u00fcr die tolle Organisation.<\/p>\n\n\n\n<p>01. Juni 2023 <strong>Umzug der Professur zum Stadtrand 50<\/strong><\/p>\n\n\n\n<p>Die Professur f\u00fcr Schutzsysteme ist nach bisher provisorischer Unterbringung am Campus Nord als erste Professur der <abbr title=\"Helmut Schmidt Universit\u00e4t\">HSU<\/abbr> mit ihren B\u00fcros endlich an den neuen Campus am Stadtrand 50 gezogen.<\/p>\n\n\n\n<p>16. Mai 2023 <strong>Exkursion zum Kampfmittelr\u00e4umdienst der Freien und Hansestadt Hamburg<\/strong><\/p>\n\n\n\n<p>Gemeinsame Exkursion der Professur f\u00fcr Schutzsysteme und der Engineering Science Studierenden der Vorlesung Protection for Construction II zum Kampfmittelr\u00e4umdienst der Freien und Hansestadt Hamburg<\/p>\n\n\n\n<p>02. Mai bis 20. August 2023 <strong>Praktikantinnen der ENSTA Bretagne<\/strong><\/p>\n\n\n\n<p>Die Professur f\u00fcr Schutzsysteme begr\u00fc\u00dft zwei Studentinnen der ENSTA Bretagne in Brest als Praktikantinnen an der <abbr title=\"Helmut Schmidt Universit\u00e4t\">HSU<\/abbr>.<\/p>\n\n\n\n<p>03. Mai 2023 <strong>Campusrundgang auch aufs Dach des H1-Geb\u00e4udes der <abbr title=\"Helmut Schmidt Universit\u00e4t\">HSU<\/abbr><\/strong><\/p>\n\n\n\n<p>Die Professur f\u00fcr Schutzsysteme bekommt von Herrn Bohn, Leiter Dezernat I 2 \u2013 Infrastrukturangelegenheiten eine F\u00fchrung \u00fcber den Campus mit Besuch der \u201eKatakomben\u201c der <abbr title=\"Helmut Schmidt Universit\u00e4t\">HSU<\/abbr> und des Dachs des H1-Geb\u00e4udes. Vielen Dank an Herr Bohn f\u00fcr die interessanten Einblicke.<\/p>\n\n\n\n<p>02. Januar 2023 <strong>Start der Professur f\u00fcr Schutzsysteme<\/strong><\/p>\n\n\n\n<p>Die neueingerichtete Professur f\u00fcr Schutzsysteme von <abbr title=\"Professor\">Prof.<\/abbr> Anne Jung tritt mit sechs Mitarbeitern aus dem Saarland ihren Dienst an.<\/p>\n\n\n\n<p><\/p>\n\n\n\n<p><\/p>\n\n\n\n<p><\/p>\n\n\n\n<p><\/p>\n\n\n\n<p><\/p>\n\n\n\n<p><\/p>\n\n\n\n<p><\/p>\n\n\n\n<p><\/p>\n\n\n\n<p><\/p>\n\n\n\n<p><\/p>\n\n\n\n<p><\/p>\n\n\n\n<p><\/p>\n\n\n\n<p><\/p>\n","protected":false},"excerpt":{"rendered":"<p>25.\/26. Oktober 2023 44. Panzertechnisches Kolloquium Die Professur f\u00fcr Schutzsysteme war Gastgeber f\u00fcr das 44. Panzertechnische Kolloquium (PTK) an der HSU. Mit 110 Teilnehmern aus allen Bereichen der Industrie und [&hellip;]<\/p>\n","protected":false},"author":3614,"featured_media":0,"parent":0,"menu_order":0,"comment_status":"closed","ping_status":"closed","template":"","meta":{"footnotes":""},"categories":[4],"tags":[],"class_list":["post-664","page","type-page","status-publish","hentry","category-forschung"],"_links":{"self":[{"href":"https:\/\/www.hsu-hh.de\/schutz\/wp-json\/wp\/v2\/pages\/664","targetHints":{"allow":["GET"]}}],"collection":[{"href":"https:\/\/www.hsu-hh.de\/schutz\/wp-json\/wp\/v2\/pages"}],"about":[{"href":"https:\/\/www.hsu-hh.de\/schutz\/wp-json\/wp\/v2\/types\/page"}],"author":[{"embeddable":true,"href":"https:\/\/www.hsu-hh.de\/schutz\/wp-json\/wp\/v2\/users\/3614"}],"replies":[{"embeddable":true,"href":"https:\/\/www.hsu-hh.de\/schutz\/wp-json\/wp\/v2\/comments?post=664"}],"version-history":[{"count":7,"href":"https:\/\/www.hsu-hh.de\/schutz\/wp-json\/wp\/v2\/pages\/664\/revisions"}],"predecessor-version":[{"id":833,"href":"https:\/\/www.hsu-hh.de\/schutz\/wp-json\/wp\/v2\/pages\/664\/revisions\/833"}],"wp:attachment":[{"href":"https:\/\/www.hsu-hh.de\/schutz\/wp-json\/wp\/v2\/media?parent=664"}],"wp:term":[{"taxonomy":"category","embeddable":true,"href":"https:\/\/www.hsu-hh.de\/schutz\/wp-json\/wp\/v2\/categories?post=664"},{"taxonomy":"post_tag","embeddable":true,"href":"https:\/\/www.hsu-hh.de\/schutz\/wp-json\/wp\/v2\/tags?post=664"}],"curies":[{"name":"wp","href":"https:\/\/api.w.org\/{rel}","templated":true}]}}