{"id":604,"date":"2023-10-02T09:08:11","date_gmt":"2023-10-02T07:08:11","guid":{"rendered":"https:\/\/www.hsu-hh.de\/schutz\/?page_id=604"},"modified":"2023-10-04T13:48:36","modified_gmt":"2023-10-04T11:48:36","slug":"chronologischer-lebenslauf","status":"publish","type":"page","link":"https:\/\/www.hsu-hh.de\/schutz\/chronologischer-lebenslauf\/","title":{"rendered":"Prof. Dr.-Ing. Dr. rer. nat. Anne Jung"},"content":{"rendered":"\n<div class=\"wp-block-columns is-layout-flex wp-container-core-columns-is-layout-9d6595d7 wp-block-columns-is-layout-flex\">\n<div class=\"wp-block-column is-layout-flow wp-block-column-is-layout-flow\" style=\"flex-basis:33.33%\">\n<p>01\/2023 \u2013 heute&nbsp;&nbsp;<\/p>\n<\/div>\n\n\n\n<div class=\"wp-block-column is-layout-flow wp-block-column-is-layout-flow\" style=\"flex-basis:66.66%\">\n<p><strong>W3-Professorin f\u00fcr Schutzsysteme<\/strong> (Helmut-Schmidt-Universit\u00e4t\/ Universit\u00e4t der Bundeswehr Hamburg)<\/p>\n<\/div>\n<\/div>\n\n\n\n<div class=\"wp-block-columns is-layout-flex wp-container-core-columns-is-layout-9d6595d7 wp-block-columns-is-layout-flex\">\n<div class=\"wp-block-column is-layout-flow wp-block-column-is-layout-flow\" style=\"flex-basis:33.33%\">\n<p>01.01.2023<\/p>\n<\/div>\n\n\n\n<div class=\"wp-block-column is-layout-flow wp-block-column-is-layout-flow\" style=\"flex-basis:66.66%\">\n<p>Ernennung zur <strong>W3-Professorin f\u00fcr Schutzsysteme<\/strong> an der Helmut-Schmidt-Universit\u00e4t\/ Universit\u00e4t der Bundeswehr Hamburg<\/p>\n<\/div>\n<\/div>\n\n\n\n<div class=\"wp-block-columns is-layout-flex wp-container-core-columns-is-layout-9d6595d7 wp-block-columns-is-layout-flex\">\n<div class=\"wp-block-column is-layout-flow wp-block-column-is-layout-flow\" style=\"flex-basis:33.33%\">\n<p>06\/2021 \u2013 12\/2022<br><\/p>\n<\/div>\n\n\n\n<div class=\"wp-block-column is-layout-flow wp-block-column-is-layout-flow\" style=\"flex-basis:66.66%\">\n<p>Lehrstuhl f\u00fcr Technische Mechanik (Universit\u00e4t des Saarlandes) <strong>Akademische R\u00e4tin auf Lebenszeit <\/strong>(unbefristet)<\/p>\n<\/div>\n<\/div>\n\n\n\n<div class=\"wp-block-columns is-layout-flex wp-container-core-columns-is-layout-9d6595d7 wp-block-columns-is-layout-flex\">\n<div class=\"wp-block-column is-layout-flow wp-block-column-is-layout-flow\" style=\"flex-basis:100%\">\n<div class=\"wp-block-columns is-layout-flex wp-container-core-columns-is-layout-9d6595d7 wp-block-columns-is-layout-flex\">\n<div class=\"wp-block-column is-layout-flow wp-block-column-is-layout-flow\" style=\"flex-basis:33.33%\">\n<p>01\/2021 \u2013 12\/2022<br><\/p>\n<\/div>\n\n\n\n<div class=\"wp-block-column is-layout-flow wp-block-column-is-layout-flow\" style=\"flex-basis:66.66%\">\n<p><strong>Leiterin der Arbeitsgruppe<\/strong> <strong>\u201eSch\u00e4ume und Metamaterialien\u201c<\/strong><br>Lehrstuhl f\u00fcr Technische Mechanik (Universit\u00e4t des Saarlandes)<\/p>\n<\/div>\n<\/div>\n<\/div>\n<\/div>\n\n\n\n<div class=\"wp-block-columns is-layout-flex wp-container-core-columns-is-layout-9d6595d7 wp-block-columns-is-layout-flex\">\n<div class=\"wp-block-column is-layout-flow wp-block-column-is-layout-flow\" style=\"flex-basis:33.33%\">\n<p>06.01.2021<\/p>\n<\/div>\n\n\n\n<div class=\"wp-block-column is-layout-flow wp-block-column-is-layout-flow\" style=\"flex-basis:66.66%\">\n<p>Ernennung zur <strong>apl. Professorin<\/strong> der Universit\u00e4t des Saarlandes<\/p>\n<\/div>\n<\/div>\n\n\n\n<div class=\"wp-block-columns is-layout-flex wp-container-core-columns-is-layout-9d6595d7 wp-block-columns-is-layout-flex\">\n<div class=\"wp-block-column is-layout-flow wp-block-column-is-layout-flow\" style=\"flex-basis:33.33%\">\n<p>06\/2020 \u2013 05\/2021<br><\/p>\n<\/div>\n\n\n\n<div class=\"wp-block-column is-layout-flow wp-block-column-is-layout-flow\" style=\"flex-basis:66.66%\">\n<p>Lehrstuhl f\u00fcr Technische Mechanik (Universit\u00e4t des Saarlandes) <strong>Akademische R\u00e4tin auf Probe <\/strong>(unbefristet)<\/p>\n<\/div>\n<\/div>\n\n\n\n<div class=\"wp-block-columns is-layout-flex wp-container-core-columns-is-layout-9d6595d7 wp-block-columns-is-layout-flex\">\n<div class=\"wp-block-column is-layout-flow wp-block-column-is-layout-flow\" style=\"flex-basis:33.33%\">\n<p>09\/2019 \u2013 06\/2020<br><\/p>\n<\/div>\n\n\n\n<div class=\"wp-block-column is-layout-flow wp-block-column-is-layout-flow\" style=\"flex-basis:66.66%\">\n<p>Lehrstuhl f\u00fcr Technische Mechanik (Universit\u00e4t des Saarlandes) <strong>Akademische Oberr\u00e4tin auf Zeit<\/strong><\/p>\n<\/div>\n<\/div>\n\n\n\n<div class=\"wp-block-columns is-layout-flex wp-container-core-columns-is-layout-9d6595d7 wp-block-columns-is-layout-flex\">\n<div class=\"wp-block-column is-layout-flow wp-block-column-is-layout-flow\" style=\"flex-basis:33.33%\">\n<p>12.05.2017<\/p>\n<\/div>\n\n\n\n<div class=\"wp-block-column is-layout-flow wp-block-column-is-layout-flow\" style=\"flex-basis:66.66%\">\n<p>Antrittsvorlesung und Besch\u00e4ftigung als <strong>Privatdozentin<\/strong> mit Verleihung der Venia Legendi in Mechanik (Universit\u00e4t des Saarlandes)<\/p>\n<\/div>\n<\/div>\n\n\n\n<div class=\"wp-block-columns is-layout-flex wp-container-core-columns-is-layout-9d6595d7 wp-block-columns-is-layout-flex\">\n<div class=\"wp-block-column is-layout-flow wp-block-column-is-layout-flow\" style=\"flex-basis:33.33%\">\n<p>04\/2017 \u2013 09\/2017<br><\/p>\n<\/div>\n\n\n\n<div class=\"wp-block-column is-layout-flow wp-block-column-is-layout-flow\" style=\"flex-basis:66.66%\">\n<p><strong>Vertretung der Lehrstuhlleitung<\/strong> am Lehrstuhl f\u00fcr Technische Mechanik, Universit\u00e4t des Saarlandes, w\u00e4hrend Freisemester des Lehrstuhlinhabers <abbr title=\"Professor\">Prof.<\/abbr> <abbr title=\"Doktor\">Dr.<\/abbr>&#8211;<abbr title=\"Ingenieur\">Ing.<\/abbr> S. Diebels<\/p>\n<\/div>\n<\/div>\n\n\n\n<div class=\"wp-block-columns is-layout-flex wp-container-core-columns-is-layout-9d6595d7 wp-block-columns-is-layout-flex\">\n<div class=\"wp-block-column is-layout-flow wp-block-column-is-layout-flow\" style=\"flex-basis:33.33%\">\n<p>11\/2014 \u2013 01\/2021<br><\/p>\n<\/div>\n\n\n\n<div class=\"wp-block-column is-layout-flow wp-block-column-is-layout-flow\" style=\"flex-basis:66.66%\">\n<p><strong>Nachwuchsgruppenleiterin<\/strong> <strong>f\u00fcr \u201eZellul\u00e4re Werkstoffe und mikromechanische Testung\u201c <\/strong>Lehrstuhl f\u00fcr Technische Mechanik (Universit\u00e4t des Saarlandes)<\/p>\n<\/div>\n<\/div>\n\n\n\n<div class=\"wp-block-columns is-layout-flex wp-container-core-columns-is-layout-9d6595d7 wp-block-columns-is-layout-flex\">\n<div class=\"wp-block-column is-layout-flow wp-block-column-is-layout-flow\" style=\"flex-basis:33.33%\">\n<p>02\/2014 \u2013 05\/2017<br><\/p>\n<\/div>\n\n\n\n<div class=\"wp-block-column is-layout-flow wp-block-column-is-layout-flow\" style=\"flex-basis:66.66%\">\n<p><strong>Habilitation<\/strong> zur Erlangung der Venia Legendi<br>Habilitationsschrift \u201eCellular Materials: Structure-Property Relationships and Mechanical Modelling\u201c<\/p>\n<\/div>\n<\/div>\n\n\n\n<div class=\"wp-block-columns is-layout-flex wp-container-core-columns-is-layout-9d6595d7 wp-block-columns-is-layout-flex\">\n<div class=\"wp-block-column is-layout-flow wp-block-column-is-layout-flow\" style=\"flex-basis:33.33%\">\n<p>09\/2013 \u2013 08\/2019<\/p>\n<\/div>\n\n\n\n<div class=\"wp-block-column is-layout-flow wp-block-column-is-layout-flow\" style=\"flex-basis:66.66%\">\n<p>Lehrstuhl f\u00fcr Technische Mechanik (Universit\u00e4t des Saarlandes) <strong>Akademische R\u00e4tin auf Zeit<\/strong><\/p>\n<\/div>\n<\/div>\n\n\n\n<div class=\"wp-block-columns is-layout-flex wp-container-core-columns-is-layout-9d6595d7 wp-block-columns-is-layout-flex\">\n<div class=\"wp-block-column is-layout-flow wp-block-column-is-layout-flow\" style=\"flex-basis:33.33%\">\n<p>22.02.2013<\/p>\n<\/div>\n\n\n\n<div class=\"wp-block-column is-layout-flow wp-block-column-is-layout-flow\" style=\"flex-basis:66.66%\">\n<p>Erlangung des <strong>Doktorgrades<\/strong> (<abbr title=\"Doktor\">Dr.<\/abbr> <abbr title=\"rerum\">rer.<\/abbr> nat., \u201emagna cum laude\u201c)<\/p>\n<\/div>\n<\/div>\n\n\n\n<div class=\"wp-block-columns is-layout-flex wp-container-core-columns-is-layout-9d6595d7 wp-block-columns-is-layout-flex\">\n<div class=\"wp-block-column is-layout-flow wp-block-column-is-layout-flow\" style=\"flex-basis:33.33%\">\n<p>01\/2013 \u2013 08\/2013<br><\/p>\n<\/div>\n\n\n\n<div class=\"wp-block-column is-layout-flow wp-block-column-is-layout-flow\" style=\"flex-basis:66.66%\">\n<p>Lehrstuhl f\u00fcr Technische Mechanik (Universit\u00e4t des Saarlandes) <strong>Post-Doc<\/strong>, <strong>Wissenschaftliche Mitarbeiterin<\/strong><br>Numerische Simulation und mechanische Charakterisierung von  Schaummaterialien<\/p>\n<\/div>\n<\/div>\n\n\n\n<div class=\"wp-block-columns is-layout-flex wp-container-core-columns-is-layout-9d6595d7 wp-block-columns-is-layout-flex\">\n<div class=\"wp-block-column is-layout-flow wp-block-column-is-layout-flow\" style=\"flex-basis:33.33%\">\n<p>01\/2012 \u2013 12\/2012<br><\/p>\n<\/div>\n\n\n\n<div class=\"wp-block-column is-layout-flow wp-block-column-is-layout-flow\" style=\"flex-basis:66.66%\">\n<p>Zentrum f\u00fcr Mechatronik und Automatisierungstechnik (ZeMA gGmbH) <strong>Post-Doc<\/strong>, <strong>Wissenschaftliche Mitarbeiterin<\/strong><br>Forschung im Rahmen des Projektes ProQ<sup>2<\/sup> (Europ\u00e4ischer Fonds f\u00fcr &nbsp;&nbsp; regionale Entwicklung EFRE), Teilprojekt Smart Tubes<br><em>System f\u00fcr die Online-Erfassung von Sch\u00e4digungen an Rohren durch &nbsp; Korrosion oder abrassive Medien in der \u00d6l- und Gasindustrie<\/em><\/p>\n<\/div>\n<\/div>\n\n\n\n<div class=\"wp-block-columns is-layout-flex wp-container-core-columns-is-layout-9d6595d7 wp-block-columns-is-layout-flex\">\n<div class=\"wp-block-column is-layout-flow wp-block-column-is-layout-flow\" style=\"flex-basis:33.33%\">\n<p>19.01.2012<\/p>\n<\/div>\n\n\n\n<div class=\"wp-block-column is-layout-flow wp-block-column-is-layout-flow\" style=\"flex-basis:66.66%\">\n<p>Erlangung des <strong>Doktorgrades<\/strong> (<abbr title=\"Doktor\">Dr.<\/abbr>&#8211;<abbr title=\"Ingenieur\">Ing.<\/abbr>, \u201esumma cum laude\u201c)<\/p>\n<\/div>\n<\/div>\n\n\n\n<div class=\"wp-block-columns is-layout-flex wp-container-core-columns-is-layout-9d6595d7 wp-block-columns-is-layout-flex\">\n<div class=\"wp-block-column is-layout-flow wp-block-column-is-layout-flow\" style=\"flex-basis:33.33%\">\n<p>12\/2010 \u2013 12\/2011&nbsp;<br> und<br>10\/2007 \u2013 05\/2009<\/p>\n<\/div>\n\n\n\n<div class=\"wp-block-column is-layout-flow wp-block-column-is-layout-flow\" style=\"flex-basis:66.66%\">\n<p>Transferzentrum f\u00fcr Nano-Elektrochemie (Universit\u00e4t des Saarlandes) Lehrstuhl f\u00fcr Technische Mechanik (Universit\u00e4t des Saarlandes) <strong>Wissenschaftliche Mitarbeiterin<\/strong><br>Forschung und Entwicklung im Rahmen eines Universit\u00e4tsprojektes und eines Industrieprojektes<\/p>\n\n\n\n<ul class=\"wp-block-list\">\n<li><em>Galvanische Beschichtung und Charakterisierung von Metallsch\u00e4umen (Kooperation mit Deutsch-Franz\u00f6sischem Forschungsinstitut Saint-Louis (ISL), Saint-Louis, Frankreich)<\/em><\/li>\n\n\n\n<li><em>Galvanoformen 21 (BFS-Projekt, Bayerische Forschungsstiftung)<\/em><\/li>\n<\/ul>\n<\/div>\n<\/div>\n\n\n\n<div class=\"wp-block-columns is-layout-flex wp-container-core-columns-is-layout-9d6595d7 wp-block-columns-is-layout-flex\">\n<div class=\"wp-block-column is-layout-flow wp-block-column-is-layout-flow\" style=\"flex-basis:33.33%\">\n<p>06\/2009 \u2013 11\/2010<br><\/p>\n<\/div>\n\n\n\n<div class=\"wp-block-column is-layout-flow wp-block-column-is-layout-flow\" style=\"flex-basis:66.66%\">\n<p>Deutsch-Franz\u00f6sisches Forschungsinstitut Saint-Louis (ISL), Frankreich <strong>Wissenschaftliche Mitarbeiterin<\/strong><br>Forschung und Entwicklung im Bereich der statischen und dynamischen Charakterisierung von Metallsch\u00e4umen (Koordination <abbr title=\"Doktor\">Dr.<\/abbr>&#8211;<abbr title=\"Ingenieur\">Ing.<\/abbr> E. Lach)<\/p>\n<\/div>\n<\/div>\n\n\n\n<div class=\"wp-block-columns is-layout-flex wp-container-core-columns-is-layout-9d6595d7 wp-block-columns-is-layout-flex\">\n<div class=\"wp-block-column is-layout-flow wp-block-column-is-layout-flow\" style=\"flex-basis:33.33%\">\n<p>02\/2009 \u2013 09\/2011<br><\/p>\n<\/div>\n\n\n\n<div class=\"wp-block-column is-layout-flow wp-block-column-is-layout-flow\" style=\"flex-basis:66.66%\">\n<p><strong>Promotion <\/strong>zur Erlangung des Grades Doktor der Ingenieurwissenschaften am Lehrstuhl von Herrn <abbr title=\"Professor\">Prof.<\/abbr> <abbr title=\"Doktor\">Dr.<\/abbr>&#8211;<abbr title=\"Ingenieur\">Ing.<\/abbr> S. Diebels, Technische Mechanik (Universit\u00e4t des Saarlandes)<br><strong>Dissertation<\/strong> <em>\u201eOffenporige, nanobeschichtete Hybrid-Metallsch\u00e4ume \u2013 Herstellung und mechanische Eigenschaften\u201c<\/em><\/p>\n<\/div>\n<\/div>\n\n\n\n<div class=\"wp-block-columns is-layout-flex wp-container-core-columns-is-layout-9d6595d7 wp-block-columns-is-layout-flex\">\n<div class=\"wp-block-column is-layout-flow wp-block-column-is-layout-flow\" style=\"flex-basis:33.33%\">\n<p>10\/2007 \u2013 09\/2012<br><\/p>\n<\/div>\n\n\n\n<div class=\"wp-block-column is-layout-flow wp-block-column-is-layout-flow\" style=\"flex-basis:66.66%\">\n<p><strong>Promotion<\/strong> zur Erlangung des Grades Doktor der Naturwissenschaften am Lehrstuhl von Herrn <abbr title=\"Professor\">Prof.<\/abbr> <abbr title=\"Doktor\">Dr.<\/abbr> R. Hempelmann, Physikalische Chemie (Universit\u00e4t des Saarlandes)<br><strong>Dissertation<\/strong> <em>\u201eGalvanoformen von nano-Nickel und nano-Invar\u201c<\/em><\/p>\n<\/div>\n<\/div>\n\n\n\n<div class=\"wp-block-columns is-layout-flex wp-container-core-columns-is-layout-9d6595d7 wp-block-columns-is-layout-flex\">\n<div class=\"wp-block-column is-layout-flow wp-block-column-is-layout-flow\" style=\"flex-basis:33.33%\">\n<p>07.12.2007<\/p>\n<\/div>\n\n\n\n<div class=\"wp-block-column is-layout-flow wp-block-column-is-layout-flow\" style=\"flex-basis:66.66%\">\n<p>Erlangung des <strong>Diploms der Chemie<\/strong> mit der Gesamtnote 1,0<\/p>\n<\/div>\n<\/div>\n\n\n\n<div class=\"wp-block-columns is-layout-flex wp-container-core-columns-is-layout-9d6595d7 wp-block-columns-is-layout-flex\">\n<div class=\"wp-block-column is-layout-flow wp-block-column-is-layout-flow\" style=\"flex-basis:33.33%\">\n<p>10\/2002 \u2013 09\/2007<\/p>\n<\/div>\n\n\n\n<div class=\"wp-block-column is-layout-flow wp-block-column-is-layout-flow\" style=\"flex-basis:66.66%\">\n<p><strong>Chemiestudium<\/strong> an der Universit\u00e4t des Saarlandes<br>Schwerpunkt: Chemie f\u00fcr <strong>Materialwissenschaften und Technik<\/strong> (Physikalische Chemie, Technische Chemie, Makromolekularchemie)<br><strong>Diplomarbeit<\/strong> am Lehrstuhl f\u00fcr Physikalische Chemie, betreut durch Herrn <abbr title=\"Professor\">Prof.<\/abbr> <abbr title=\"Doktor\">Dr.<\/abbr> R. Hempelmann, Physikalische Chemie (Universit\u00e4t des Saarlandes) <em>\u201eGalvanische Herstellung von Metall\/Hartstoff-Kompositen\u201c<\/em>, Note 1,0<\/p>\n<\/div>\n<\/div>\n","protected":false},"excerpt":{"rendered":"<p>01\/2023 \u2013 heute&nbsp;&nbsp; W3-Professorin f\u00fcr Schutzsysteme (Helmut-Schmidt-Universit\u00e4t\/ Universit\u00e4t der Bundeswehr Hamburg) 01.01.2023 Ernennung zur W3-Professorin f\u00fcr Schutzsysteme an der Helmut-Schmidt-Universit\u00e4t\/ Universit\u00e4t der Bundeswehr Hamburg 06\/2021 \u2013 12\/2022 Lehrstuhl f\u00fcr Technische [&hellip;]<\/p>\n","protected":false},"author":3614,"featured_media":0,"parent":0,"menu_order":0,"comment_status":"closed","ping_status":"closed","template":"","meta":{"footnotes":""},"categories":[8],"tags":[],"class_list":["post-604","page","type-page","status-publish","hentry","category-team"],"_links":{"self":[{"href":"https:\/\/www.hsu-hh.de\/schutz\/wp-json\/wp\/v2\/pages\/604","targetHints":{"allow":["GET"]}}],"collection":[{"href":"https:\/\/www.hsu-hh.de\/schutz\/wp-json\/wp\/v2\/pages"}],"about":[{"href":"https:\/\/www.hsu-hh.de\/schutz\/wp-json\/wp\/v2\/types\/page"}],"author":[{"embeddable":true,"href":"https:\/\/www.hsu-hh.de\/schutz\/wp-json\/wp\/v2\/users\/3614"}],"replies":[{"embeddable":true,"href":"https:\/\/www.hsu-hh.de\/schutz\/wp-json\/wp\/v2\/comments?post=604"}],"version-history":[{"count":13,"href":"https:\/\/www.hsu-hh.de\/schutz\/wp-json\/wp\/v2\/pages\/604\/revisions"}],"predecessor-version":[{"id":633,"href":"https:\/\/www.hsu-hh.de\/schutz\/wp-json\/wp\/v2\/pages\/604\/revisions\/633"}],"wp:attachment":[{"href":"https:\/\/www.hsu-hh.de\/schutz\/wp-json\/wp\/v2\/media?parent=604"}],"wp:term":[{"taxonomy":"category","embeddable":true,"href":"https:\/\/www.hsu-hh.de\/schutz\/wp-json\/wp\/v2\/categories?post=604"},{"taxonomy":"post_tag","embeddable":true,"href":"https:\/\/www.hsu-hh.de\/schutz\/wp-json\/wp\/v2\/tags?post=604"}],"curies":[{"name":"wp","href":"https:\/\/api.w.org\/{rel}","templated":true}]}}