{"id":393,"date":"2023-03-13T10:11:26","date_gmt":"2023-03-13T09:11:26","guid":{"rendered":"https:\/\/www.hsu-hh.de\/schutz\/?page_id=393"},"modified":"2023-10-23T11:05:41","modified_gmt":"2023-10-23T09:05:41","slug":"labor","status":"publish","type":"page","link":"https:\/\/www.hsu-hh.de\/schutz\/labor\/","title":{"rendered":"Einrichtung und Leistungen"},"content":{"rendered":"\n<h1 class=\"wp-block-heading\">Mechanisches Labor<\/h1>\n\n\n\n<h2 class=\"wp-block-heading\"><strong>Mikromechanische Universalpr\u00fcfmaschine (6 kN) Zug, Druck, Biegung, Mikroindentation<\/strong><\/h2>\n\n\n\n<p>Die Untersuchung von zellul\u00e4ren Materialien wie Sch\u00e4umen oder die spongi\u00f6se Struktur in Femurknochen auf der Mikroskala erfordert Versuche an einzelnen Stegen von Metallsch\u00e4umen oder einzelnen Knochentrabekeln. Dabei ergeben sich durch die komplexe, unregelm\u00e4\u00dfige Form der Proben im Vergleich zu DIN-genormten Zugproben spezielle Anforderungen an die Einspannung der Proben als auch die Auswertung der Ergebnisse. Da die Proben in einer Gr\u00f6\u00dfenordnung zwischen konventionellen Universalpr\u00fcfeinrichtungen und in-situ Pr\u00fcfsystemen im Rasterelektronenmikroskop oder Nanoindenter liegen, wurde ein Eigenbau entwickelt, der f\u00fcr Untersuchungen von Sch\u00e4umen und Metamaterialien auf der Mesoskala bis zu \u00b1 6 kN Last aufbringen kann und bei Versuchen an Einzelstegen eine Wegaufl\u00f6sung von 0,5 \u00b5m besitzt. Durch die komplexe Probengeometrie und die notwendige hohe Pr\u00e4zision k\u00f6nnen die Verschiebungen nur mittels optischer Verfahren wie der Digitalen Bildkorrelation ausgewertet werden. Durch die Subpixelaufl\u00f6sung werden dabei Messgenauigkeiten von bis zu 0,1 \u00b5m erzielt.<\/p>\n\n\n\n<hr class=\"wp-block-separator has-alpha-channel-opacity\" \/>\n\n\n\n<h2 class=\"wp-block-heading\">Digitale Bildkorrelation<\/h2>\n\n\n\n<p>Die Digitale Bildkorrelation (engl. Digital\u00a0image\u00a0correlation, DIC) ist\u00a0ein optisches, kamerabasiertes, ber\u00fchrungsloses\u00a0Verfahren zur\u00a0Verformungsmessung auf komplex geformten Proben. Basis ist die Verfolgung Facetten, die durch ein einzigartiges Grauwertmuster voneinander unterscheidbar sind. Bei Verwendung von mehr als eine Kamera k\u00f6nnen auch Out-of-Plane Bewegungen der Proben betrachtet werden. Am Lehrstuhl f\u00fcr Schutzsysteme wird die kommerzielle Software Instra4D von\u00a0Dantec\u00a0Dynamics verwendet. Dadurch kann die Deformation w\u00e4hrend der Materialpr\u00fcfung mit bis zu 16 Kameras gleichzeitig beobachtet werden. Durch entsprechende Wahl der Objektiv-Kamera-Kombination k\u00f6nnen sowohl millimetergro\u00dfe als auch metergro\u00dfe Proben untersucht werden.\u00a0<\/p>\n\n\n\n<p><a href=\"https:\/\/www.limess.com\/de\/produkte\/q400-bildkorrelation\" target=\"_blank\" rel=\"noreferrer noopener\">DIC System<\/a><\/p>\n\n\n\n<hr class=\"wp-block-separator has-alpha-channel-opacity\" \/>\n\n\n\n<h2 class=\"wp-block-heading\">Dynamische Materialcharakterisierung mittels Fallturm<\/h2>\n\n\n\n<p>Zur experimentellen Untersuchung von Materialien, Komponenten oder Strukturen unter dynamischer Belastung dient ein Fallturm. Ein definiertes Gewicht wird dabei aus einer vorgegeben H\u00f6he auf den Pr\u00fcfk\u00f6rper entlang einer Linearf\u00fchrung fallen gelassen. Durch den entstehenden Kurzzeitimpact l\u00e4sst sich das Verhalten des Pr\u00fcfk\u00f6rpers im Crash Fall analysieren. Am Lehrstuhl f\u00fcr Schutzsysteme wird ein industrielles Standard-Fallwerk der Firma Instron genutzt. In Kombination mit einer Highspeed Kamera K\u00f6nnen Proben mit bis zu 24 m\/s, mit bis zu 70 kg und 90 kN impaktiert werden. <\/p>\n\n\n\n<p><a href=\"https:\/\/www.instron.com\/en\/products\/testing-systems\/impact-systems\/drop-weight-impact-testing-machine?region=Global%20Site&amp;utm_term=impact%20testing%20machine&amp;utm_campaign=Drop+Weight+Impact+Testing+Machine_EN&amp;utm_source=adwords&amp;utm_medium=ppc&amp;hsa_acc=5680038307&amp;hsa_cam=19715397777&amp;hsa_grp=145908323923&amp;hsa_ad=648937226854&amp;hsa_src=g&amp;hsa_tgt=kwd-326781899644&amp;hsa_kw=impact%20testing%20machine&amp;hsa_mt=b&amp;hsa_net=adwords&amp;hsa_ver=3&amp;gclid=CjwKCAjws9ipBhB1EiwAccEi1PFJ_IpthW5_JN5Y6xmAgAE_NFQL2gdp-i7bPozvUbDu8c-nrDNskxoCD8IQAvD_BwE\" target=\"_blank\" rel=\"noreferrer noopener\">Fallturm mit High Energy System<\/a><\/p>\n\n\n\n<p><a href=\"https:\/\/photron.com\/de\/fastcam-sa-z-2\/\" target=\"_blank\" rel=\"noreferrer noopener\">Highspeed Kamera<\/a><\/p>\n","protected":false},"excerpt":{"rendered":"<p>Mechanisches Labor Mikromechanische Universalpr\u00fcfmaschine (6 kN) Zug, Druck, Biegung, Mikroindentation Die Untersuchung von zellul\u00e4ren Materialien wie Sch\u00e4umen oder die spongi\u00f6se Struktur in Femurknochen auf der Mikroskala erfordert Versuche an einzelnen [&hellip;]<\/p>\n","protected":false},"author":3614,"featured_media":0,"parent":0,"menu_order":0,"comment_status":"closed","ping_status":"closed","template":"","meta":{"footnotes":""},"categories":[44],"tags":[],"class_list":["post-393","page","type-page","status-publish","hentry","category-labor-2"],"_links":{"self":[{"href":"https:\/\/www.hsu-hh.de\/schutz\/wp-json\/wp\/v2\/pages\/393","targetHints":{"allow":["GET"]}}],"collection":[{"href":"https:\/\/www.hsu-hh.de\/schutz\/wp-json\/wp\/v2\/pages"}],"about":[{"href":"https:\/\/www.hsu-hh.de\/schutz\/wp-json\/wp\/v2\/types\/page"}],"author":[{"embeddable":true,"href":"https:\/\/www.hsu-hh.de\/schutz\/wp-json\/wp\/v2\/users\/3614"}],"replies":[{"embeddable":true,"href":"https:\/\/www.hsu-hh.de\/schutz\/wp-json\/wp\/v2\/comments?post=393"}],"version-history":[{"count":4,"href":"https:\/\/www.hsu-hh.de\/schutz\/wp-json\/wp\/v2\/pages\/393\/revisions"}],"predecessor-version":[{"id":802,"href":"https:\/\/www.hsu-hh.de\/schutz\/wp-json\/wp\/v2\/pages\/393\/revisions\/802"}],"wp:attachment":[{"href":"https:\/\/www.hsu-hh.de\/schutz\/wp-json\/wp\/v2\/media?parent=393"}],"wp:term":[{"taxonomy":"category","embeddable":true,"href":"https:\/\/www.hsu-hh.de\/schutz\/wp-json\/wp\/v2\/categories?post=393"},{"taxonomy":"post_tag","embeddable":true,"href":"https:\/\/www.hsu-hh.de\/schutz\/wp-json\/wp\/v2\/tags?post=393"}],"curies":[{"name":"wp","href":"https:\/\/api.w.org\/{rel}","templated":true}]}}