{"id":116,"date":"2018-01-17T14:07:04","date_gmt":"2018-01-17T13:07:04","guid":{"rendered":"https:\/\/www.hsu-hh.de\/schutz\/?page_id=116"},"modified":"2023-10-27T09:26:32","modified_gmt":"2023-10-27T07:26:32","slug":"lehre","status":"publish","type":"page","link":"https:\/\/www.hsu-hh.de\/schutz\/lehre\/","title":{"rendered":"Lehre"},"content":{"rendered":"\n<details class=\"wp-block-details is-layout-flow wp-block-details-is-layout-flow\" style=\"font-size:23px;font-style:normal;font-weight:600\"><summary>\u25bcEngineering Mechanics II \u2013 Bachelor Engineering Science, <abbr title=\"Wintertrimester\">WT<\/abbr><\/summary>\n\n<div style=\"height:30px\" aria-hidden=\"true\" class=\"wp-block-spacer\"><\/div>\n\n\n<div class=\"wp-block-media-text has-media-on-the-right is-stacked-on-mobile\" style=\"grid-template-columns:auto 40%\"><div class=\"wp-block-media-text__content\">\n\n<p>Engineering Mechanics II behandelt den Teil der Elastostatik in der Technischen Mechanik. Nach einer Einf\u00fchrung in die Thematik f\u00fchrt die Vorlesung die Konzepte zum Spannungs- und Dehnungsbegriff ein. Neben den Gleichgewichtsgleichungen der Statik wird in der Elastostatik zus\u00e4tzlich das elastische Materialgesetz nach Hooke als Konstitutivgleichung eingef\u00fchrt. Somit k\u00f6nnen nun auch statisch \u00fcberbestimmte Systeme berechnet werden. Anschlie\u00dfend wird die Elastostatik von St\u00e4ben und Balken n\u00e4her betrachtet. Dabei werden die folgende Belastungsarten betrachtet: Zug, Druck, Schub, Torsion und Knicken.<\/p>\n\n\n<p>N\u00e4here Informationen finden Sie unter <a href=\"https:\/\/ilias.hsu-hh.de\/ilias.php?ref_id=451170&amp;cmd=frameset&amp;cmdClass=ilrepositorygui&amp;cmdNode=zm&amp;baseClass=ilRepositoryGUI\" rel='nofollow'>Ilias<\/a><\/p>\n\n<\/div><figure class=\"wp-block-media-text__media\"><img loading=\"lazy\" decoding=\"async\" width=\"1024\" height=\"514\" src=\"https:\/\/www.hsu-hh.de\/schutz\/wp-content\/uploads\/sites\/880\/2023\/10\/Elasto-1024x514.png\" data-credit=\"PS\" alt=\"\" class=\"wp-image-788 size-full\" srcset=\"https:\/\/www.hsu-hh.de\/schutz\/wp-content\/uploads\/sites\/880\/2023\/10\/Elasto-1024x514.png 1024w, https:\/\/www.hsu-hh.de\/schutz\/wp-content\/uploads\/sites\/880\/2023\/10\/Elasto-300x150.png 300w, https:\/\/www.hsu-hh.de\/schutz\/wp-content\/uploads\/sites\/880\/2023\/10\/Elasto-768x385.png 768w, https:\/\/www.hsu-hh.de\/schutz\/wp-content\/uploads\/sites\/880\/2023\/10\/Elasto-400x200.png 400w, https:\/\/www.hsu-hh.de\/schutz\/wp-content\/uploads\/sites\/880\/2023\/10\/Elasto-1100x552.png 1100w, https:\/\/www.hsu-hh.de\/schutz\/wp-content\/uploads\/sites\/880\/2023\/10\/Elasto.png 1300w\" sizes=\"auto, (max-width: 1024px) 100vw, 1024px\" \/><\/figure><\/div>\n\n<\/details>\n\n\n\n<div style=\"height:30px\" aria-hidden=\"true\" class=\"wp-block-spacer\"><\/div>\n\n\n\n<details class=\"wp-block-details is-layout-flow wp-block-details-is-layout-flow\" style=\"font-size:23px;font-style:normal;font-weight:600\"><summary>\u25bcProtection for Construction I \u2013 Master Engineering Science, EPS, <abbr title=\"Wintertrimester\">WT<\/abbr><\/summary>\n\n<div style=\"height:30px\" aria-hidden=\"true\" class=\"wp-block-spacer\"><\/div>\n\n\n<div class=\"wp-block-media-text has-media-on-the-right is-stacked-on-mobile\" style=\"grid-template-columns:auto 40%\"><div class=\"wp-block-media-text__content\">\n\n<p>Die Vorlesung f\u00fchrt unterschiedliche Effektoren und deren Wirkung ein, bevor anschlie\u00dfend entsprechende bauliche Schutzsysteme vorgestellt und deren Wirkprinzipien erl\u00e4utert werden. Die Vorlesung beginnt mit einem historischen \u00dcberblick \u00fcber Schutz von Geb\u00e4uden und Infrastruktur, angefangen von mittelalterlichen Burgen bis hin zur Neuzeit im Wandel mit den fortschreitenden Entwicklungen in den Waffensystemen. Nach einer kurzen Einf\u00fchrung zur Wirkung dynamischer Belastungen wie Explosionen, ballistischer Impakt <abbr title=\"et cetera\">etc.<\/abbr> auf das Verhalten von Metallen, Keramiken und Polymeren werden die Konzepte der Risikoanalyse und des Risikomanagements inklusive der Cost-Benefit-Analyse behandelt. Anschlie\u00dfend werden die Grundlagen der unterschiedlichen Effektoren eingef\u00fchrt und spezifische bauliche Schutzma\u00dfnahmen behandelt. Dies umfasst Bedrohungen f\u00fcr Soft und Hard Target Infrastrukturen durch Explosionen, Fahrzeuge\/\u00dcberfahrtaten, Drohnen und ballistische Attentate.<\/p>\n\n\n<p>N\u00e4here Informationen finden Sie unter <a href=\"https:\/\/ilias.hsu-hh.de\/ilias.php?ref_id=451170&amp;cmd=frameset&amp;cmdClass=ilrepositorygui&amp;cmdNode=zm&amp;baseClass=ilRepositoryGUI\" rel='nofollow'>Ilias<\/a><\/p>\n\n\n<p>Bild: \u00a9 J.W. Denny et al., Medical Engineering &amp; Physics (2021) (93) 83-92.<\/p>\n\n<\/div><figure class=\"wp-block-media-text__media\"><img loading=\"lazy\" decoding=\"async\" width=\"1024\" height=\"387\" src=\"https:\/\/www.hsu-hh.de\/schutz\/wp-content\/uploads\/sites\/880\/2023\/10\/Screenshot-2023-10-19-171012-1024x387.png\" data-credit=\"J.W. Denny et al., Medical Engineering &#038; Physics (2021) (93) 83-92.\" alt=\"\" class=\"wp-image-792 size-full\" srcset=\"https:\/\/www.hsu-hh.de\/schutz\/wp-content\/uploads\/sites\/880\/2023\/10\/Screenshot-2023-10-19-171012-1024x387.png 1024w, https:\/\/www.hsu-hh.de\/schutz\/wp-content\/uploads\/sites\/880\/2023\/10\/Screenshot-2023-10-19-171012-300x113.png 300w, https:\/\/www.hsu-hh.de\/schutz\/wp-content\/uploads\/sites\/880\/2023\/10\/Screenshot-2023-10-19-171012-768x290.png 768w, https:\/\/www.hsu-hh.de\/schutz\/wp-content\/uploads\/sites\/880\/2023\/10\/Screenshot-2023-10-19-171012-1536x580.png 1536w, https:\/\/www.hsu-hh.de\/schutz\/wp-content\/uploads\/sites\/880\/2023\/10\/Screenshot-2023-10-19-171012-1100x416.png 1100w, https:\/\/www.hsu-hh.de\/schutz\/wp-content\/uploads\/sites\/880\/2023\/10\/Screenshot-2023-10-19-171012.png 1919w\" sizes=\"auto, (max-width: 1024px) 100vw, 1024px\" \/><\/figure><\/div>\n\n<\/details>\n\n\n\n<div style=\"height:30px\" aria-hidden=\"true\" class=\"wp-block-spacer\"><\/div>\n\n\n\n<details class=\"wp-block-details is-layout-flow wp-block-details-is-layout-flow\" style=\"font-size:23px;font-style:normal;font-weight:600\"><summary>\u25bcProtection for Construction II \u2013 Master Engineering Science, EPS, <abbr title=\"Fr\u00fchjahrstrimester\">FT<\/abbr><\/summary>\n\n<div style=\"height:30px\" aria-hidden=\"true\" class=\"wp-block-spacer\"><\/div>\n\n\n<div class=\"wp-block-media-text has-media-on-the-right is-stacked-on-mobile\" style=\"grid-template-columns:auto 40%\"><div class=\"wp-block-media-text__content\">\n\n<p>Die Vorlesung baut auf der Vorlesung \u201eProtection for Construction I\u201c auf und vermittelt den Studierenden die Grundlagen, kritische Infrastrukturbereiche und Geb\u00e4ude zu identifizieren und lehrt spezifische Schutzkonzepte und deren Anwendung f\u00fcr unterschiedliche Bedrohungslagen. Es werden zun\u00e4chst verschiedene Site Design Strategien vermittelt bevor gezielt auf die Schutzkonzepte gegen Progressive Collapse von Geb\u00e4uden eingegangen wird inklusive m\u00f6glichen Retrofitting Ma\u00dfnahmen f\u00fcr W\u00e4nde, B\u00f6den und S\u00e4ulen. Die Vorlesung betrachtet weiter Explosionsschutzkonzepte im Zusammenhang mit Glassystemen und Fassaden sowie auch deren Retrofitting. Zum Schluss werden CBRN-(Kampf)stoffe und die spezifischen Bedrohungen sowie entsprechende bauliche und strategische Schutzma\u00dfnahmen gegen CBRN-Bedrohungen behandelt.<\/p>\n\n\n<p>N\u00e4here Informationen finden Sie unter <a href=\"https:\/\/ilias.hsu-hh.de\/ilias.php?ref_id=451170&amp;cmd=frameset&amp;cmdClass=ilrepositorygui&amp;cmdNode=zm&amp;baseClass=ilRepositoryGUI\" rel='nofollow'>Ilias<\/a><\/p>\n\n<\/div><figure class=\"wp-block-media-text__media\"><img loading=\"lazy\" decoding=\"async\" width=\"415\" height=\"388\" src=\"https:\/\/www.hsu-hh.de\/schutz\/wp-content\/uploads\/sites\/880\/2023\/10\/779.jpg\" data-credit=\"https:\/\/emilms.fema.gov\" alt=\"\" class=\"wp-image-786 size-full\" srcset=\"https:\/\/www.hsu-hh.de\/schutz\/wp-content\/uploads\/sites\/880\/2023\/10\/779.jpg 415w, https:\/\/www.hsu-hh.de\/schutz\/wp-content\/uploads\/sites\/880\/2023\/10\/779-300x280.jpg 300w\" sizes=\"auto, (max-width: 415px) 100vw, 415px\" \/><\/figure><\/div>\n\n<\/details>\n\n\n\n<div style=\"height:30px\" aria-hidden=\"true\" class=\"wp-block-spacer\"><\/div>\n\n\n\n<details class=\"wp-block-details is-layout-flow wp-block-details-is-layout-flow\" style=\"font-size:23px;font-style:normal;font-weight:600\"><summary>\u25bcAbschlussarbeiten<\/summary>\n<div style=\"height:30px\" aria-hidden=\"true\" class=\"wp-block-spacer\"><\/div>\n\n\n\n<details class=\"wp-block-details is-layout-flow wp-block-details-is-layout-flow\" style=\"font-size:20px\"><summary>\u25bcErstellen Materialmodelle Multimaterial<\/summary>\n<div style=\"height:30px\" aria-hidden=\"true\" class=\"wp-block-spacer\"><\/div>\n\n\n\n<p style=\"font-size:18px\">Auxetische Strukturen zeichnen sich durch ihre negative Poisson-Zahl aus. Dieser Effekt f\u00fchrt zu einer Reihe an vorteilhaften Eigenschaften, wie einer geringen Dichte, hohen massespezifischen Energieabsorption und vielem mehr. Um diese Effekte noch st\u00e4rker hervorzuheben, k\u00f6nnen multipler Materalien in einer solchen Struktur eingesetzt werden. Zu diesem Zweck werden Polymerproben gefertigt, welche den gr\u00f6\u00dften Vorteil bringen. Im folgenden m\u00fcssen die Proben dynamisch (am Fallturm) untersucht werden. Begleitet wird dies durch Simulationen in LS-Dyna, wof\u00fcr Materialmpdelle der einzelnen Polymere ermittelt und erstellt werden m\u00fcssen. Hierf\u00fcr w\u00fcrden regul\u00e4re Zug-\/Druckversuche duchgef\u00fchrt werden und anschlie\u00dfend die ermittelten Materialmodelle auf die Simulation angewandt. Aufgabe hierbei w\u00e4re prim\u00e4r, die Polymerproben in Zug-\/Druckversuchen zu charakterisieren. Je nach Intresse k\u00f6nnen weiterhin dynamische Fallturmveruche durchgef\u00fchrt werden, um das komibinierte Material zu untersuchen, oder Simulationen in LS-Dyna durchgef\u00fchrt werden, und die zuvor bestimmten Materialmodelle auf Simulationen anzuwenden.<\/p>\n\n\n\n<p>Betreuer: <a href=\"https:\/\/www.hsu-hh.de\/schutz\/mitarbeiter\/#teamengel\" data-type=\"page\" data-id=\"243\">Alexander Engel<\/a><\/p>\n<\/details>\n\n\n\n<div style=\"height:30px\" aria-hidden=\"true\" class=\"wp-block-spacer\"><\/div>\n\n\n\n<details class=\"wp-block-details is-layout-flow wp-block-details-is-layout-flow\" style=\"font-size:20px\"><summary>\u25bcDurchf\u00fchren dyn. Simulationen (LS-Dyna) und Fallturmversuche<\/summary>\n<div style=\"height:30px\" aria-hidden=\"true\" class=\"wp-block-spacer\"><\/div>\n\n\n\n<p style=\"font-size:18px\">Dynamische Materialcharakterisierung ist ein zentraler Bestandteil, um moderne Strukturen und Materialien einsatzf\u00e4hig zu machen. Um dies zu gw\u00e4hrleisten, werden diverse dynamische Versuche am Fallturm durchgef\u00fchrt und von Simulationen begleitet, um eine m\u00f6glichst genaue Strukturcharakterisierung zu gew\u00e4hrleisten. Eingesetzt werden hierzu Strukturen mit einer negativen Poisson-Zahl, auch bekannt als auxetische Strukturen. Die Fallturmversuche werden bei unterschiedlichen Dehnraten durchgef\u00fchrt, welche sich an realen, potentiellen Anwendung orientieren. Dazuz z\u00e4hlen Anwendungen als Crash-Absorber im Auto oder auch ballistischer Schutz. Die begleitenden Simulationen werden in LS-Dyna durchgef\u00fchrt. <abbr title=\"Computer-aided design\">CAD<\/abbr>-Modell der Strukturen sind bereits vorhanden, bei Interesse kann die Strukturgenerierung und Simulationsautomatisierung (durch Verwendung einer Python-Codes) noch erweitert werden.<\/p>\n\n\n\n<p>Betreuer: <a href=\"https:\/\/www.hsu-hh.de\/schutz\/mitarbeiter\/#teamengel\" data-type=\"page\" data-id=\"243\">Alexander Engel<\/a><\/p>\n<\/details>\n<\/details>\n","protected":false},"excerpt":{"rendered":"","protected":false},"author":26,"featured_media":0,"parent":0,"menu_order":0,"comment_status":"closed","ping_status":"closed","template":"","meta":{"footnotes":""},"categories":[6],"tags":[],"class_list":["post-116","page","type-page","status-publish","hentry","category-lehre"],"_links":{"self":[{"href":"https:\/\/www.hsu-hh.de\/schutz\/wp-json\/wp\/v2\/pages\/116","targetHints":{"allow":["GET"]}}],"collection":[{"href":"https:\/\/www.hsu-hh.de\/schutz\/wp-json\/wp\/v2\/pages"}],"about":[{"href":"https:\/\/www.hsu-hh.de\/schutz\/wp-json\/wp\/v2\/types\/page"}],"author":[{"embeddable":true,"href":"https:\/\/www.hsu-hh.de\/schutz\/wp-json\/wp\/v2\/users\/26"}],"replies":[{"embeddable":true,"href":"https:\/\/www.hsu-hh.de\/schutz\/wp-json\/wp\/v2\/comments?post=116"}],"version-history":[{"count":23,"href":"https:\/\/www.hsu-hh.de\/schutz\/wp-json\/wp\/v2\/pages\/116\/revisions"}],"predecessor-version":[{"id":815,"href":"https:\/\/www.hsu-hh.de\/schutz\/wp-json\/wp\/v2\/pages\/116\/revisions\/815"}],"wp:attachment":[{"href":"https:\/\/www.hsu-hh.de\/schutz\/wp-json\/wp\/v2\/media?parent=116"}],"wp:term":[{"taxonomy":"category","embeddable":true,"href":"https:\/\/www.hsu-hh.de\/schutz\/wp-json\/wp\/v2\/categories?post=116"},{"taxonomy":"post_tag","embeddable":true,"href":"https:\/\/www.hsu-hh.de\/schutz\/wp-json\/wp\/v2\/tags?post=116"}],"curies":[{"name":"wp","href":"https:\/\/api.w.org\/{rel}","templated":true}]}}