{"id":73,"date":"2017-07-03T15:52:08","date_gmt":"2017-07-03T13:52:08","guid":{"rendered":"https:\/\/www.hsu-hh.de\/vorlage\/?page_id=73"},"modified":"2025-02-27T12:58:46","modified_gmt":"2025-02-27T11:58:46","slug":"startseite","status":"publish","type":"page","link":"https:\/\/www.hsu-hh.de\/sbawi\/","title":{"rendered":"Studienbereich Wirtschaftsingenieurwesen"},"content":{"rendered":"\n<p>Der Studienbereich Wirtschaftsingenieurwesen (<abbr title=\"Wirtschaftsingenieurwesen\">WI<\/abbr>) wird von den Fakult\u00e4ten f\u00fcr <a href=\"https:\/\/www.hsu-hh.de\/et\/\">Elektrotechnik<\/a>, <a href=\"https:\/\/www.hsu-hh.de\/mb\/\">Maschinenbau und Bauingenieurwesen<\/a> und <a href=\"https:\/\/www.hsu-hh.de\/wiso\/\">Wirtschafts- und Sozialwissenschaften<\/a> eingerichtet. Seine Aufgaben bestehen in der Entwicklung, Planung und Sicherstellung des Lehrangebotes f\u00fcr die Studieng\u00e4nge <a href=\"https:\/\/www.hsu-hh.de\/studium\/wirtschaftsingenieurwesen\">Wirtschaftsingenieurwesen<\/a> und <a href=\"https:\/\/www.hsu-hh.de\/studium\/logistik5\">Logistik<\/a>. Die rechtlichen Grundlagen sind in entsprechenden <a href=\"https:\/\/www.hsu-hh.de\/asv\/ordnungen\/\">Ordnungen<\/a> definiert. Konkrete Informationen zu den aktuellen Lehrveranstaltungen finden sich im <a href=\"https:\/\/campus.hsu-hh.de\/\" rel='nofollow'>Campus-Portal<\/a> der <abbr title=\"Helmut Schmidt Universit\u00e4t\">HSU<\/abbr> und in den <a href=\"https:\/\/www.hsu-hh.de\/sbawi\/modulhandbuecher\">Modulhandb\u00fcchern<\/a>.<\/p>\n\n\n\n<h2 class=\"wp-block-heading\">Studienbereichsausschuss<\/h2>\n\n\n\n<p>Der Studienbereich besitzt bez\u00fcglich der Studienordnung, der Pr\u00fcfungsordnungen und der sonstigen die Studieng\u00e4nge betreffenden Ordnungen Entscheidungsbefugnis. Seine Aufgaben werden vom Studienbereichsausschuss Wirtschaftsingenieurwesen (<a href=\"https:\/\/www.hsu-hh.de\/sbawi\/studienbereichsausschuss-wi\">SBA <abbr title=\"Wirtschaftsingenieurwesen\">WI<\/abbr><\/a>) wahrgenommen.<\/p>\n\n\n\n<h2 class=\"wp-block-heading\">Pr\u00fcfungsausschuss<\/h2>\n\n\n\n<p>Der Pr\u00fcfungsausschuss <abbr title=\"Wirtschaftsingenieurwesen\">WI<\/abbr> (<a href=\"https:\/\/www.hsu-hh.de\/sbawi\/pruefungsausschuss-wi\">PAUS <abbr title=\"Wirtschaftsingenieurwesen\">WI<\/abbr><\/a>) ist f\u00fcr die Organisation der Pr\u00fcfungen und die Einhaltung der Bestimmungen der einschl\u00e4gigen Studien- und Pr\u00fcfungsordnungen verantwortlich.&nbsp;Er wird durch den SBA <abbr title=\"Wirtschaftsingenieurwesen\">WI<\/abbr> gebildet und wird bei der verwaltungsm\u00e4\u00dfigen Abwicklung der Pr\u00fcfungen durch das <a href=\"https:\/\/www.hsu-hh.de\/campusinfo\/\">Pr\u00fcfungsamt<\/a> unterst\u00fctzt.<\/p>\n","protected":false},"excerpt":{"rendered":"<p>Der Studienbereich Wirtschaftsingenieurwesen (WI) wird von den Fakult\u00e4ten f\u00fcr Elektrotechnik, Maschinenbau und Bauingenieurwesen und Wirtschafts- und Sozialwissenschaften eingerichtet. Seine Aufgaben bestehen in der Entwicklung, Planung und Sicherstellung des Lehrangebotes f\u00fcr [&hellip;]<\/p>\n","protected":false},"author":1,"featured_media":0,"parent":0,"menu_order":0,"comment_status":"closed","ping_status":"closed","template":"","meta":{"footnotes":""},"categories":[35],"tags":[],"class_list":["post-73","page","type-page","status-publish","hentry","category-startseite"],"_links":{"self":[{"href":"https:\/\/www.hsu-hh.de\/sbawi\/wp-json\/wp\/v2\/pages\/73","targetHints":{"allow":["GET"]}}],"collection":[{"href":"https:\/\/www.hsu-hh.de\/sbawi\/wp-json\/wp\/v2\/pages"}],"about":[{"href":"https:\/\/www.hsu-hh.de\/sbawi\/wp-json\/wp\/v2\/types\/page"}],"author":[{"embeddable":true,"href":"https:\/\/www.hsu-hh.de\/sbawi\/wp-json\/wp\/v2\/users\/1"}],"replies":[{"embeddable":true,"href":"https:\/\/www.hsu-hh.de\/sbawi\/wp-json\/wp\/v2\/comments?post=73"}],"version-history":[{"count":45,"href":"https:\/\/www.hsu-hh.de\/sbawi\/wp-json\/wp\/v2\/pages\/73\/revisions"}],"predecessor-version":[{"id":490,"href":"https:\/\/www.hsu-hh.de\/sbawi\/wp-json\/wp\/v2\/pages\/73\/revisions\/490"}],"wp:attachment":[{"href":"https:\/\/www.hsu-hh.de\/sbawi\/wp-json\/wp\/v2\/media?parent=73"}],"wp:term":[{"taxonomy":"category","embeddable":true,"href":"https:\/\/www.hsu-hh.de\/sbawi\/wp-json\/wp\/v2\/categories?post=73"},{"taxonomy":"post_tag","embeddable":true,"href":"https:\/\/www.hsu-hh.de\/sbawi\/wp-json\/wp\/v2\/tags?post=73"}],"curies":[{"name":"wp","href":"https:\/\/api.w.org\/{rel}","templated":true}]}}