{"id":423,"date":"2023-05-16T10:33:22","date_gmt":"2023-05-16T08:33:22","guid":{"rendered":"https:\/\/www.hsu-hh.de\/sbawi\/?page_id=423"},"modified":"2025-02-27T13:02:30","modified_gmt":"2025-02-27T12:02:30","slug":"modulhandbuecher","status":"publish","type":"page","link":"https:\/\/www.hsu-hh.de\/sbawi\/modulhandbuecher","title":{"rendered":"Modulhandb\u00fccher"},"content":{"rendered":"\n<p>Die Modulhandb\u00fccher f\u00fcr die Studieng\u00e4nge <a href=\"https:\/\/www.hsu-hh.de\/studium\/wirtschaftsingenieurwesen\">Wirtschaftsingenieurwesen<\/a> und <a href=\"https:\/\/www.hsu-hh.de\/studium\/logistik5\">Logistik<\/a> stellen wir Ihnen hier zum Download bereit.<\/p>\n\n\n\n<h3 class=\"wp-block-heading\">Modulhandb\u00fccher Wirtschaftsingenieurwesen<\/h3>\n\n\n\n<ul class=\"wp-block-list\">\n<li><a href=\"https:\/\/www.hsu-hh.de\/sbawi\/wp-content\/uploads\/sites\/730\/2022\/01\/Modulhandbuch-Bachelor-Wirtschaftsingenieurwesen.pdf\">Wirtschsftsingenieurwesen (B.Sc.)<\/a><\/li>\n\n\n\n<li><a href=\"https:\/\/www.hsu-hh.de\/sbawi\/wp-content\/uploads\/sites\/730\/2022\/01\/Modulhandbuch-Master-Wirtschaftsingenieurwesen-2022-01-20.pdf\">Wirtschaftsingenieurwesen (<abbr title=\"Master of Science\">M.Sc.<\/abbr>)<\/a><\/li>\n<\/ul>\n\n\n\n<h3 class=\"wp-block-heading\">Modulhandb\u00fccher Logistik<\/h3>\n\n\n\n<ul class=\"wp-block-list\">\n<li><a href=\"https:\/\/www.hsu-hh.de\/sbawi\/wp-content\/uploads\/sites\/730\/2024\/09\/MHB-BA-Logistik_Stand-06.09.2024-1.pdf\">Logistik (B.Sc.)<\/a><\/li>\n\n\n\n<li><a href=\"https:\/\/www.hsu-hh.de\/sbawi\/wp-content\/uploads\/sites\/730\/2024\/09\/MHB-MA-Logistik_Stand-06.09.2024-1-1.pdf\">Logistik (<abbr title=\"Master of Science\">M.Sc.<\/abbr>)<\/a><\/li>\n<\/ul>\n\n\n\n<p><\/p>\n","protected":false},"excerpt":{"rendered":"<p>Die Modulhandb\u00fccher f\u00fcr die Studieng\u00e4nge Wirtschaftsingenieurwesen und Logistik stellen wir Ihnen hier zum Download bereit. Modulhandb\u00fccher Wirtschaftsingenieurwesen Modulhandb\u00fccher Logistik<\/p>\n","protected":false},"author":2239,"featured_media":0,"parent":0,"menu_order":0,"comment_status":"closed","ping_status":"closed","template":"","meta":{"footnotes":""},"categories":[4],"tags":[],"class_list":["post-423","page","type-page","status-publish","hentry","category-forschung"],"_links":{"self":[{"href":"https:\/\/www.hsu-hh.de\/sbawi\/wp-json\/wp\/v2\/pages\/423","targetHints":{"allow":["GET"]}}],"collection":[{"href":"https:\/\/www.hsu-hh.de\/sbawi\/wp-json\/wp\/v2\/pages"}],"about":[{"href":"https:\/\/www.hsu-hh.de\/sbawi\/wp-json\/wp\/v2\/types\/page"}],"author":[{"embeddable":true,"href":"https:\/\/www.hsu-hh.de\/sbawi\/wp-json\/wp\/v2\/users\/2239"}],"replies":[{"embeddable":true,"href":"https:\/\/www.hsu-hh.de\/sbawi\/wp-json\/wp\/v2\/comments?post=423"}],"version-history":[{"count":17,"href":"https:\/\/www.hsu-hh.de\/sbawi\/wp-json\/wp\/v2\/pages\/423\/revisions"}],"predecessor-version":[{"id":492,"href":"https:\/\/www.hsu-hh.de\/sbawi\/wp-json\/wp\/v2\/pages\/423\/revisions\/492"}],"wp:attachment":[{"href":"https:\/\/www.hsu-hh.de\/sbawi\/wp-json\/wp\/v2\/media?parent=423"}],"wp:term":[{"taxonomy":"category","embeddable":true,"href":"https:\/\/www.hsu-hh.de\/sbawi\/wp-json\/wp\/v2\/categories?post=423"},{"taxonomy":"post_tag","embeddable":true,"href":"https:\/\/www.hsu-hh.de\/sbawi\/wp-json\/wp\/v2\/tags?post=423"}],"curies":[{"name":"wp","href":"https:\/\/api.w.org\/{rel}","templated":true}]}}