{"id":350,"date":"2023-05-05T16:32:12","date_gmt":"2023-05-05T14:32:12","guid":{"rendered":"https:\/\/www.hsu-hh.de\/sbawi\/?page_id=350"},"modified":"2026-02-23T14:01:55","modified_gmt":"2026-02-23T13:01:55","slug":"studienbereichsausschuss-wi","status":"publish","type":"page","link":"https:\/\/www.hsu-hh.de\/sbawi\/studienbereichsausschuss-wi","title":{"rendered":"Studienbereichsausschuss WI"},"content":{"rendered":"\n<h2 class=\"wp-block-heading\">Kontakt<\/h2>\n\n\n\n<p>Helmut-Schmidt-Universit\u00e4t<br>Universit\u00e4t der Bundeswehr Hamburg<br>Fakult\u00e4t f\u00fcr Maschinenbau und Bauingenieurwesen (Vorsitzender SBA <abbr title=\"Wirtschaftsingenieurwesen\">WI<\/abbr>)<br>Fakult\u00e4t f\u00fcr Elektrotechnik (stellv. Vorsitzende SBA <abbr title=\"Wirtschaftsingenieurwesen\">WI<\/abbr>)<br>Postfach 70 08 22<br>D-22008 Hamburg<\/p>\n\n\n\n<h2 class=\"wp-block-heading\">Mitglieder<\/h2>\n\n\n\n<p>Der SBA <abbr title=\"Wirtschaftsingenieurwesen\">WI<\/abbr> besteht aus sechs professoralen Mitgliedern, zwei wissenschaftlichen Mitarbeitern, einem anderen Mitarbeiter und zwei Studierenden.<\/p>\n\n\n\n<div class=\"wp-block-columns is-layout-flex wp-container-core-columns-is-layout-9d6595d7 wp-block-columns-is-layout-flex\">\n<div class=\"wp-block-column is-layout-flow wp-block-column-is-layout-flow\">\n<p><em>Mitglieder<\/em><\/p>\n\n\n\n<ul class=\"wp-block-list\">\n<li><abbr title=\"Professor\">Prof.<\/abbr> <abbr title=\"Doktor\">Dr.<\/abbr> Frank Kumlehn (MB) (<strong>Vorsitzender<\/strong>)<\/li>\n\n\n\n<li><abbr title=\"Professor\">Prof.<\/abbr> <abbr title=\"Doktor\">Dr.<\/abbr> Maria Maleshkova (<abbr title=\"Elektrotechnik\">ET<\/abbr>) (<strong>stellvertr. Vorsitzende<\/strong>)<\/li>\n\n\n\n<li><abbr title=\"Professor\">Prof.<\/abbr> <abbr title=\"Doktor\">Dr.<\/abbr> Florian Jaehn (<abbr title=\"Wirtschafts- und Sozialwissenschaften\">WiSo<\/abbr>)<\/li>\n\n\n\n<li><abbr title=\"Professor\">Prof.<\/abbr> <abbr title=\"Doktor\">Dr.<\/abbr> Dominik Kre\u00df (<abbr title=\"Wirtschafts- und Sozialwissenschaften\">WiSo<\/abbr>)<\/li>\n\n\n\n<li><abbr title=\"Professor\">Prof.<\/abbr> <abbr title=\"Doktor\">Dr.<\/abbr> Sven Knoth (<abbr title=\"Wirtschafts- und Sozialwissenschaften\">WiSo<\/abbr>)<\/li>\n\n\n\n<li><abbr title=\"Professor\">Prof.<\/abbr> <abbr title=\"Doktor\">Dr.<\/abbr> Detlef Schulz (<abbr title=\"Elektrotechnik\">ET<\/abbr>)<\/li>\n\n\n\n<li><abbr title=\"Doktor\">Dr.<\/abbr> Michael Meissner (<abbr title=\"Elektrotechnik\">ET<\/abbr>, <abbr title=\"Wissenschaftlicher Mitarbeiter\">WMA<\/abbr>)<\/li>\n\n\n\n<li><abbr title=\"Doktor\">Dr.<\/abbr> Philipp Wittenberg (<abbr title=\"Wirtschafts- und Sozialwissenschaften\">WiSo<\/abbr>, <abbr title=\"Wissenschaftlicher Mitarbeiter\">WMA<\/abbr>)<\/li>\n\n\n\n<li>Christopher Klitsch (MB, MA)<\/li>\n\n\n\n<li>Kay Marc H\u00e4nchen (<abbr title=\"Wirtschaftsingenieurwesen\">WI<\/abbr>, Student)<\/li>\n\n\n\n<li>Tamara Sonja Schmid (<abbr title=\"Wirtschaftsingenieurwesen\">WI<\/abbr>, Student)<\/li>\n\n\n\n<li>Inga Jappsen (SFB A, beratend)<\/li>\n<\/ul>\n<\/div>\n\n\n\n<div class=\"wp-block-column is-layout-flow wp-block-column-is-layout-flow\">\n<p><em>Stellvertreter:innen<\/em><\/p>\n\n\n\n<ul class=\"wp-block-list\">\n<li><abbr title=\"Professor\">Prof.<\/abbr> <abbr title=\"Doktor\">Dr.<\/abbr> Markus Schatz (MB)<\/li>\n\n\n\n<li><abbr title=\"Professor\">Prof.<\/abbr> <abbr title=\"Doktor\">Dr.<\/abbr> Gerd Scholl (<abbr title=\"Elektrotechnik\">ET<\/abbr>)<\/li>\n\n\n\n<li><abbr title=\"Professor\">Prof.<\/abbr> <abbr title=\"Doktor\">Dr.<\/abbr> Martin Geiger (<abbr title=\"Wirtschafts- und Sozialwissenschaften\">WiSo<\/abbr>)<\/li>\n\n\n\n<li><abbr title=\"Professor\">Prof.<\/abbr> <abbr title=\"Doktor\">Dr.<\/abbr> Claudia Fantapi\u00e9 Altobelli (<abbr title=\"Wirtschafts- und Sozialwissenschaften\">WiSo<\/abbr>)<\/li>\n\n\n\n<li><abbr title=\"Professor\">Prof.<\/abbr> <abbr title=\"Doktor\">Dr.<\/abbr> G\u00fcnter Reiner (<abbr title=\"Wirtschafts- und Sozialwissenschaften\">WiSo<\/abbr>)<\/li>\n\n\n\n<li><abbr title=\"Professor\">Prof.<\/abbr> <abbr title=\"Doktor\">Dr.<\/abbr> Joachim Horn (<abbr title=\"Elektrotechnik\">ET<\/abbr>)<\/li>\n\n\n\n<li>Lizzie Neumann (<abbr title=\"Wirtschafts- und Sozialwissenschaften\">WiSo<\/abbr>, <abbr title=\"Wissenschaftlicher Mitarbeiter\">WMA<\/abbr>)<\/li>\n\n\n\n<li>Tom Robin Jeleniewski (MB, <abbr title=\"Wissenschaftlicher Mitarbeiter\">WMA<\/abbr>)<\/li>\n\n\n\n<li>Karin Hofmann (<abbr title=\"Wirtschafts- und Sozialwissenschaften\">WiSo<\/abbr>, MA)<\/li>\n\n\n\n<li>Stellvertretung unbesetzt<\/li>\n\n\n\n<li>Stellvertretung unbesetzt<\/li>\n\n\n\n<li>Gruppenleiter 5\/A (SFB A, beratend)<\/li>\n<\/ul>\n<\/div>\n<\/div>\n\n\n\n<p><\/p>\n","protected":false},"excerpt":{"rendered":"<p>Kontakt Helmut-Schmidt-Universit\u00e4tUniversit\u00e4t der Bundeswehr HamburgFakult\u00e4t f\u00fcr Maschinenbau und Bauingenieurwesen (Vorsitzender SBA WI)Fakult\u00e4t f\u00fcr Elektrotechnik (stellv. Vorsitzende SBA WI)Postfach 70 08 22D-22008 Hamburg Mitglieder Der SBA WI besteht aus sechs professoralen [&hellip;]<\/p>\n","protected":false},"author":2239,"featured_media":0,"parent":0,"menu_order":0,"comment_status":"closed","ping_status":"closed","template":"","meta":{"footnotes":""},"categories":[4],"tags":[],"class_list":["post-350","page","type-page","status-publish","hentry","category-forschung"],"_links":{"self":[{"href":"https:\/\/www.hsu-hh.de\/sbawi\/wp-json\/wp\/v2\/pages\/350","targetHints":{"allow":["GET"]}}],"collection":[{"href":"https:\/\/www.hsu-hh.de\/sbawi\/wp-json\/wp\/v2\/pages"}],"about":[{"href":"https:\/\/www.hsu-hh.de\/sbawi\/wp-json\/wp\/v2\/types\/page"}],"author":[{"embeddable":true,"href":"https:\/\/www.hsu-hh.de\/sbawi\/wp-json\/wp\/v2\/users\/2239"}],"replies":[{"embeddable":true,"href":"https:\/\/www.hsu-hh.de\/sbawi\/wp-json\/wp\/v2\/comments?post=350"}],"version-history":[{"count":23,"href":"https:\/\/www.hsu-hh.de\/sbawi\/wp-json\/wp\/v2\/pages\/350\/revisions"}],"predecessor-version":[{"id":531,"href":"https:\/\/www.hsu-hh.de\/sbawi\/wp-json\/wp\/v2\/pages\/350\/revisions\/531"}],"wp:attachment":[{"href":"https:\/\/www.hsu-hh.de\/sbawi\/wp-json\/wp\/v2\/media?parent=350"}],"wp:term":[{"taxonomy":"category","embeddable":true,"href":"https:\/\/www.hsu-hh.de\/sbawi\/wp-json\/wp\/v2\/categories?post=350"},{"taxonomy":"post_tag","embeddable":true,"href":"https:\/\/www.hsu-hh.de\/sbawi\/wp-json\/wp\/v2\/tags?post=350"}],"curies":[{"name":"wp","href":"https:\/\/api.w.org\/{rel}","templated":true}]}}