{"id":274,"date":"2017-04-18T09:42:18","date_gmt":"2017-04-18T07:42:18","guid":{"rendered":"https:\/\/www.hsu-hh.de\/rz\/?page_id=274"},"modified":"2025-12-08T15:25:47","modified_gmt":"2025-12-08T14:25:47","slug":"dienste","status":"publish","type":"page","link":"https:\/\/www.hsu-hh.de\/rz\/dienste","title":{"rendered":"Dienste"},"content":{"rendered":"<h2>Aktivierung der Mehr-Faktor-Authentifizierung anhand dieser Anleitung:<\/h2>\n<p><a href=\"https:\/\/www.hsu-hh.de\/rz\/wp-content\/uploads\/sites\/13\/2023\/03\/Multi-Faktor-Authentifizierung-fuer-Microsoftdienste.pdf\"> <img loading=\"lazy\" decoding=\"async\" class=\"alignnone size-full wp-image-1384\" src=\"https:\/\/www.hsu-hh.de\/rz\/wp-content\/uploads\/sites\/13\/2020\/03\/Achtung-Symbol_ac.gif\" alt=\"Achtung Symbol\" width=\"16\" height=\"16\" data-credit=\"\" \/> Multi-Faktor-Authentifizierung f\u00fcr Microsoftdienste<\/a><\/p>\n<div class=\"col-xs-12 downloads-item\">\n<div class=\"row border-line\">\n<div class=\"thumbnail-area\"><img decoding=\"async\" class=\"download-image\" src=\"\/wp-content\/themes\/hsu\/img\/dummy\/downloads_dummy.png\" alt=\"\" \/><\/div>\n<div class=\"text-area\"><span class=\"download-text\">Aktivierung der Mehr-Faktor-Authentifizierung anhand dieser Anleitung<\/span><\/div>\n<div class=\"download-area\"><a class=\"download-link\" href=\"https:\/\/www.hsu-hh.de\/rz\/wp-content\/uploads\/sites\/13\/2023\/03\/Multi-Faktor-Authentifizierung-fuer-Microsoftdienste.pdf\"><span class=\"download-name\">pdf laden<\/span><span class=\"donwload-icon\"><img decoding=\"async\" class=\"download-icon\" src=\"\/wp-content\/themes\/hsu\/img\/icons\/download_icon.png\" alt=\"download icon\" \/><\/span><span class=\"download-size\">1 MB<\/span><\/a><\/div>\n<\/div>\n<\/div>\n<p><a href=\"https:\/\/www.hsu-hh.de\/rz\/wp-content\/uploads\/sites\/13\/2023\/03\/Multi-Faktor-Authentifizierung-fuer-Microsoftdienste.pdf\">\u00a0<\/a><\/p>\n<h2>Nutzerkennung im Rechenzentrum:<\/h2>\n<p><img loading=\"lazy\" decoding=\"async\" class=\"size-full wp-image-387 alignleft\" src=\"https:\/\/www.hsu-hh.de\/rz\/wp-content\/uploads\/sites\/13\/2017\/04\/Barcode_Xf.jpg\" alt=\"Nutzerkennung\" width=\"75\" height=\"75\" \/>Um alle Dienste des Rechenzentrums nutzen zu k\u00f6nnen, ben\u00f6tigen Sie eine Nutzerkennung.<\/p>\n<p>Fall 1:\u00a0Sie haben <abbr title=\"beziehungsweise\">bzw.<\/abbr> erhalten einen regul\u00e4ren Universit\u00e4tsausweis (Chipkarte) &#8211; auf der R\u00fcckseite mit Bibliotheksbarcode und vorn mit Lichtbild: Bringen Sie diesen mit ins Rechenzentrum. Ohne Ausweis ist die Erlangung einer regul\u00e4ren Nutzerkennung (Benutzername + Kennwort) nicht m\u00f6glich.<\/p>\n<p>Fall 2: Alle Studierenden bekommen die Nutzerkennung in der Orientierungswoche ausgeh\u00e4ndigt.<\/p>\n<p>Fall 3: In Ausnahmef\u00e4llen ist der Erhalt einer Nutzerkennung ohne regul\u00e4ren Universit\u00e4tsausweis m\u00f6glich (zum Beispiel aufgrund nur kurzfristiger Zugeh\u00f6rigkeit zur <abbr title=\"Helmut Schmidt Universit\u00e4t \u2044 Universit\u00e4t der Bundeswehr Hamburg\">HSU HH<\/abbr>). In diesen F\u00e4llen ist aber die Universit\u00e4tsangeh\u00f6rigkeit sicherzustellen. Dazu ben\u00f6tigt das Rechenzentrum eine schriftliche Best\u00e4tigung (befristetes Bleiberecht) durch den Vizekanzler. Nach Eingang dieser Best\u00e4tigung wird die Nutzerkennung entsprechend erstellt. Eine reine Benachrichtigung durch den Professor beim <abbr title=\"Rechenzentrum\">RZ<\/abbr> ist nicht ausreichend. Bitte bringen sie dann einen anderen Lichtbildausweis (zum Beispiel Personalausweis) zur Vorlage mit.<\/p>\n<p>Der Antrag auf das befristete Bleiberecht ist durch den verantwortlichen Professor \u00fcber den Dekan beim Vizekanzler zu stellen.<\/p>\n<h2>Passwort-Manager<\/h2>\n<p>Der <a href=\"https:\/\/pm.hsu-hh.de\/\" target=\"_blank\" rel=\"noopener\">Passwort-Manager<\/a> ist nur mit funktionierendem MFA-Login erreichbar (ohne VPN)<\/p>\n<h2><strong>Campusmanagement System<\/strong><\/h2>\n<p>Das <a href=\"https:\/\/campus.hsu-hh.de\/qisserver\/rds?state=user&amp;type=0\" target=\"_blank\" rel=\"noopener\">Campusmanagement System<\/a> ist nur mit funktionierendem MFA-Login erreichbar (ohne VPN)<\/p>\n<h2>E-Mail<\/h2>\n<p><img loading=\"lazy\" decoding=\"async\" class=\"size-full wp-image-381 alignleft\" src=\"https:\/\/www.hsu-hh.de\/rz\/wp-content\/uploads\/sites\/13\/2017\/04\/Zeichen-2_ah.jpg\" alt=\"E-Mail Symbol\" width=\"75\" height=\"75\" \/>Das <abbr title=\"Helmut Schmidt Universit\u00e4t\">HSU<\/abbr> E-Mail System ist ein mehrstufiges jeweils in einem hochverf\u00fcgbaren Cluster betriebenes System. Zahlreiche Konfigurationsanleitungen f\u00fcr Ihr E-Mail Programm finden Sie auf unserer <a href=\"https:\/\/intranet.hsu-hh.de\/go\/cat\/37515\" rel='nofollow'>Intranet\u00a0<\/a>Seite. Weltweiter Zugang zu <a href=\"https:\/\/webmail.hsu-hh.de\/\" rel='nofollow'>Webmail <\/a>per Weboberfl\u00e4che.<\/p>\n<h2>Web<\/h2>\n<p><img loading=\"lazy\" decoding=\"async\" class=\"size-full wp-image-385 alignleft\" src=\"https:\/\/www.hsu-hh.de\/rz\/wp-content\/uploads\/sites\/13\/2017\/04\/www_Grafik_8C.jpg\" alt=\"Webseite Symbol\" width=\"75\" height=\"75\" \/>F\u00fcr das Gestallten und die Pflege einer Webseite steht Ihnen das WordPress Content Management System zur Verf\u00fcgung, mit dessen Hilfe die Internet Webseiten gestallten werden k\u00f6nnen. Die Seiten setzen die Verordnung zur Barrierefreiheit, die f\u00fcr Bundesbeh\u00f6rden ab Januar 2006 verpflichtend werden, weitgehend um (<a href=\"https:\/\/www.hsu-hh.de\/rz\/bitv\/\"><abbr title=\"Barrierefreie Informationstechnik-Verordnung\">BITV<\/abbr><\/a>-Konformit\u00e4t). \u00dcber das System finden Sie Anleitung und Informationen auf der <abbr title=\"Rechenzentrum\">RZ<\/abbr> <a href=\"https:\/\/intranet.hsu-hh.de\/go\/cat\/37462\" rel='nofollow'>Intranet<\/a> Seite.<\/p>\n<h2>FileBox<\/h2>\n<p><img loading=\"lazy\" decoding=\"async\" class=\"size-full wp-image-391 alignleft\" src=\"https:\/\/www.hsu-hh.de\/rz\/wp-content\/uploads\/sites\/13\/2017\/04\/Festplatteninnenleben_KU.jpg\" alt=\"Zentraler Speicher\" width=\"75\" height=\"75\" \/><\/p>\n<p>Die FileBox ist das zentrale Netzlaufwerk f\u00fcr <abbr title=\"Helmut Schmidt Universit\u00e4t\">HSU<\/abbr>-Angeh\u00f6rige und <abbr title=\"Helmut Schmidt Universit\u00e4t\">HSU<\/abbr>-Arbeitsgruppen mit gro\u00dfer Kapazit\u00e4t und erh\u00f6htem Schutz vor Fehlbedienung und m\u00f6glicher Folgen des Verlustes. So haben Sie online Zugriff auf zahlreiche Sicherungsst\u00e4nde der letzten 6 Wochen und k\u00f6nnen versehentlich gel\u00f6schte oder \u00fcberschriebene Daten sofort selbst wiederherstellen. Ferner werden Ihre Daten st\u00fcndlich in andere Brandabschnitte gesichert und sind so auch vor gr\u00f6\u00dferen Standortbedrohungen wirksam gesch\u00fctzt.<\/p>\n<p>Die prim\u00e4re Nutzung der FileBox erfolgt auf allen verbreiteten Plattformen (Microsoft Windows, Mac OS\/iOS, Linux, Android) \u00fcber das Anbinden als Netzlaufwerk (CIFS).<\/p>\n<h2><abbr title=\"Informationstechnologie\">IT<\/abbr>-Sicherheit<\/h2>\n<p><img loading=\"lazy\" decoding=\"async\" class=\"size-full wp-image-539 alignleft\" src=\"https:\/\/www.hsu-hh.de\/rz\/wp-content\/uploads\/sites\/13\/2017\/04\/Schloss-mit-Schl\u00fcssel_1Y.jpg\" alt=\"IT-Sicherheit\" width=\"75\" height=\"75\" \/>Um die Systeme des Campusnetzes vor sch\u00e4dlichen Programmen (Viren, W\u00fcrmer, <abbr title=\"et cetera\">etc.<\/abbr>) zu sch\u00fctzen, steht f\u00fcr alle Systeme, die sich auf dem Campus befinden und\/oder an das Campusnetz angeschlossen sind, ein Anti-Viren-Programm bereit.<\/p>\n<p>Aufgrund der Vorschriften zur <abbr title=\"Informationstechnologie\">IT<\/abbr>-Sicherheit und der milit\u00e4rischen Sicherheit der Bundeswehr ist die <abbr title=\"Helmut Schmidt Universit\u00e4t\">HSU<\/abbr> verpflichtet, mit jedem Angeh\u00f6rigen j\u00e4hrlich eine <abbr title=\"Informationstechnologie\">IT<\/abbr>-Sicherheitsbelehrung \/ milit\u00e4rische Sicherheitsbelehrung durchzuf\u00fchren.<\/p>\n<p><img loading=\"lazy\" decoding=\"async\" class=\"alignnone size-full wp-image-1384\" src=\"https:\/\/www.hsu-hh.de\/rz\/wp-content\/uploads\/sites\/13\/2020\/03\/Achtung-Symbol_ac.gif\" alt=\"Achtung Symbol\" width=\"16\" height=\"16\" data-credit=\"\" \/> Aktivierung der Mehr-Faktor-Authentifizierung anhand dieser Anleitung\u00a0 <a href=\"https:\/\/www.hsu-hh.de\/rz\/wp-content\/uploads\/sites\/13\/2023\/03\/Multi-Faktor-Authentifizierung-fuer-Microsoftdienste.pdf\">Multi-Faktor-Authentifizierung f\u00fcr Microsoftdienste<\/a><\/p>\n<h2>VPN<\/h2>\n<p><img loading=\"lazy\" decoding=\"async\" class=\"size-full wp-image-553 alignleft\" src=\"https:\/\/www.hsu-hh.de\/rz\/wp-content\/uploads\/sites\/13\/2017\/04\/010010110-Ziffern-Auge-Grafik_eX.jpg\" alt=\"VPN Symbol\" width=\"75\" height=\"75\" \/>Virtual Private Network (VPN) ist eine Technik, die es erlaubt, einen Rechner unabh\u00e4ngig von seinem physischen Netzanschluss virtuell in <abbr title=\"Helmut Schmidt Universit\u00e4t\">HSU<\/abbr>&#8211; Campusnetz verschl\u00fcsselt einzubinden. Ein derart eingebundener Rechner kann damit alle Dienste nutzen, die internen Rechnern vorbehalten sind. Um eine VPN-Verbindung zum Rechenzentrum aufbauen zu k\u00f6nnen, laden sie zun\u00e4chst die aktuelle VPN-Clientsoftware \u00fcber die <a href=\"https:\/\/intranet.hsu-hh.de\/go\/cat\/37473\" rel='nofollow'>Intranet <\/a>Seite \u00a0des Rechenzentrums herunter. Dort befinden sich auch die Konfigurationsschritte bei der Einrichtung einer OpenVPN-Verbindung.<\/p>\n<h2>Intranet Bw<\/h2>\n<p><img loading=\"lazy\" decoding=\"async\" class=\"size-full wp-image-635 alignleft\" src=\"https:\/\/www.hsu-hh.de\/rz\/wp-content\/uploads\/sites\/13\/2017\/04\/Kontrollraum_x6.gif\" alt=\"Intranet Bw\" width=\"75\" height=\"75\" \/>Der Dienst &#8222;Intranet-BW per RDS &#8220; gibt Ihnen die M\u00f6glichkeit von zentral administrierten Arbeitspl\u00e4tzen per Remote-App auf das Intranet der Bundeswehr, Lotus-Notes, SASPF und weitere Anwendungen zuzugreifen. Den Dienst nutzen k\u00f6nnen Sie in der Bibliothek, aus den Pools der Fakult\u00e4ten, von den meisten Arbeitspl\u00e4tzen der Fakult\u00e4t <abbr title=\"Geistes- und Sozialwissenschaften\">GeiSo<\/abbr>, Verwaltung und mil. Bereich. Die Nutzung aus dem Studentennetz ist aus <abbr title=\"Informationstechnologie\">IT<\/abbr>-Sicherheitsgr\u00fcnden generell ausgeschlossen.<\/p>\n<h2>Softwarelizenzen<\/h2>\n<p><img loading=\"lazy\" decoding=\"async\" class=\"size-full wp-image-544 alignleft\" src=\"https:\/\/www.hsu-hh.de\/rz\/wp-content\/uploads\/sites\/13\/2017\/04\/010010110-Ziffern-Grafik_2I.jpg\" alt=\"Softwarelizenz\" width=\"75\" height=\"75\" \/>Auf der <a href=\"https:\/\/intranet.hsu-hh.de\/go\/cat\/37484\" rel='nofollow'>Intranet<\/a> Seite des Rechenzentrums finden Sie eine Liste aller Software-Produkte, die f\u00fcr die dienstliche Nutzung \u00fcber eine Campuslizenz lizensiert sind.<\/p>\n<h2>Netz<\/h2>\n<p><img loading=\"lazy\" decoding=\"async\" class=\"size-full wp-image-390 alignleft\" src=\"https:\/\/www.hsu-hh.de\/rz\/wp-content\/uploads\/sites\/13\/2017\/04\/Switchports_YF.jpg\" alt=\"Netz\" width=\"75\" height=\"75\" \/>Das Rechenzentrum stellt zentral <abbr title=\"Informationstechnologie\">IT<\/abbr>-Kapazit\u00e4t, vorrangig in der Form von Basisdiensten, zur Verf\u00fcgung. Um den Angeh\u00f6rigen der Helmut-Schmidt-Universit\u00e4t die Kommunikation untereinander sowie mit Partnern im weltweiten Internet zu erm\u00f6glichen, wird eine umfangreiche Netzwerkinfrastruktur bereitgestellt, optimiert und an die wachsenden Bed\u00fcrfnisse angepasst.<\/p>\n<p>Jedes Geb\u00e4ude innerhalb des Campus hat einen Netzanschluss. Dadurch sind die Voraussetzungen geschaffen, alle Institutsrechner <abbr title=\"beziehungsweise\">bzw.<\/abbr> netzwerkf\u00e4hige Arbeitspl\u00e4tze miteinander zu verbinden. Dies gilt auch f\u00fcr die Studenten\u00adunterk\u00fcnfte. Als Erg\u00e4nzung des kabelgebundenen Netzes steht in einigen Campusbereichen (vor allem Bibliotheksleses\u00e4le, Mensa, Aula, Seminar\u00adr\u00e4ume) ein WLAN zur Verf\u00fcgung. Aus dem Campusnetz erfolgt ein \u00dcbergang in das deutsche Wissenschaftsnetz und dar\u00fcber in das Internet.<\/p>\n\n\n<h2 class=\"wp-block-heading\">Shibboleth<\/h2>\n\n\n\n<p>Das Rechenzentrum der Helmut-Schmidt-Universit\u00e4t betreibt einen Shibboleth Identity Provider, \u00fcber den sich sowohl Universit\u00e4tsangeh\u00f6rige als auch externe Bibliotheksnutzer authentifizieren k\u00f6nnen.<\/p>\n\n\n\n<ul class=\"wp-block-list\">\n<li><strong>Externe Bibliotheksnutzer<\/strong> ohne <abbr title=\"Helmut Schmidt Universit\u00e4t\">HSU<\/abbr>-Kennung w\u00e4hlen bitte die Option <strong>\u201eBibliotheksnutzer\u201c<\/strong> zur Anmeldung.<\/li>\n\n\n\n<li><strong>Angeh\u00f6rige der <abbr title=\"Helmut Schmidt Universit\u00e4t\">HSU<\/abbr><\/strong> klicken auf <strong>\u201e<abbr title=\"Helmut Schmidt Universit\u00e4t\">HSU<\/abbr> Angeh\u00f6rige\u201c<\/strong> und melden sich mit ihren universit\u00e4ren Zugangsdaten an.<\/li>\n<\/ul>\n\n\n\n<p>F\u00fcr Universit\u00e4tsangeh\u00f6rige ist anschlie\u00dfend eine einmalige Verifizierung \u00fcber <strong>Microsoft 365<\/strong> erforderlich. Verwenden Sie hierzu Ihre universit\u00e4re <strong>E-Mail-Adresse<\/strong> sowie Ihr <strong>Passwort<\/strong>.<br><br>Weitere Informationen finden Sie unter folgendem Link: <a href=\"https:\/\/www.hsu-hh.de\/rz\/shibboleth\" data-type=\"page\" data-id=\"1856\">Shibboleth<\/a><\/p>\n","protected":false},"excerpt":{"rendered":"<p>Aktivierung der Mehr-Faktor-Authentifizierung anhand dieser Anleitung: Multi-Faktor-Authentifizierung f\u00fcr Microsoftdienste Aktivierung der Mehr-Faktor-Authentifizierung anhand dieser Anleitung pdf laden1 MB \u00a0 Nutzerkennung im Rechenzentrum: Um alle Dienste des Rechenzentrums nutzen zu k\u00f6nnen, [&hellip;]<\/p>\n","protected":false},"author":3,"featured_media":0,"parent":0,"menu_order":0,"comment_status":"closed","ping_status":"closed","template":"","meta":{"_EventAllDay":false,"_EventTimezone":"","_EventStartDate":"","_EventEndDate":"","_EventStartDateUTC":"","_EventEndDateUTC":"","_EventShowMap":false,"_EventShowMapLink":false,"_EventURL":"","_EventCost":"","_EventCostDescription":"","_EventCurrencySymbol":"","_EventCurrencyCode":"","_EventCurrencyPosition":"","_EventDateTimeSeparator":"","_EventTimeRangeSeparator":"","_EventOrganizerID":[],"_EventVenueID":[],"_OrganizerEmail":"","_OrganizerPhone":"","_OrganizerWebsite":"","_VenueAddress":"","_VenueCity":"","_VenueCountry":"","_VenueProvince":"","_VenueState":"","_VenueZip":"","_VenuePhone":"","_VenueURL":"","_VenueStateProvince":"","_VenueLat":"","_VenueLng":"","_VenueShowMap":false,"_VenueShowMapLink":false,"footnotes":""},"categories":[69],"tags":[],"class_list":["post-274","page","type-page","status-publish","hentry","category-rz"],"_links":{"self":[{"href":"https:\/\/www.hsu-hh.de\/rz\/wp-json\/wp\/v2\/pages\/274","targetHints":{"allow":["GET"]}}],"collection":[{"href":"https:\/\/www.hsu-hh.de\/rz\/wp-json\/wp\/v2\/pages"}],"about":[{"href":"https:\/\/www.hsu-hh.de\/rz\/wp-json\/wp\/v2\/types\/page"}],"author":[{"embeddable":true,"href":"https:\/\/www.hsu-hh.de\/rz\/wp-json\/wp\/v2\/users\/3"}],"replies":[{"embeddable":true,"href":"https:\/\/www.hsu-hh.de\/rz\/wp-json\/wp\/v2\/comments?post=274"}],"version-history":[{"count":74,"href":"https:\/\/www.hsu-hh.de\/rz\/wp-json\/wp\/v2\/pages\/274\/revisions"}],"predecessor-version":[{"id":1906,"href":"https:\/\/www.hsu-hh.de\/rz\/wp-json\/wp\/v2\/pages\/274\/revisions\/1906"}],"wp:attachment":[{"href":"https:\/\/www.hsu-hh.de\/rz\/wp-json\/wp\/v2\/media?parent=274"}],"wp:term":[{"taxonomy":"category","embeddable":true,"href":"https:\/\/www.hsu-hh.de\/rz\/wp-json\/wp\/v2\/categories?post=274"},{"taxonomy":"post_tag","embeddable":true,"href":"https:\/\/www.hsu-hh.de\/rz\/wp-json\/wp\/v2\/tags?post=274"}],"curies":[{"name":"wp","href":"https:\/\/api.w.org\/{rel}","templated":true}]}}