{"id":20,"date":"2016-06-07T18:13:59","date_gmt":"2016-06-07T16:13:59","guid":{"rendered":"https:\/\/webbox.hsu-hh.de\/vorlage\/?page_id=20"},"modified":"2026-01-09T10:58:13","modified_gmt":"2026-01-09T09:58:13","slug":"contact","status":"publish","type":"page","link":"https:\/\/www.hsu-hh.de\/rz\/en\/contact","title":{"rendered":"Contact"},"content":{"rendered":"<p>Adressen und \u00d6ffnungszeiten<\/p>\n<p>Das Rechenzentrum befindet sich in Geb\u00e4ude H1, Erdgescho\u00df, links von dem Eingang der Hauptbibliothek<\/p>\n<h3>User Help Desk :<\/h3>\n<p><img loading=\"lazy\" decoding=\"async\" class=\"size-full wp-image-646 alignleft\" src=\"https:\/\/www.hsu-hh.de\/rz\/wp-content\/uploads\/sites\/13\/2017\/06\/User-Help-Desk-1.jpg\" alt=\"User Help Desk Symbol\" width=\"200\" height=\"200\" srcset=\"https:\/\/www.hsu-hh.de\/rz\/wp-content\/uploads\/sites\/13\/2017\/06\/User-Help-Desk-1.jpg 200w, https:\/\/www.hsu-hh.de\/rz\/wp-content\/uploads\/sites\/13\/2017\/06\/User-Help-Desk-1-150x150.jpg 150w\" sizes=\"auto, (max-width: 200px) 100vw, 200px\" \/>Tel: 040\/ 6541-<strong>2184<\/strong><\/p>\n<p>E-Mail: <strong>rz-support@hsu-hh.de<\/strong><\/p>\n<p><strong>Service-Zeiten:<br \/>\n<\/strong><br \/>\nMontag &#8211; Freitag 08:00 &#8211; 11:30<\/p>\n<p>Montag &#8211; Donnerstag 12:30 &#8211; 15:00<br \/>\nBetriebszeiten der Systeme im Rechenzentrum:<\/p>\n<p>24 Stunden Betrieb an 7 Tagen (St\u00f6rungsbeseitigung nur innerhalb der Dienstzeit)<\/p>\n","protected":false},"excerpt":{"rendered":"<p>Adressen und \u00d6ffnungszeiten Das Rechenzentrum befindet sich in Geb\u00e4ude H1, Erdgescho\u00df, links von dem Eingang der Hauptbibliothek User Help Desk : Tel: 040\/ 6541-2184 E-Mail: rz-support@hsu-hh.de Service-Zeiten: Montag &#8211; Freitag [&hellip;]<\/p>\n","protected":false},"author":1,"featured_media":0,"parent":0,"menu_order":0,"comment_status":"closed","ping_status":"closed","template":"","meta":{"_EventAllDay":false,"_EventTimezone":"","_EventStartDate":"","_EventEndDate":"","_EventStartDateUTC":"","_EventEndDateUTC":"","_EventShowMap":false,"_EventShowMapLink":false,"_EventURL":"","_EventCost":"","_EventCostDescription":"","_EventCurrencySymbol":"","_EventCurrencyCode":"","_EventCurrencyPosition":"","_EventDateTimeSeparator":"","_EventTimeRangeSeparator":"","_EventOrganizerID":[],"_EventVenueID":[],"_OrganizerEmail":"","_OrganizerPhone":"","_OrganizerWebsite":"","_VenueAddress":"","_VenueCity":"","_VenueCountry":"","_VenueProvince":"","_VenueState":"","_VenueZip":"","_VenuePhone":"","_VenueURL":"","_VenueStateProvince":"","_VenueLat":"","_VenueLng":"","_VenueShowMap":false,"_VenueShowMapLink":false,"footnotes":""},"categories":[170],"tags":[86,88],"class_list":["post-20","page","type-page","status-publish","hentry","category-service-en","tag-computing-center","tag-userhelpdesk"],"_links":{"self":[{"href":"https:\/\/www.hsu-hh.de\/rz\/wp-json\/wp\/v2\/pages\/20","targetHints":{"allow":["GET"]}}],"collection":[{"href":"https:\/\/www.hsu-hh.de\/rz\/wp-json\/wp\/v2\/pages"}],"about":[{"href":"https:\/\/www.hsu-hh.de\/rz\/wp-json\/wp\/v2\/types\/page"}],"author":[{"embeddable":true,"href":"https:\/\/www.hsu-hh.de\/rz\/wp-json\/wp\/v2\/users\/1"}],"replies":[{"embeddable":true,"href":"https:\/\/www.hsu-hh.de\/rz\/wp-json\/wp\/v2\/comments?post=20"}],"version-history":[{"count":8,"href":"https:\/\/www.hsu-hh.de\/rz\/wp-json\/wp\/v2\/pages\/20\/revisions"}],"predecessor-version":[{"id":1915,"href":"https:\/\/www.hsu-hh.de\/rz\/wp-json\/wp\/v2\/pages\/20\/revisions\/1915"}],"wp:attachment":[{"href":"https:\/\/www.hsu-hh.de\/rz\/wp-json\/wp\/v2\/media?parent=20"}],"wp:term":[{"taxonomy":"category","embeddable":true,"href":"https:\/\/www.hsu-hh.de\/rz\/wp-json\/wp\/v2\/categories?post=20"},{"taxonomy":"post_tag","embeddable":true,"href":"https:\/\/www.hsu-hh.de\/rz\/wp-json\/wp\/v2\/tags?post=20"}],"curies":[{"name":"wp","href":"https:\/\/api.w.org\/{rel}","templated":true}]}}