{"id":1856,"date":"2025-02-03T15:27:05","date_gmt":"2025-02-03T14:27:05","guid":{"rendered":"https:\/\/www.hsu-hh.de\/rz\/?page_id=1856"},"modified":"2026-01-09T10:59:59","modified_gmt":"2026-01-09T09:59:59","slug":"shibboleth","status":"publish","type":"page","link":"https:\/\/www.hsu-hh.de\/rz\/shibboleth","title":{"rendered":"Shibboleth"},"content":{"rendered":"\n<p>Die <strong><abbr title=\"Helmut Schmidt Universit\u00e4t\">HSU<\/abbr>-Bibliothek<\/strong> stellt die <strong>Shibboleth-Authentifizierung<\/strong> auf einen neuen, im Rechenzentrum betriebenen Dienst um. Diese Umstellung erfolgt am<strong> 03.02.2025<\/strong><\/p>\n\n\n\n<p><strong>Was genau ist Shibboleth?<\/strong><\/p>\n\n\n\n<p>Shibboleth ist ein Single-Sign-on-System, das Ihnen den Zugriff auf verschiedene digitale Ressourcen mit nur einer Anmeldung erm\u00f6glicht. Statt sich f\u00fcr jeden Dienst einzeln anzumelden, k\u00f6nnen Sie mit Ihren <abbr title=\"Helmut Schmidt Universit\u00e4t\">HSU<\/abbr>-Zugangsdaten auf alle lizenzierten Datenbanken, E-Journals und weiteren Online-Ressourcen zugreifen.<br><\/p>\n\n\n\n<h2 class=\"wp-block-heading\">Warum diese Umstellung?<\/h2>\n\n\n\n<p>Die Umstellung der <strong>Shibboleth-Authentifizierung<\/strong> auf die Infrastruktur des Rechenzentrums bringt mehrere Vorteile mit sich:<\/p>\n\n\n\n<ul class=\"wp-block-list\">\n<li><strong>Erh\u00f6hte Sicherheit:<\/strong> Durch die Nutzung der Rechenzentrums-Infrastruktur profitieren Sie von modernen Sicherheitsstandards und -technologien. Das Rechenzentrum setzt verschiedene Sicherheitsma\u00dfnahmen ein, darunter <strong>Multi-Faktor-Authentifizierung<\/strong> und fortschrittliche <strong>Firewalls<\/strong>, um Ihre Daten bestm\u00f6glich zu sch\u00fctzen.<\/li>\n\n\n\n<li><strong>Verbesserte Zuverl\u00e4ssigkeit:<\/strong> Die Authentifizierung wird durch die leistungsf\u00e4hige Infrastruktur des Rechenzentrums stabiler und zuverl\u00e4ssiger.<\/li>\n\n\n\n<li><strong>Zentrale Verwaltung:<\/strong> Die zentrale Verwaltung der Authentifizierung im Rechenzentrum vereinfacht sowohl die <strong>Administration<\/strong> als auch die <strong>Wartung<\/strong>, was zu einer effizienteren Handhabung f\u00fchrt.<br><\/li>\n<\/ul>\n\n\n\n<h2 class=\"wp-block-heading\">H\u00e4ufig gestellte Fragen (<abbr title=\"Freqently Asked Questions\">FAQ<\/abbr>)<\/h2>\n\n\n\n<p><strong>F: Ich kann mich nicht anmelden. Was kann ich tun?<\/strong><\/p>\n\n\n\n<p>A: Bitte stellen Sie sicher, dass Sie den korrekten Benutzernamen und das richtige Passwort eingeben. Falls Sie Ihr Passwort vergessen haben, k\u00f6nnen Sie es \u00fcber \u201epm.hsu-hh.de\u201c zur\u00fccksetzen. Pr\u00fcfen Sie au\u00dferdem, ob Sie Ihre Browserdaten (Cookies und Cache) gel\u00f6scht haben, da dies das Problem m\u00f6glicherweise beheben kann.<\/p>\n\n\n\n<p><strong>F: Muss ich meine Zugangsdaten \u00e4ndern?<\/strong><\/p>\n\n\n\n<p>A: Nein, Ihr bisheriger Benutzername und Ihr Passwort bleiben unver\u00e4ndert.<\/p>\n\n\n\n<p><strong>F: Werden meine pers\u00f6nlichen Daten durch die neue Authentifizierung besser gesch\u00fctzt?<\/strong><\/p>\n\n\n\n<p>A: Ja, durch die Infrastruktur des Rechenzentrums sind nun erh\u00f6hte Sicherheitsstandards wie Multi-Faktor-Authentifizierung m\u00f6glich.<br><br><strong>F: Kann ich die Shibboleth-Authentifizierung auch f\u00fcr andere Dienste der <abbr title=\"Helmut Schmidt Universit\u00e4t\">HSU<\/abbr> nutzen?<\/strong><\/p>\n\n\n\n<p>A: Ja, die <abbr title=\"Helmut Schmidt Universit\u00e4t\">HSU<\/abbr> nutzt Shibboleth f\u00fcr verschiedene Dienste. Mit Ihren <abbr title=\"Helmut Schmidt Universit\u00e4t\">HSU<\/abbr>-Zugangsdaten k\u00f6nnen Sie sich problemlos bei allen Shibboleth-kompatiblen Diensten anmelden.<br><br><strong>F: Warum kann ich mich nicht anmelden?<\/strong><br><br><strong>A:<\/strong> Sind Sie Universit\u00e4tsangeh\u00f6riger? Falls ja, nutzen Sie bitte die Option <strong>\u201e<abbr title=\"Helmut Schmidt Universit\u00e4t\">HSU<\/abbr> Angeh\u00f6rige\u201c<\/strong> zur Anmeldung. Externe Nutzer ohne <abbr title=\"Helmut Schmidt Universit\u00e4t\">HSU<\/abbr>-Kennung w\u00e4hlen <strong>\u201eBibliotheksnutzer\u201c<\/strong>.<\/p>\n\n\n\n<h2 class=\"wp-block-heading\">Support &amp; Kontakt<\/h2>\n\n\n\n<p>Bei Fragen oder Problemen im Kontext unseres Dienstes wenden Sie sich bitte per E-Mail an <strong><a><strong>rz-support@hsu-hh.de<\/strong><\/a><\/strong>. Unser Support-Team bem\u00fcht sich, Ihre Anfrage schnellstm\u00f6glich zu beantworten und eine L\u00f6sung bereitzustellen.<\/p>\n","protected":false},"excerpt":{"rendered":"<p>Die HSU-Bibliothek stellt die Shibboleth-Authentifizierung auf einen neuen, im Rechenzentrum betriebenen Dienst um. Diese Umstellung erfolgt am 03.02.2025 Was genau ist Shibboleth? Shibboleth ist ein Single-Sign-on-System, das Ihnen den Zugriff [&hellip;]<\/p>\n","protected":false},"author":3783,"featured_media":0,"parent":0,"menu_order":0,"comment_status":"closed","ping_status":"closed","template":"","meta":{"_EventAllDay":false,"_EventTimezone":"","_EventStartDate":"","_EventEndDate":"","_EventStartDateUTC":"","_EventEndDateUTC":"","_EventShowMap":false,"_EventShowMapLink":false,"_EventURL":"","_EventCost":"","_EventCostDescription":"","_EventCurrencySymbol":"","_EventCurrencyCode":"","_EventCurrencyPosition":"","_EventDateTimeSeparator":"","_EventTimeRangeSeparator":"","_EventOrganizerID":[],"_EventVenueID":[],"_OrganizerEmail":"","_OrganizerPhone":"","_OrganizerWebsite":"","_VenueAddress":"","_VenueCity":"","_VenueCountry":"","_VenueProvince":"","_VenueState":"","_VenueZip":"","_VenuePhone":"","_VenueURL":"","_VenueStateProvince":"","_VenueLat":"","_VenueLng":"","_VenueShowMap":false,"_VenueShowMapLink":false,"footnotes":""},"categories":[126],"tags":[],"class_list":["post-1856","page","type-page","status-publish","hentry","category-service"],"_links":{"self":[{"href":"https:\/\/www.hsu-hh.de\/rz\/wp-json\/wp\/v2\/pages\/1856","targetHints":{"allow":["GET"]}}],"collection":[{"href":"https:\/\/www.hsu-hh.de\/rz\/wp-json\/wp\/v2\/pages"}],"about":[{"href":"https:\/\/www.hsu-hh.de\/rz\/wp-json\/wp\/v2\/types\/page"}],"author":[{"embeddable":true,"href":"https:\/\/www.hsu-hh.de\/rz\/wp-json\/wp\/v2\/users\/3783"}],"replies":[{"embeddable":true,"href":"https:\/\/www.hsu-hh.de\/rz\/wp-json\/wp\/v2\/comments?post=1856"}],"version-history":[{"count":11,"href":"https:\/\/www.hsu-hh.de\/rz\/wp-json\/wp\/v2\/pages\/1856\/revisions"}],"predecessor-version":[{"id":1918,"href":"https:\/\/www.hsu-hh.de\/rz\/wp-json\/wp\/v2\/pages\/1856\/revisions\/1918"}],"wp:attachment":[{"href":"https:\/\/www.hsu-hh.de\/rz\/wp-json\/wp\/v2\/media?parent=1856"}],"wp:term":[{"taxonomy":"category","embeddable":true,"href":"https:\/\/www.hsu-hh.de\/rz\/wp-json\/wp\/v2\/categories?post=1856"},{"taxonomy":"post_tag","embeddable":true,"href":"https:\/\/www.hsu-hh.de\/rz\/wp-json\/wp\/v2\/tags?post=1856"}],"curies":[{"name":"wp","href":"https:\/\/api.w.org\/{rel}","templated":true}]}}