{"id":140,"date":"2017-03-23T11:07:15","date_gmt":"2017-03-23T10:07:15","guid":{"rendered":"https:\/\/www.hsu-hh.de\/rz\/?page_id=140"},"modified":"2026-02-12T17:15:02","modified_gmt":"2026-02-12T16:15:02","slug":"rechenzentrum-startseite","status":"publish","type":"page","link":"https:\/\/www.hsu-hh.de\/rz\/","title":{"rendered":"Rechenzentrum"},"content":{"rendered":"\n<h1 class=\"wp-block-heading\"><strong>Willkommen bei dem zentralen <\/strong><br><strong><abbr title=\"Informationstechnologie\">IT<\/abbr>-Dienst\u00adleister der Helmut-Schmidt-Universit\u00e4t<\/strong><\/h1>\n\n\n\n<p>Das Rechenzentrum der <abbr title=\"Helmut Schmidt Universit\u00e4t \u2044 Universit\u00e4t der Bundeswehr Hamburg\">HSU HH<\/abbr> &nbsp;versorgt die Hochschulangeh\u00f6rigen mit zentralen informationstechnischen Dienstleistungen.<\/p>\n\n\n\n<p>Dies umfasst die Planung, den Aufbau und den Betrieb der zentralen Systeme und des Datennetzes aller Liegenschaften der Universit\u00e4t. Zu den zentralen Systemen geh\u00f6ren insbesondere die universit\u00e4tsweite Nutzerverwaltung, das Content-Management-System, das E-Mail-System <abbr title=\"inclusive\">inkl.<\/abbr> der Bereitstellung eines Webmailers, das Campus-Portal und die zentralen Fileserver.<\/p>\n\n\n\n<ul class=\"wp-block-list\">\n<li>Informationen und Anleitungen zu allen Diensten des Rechenzentrums finden Sie auf unseren <a href=\"https:\/\/intranet.hsu-hh.de\/go\/cat\/37462\" rel='nofollow'>Intranet<\/a> Seiten.<\/li>\n\n\n\n<li>Ihre Nutzerkennung erhalten Sie am ersten Tag vor Ort in der Chipkartenstelle der Verwaltung.<\/li>\n<\/ul>\n\n\n\n<h2 class=\"wp-block-heading\"><strong>User-Help-Desk (UHD)<\/strong><\/h2>\n\n\n\n<p>Der UHD hilft bei Problemen und Fragen zu allen Services des Rechenzentrums. <br>Nutzen Sie dazu bitte unsere zentrale E-Mail <strong>rz-support@hsu-hh.de.<\/strong><\/p>\n\n\n\n<p>Leider k\u00f6nnen wir Ihnen aufgrund der aktuellen Lage keine&nbsp;pers\u00f6nliche Sprechstunde anbieten<strong>.<\/strong><\/p>\n\n\n\n<p><strong>Betriebszeiten der Systeme im Rechenzentrum:<\/strong><\/p>\n\n\n\n<ul class=\"wp-block-list\">\n<li>24 Stunden Betrieb an 7 Tagen (St\u00f6rungsbeseitigung nur innerhalb der Dienstzeit)<\/li>\n\n\n\n<li><strong>Sprechzeiten:<\/strong>\n<ul class=\"wp-block-list\">\n<li>Montag-Donnerstag: 08.00-11.30 und 12.30-15.00<\/li>\n\n\n\n<li>Freitag: geschlossen<\/li>\n<\/ul>\n<\/li>\n<\/ul>\n","protected":false},"excerpt":{"rendered":"<p>Willkommen bei dem zentralen IT-Dienst\u00adleister der Helmut-Schmidt-Universit\u00e4t Das Rechenzentrum der HSU HH &nbsp;versorgt die Hochschulangeh\u00f6rigen mit zentralen informationstechnischen Dienstleistungen. Dies umfasst die Planung, den Aufbau und den Betrieb der zentralen [&hellip;]<\/p>\n","protected":false},"author":3,"featured_media":0,"parent":0,"menu_order":0,"comment_status":"closed","ping_status":"closed","template":"","meta":{"_EventAllDay":false,"_EventTimezone":"","_EventStartDate":"","_EventEndDate":"","_EventStartDateUTC":"","_EventEndDateUTC":"","_EventShowMap":false,"_EventShowMapLink":false,"_EventURL":"","_EventCost":"","_EventCostDescription":"","_EventCurrencySymbol":"","_EventCurrencyCode":"","_EventCurrencyPosition":"","_EventDateTimeSeparator":"","_EventTimeRangeSeparator":"","_EventOrganizerID":[],"_EventVenueID":[],"_OrganizerEmail":"","_OrganizerPhone":"","_OrganizerWebsite":"","_VenueAddress":"","_VenueCity":"","_VenueCountry":"","_VenueProvince":"","_VenueState":"","_VenueZip":"","_VenuePhone":"","_VenueURL":"","_VenueStateProvince":"","_VenueLat":"","_VenueLng":"","_VenueShowMap":false,"_VenueShowMapLink":false,"footnotes":""},"categories":[126],"tags":[],"class_list":["post-140","page","type-page","status-publish","hentry","category-service"],"_links":{"self":[{"href":"https:\/\/www.hsu-hh.de\/rz\/wp-json\/wp\/v2\/pages\/140","targetHints":{"allow":["GET"]}}],"collection":[{"href":"https:\/\/www.hsu-hh.de\/rz\/wp-json\/wp\/v2\/pages"}],"about":[{"href":"https:\/\/www.hsu-hh.de\/rz\/wp-json\/wp\/v2\/types\/page"}],"author":[{"embeddable":true,"href":"https:\/\/www.hsu-hh.de\/rz\/wp-json\/wp\/v2\/users\/3"}],"replies":[{"embeddable":true,"href":"https:\/\/www.hsu-hh.de\/rz\/wp-json\/wp\/v2\/comments?post=140"}],"version-history":[{"count":44,"href":"https:\/\/www.hsu-hh.de\/rz\/wp-json\/wp\/v2\/pages\/140\/revisions"}],"predecessor-version":[{"id":1938,"href":"https:\/\/www.hsu-hh.de\/rz\/wp-json\/wp\/v2\/pages\/140\/revisions\/1938"}],"wp:attachment":[{"href":"https:\/\/www.hsu-hh.de\/rz\/wp-json\/wp\/v2\/media?parent=140"}],"wp:term":[{"taxonomy":"category","embeddable":true,"href":"https:\/\/www.hsu-hh.de\/rz\/wp-json\/wp\/v2\/categories?post=140"},{"taxonomy":"post_tag","embeddable":true,"href":"https:\/\/www.hsu-hh.de\/rz\/wp-json\/wp\/v2\/tags?post=140"}],"curies":[{"name":"wp","href":"https:\/\/api.w.org\/{rel}","templated":true}]}}