{"id":878,"date":"2021-04-15T09:26:56","date_gmt":"2021-04-15T07:26:56","guid":{"rendered":"https:\/\/www.hsu-hh.de\/rt\/?page_id=878"},"modified":"2023-03-24T11:18:40","modified_gmt":"2023-03-24T10:18:40","slug":"misdro","status":"publish","type":"page","link":"https:\/\/www.hsu-hh.de\/rt\/forschung\/misdro","title":{"rendered":"MISDRO"},"content":{"rendered":"\n<p style=\"font-size:30px\">Zustandserfassung von Infrastrukturbauwerken aus Stahl mittels multivariater Inspektionssysteme und Drohnen<\/p>\n\n\n<div class=\"wp-block-image\">\n<figure class=\"aligncenter size-large\"><img loading=\"lazy\" decoding=\"async\" width=\"1024\" height=\"575\" src=\"https:\/\/www.hsu-hh.de\/rt\/wp-content\/uploads\/sites\/706\/2021\/03\/Kachel_MISDRO_DTEC-1024x575.png\" data-credit=\"Mediaserver Hamburg \/ DoubleVision\" alt=\"Stahlbr\u00fccke mit Multikopter\" class=\"wp-image-774\" srcset=\"https:\/\/www.hsu-hh.de\/rt\/wp-content\/uploads\/sites\/706\/2021\/03\/Kachel_MISDRO_DTEC-1024x575.png 1024w, https:\/\/www.hsu-hh.de\/rt\/wp-content\/uploads\/sites\/706\/2021\/03\/Kachel_MISDRO_DTEC-300x168.png 300w, https:\/\/www.hsu-hh.de\/rt\/wp-content\/uploads\/sites\/706\/2021\/03\/Kachel_MISDRO_DTEC-768x431.png 768w, https:\/\/www.hsu-hh.de\/rt\/wp-content\/uploads\/sites\/706\/2021\/03\/Kachel_MISDRO_DTEC-1536x862.png 1536w, https:\/\/www.hsu-hh.de\/rt\/wp-content\/uploads\/sites\/706\/2021\/03\/Kachel_MISDRO_DTEC-1100x618.png 1100w, https:\/\/www.hsu-hh.de\/rt\/wp-content\/uploads\/sites\/706\/2021\/03\/Kachel_MISDRO_DTEC.png 2002w\" sizes=\"auto, (max-width: 1024px) 100vw, 1024px\" \/><\/figure>\n<\/div>\n\n\n<p>Ziel dieses Projektes ist die Methodenentwicklung und Erprobung eines automatisierten multivariaten Inspektionssystems f\u00fcr Infrastrukturbauwerke aus Stahl, wobei UAS als Tr\u00e4gersysteme zum Einsatz kommen.&nbsp;Dies umfasst&nbsp;zum einen&nbsp;die Erforschung der Hardware-Komponenten (<abbr title=\"unter anderem\">u.a.<\/abbr> von&nbsp;UAS, Sensorik und Einheiten f\u00fcr die Datenerfassung, Datenverarbeitung und Datenspeicherung)&nbsp;und zum anderen&nbsp;der Software-Komponenten&nbsp;(bspw. Algorithmen f\u00fcr den optimalen&nbsp;Flugpfad&nbsp;und die Zustandsanalyse auf Basis der Sensordaten,&nbsp;sowie f\u00fcr&nbsp;die Speicherung in einer Cloud&nbsp;und die&nbsp;Visualisierung mittels Weboberfl\u00e4che).&nbsp;Als zentraler Sensor zur Schadensdetektion wird eine Hyperspektralkamera verwendet, um bei der Befliegung&nbsp;eine vielschichtige Datenbasis f\u00fcr eine genaue Schadensanalyse zu erhalten.&nbsp;<\/p>\n\n\n\n<p>An der Professur f\u00fcr Regelungstechnik wird der reale Einsatz der Flugplattform im institutseigenem Flugk\u00e4fig, mit integrierten Motion Capture System, getestet. Durch das Motion Capture System kann die reale Drohnenbewegung in einer 3D-Simulation abgebildet werden, um Hardware-in-the-Loop Tests zu erm\u00f6glichen, sowie verschiedene Umgebungen und Anwendungsf\u00e4lle zu untersuchen. Dazu geh\u00f6ren unter anderem die Missionsplanung anhand der Oberfl\u00e4chenstruktur des Inspektionsobjektes, sowie die Wegfindung im Flug um Kollisionen zu vermeiden und Zielpunkte zu erreichen.<\/p>\n\n\n\n<p>MISDRO&nbsp;wird&nbsp;gef\u00f6rdert vom Zentrum f\u00fcr Digitalisierungs- und Technologieforschung der Bundeswehr (DTEC.Bw).&nbsp;Unter der F\u00fchrung der <a href=\"https:\/\/www.hsu-hh.de\/stahlbau\/\">Professur f\u00fcr Stahlbau und Stahlwasserbau<\/a> arbeiten die Professur f\u00fcr Regelungstechnik&nbsp;sowie&nbsp;vier weitere Industriepartner aus dem Umfeld der Baupr\u00fcfung, der UAS-Entwicklung und der KI-gest\u00fctzten Sensordatenverarbeitung&nbsp;an dem Projekt.<\/p>\n\n\n\n<p>Wenn Du Teil dieses spannenden Entwicklungsprozesses werden oder mehr zu diesem Thema erfahren m\u00f6chtest, wende Dich gern an <a href=\"https:\/\/www.hsu-hh.de\/rt\/team\/dr-ing-mirco-alpen\">Mirco Alpen<\/a><\/p>\n\n\n\n<hr class=\"wp-block-separator has-css-opacity\" \/>\n\n\n\n<p><strong>Beteiligte Professuren im Hause<\/strong><\/p>\n\n\n\n<p><a href=\"https:\/\/www.hsu-hh.de\/stahlbau\/\">Professur f\u00fcr Stahlbau und Stahlwasserbau<\/a><\/p>\n\n\n\n<p><\/p>\n\n\n\n<hr class=\"wp-block-separator has-alpha-channel-opacity\" \/>\n\n\n\n<p><strong>Gef\u00f6rdert durch<\/strong><\/p>\n\n\n\n<figure class=\"wp-block-image size-large is-resized\"><img loading=\"lazy\" decoding=\"async\" src=\"https:\/\/www.hsu-hh.de\/forschung\/wp-content\/uploads\/sites\/783\/2023\/03\/dtec.bw_EU-Foederhinweis_RGB_vertikal-1024x241.png\" alt=\"DTEC_Logo\" class=\"wp-image-2403\" width=\"512\" height=\"121\" \/><\/figure>\n","protected":false},"excerpt":{"rendered":"<p>Zustandserfassung von Infrastrukturbauwerken aus Stahl mittels multivariater Inspektionssysteme und Drohnen Ziel dieses Projektes ist die Methodenentwicklung und Erprobung eines automatisierten multivariaten Inspektionssystems f\u00fcr Infrastrukturbauwerke aus Stahl, wobei UAS als Tr\u00e4gersysteme [&hellip;]<\/p>\n","protected":false},"author":145,"featured_media":0,"parent":162,"menu_order":0,"comment_status":"closed","ping_status":"closed","template":"","meta":{"footnotes":""},"categories":[4],"tags":[],"class_list":["post-878","page","type-page","status-publish","hentry","category-forschung"],"_links":{"self":[{"href":"https:\/\/www.hsu-hh.de\/rt\/wp-json\/wp\/v2\/pages\/878","targetHints":{"allow":["GET"]}}],"collection":[{"href":"https:\/\/www.hsu-hh.de\/rt\/wp-json\/wp\/v2\/pages"}],"about":[{"href":"https:\/\/www.hsu-hh.de\/rt\/wp-json\/wp\/v2\/types\/page"}],"author":[{"embeddable":true,"href":"https:\/\/www.hsu-hh.de\/rt\/wp-json\/wp\/v2\/users\/145"}],"replies":[{"embeddable":true,"href":"https:\/\/www.hsu-hh.de\/rt\/wp-json\/wp\/v2\/comments?post=878"}],"version-history":[{"count":4,"href":"https:\/\/www.hsu-hh.de\/rt\/wp-json\/wp\/v2\/pages\/878\/revisions"}],"predecessor-version":[{"id":1088,"href":"https:\/\/www.hsu-hh.de\/rt\/wp-json\/wp\/v2\/pages\/878\/revisions\/1088"}],"up":[{"embeddable":true,"href":"https:\/\/www.hsu-hh.de\/rt\/wp-json\/wp\/v2\/pages\/162"}],"wp:attachment":[{"href":"https:\/\/www.hsu-hh.de\/rt\/wp-json\/wp\/v2\/media?parent=878"}],"wp:term":[{"taxonomy":"category","embeddable":true,"href":"https:\/\/www.hsu-hh.de\/rt\/wp-json\/wp\/v2\/categories?post=878"},{"taxonomy":"post_tag","embeddable":true,"href":"https:\/\/www.hsu-hh.de\/rt\/wp-json\/wp\/v2\/tags?post=878"}],"curies":[{"name":"wp","href":"https:\/\/api.w.org\/{rel}","templated":true}]}}