{"id":833,"date":"2021-04-13T14:05:08","date_gmt":"2021-04-13T12:05:08","guid":{"rendered":"https:\/\/www.hsu-hh.de\/rt\/?page_id=833"},"modified":"2024-09-11T11:20:05","modified_gmt":"2024-09-11T09:20:05","slug":"riva","status":"publish","type":"page","link":"https:\/\/www.hsu-hh.de\/rt\/forschung\/riva","title":{"rendered":"RIVA"},"content":{"rendered":"\n<p style=\"font-size:30px\">Rechtskonforme <abbr title=\"Informationstechnologie\">IT<\/abbr>-Konzepte und -L\u00f6sungen f\u00fcr Verb\u00fcnde autonomer Land-, Wasser- und Luftfahrzeuge<\/p>\n\n\n<div class=\"wp-block-image\">\n<figure class=\"aligncenter size-large\"><img loading=\"lazy\" decoding=\"async\" width=\"1024\" height=\"576\" src=\"https:\/\/www.hsu-hh.de\/rt\/wp-content\/uploads\/sites\/706\/2022\/04\/Projekt_RIVA_Team-1024x576.png\" data-credit=\"3EA\" alt=\"RIVA-Team\" class=\"wp-image-981\" srcset=\"https:\/\/www.hsu-hh.de\/rt\/wp-content\/uploads\/sites\/706\/2022\/04\/Projekt_RIVA_Team-1024x576.png 1024w, https:\/\/www.hsu-hh.de\/rt\/wp-content\/uploads\/sites\/706\/2022\/04\/Projekt_RIVA_Team-300x169.png 300w, https:\/\/www.hsu-hh.de\/rt\/wp-content\/uploads\/sites\/706\/2022\/04\/Projekt_RIVA_Team-768x432.png 768w, https:\/\/www.hsu-hh.de\/rt\/wp-content\/uploads\/sites\/706\/2022\/04\/Projekt_RIVA_Team-1536x864.png 1536w, https:\/\/www.hsu-hh.de\/rt\/wp-content\/uploads\/sites\/706\/2022\/04\/Projekt_RIVA_Team-1100x619.png 1100w, https:\/\/www.hsu-hh.de\/rt\/wp-content\/uploads\/sites\/706\/2022\/04\/Projekt_RIVA_Team.png 1999w\" sizes=\"auto, (max-width: 1024px) 100vw, 1024px\" \/><\/figure>\n<\/div>\n\n\n<p>Das RIVA-Projekt soll Fahrzeugverb\u00fcnde unterschiedlicher Modalit\u00e4t (Land, Wasser, Luft) in die Lage versetzen autonom Missionen in Echtzeit zu erf\u00fcllen. Hierzu sollen die Umgebungs- und Randbedingungen durch den Verbund ermittelt und ein Umgebungsmodell erstellt werden.&nbsp;Mit dem&nbsp;generierten&nbsp;Wissen&nbsp;um&nbsp;die unterschiedlichen F\u00e4higkeiten der einzelnen Fahrzeuge&nbsp;wird&nbsp;die Missionserf\u00fcllung geplant und ausgef\u00fchrt, wobei sich ver\u00e4ndernde Rand- <abbr title=\"beziehungsweise\">bzw.<\/abbr> Umweltbedingungen oder&nbsp;F\u00e4higkeiten der Verbundteilnehmer direkt auf die Aufgaben der einzelnen Fahrzeuge auswirken. Die Erf\u00fcllung der Missionen&nbsp;wird&nbsp;zun\u00e4chst simuliert und dann in&nbsp;der Praxis beispielhaft demonstriert.&nbsp;<\/p>\n\n\n\n<p>Erforscht werden&nbsp;zugleich&nbsp;die&nbsp;f\u00fcr die unterschiedlichen Systeme einschl\u00e4gigen&nbsp;rechtlichen&nbsp;Rahmenbedingungen.&nbsp;Ausgehend von einer Bestandsaufnahme bestehender Regelungen soll&nbsp;das Recht hin zu einem die unterschiedlichen Modalit\u00e4ten integrierenden Ansatz systematisch weiterentwickelt werden.<\/p>\n\n\n\n<p>In der Professur f\u00fcr Regelungstechnik liegt der Fokus  zum einen auf der Untersuchung von laufzeitver\u00e4nderlichen Reglerstrukturen f\u00fcr intelligente (teil)autonome Luft-, Land- und Wasserfahrzeuge im Verbund. Hier soll unter anderem untersucht werden, unter welchen Umst\u00e4nden ein zentraler und unter welchen ein dezentraler Ansatz zielf\u00fchrend ist, und ob eine zur Laufzeit ver\u00e4nderliche Struktur m\u00f6glich ist. Zum anderen soll die Pfadplanung und Priorisierung von Missions-Tasks zur Echtzeit-Koordination des Fahrzeugverbunds in Abh\u00e4ngigkeit von dynamischen Randbedingungen untersucht werden. F\u00fcr die Planung und Priorisierung sollen verschiedenen Optimierungskriterien untersucht und verglichen werden. Dabei gilt es herauszuarbeiten, f\u00fcr welche Anwendungsszenarien welche Kriterien geeignet sind. <\/p>\n\n\n\n<p>RIVA&nbsp;wird&nbsp;gef\u00f6rdert vom Zentrum f\u00fcr Digitalisierungs- und Technologieforschung der Bundeswehr (DTEC.Bw) und l\u00e4uft vom 01.11.2020 bis zum 31.12.2024. Dabei arbeiten an dem RIVA-Projekt sowohl drei unterschiedliche Professuren in drei unterschiedlichen Fakult\u00e4ten der <abbr title=\"Helmut Schmidt Universit\u00e4t\">HSU<\/abbr>&nbsp;als auch zwei Industriepartner, die die ben\u00f6tigte Hardware und die Simulationsumgebung zur Verf\u00fcgung stellen. Die Projektleitung liegt bei der Professur f\u00fcr Automatisierungstechnik.  Wenn Du Teil dieses spannenden Entwicklungsprozesses werden oder mehr zu diesem Thema erfahren m\u00f6chtest, wende Dich gern an <a href=\"https:\/\/www.hsu-hh.de\/rt\/team\/anne-schweim\">Anne Schweim<\/a> oder <a href=\"https:\/\/www.hsu-hh.de\/rt\/team\/marie-schweim\">Marie Schweim<\/a><\/p>\n\n\n\n<hr class=\"wp-block-separator has-css-opacity\" \/>\n\n\n\n<p><strong>Beteiligte Partner im Hause<\/strong><\/p>\n\n\n\n<ul class=\"wp-block-list\">\n<li><a href=\"https:\/\/www.hsu-hh.de\/aut\/\">Professur f\u00fcr Automatisierungstechnik<\/a> mit dem Mitarbeiter <a href=\"https:\/\/www.hsu-hh.de\/aut\/team\">Marvin Zager<\/a>, <a href=\"https:\/\/www.hsu-hh.de\/aut\/team\">Christoph Sieber<\/a> und <a href=\"https:\/\/www.hsu-hh.de\/aut\/team\">Miguel Vieira da Silva<\/a> <\/li>\n<\/ul>\n\n\n\n<p><\/p>\n\n\n\n<ul class=\"wp-block-list\">\n<li><a href=\"https:\/\/www.hsu-hh.de\/verwaltungsrecht\/\">Professur f\u00fcr \u00d6ffentliches Recht, insbesondere \u00f6ffentliches Wirtschafts-&nbsp;und&nbsp;Umweltrecht<\/a> mit dem Mitarbeiter <a href=\"https:\/\/www.hsu-hh.de\/verwaltungsrecht\/wissenschaftliche-mitarbeiterinnen\/ass-jur-christian-worpenberg\">Christian Worpenberg<\/a><\/li>\n<\/ul>\n\n\n\n<p><\/p>\n\n\n\n<p><strong>Projektpartner<\/strong><\/p>\n\n\n\n<ul class=\"wp-block-list\">\n<li><a href=\"https:\/\/www.it-objects.de\/\" rel='nofollow'>it-objects <abbr title=\"Gesellschaft mit beschr\u00e4nkter Haftung\">GmbH<\/abbr><\/a> mit dem Ansprechpartner Tobias Borgt <\/li>\n\n\n\n<li><a href=\"https:\/\/3rd-element.com\/home\/\" rel='nofollow'>Third Element Aviation <abbr title=\"Gesellschaft mit beschr\u00e4nkter Haftung\">GmbH<\/abbr><\/a> mit dem Ansprechpartner Marius Schr\u00f6der<\/li>\n<\/ul>\n\n\n\n<hr class=\"wp-block-separator has-alpha-channel-opacity\" \/>\n\n\n\n<p><strong>Gef\u00f6rdert durch<\/strong><\/p>\n\n\n\n<figure class=\"wp-block-image size-large is-resized\"><img decoding=\"async\" src=\"https:\/\/www.hsu-hh.de\/forschung\/wp-content\/uploads\/sites\/783\/2023\/03\/dtec.bw_EU-Foederhinweis_RGB_vertikal-1024x241.png\" alt=\"DTEC_Logo\" class=\"wp-image-2403\" style=\"width:512px;height:121px\" \/><\/figure>\n","protected":false},"excerpt":{"rendered":"<p>Rechtskonforme IT-Konzepte und -L\u00f6sungen f\u00fcr Verb\u00fcnde autonomer Land-, Wasser- und Luftfahrzeuge Das RIVA-Projekt soll Fahrzeugverb\u00fcnde unterschiedlicher Modalit\u00e4t (Land, Wasser, Luft) in die Lage versetzen autonom Missionen in Echtzeit zu erf\u00fcllen. [&hellip;]<\/p>\n","protected":false},"author":145,"featured_media":0,"parent":162,"menu_order":0,"comment_status":"closed","ping_status":"closed","template":"","meta":{"footnotes":""},"categories":[4],"tags":[],"class_list":["post-833","page","type-page","status-publish","hentry","category-forschung"],"_links":{"self":[{"href":"https:\/\/www.hsu-hh.de\/rt\/wp-json\/wp\/v2\/pages\/833","targetHints":{"allow":["GET"]}}],"collection":[{"href":"https:\/\/www.hsu-hh.de\/rt\/wp-json\/wp\/v2\/pages"}],"about":[{"href":"https:\/\/www.hsu-hh.de\/rt\/wp-json\/wp\/v2\/types\/page"}],"author":[{"embeddable":true,"href":"https:\/\/www.hsu-hh.de\/rt\/wp-json\/wp\/v2\/users\/145"}],"replies":[{"embeddable":true,"href":"https:\/\/www.hsu-hh.de\/rt\/wp-json\/wp\/v2\/comments?post=833"}],"version-history":[{"count":8,"href":"https:\/\/www.hsu-hh.de\/rt\/wp-json\/wp\/v2\/pages\/833\/revisions"}],"predecessor-version":[{"id":1166,"href":"https:\/\/www.hsu-hh.de\/rt\/wp-json\/wp\/v2\/pages\/833\/revisions\/1166"}],"up":[{"embeddable":true,"href":"https:\/\/www.hsu-hh.de\/rt\/wp-json\/wp\/v2\/pages\/162"}],"wp:attachment":[{"href":"https:\/\/www.hsu-hh.de\/rt\/wp-json\/wp\/v2\/media?parent=833"}],"wp:term":[{"taxonomy":"category","embeddable":true,"href":"https:\/\/www.hsu-hh.de\/rt\/wp-json\/wp\/v2\/categories?post=833"},{"taxonomy":"post_tag","embeddable":true,"href":"https:\/\/www.hsu-hh.de\/rt\/wp-json\/wp\/v2\/tags?post=833"}],"curies":[{"name":"wp","href":"https:\/\/api.w.org\/{rel}","templated":true}]}}