{"id":73,"date":"2017-07-03T15:52:08","date_gmt":"2017-07-03T13:52:08","guid":{"rendered":"https:\/\/www.hsu-hh.de\/vorlage\/?page_id=73"},"modified":"2025-10-08T13:35:45","modified_gmt":"2025-10-08T11:35:45","slug":"startseite-2","status":"publish","type":"page","link":"https:\/\/www.hsu-hh.de\/rt\/","title":{"rendered":"Willkommen bei der Professur f\u00fcr Regelungstechnik"},"content":{"rendered":"\n<blockquote class=\"wp-block-quote is-layout-flow wp-block-quote-is-layout-flow\">\n<blockquote class=\"wp-block-quote is-layout-flow wp-block-quote-is-layout-flow\">\n<blockquote class=\"wp-block-quote is-layout-flow wp-block-quote-is-layout-flow\">\n<blockquote class=\"wp-block-quote is-layout-flow wp-block-quote-is-layout-flow\">\n<p><\/p>\n<\/blockquote>\n<\/blockquote>\n<\/blockquote>\n<\/blockquote>\n\n\n\n<div class=\"wp-block-media-text is-stacked-on-mobile\" style=\"grid-template-columns:15% auto\"><figure class=\"wp-block-media-text__media\"><img loading=\"lazy\" decoding=\"async\" width=\"712\" height=\"712\" src=\"https:\/\/www.hsu-hh.de\/rt\/wp-content\/uploads\/sites\/706\/2025\/10\/Zitatat.png\" data-credit=\"RET@HSU\" alt=\"Symbol f\u00fcr ein Zitat\" class=\"wp-image-1223 size-full\" srcset=\"https:\/\/www.hsu-hh.de\/rt\/wp-content\/uploads\/sites\/706\/2025\/10\/Zitatat.png 712w, https:\/\/www.hsu-hh.de\/rt\/wp-content\/uploads\/sites\/706\/2025\/10\/Zitatat-300x300.png 300w, https:\/\/www.hsu-hh.de\/rt\/wp-content\/uploads\/sites\/706\/2025\/10\/Zitatat-150x150.png 150w, https:\/\/www.hsu-hh.de\/rt\/wp-content\/uploads\/sites\/706\/2025\/10\/Zitatat-100x100.png 100w\" sizes=\"auto, (max-width: 712px) 100vw, 712px\" \/><\/figure><div class=\"wp-block-media-text__content\">\n<p>Die Regelungstechnik ist die Wissenschaft von der selbstt\u00e4tigen gezielten Beeinflussung dynamischer Systeme<\/p>\n<\/div><\/div>\n\n\n\n<figure class=\"wp-block-image size-large is-resized\"><img loading=\"lazy\" decoding=\"async\" width=\"1024\" height=\"360\" src=\"https:\/\/www.hsu-hh.de\/rt\/wp-content\/uploads\/sites\/706\/2017\/11\/Regelkreis_de-1024x360.png\" data-credit=\"RET@HSU\" alt=\"Das Bild zeigt einen einschleifigen Regelkreis\" class=\"wp-image-225\" style=\"width:800px\" srcset=\"https:\/\/www.hsu-hh.de\/rt\/wp-content\/uploads\/sites\/706\/2017\/11\/Regelkreis_de-1024x360.png 1024w, https:\/\/www.hsu-hh.de\/rt\/wp-content\/uploads\/sites\/706\/2017\/11\/Regelkreis_de-300x106.png 300w, https:\/\/www.hsu-hh.de\/rt\/wp-content\/uploads\/sites\/706\/2017\/11\/Regelkreis_de-768x270.png 768w, https:\/\/www.hsu-hh.de\/rt\/wp-content\/uploads\/sites\/706\/2017\/11\/Regelkreis_de.png 1714w\" sizes=\"auto, (max-width: 1024px) 100vw, 1024px\" \/><\/figure>\n\n\n\n<hr class=\"wp-block-separator has-alpha-channel-opacity\" \/>\n\n\n\n<p><strong>Aktuelle Nachrichten<\/strong><\/p>\n\n\n\n<hr class=\"wp-block-separator has-alpha-channel-opacity\" \/>\n\n\n<div id=\"category_content_q3D29AA7\" class=\"hsu_category archive-page\"><article  id=\"post-1236\" class=\"category-list-item post-1236 post type-post status-publish format-standard hentry \"><a href=\"https:\/\/www.hsu-hh.de\/rt\/norddeutesches-kompetenzcluster-drohnenabwehr\" title=\"Norddeutesches Kompetenzcluster Drohnenabwehr\" ><div class=\"hsu_category_article-content-wrap\"><div class=\"hsu_category_article-content-wrap-inner\"><div>\t<header class=\"entry-header\">\t\t<h3 class=\"entry-title\">Norddeutesches Kompetenzcluster Drohnenabwehr\t\t<\/h3>\t<\/header><div class=\"entry-content-excerpt\">Das Thema Drohnen besch\u00e4ftigt in den letzten Wochen und Monaten verst\u00e4rkt Politik und Gesellschaft. Heute trafen sich an unserer Universit\u00e4t die Innenministerinnen und Innenminister der norddeutschen Bundesl\u00e4nder mit zahlreichen Fachleuten zur Tagung mit dem Titel \u201eNorddeutsches Kompetenzcluster Drohnenabwehr\u201c. Unsere Professur hatte dabei die Gelegenheit durch Aaron Wickers und Mirco Alpen mit dem MISDRO-Projekt auch eines&#8230;<\/div> <\/div><\/div><\/div><\/a><\/article><article  id=\"post-1230\" class=\"category-list-item post-1230 post type-post status-publish format-standard hentry \"><a href=\"https:\/\/www.hsu-hh.de\/rt\/mfund-n%f0%9d%97%b2%f0%9d%98%81%f0%9d%98%87%f0%9d%98%84%f0%9d%97%b2%f0%9d%97%bf%f0%9d%97%b8%f0%9d%98%81%f0%9d%97%bf%f0%9d%97%b2%f0%9d%97%b3%f0%9d%97%b3%f0%9d%97%b2%f0%9d%97%bb-%f0%9d%97%97\" title=\"mFUND- N\ud835\uddf2\ud835\ude01\ud835\ude07\ud835\ude04\ud835\uddf2\ud835\uddff\ud835\uddf8\ud835\ude01\ud835\uddff\ud835\uddf2\ud835\uddf3\ud835\uddf3\ud835\uddf2\ud835\uddfb \ud835\uddd7\ud835\uddff\ud835\uddfc\ud835\uddf5\ud835\uddfb\ud835\uddf2\ud835\uddfb\" ><div class=\"hsu_category_article-content-wrap\"><div class=\"hsu_category_article-content-wrap-inner\"><div>\t<header class=\"entry-header\">\t\t<h3 class=\"entry-title\">mFUND- N\ud835\uddf2\ud835\ude01\ud835\ude07\ud835\ude04\ud835\uddf2\ud835\uddff\ud835\uddf8\ud835\ude01\ud835\uddff\ud835\uddf2\ud835\uddf3\ud835\uddf3\ud835\uddf2\ud835\uddfb \ud835\uddd7\ud835\uddff\ud835\uddfc\ud835\uddf5\ud835\uddfb\ud835\uddf2\ud835\uddfb\t\t<\/h3>\t<\/header><div class=\"entry-content-excerpt\">Im Rahmen der mFUND Begleitforschung hat die Emqopter GmbH am 16.10.2025 in W\u00fcrzburg das Netzwerktreffen Drohnen ausgerichtet. Mirco Alpen hielt unter dem Titel &#8222;Einsatz von Drohnen zur Inspektion&#8220; einen der diversen Fachvortr\u00e4ge. Zudem wurden die gemeinsamen Projekte DNeD und MISDRO durch Exponate vorgestellt. \u00dcber 100 Fachleute haben den Tag genutzt, um sich rund um das&#8230;<\/div> <\/div><\/div><\/div><\/a><\/article><article  id=\"post-1217\" class=\"category-list-item post-1217 post type-post status-publish format-standard hentry \"><a href=\"https:\/\/www.hsu-hh.de\/rt\/girlsday-2025\" title=\"GirlsDay 2025\" ><div class=\"hsu_category_article-content-wrap\"><div class=\"hsu_category_article-content-wrap-inner\"><div>\t<header class=\"entry-header\">\t\t<h3 class=\"entry-title\">GirlsDay 2025\t\t<\/h3>\t<\/header><div class=\"entry-content-excerpt\">Im Rahmen des diesj\u00e4hrigen GirlsDay haben 10 junge Damen bei uns im Labor eine Idee davon bekommen, was es hei\u00dft, einen Quadkopter zu regeln. Es hat gro\u00dfen Spa\u00df gemacht. Danke an die, die sich darauf eingelassen haben und an die, die das erm\u00f6glicht haben!<\/div> <\/div><\/div><\/div><\/a><\/article><\/div><div class=\"clearfix\"><\/div>","protected":false},"excerpt":{"rendered":"<p>Die Regelungstechnik ist die Wissenschaft von der selbstt\u00e4tigen gezielten Beeinflussung dynamischer Systeme Aktuelle Nachrichten<\/p>\n","protected":false},"author":1,"featured_media":1211,"parent":0,"menu_order":0,"comment_status":"closed","ping_status":"closed","template":"","meta":{"footnotes":""},"categories":[4],"tags":[],"class_list":["post-73","page","type-page","status-publish","has-post-thumbnail","hentry","category-forschung"],"_links":{"self":[{"href":"https:\/\/www.hsu-hh.de\/rt\/wp-json\/wp\/v2\/pages\/73","targetHints":{"allow":["GET"]}}],"collection":[{"href":"https:\/\/www.hsu-hh.de\/rt\/wp-json\/wp\/v2\/pages"}],"about":[{"href":"https:\/\/www.hsu-hh.de\/rt\/wp-json\/wp\/v2\/types\/page"}],"author":[{"embeddable":true,"href":"https:\/\/www.hsu-hh.de\/rt\/wp-json\/wp\/v2\/users\/1"}],"replies":[{"embeddable":true,"href":"https:\/\/www.hsu-hh.de\/rt\/wp-json\/wp\/v2\/comments?post=73"}],"version-history":[{"count":90,"href":"https:\/\/www.hsu-hh.de\/rt\/wp-json\/wp\/v2\/pages\/73\/revisions"}],"predecessor-version":[{"id":1226,"href":"https:\/\/www.hsu-hh.de\/rt\/wp-json\/wp\/v2\/pages\/73\/revisions\/1226"}],"wp:featuredmedia":[{"embeddable":true,"href":"https:\/\/www.hsu-hh.de\/rt\/wp-json\/wp\/v2\/media\/1211"}],"wp:attachment":[{"href":"https:\/\/www.hsu-hh.de\/rt\/wp-json\/wp\/v2\/media?parent=73"}],"wp:term":[{"taxonomy":"category","embeddable":true,"href":"https:\/\/www.hsu-hh.de\/rt\/wp-json\/wp\/v2\/categories?post=73"},{"taxonomy":"post_tag","embeddable":true,"href":"https:\/\/www.hsu-hh.de\/rt\/wp-json\/wp\/v2\/tags?post=73"}],"curies":[{"name":"wp","href":"https:\/\/api.w.org\/{rel}","templated":true}]}}