{"id":421,"date":"2018-02-08T12:00:16","date_gmt":"2018-02-08T11:00:16","guid":{"rendered":"https:\/\/www.hsu-hh.de\/rt\/?page_id=421"},"modified":"2019-09-06T10:24:49","modified_gmt":"2019-09-06T08:24:49","slug":"news-archiv","status":"publish","type":"page","link":"https:\/\/www.hsu-hh.de\/rt\/professur\/news-archiv","title":{"rendered":"News Archiv"},"content":{"rendered":"<p>&nbsp;<\/p>\n<h3>++ 4th UN-Symposium in Partnership for Technology in Peacekeeping<\/h3>\n<p><img loading=\"lazy\" decoding=\"async\" class=\"wp-image-489 size-medium alignleft\" src=\"https:\/\/www.hsu-hh.de\/rt\/wp-content\/uploads\/sites\/706\/2018\/05\/Mirco_Messestand_UN-300x206.png\" alt=\"Mirco Alpen auf dem Messestand\" width=\"300\" height=\"206\" data-credit=\"Mirco Alpen\" srcset=\"https:\/\/www.hsu-hh.de\/rt\/wp-content\/uploads\/sites\/706\/2018\/05\/Mirco_Messestand_UN-300x206.png 300w, https:\/\/www.hsu-hh.de\/rt\/wp-content\/uploads\/sites\/706\/2018\/05\/Mirco_Messestand_UN.png 386w\" sizes=\"auto, (max-width: 300px) 100vw, 300px\" \/><\/p>\n<p>Das Bundesministerium der Verteidigung war vom 14.05. bis 18.05.2018 Gastgeber des UN-Symposiums. Thematisch lag der Schwerpunkt auf der Optimierung von Betriebsabl\u00e4ufen und dem Wissenstransfer zum Einsatz moderner Technologien, die noch nicht im typischen friedenserhaltenden Portfolio enthalten sind. Am Rande der verschiedenen Vortr\u00e4ge und Workshops gab es auch eine technische Ausstellung bei der die Teilnehmer aus \u00fcber 30 Nationen einen Einblick in im Einsatz befindliche Technologie sowie aktuelle Forschungsthemen auf diesem Gebiet bekommen haben. F\u00fcr die <abbr title=\"Helmut-Schmidt-Universit\u00e4t\">HSU<\/abbr> haben Herr\u00a0Arash Ramezani und Herr Mirco Alpen als Aussteller an der Veranstaltung teilgenommen, um ein Einblick in die Forschungslandschaft der Hochschule in den relevanten Themengebieten zu geben.<\/p>\n<p>&nbsp;<\/p>\n<p>&nbsp;<\/p>\n<p>&nbsp;<\/p>\n<p>&nbsp;<\/p>\n<h3>++ Rechtskr\u00e4ftige Patenterteilung <\/h3>\n<p>Am 24. Januar 2018 wurde in Luxemburg rechtskr\u00e4ftig das Patent\u00a0 LU 93119 &#8222;Gear transmission for switching between gears without interrupting the torque&#8220; erteilt. Die Erfinder Joachim Horn, Jens M\u00fcller und Jens von der Wense sind dar\u00fcber sehr erfreut.<\/p>\n<p>&nbsp;<\/p>\n<h3>++ Erfolgreicher Projektantrag KI-Inspektionsdrohne<\/h3>\n<p><img loading=\"lazy\" decoding=\"async\" class=\"wp-image-370 alignleft\" src=\"https:\/\/www.hsu-hh.de\/rt\/wp-content\/uploads\/sites\/706\/2017\/12\/Bild_Lufo.png\" alt=\"Deckblatt des Projektantrages\" width=\"300\" height=\"245\" data-credit=\"RET\" srcset=\"https:\/\/www.hsu-hh.de\/rt\/wp-content\/uploads\/sites\/706\/2017\/12\/Bild_Lufo.png 612w, https:\/\/www.hsu-hh.de\/rt\/wp-content\/uploads\/sites\/706\/2017\/12\/Bild_Lufo-300x245.png 300w\" sizes=\"auto, (max-width: 300px) 100vw, 300px\" \/>Die Professur ist an dem Projekt &#8222;<a href=\"https:\/\/www.hsu-hh.de\/rt\/forschung\/ki-inspektionsdrohne\">KI-Inspektionsdrohne<\/a> &#8211; Automatisierte Durchf\u00fchrung von Inspektionsaufgaben mittels Flugdrohnen und die KI gest\u00fctzte Datenauswertung&#8220; beteiligt. In diesem durch das Bundesministeriums f\u00fcr Wirtschaft und Energie (BMWi) haben sich die Lufthansa Technik AG, IBM Deutschland, die <abbr title=\"Technische Universit\u00e4t\">TU<\/abbr> M\u00fcnchen, die Hochschule Neu-Ulm und unsere Universit\u00e4t zusammengeschlossen, um die automatisierte Untersuchung von Verkehrsflugzeugen voranzutreiben. Der Anteil unserer Professur liegt in der Adaption einer Flugplattform und der Synthese von Reglerstrukturen und den zugeh\u00f6rigen Algorithmen zum Inspektionsbetrieb.<\/p>\n<p>Das Projekt startet am 01. Januar 2018 und l\u00e4uft f\u00fcr drei Jahre.<\/p>\n<p>Ansprechpartner f\u00fcr weitere Informationen: <a href=\"https:\/\/www.hsu-hh.de\/rt\/team\/dr-ing-mirco-alpen\"><abbr title=\"Doktor der Ingenieurwissenschaften\">Dr.-Ing.<\/abbr> Mirco Alpen<\/a><\/p>\n<p>&nbsp;<\/p>\n<p>&nbsp;<\/p>\n<p>&nbsp;<\/p>\n<h3>++ Patentanmeldung DE 10 2017 207 782.4 <\/h3>\n<p>Die Patentanmeldung &#8222;Erleichterung des Einstiegs in Fahrzeuge f\u00fcr Blinde und Sehbehinderte &#8220; bezieht sich auf eine innovative Methode, welche den Einstieg f\u00fcr blinde und\/oder sehbehinderte Mitmenschen in den \u00f6ffentlichen Nahverkehr erleichtert. Im Detail werden hierbei elektronische Komponenten bef\u00e4higt den Umgebungsschall bei der Einfahrt eines Verkehrsmittels zu erfassen, zu filtern und dahingehend auszuwerten, dass als Ergebnis eine sehr genaue Verortung der sich am n\u00e4chsten befindlichen Einstiegst\u00fcr stattfindet, sodass im Anschluss der Endanwender haptisch zu dem sich dann ergebenden Einstiegsbereich gef\u00fchrt wird.<\/p>\n<p>Die Erfinder, zu denen unter anderem Jens M\u00fcller und Robert Weidner geh\u00f6ren, warten nun auf die R\u00fcckmeldung aus dem Patentamt<\/p>\n<h3>++ Asian Control Conference &#8211; ASCC 2017<\/h3>\n<p><a href=\"https:\/\/www.ascc2017.com\/\" rel='nofollow'><img loading=\"lazy\" decoding=\"async\" class=\"size-medium wp-image-373 alignleft\" src=\"https:\/\/www.hsu-hh.de\/rt\/wp-content\/uploads\/sites\/706\/2017\/12\/Bild_ASCC2017-300x161.png\" alt=\"Titelseite der Konferenzwebside\" width=\"300\" height=\"161\" srcset=\"https:\/\/www.hsu-hh.de\/rt\/wp-content\/uploads\/sites\/706\/2017\/12\/Bild_ASCC2017-300x161.png 300w, https:\/\/www.hsu-hh.de\/rt\/wp-content\/uploads\/sites\/706\/2017\/12\/Bild_ASCC2017.png 612w\" sizes=\"auto, (max-width: 300px) 100vw, 300px\" \/><\/a>Mario Aldag wird im Rahmen der Asian Control Conference (ASCC 2017) vom 17. bis 20. Dezember im\u00a0Gold Coast Convention and Exhibition Centre in Australien einen Beitrag mit dem Titel &#8222;Quantifying the Control Performance of Gearless Servo Drives for Real Time Applications&#8220; vorstellen.<\/p>\n<p>Ansprechpartner f\u00fcr weitere Informationen: <a href=\"https:\/\/www.hsu-hh.de\/rt\/team\/m-sc-mario-aldag\"><abbr title=\"Master of Science\">M.Sc.<\/abbr> Mario Aldag<\/a><\/p>\n<p>&nbsp;<\/p>\n<p>&nbsp;<\/p>\n<h3>++ Workshop bei den ZAL Innovation Days<\/h3>\n<p><img loading=\"lazy\" decoding=\"async\" class=\"size-medium wp-image-375 alignleft\" src=\"https:\/\/www.hsu-hh.de\/rt\/wp-content\/uploads\/sites\/706\/2017\/12\/Bild_ZAL_Innodays_2017-300x178.png\" alt=\"Bild ZAL Innovation days 2017\" width=\"300\" height=\"178\" srcset=\"https:\/\/www.hsu-hh.de\/rt\/wp-content\/uploads\/sites\/706\/2017\/12\/Bild_ZAL_Innodays_2017-300x178.png 300w, https:\/\/www.hsu-hh.de\/rt\/wp-content\/uploads\/sites\/706\/2017\/12\/Bild_ZAL_Innodays_2017.png 612w\" sizes=\"auto, (max-width: 300px) 100vw, 300px\" \/>Christoph Hess (ZAL) und Mirco Alpen (<abbr title=\"Helmut-Schmidt-Universit\u00e4t\">HSU<\/abbr>) haben im Rahmen der ZAL Innovation Days 2017 gemeinsam einen Workshop zum Thema &#8222;Autonomous<br \/>\nmapping of unknown environments by mobile robots&#8220; durchgef\u00fchrt.<\/p>\n<p>Die Veranstaltung fand vom 21. bis 22. November am Zentrum f\u00fcr angewandte Luftfahrtforschung (ZAL) statt.<\/p>\n<p>Ansprechpartner f\u00fcr weitere Informationen:<a href=\"https:\/\/www.hsu-hh.de\/rt\/team\/dr-ing-mirco-alpen\"> <abbr title=\"Doktor der Ingenieurwissenschaften\">Dr.-Ing.<\/abbr> Mirco Alpen<\/a><\/p>\n<p>&nbsp;<\/p>\n<h3>++ Motion Capture System erfolgreich in Betrieb<\/h3>\n<p>Die Professur f\u00fcr Regelungstechnik verf\u00fcgt seit Mitte 2017 \u00fcber ein Motion Capture System der Firma VICON. Installiert wurde das System von der Prophysics AG und wird seitdem f\u00fcr Versuche mit mobilen Boden- und Luftrobotern genutzt. Mit der Installation dieses Systems wurde die zwei Jahre umfassende Umbauphase des Labors endg\u00fcltig abgeschlossen. Wir freuen uns nun auf viele spannende Projekte, bei denen das System zum Einsatz kommt.<\/p>\n<p>Ansprechpartner f\u00fcr weitere Informationen: <a href=\"https:\/\/www.hsu-hh.de\/rt\/team\/m-sc-marcus-gronemeyer\"><abbr title=\"Master of Science\">M.Sc.<\/abbr> Marcus Gronemeyer<\/a><\/p>\n<h3>++Das Labor ist fertig!<\/h3>\n<p><img loading=\"lazy\" decoding=\"async\" class=\"wp-image-428 alignleft\" src=\"https:\/\/www.hsu-hh.de\/rt\/wp-content\/uploads\/sites\/706\/2018\/02\/Laborumbau.png\" alt=\"Das neue Labor\" width=\"435\" height=\"210\" srcset=\"https:\/\/www.hsu-hh.de\/rt\/wp-content\/uploads\/sites\/706\/2018\/02\/Laborumbau.png 877w, https:\/\/www.hsu-hh.de\/rt\/wp-content\/uploads\/sites\/706\/2018\/02\/Laborumbau-300x145.png 300w, https:\/\/www.hsu-hh.de\/rt\/wp-content\/uploads\/sites\/706\/2018\/02\/Laborumbau-768x370.png 768w\" sizes=\"auto, (max-width: 435px) 100vw, 435px\" \/><\/p>\n<p>Unser Labor ist endlich wieder einsatzbereit. Die umfangreichen und dringend notwendigen Modernisierungen sind abgeschlossen und wir freuen uns, unseren Forschungspartnern, Mitarbeiterinnen und Mitarbeiter sowie den Studierenden ein modernes und flexibles Raumkonzept anbieten zu k\u00f6nnen.<\/p>\n<p>Bei einer kleinen Feierstunde anl\u00e4sslich der Fertigstellung konnte die neue Ausstattung schon in Augenschein genommen werden. Das Herzst\u00fcck bilden die modernisierten Arbeitspl\u00e4tze und eine Testfl\u00e4che f\u00fcr mobile Boden- und Luftroboter, die in K\u00fcrze mit einem Motion-Capturing-System ausgestattet wird. Alternativ ist diese Fl\u00e4che auch f\u00fcr Lehrveranstaltungen aller Art genutzt werden. <\/p>\n<p>&nbsp;<\/p>\n<h3>++Pr\u00e4sentation auf der Embedded World 2017<\/h3>\n<p><img loading=\"lazy\" decoding=\"async\" class=\"size-medium wp-image-429 alignleft\" src=\"https:\/\/www.hsu-hh.de\/rt\/wp-content\/uploads\/sites\/706\/2018\/02\/JM_auf_EW2017-300x224.png\" alt=\"Jens M\u00fcller mit ATC\" width=\"300\" height=\"224\" srcset=\"https:\/\/www.hsu-hh.de\/rt\/wp-content\/uploads\/sites\/706\/2018\/02\/JM_auf_EW2017-300x224.png 300w, https:\/\/www.hsu-hh.de\/rt\/wp-content\/uploads\/sites\/706\/2018\/02\/JM_auf_EW2017.png 355w\" sizes=\"auto, (max-width: 300px) 100vw, 300px\" \/>Jens M\u00fcller pr\u00e4sentierte auf der Embedded World 2017 vom 14. bis zum 16. M\u00e4rz den aktuellen Entwicklungsstand des Technologietr\u00e4gersystems ATC3.0 SI. Im Schwerpunkt wird ein neuartiges dynamisches Kamerasystem (SFU), die zweite Generation der intelligenten und funktionsintegrierten mechanischen Schnittstelle (SST) vorgestellt. Dabei standen die Anwendung einschl\u00e4giger Single- und Multikerncontroller im Vordergrund. Die Pr\u00e4sentation befand sich auf dem Stand der Infineon Technologies AG auf der N\u00fcrnberger Messe Halle 3A am Stand 231.<\/p>\n<p>&nbsp;<\/p>\n<p>&nbsp;<\/p>\n<p>&nbsp;<\/p>\n<h3>++Pr\u00e4sentation auf der Consumer Electronics Show (CES)<\/h3>\n<p><img loading=\"lazy\" decoding=\"async\" class=\"size-medium wp-image-427 alignleft\" src=\"https:\/\/www.hsu-hh.de\/rt\/wp-content\/uploads\/sites\/706\/2018\/02\/JM_auf_CES-300x224.png\" alt=\"Jens M\u00fcller mit ATC auf der CES\" width=\"300\" height=\"224\" srcset=\"https:\/\/www.hsu-hh.de\/rt\/wp-content\/uploads\/sites\/706\/2018\/02\/JM_auf_CES-300x224.png 300w, https:\/\/www.hsu-hh.de\/rt\/wp-content\/uploads\/sites\/706\/2018\/02\/JM_auf_CES.png 355w\" sizes=\"auto, (max-width: 300px) 100vw, 300px\" \/>Jens M\u00fcller pr\u00e4sentiert auf der Consumer Electronics Show (CES 2017) vom 05. bis zum 08. Januar den aktuellen Entwicklungsstand von unserem Technologietr\u00e4gersystem ATC3.0 SI. Im Schwerpunkt wird ein neuartiges dynamisches Kamerasystem (SFU) und die zweite Generation der intelligenten und funktionsintegrierten mechanischen Schnittstelle (SST) vorgestellt. Die Pr\u00e4sentation befindet sich auf dem Stand der Infineon Technologies AG im Las Vegas Convention Center LVCC, South Hall 2 MP25265.<\/p>\n<p>&nbsp;<\/p>\n<p>&nbsp;<\/p>\n<h3>++ Patentanmeldungen<\/h3>\n<p>Die Professur f\u00fcr Regelungstechnik hat im Jahr 2016 drei neue Erfindungen beim Deutschen Patent und Markenamt sowie beim Patentamt Luxemburg und dem europ\u00e4ischen Patentamt angemeldet. Zum einen wurde die Erfindung mit dem Titel: Gear transmission for switching between gears without interrupting a torque, und zum anderen die Erfindung mit dem Titel: Elastisches und steuerbares Gelenk, insbesondere zur Verwendung in k\u00f6rpernahen Systemen zur Anmeldung eingereicht. Beide Erfindungen entstanden im Kontext der Forschungsarbeit an innovativen Getrieben und k\u00f6rpernahen Unterst\u00fctzungssystemen.<\/p>\n<p>Die dritte Erfindung mit dem Titel &#8222;Sensorvorrichtung mit optoelektronischem Sensor und Messbereichserweiterung&#8220; enstand aus einer Masterarbeit im Forschungsbereich der mobilen Roboter.<\/p>\n<p>Eine Auflistung der Patente finden Sie<a href=\"https:\/\/www.hsu-hh.de\/rt\/forschung\/patente-2\"> hier<\/a>.<\/p>\n<h3>++Pr\u00e4sentation auf der AUTOMATICA 2016<\/h3>\n<p><img loading=\"lazy\" decoding=\"async\" class=\"wp-image-430 alignleft\" src=\"https:\/\/www.hsu-hh.de\/rt\/wp-content\/uploads\/sites\/706\/2018\/02\/JM_auf_Automatica_2016.png\" alt=\"Jens M\u00fcller mit Exponat\" width=\"300\" height=\"388\" srcset=\"https:\/\/www.hsu-hh.de\/rt\/wp-content\/uploads\/sites\/706\/2018\/02\/JM_auf_Automatica_2016.png 386w, https:\/\/www.hsu-hh.de\/rt\/wp-content\/uploads\/sites\/706\/2018\/02\/JM_auf_Automatica_2016-232x300.png 232w\" sizes=\"auto, (max-width: 300px) 100vw, 300px\" \/>Das Team der <abbr title=\"Bundesministerium f\u00fcr Bildung und Forschung\">BMBF<\/abbr>-Nachwuchsforschergruppe smartASSIST unter der Leitung von Herrn <abbr title=\"Doktor der Ingenieurwissenschaften\">Dr.-Ing.<\/abbr> Robert Weidner vom Laboratorium f\u00fcr Fertigungstechnik stellten die Forschungsergebnisse auf der diesj\u00e4hrigen AUTOMATICA vom 21.-24. Juni 2016 in M\u00fcnchen vor. Teil des Teams ist auch Jens M\u00fcller von der Professur f\u00fcr Regelungstechnik.<br \/>\nDie Pr\u00e4sentation der Exponate erfolgte auf dem Gemeinschaftsstand der Wissenschaftlichen Gesellschaft f\u00fcr Montage, Handhabung und Industrierobotik (MHI)in Halle A4, Stand 212.<br \/>\nWir bedanken uns f\u00fcr die zahlreichen Besuche und Gespr\u00e4che.<\/p>\n<p>&nbsp;<\/p>\n<p>&nbsp;<\/p>\n<p>&nbsp;<\/p>\n<p>&nbsp;<\/p>\n<p>&nbsp;<\/p>\n<p>&nbsp;<\/p>\n<h3>++Gruppe des 1. TeenLabs beim Bundeswettbewerb Jugend Forscht in Paderborn<\/h3>\n<p>Vom 26. bis 29. Mai 2016 haben die Jungforscherinnen Anne Schweim, Marie Schweim und Sarah Grube vom Gymnasium Schwarzenbek in Schleswig Holstein am 51.Bundeswettbewerb Jugend Forscht in Paderborn teilgenommen. Vorangegangen war das 1. TeenLab, welches durch die Forschergruppe smartASSIST (durch das <abbr title=\"Bundesministerium f\u00fcr Bildung und Forschung\">BMBF<\/abbr> gef\u00f6rdert), an dem Anne, Marie und Sarah teilgenommen haben. Parallel zu Vorlesungen mit verschiedenen Schwerpunkten haben sie auch selbst geforscht.<br \/>\nDie Vorlesungen der einj\u00e4hrigen Veranstaltung behandelten Themen wie Aufbau und Funktionsweise des menschlichen Bewegungsapparates, Grundlagen der Regelungstechnik in Verbindung mit den daf\u00fcr gegebenen physikalischen Eigenschaften beim Beugen und Strecken eines Beines und anderer Extremit\u00e4ten, Grundlagen der <abbr title=\"Computer-aided design\">CAD<\/abbr>-gest\u00fctzten Konstruktion, Sensoren und deren elektrotechnische- <abbr title=\"beziehungsweise\">bzw.<\/abbr> programmatische Einbindung in ein \u00fcbergeordnetes Gesamtkonzept und die Programmierung von Mikrocontrollern.<br \/>\nUnter Betreuung von Herrn <abbr title=\"Doktor der Ingenieurwissenschaften\">Dr.-Ing.<\/abbr> Robert Weidner und Herrn Jens M\u00fcller forschten Anne, Marie und Sarah in dieser Zeit an Exoskeletten f\u00fcr untere Extremit\u00e4ten, um hierdurch bewegungseingeschr\u00e4nkte und gehandicapte Personen zu unterst\u00fctzen. Hiermit haben sie ein sehr anspruchsvolles, interdisziplin\u00e4res und bedeutendes Thema aufgegriffen.<br \/>\n\u00dcber den Sieg bei dem Regionalwettbewerb Jugend Forscht am Helmholz-Zentrum in Geesthacht, den Sieg beim Landeswettbewerb Jugend Forscht an der Technischen Fakult\u00e4t der Christian-Albrechts-Universit\u00e4t zu Kiel qualifizierten sie sich f\u00fcr den 51. Bundeswettbewerb Jugend Forscht am Heinz Nixdorf Museums Forum in Paderborn. Hierzu von unserer Seite herzlichen Gl\u00fcckwunsch!<br \/>\nAnne, Marie und Sarah haben neben ihren schon mitgebrachten analytischen F\u00e4higkeiten in dieser Zeit sehr viel zu den oben genannten Themen hinzu gelernt und dar\u00fcber hinaus einen sehr tiefen Einblick in die Arbeitsweise der beteiligten Forscher der Helmut-Schmidt-Universit\u00e4t bekommen weshalb sie nun deutlich genauer wissen, welchen Weg ihre wissenschaftliche Karriere in Zukunft nehmen kann.<\/p>\n<h3>++ Hannover Messe 2016<\/h3>\n<p><img loading=\"lazy\" decoding=\"async\" class=\"size-medium wp-image-425 alignleft\" src=\"https:\/\/www.hsu-hh.de\/rt\/wp-content\/uploads\/sites\/706\/2018\/02\/Hannover_Messe_845x600-300x213.png\" alt=\"Jens M\u00fcller auf der Hannover Messe 2016\" width=\"300\" height=\"213\" srcset=\"https:\/\/www.hsu-hh.de\/rt\/wp-content\/uploads\/sites\/706\/2018\/02\/Hannover_Messe_845x600-300x213.png 300w, https:\/\/www.hsu-hh.de\/rt\/wp-content\/uploads\/sites\/706\/2018\/02\/Hannover_Messe_845x600-768x545.png 768w, https:\/\/www.hsu-hh.de\/rt\/wp-content\/uploads\/sites\/706\/2018\/02\/Hannover_Messe_845x600.png 845w\" sizes=\"auto, (max-width: 300px) 100vw, 300px\" \/>Das Laboratorium Fertigungstechnik (LaFT) und Jens M\u00fcller (Professur f\u00fcr Regelungstechnik) pr\u00e4sentierten auf der Hannover Messe die Forschungsergebnisse aus dem Schwerpunktprogramm der Deutschen Forschungsgemeinschaft (DFG) \u201eKleine Werkzeugmaschinen f\u00fcr kleine Werkst\u00fccke\u201c. Vom 25. bis 29. April 2016 wurden gemeinsam mit den Projektpartnern kleine, modulare, neu entwickelte Vorschub- und Werkzeugmodule ausgestellt.<\/p>\n<p>&nbsp;<\/p>\n<p>&nbsp;<\/p>\n<p>&nbsp;<\/p>\n<h3>++ Neue Wege &#8211; Kooperation mit der DB International<\/h3>\n<p><img loading=\"lazy\" decoding=\"async\" class=\"size-medium wp-image-431 alignleft\" src=\"https:\/\/www.hsu-hh.de\/rt\/wp-content\/uploads\/sites\/706\/2018\/02\/Kooperation_DBI-300x213.png\" alt=\"Bild zur Unterzeichnung des Kooperationsvertrags\" width=\"300\" height=\"213\" srcset=\"https:\/\/www.hsu-hh.de\/rt\/wp-content\/uploads\/sites\/706\/2018\/02\/Kooperation_DBI-300x213.png 300w, https:\/\/www.hsu-hh.de\/rt\/wp-content\/uploads\/sites\/706\/2018\/02\/Kooperation_DBI-768x546.png 768w, https:\/\/www.hsu-hh.de\/rt\/wp-content\/uploads\/sites\/706\/2018\/02\/Kooperation_DBI-1024x728.png 1024w, https:\/\/www.hsu-hh.de\/rt\/wp-content\/uploads\/sites\/706\/2018\/02\/Kooperation_DBI.png 1796w\" sizes=\"auto, (max-width: 300px) 100vw, 300px\" \/>Die DB International und die Professur f\u00fcr Regelungstechnik an der Helmut-Schmidt-Universit\u00e4t \/ Universit\u00e4t der Bundeswehr Hamburg sind am 02. Dezember 2015 eine Kooperation auf dem Gebiet des Einsatzes von unbemannten Drohnen und mobilen Robotern sowie der Entwicklung hochintegrierter, intelligenter Sensorsysteme f\u00fcr Anwendungen im Bereich der Geod\u00e4sie, der Geotechnik und Umwelt eingegangen. Ziel dieser Kooperation ist es zum einen aktuelle technische Problemstellungen innerhalb des DB Konzerns sicherer, planbarer und kosteneffizienter zu gestalten und zum anderen vorhandene technische Neuerungen verantwortungsvoll f\u00fcr den abschlie\u00dfenden Einsatz im Betriebsablauf der DB International weiterzuentwickeln.<\/p>\n<p>&nbsp;<\/p>\n<h3>++ ATC 3.0 Erste Flugtests<\/h3>\n<p>Am 01.12.2015 ist der ATC 3.0 das erste Mal zu einem Testflug gestartet. Neben einem stabilen Flug best\u00e4tigte sich, dass der konstruktive Aufbau der multifunktionalen Motorgeh\u00e4use keinen Einfluss auf das Flugverhalten hat. Dadurch sind wir in der Lage bei bleibenden freien Sichtverh\u00e4ltnissen f\u00fcr unter dem ATC 3.0 angebrachte optische Sensoren (<abbr title=\"zum Beispiel\">z.B.<\/abbr> Laserscanner) mithilfe der integrierten einklappbaren Lande-Vorrichtung eine daf\u00fcr ausreichende Standh\u00f6he des ATC 3.0 zu realisieren.<\/p>\n<h3>++ Mitgliedschaft im UAV-DACH e.V.<\/h3>\n<p>Auf seiner 46. Mitgliederversammlung vom 24.11. bis 25.11.2015 beim DLR in Braunschweig hat der UAV-DACH e.V.\u00a0 die Helmut-Schmidt-Universit\u00e4t als Vollmitglied aufgenommen. Herr Alpen wird die Universit\u00e4t k\u00fcnftig in dem Verein vertreten. Damit ist ein wichtiger Schritt zum sicheren Betrieb von unbemannten Systemen in der Luft getan.<\/p>\n<p>Der UAV-DACH e.V. ist der deutschsprachige Dachverband f\u00fcr unbemannte Luftfahrt in Europa, der sich als nationaler und europ\u00e4ischer Ansprechpartner zur Integration von unbemannten Luftfahrtsystemen (UAS) in den zivilen Luftraum Europas versteht. Der Verein hat gem\u00e4\u00df seiner Satzung unter anderem folgende Ziele:<\/p>\n<ul>\n<li>Regulierung: Unterst\u00fctzung der sicheren Integration von UAS in den Luftraum,<\/li>\n<li>Forschung &amp; Entwicklung: F\u00f6rderung dazu erforderlicher UAS-Technologien,-Verfahren<\/li>\n<li>Standardisierung: Entwicklung einheitlicher Sicherheitsstandards und Normen,<\/li>\n<li>Harmonisierung: internationale Abstimmung mit Ministerien, Beh\u00f6rden und Verb\u00e4nden<\/li>\n<li>\u2026<\/li>\n<\/ul>\n<p>An dieser Hochschule werden in verschiedenen Arbeitsgruppen aus dem Bereich Elektrotechnik und Maschinenbau diverse Multikoptersysteme (Kleine unbemannte Flugger\u00e4te) betrieben, untersucht und entwickelt. Um bei den rechtlichen Fragen rund um dieses Thema eine gesicherte Informationslage zu haben ist eine Mitgliedschaft ebenso von Vorteil, wie bei der inhaltlichen Vernetzung der verschiedenen Forschungsarbeiten. Zudem hat die <abbr title=\"Helmut-Schmidt-Universit\u00e4t\">HSU<\/abbr> durch die Mitgliedschaft die M\u00f6glichkeit, zuk\u00fcnftige Regularien in diesem Bereich mit zu Gestalten. <\/p>\n<h3>++ Ideen-Expo 2015:\u00a0 Besuch der Bundesministerin der Verteidigung<\/h3>\n<p>Hoher Besuch auf der Ideen-Expo 2015: Am 09. Juli 2015 besuchte Verteidigungsministerin Ursula von der Leyen unseren Stand bei der Messe. Die Helmut-Schmidt-Universit\u00e4t war an diesem Tag durch ihren Pr\u00e4sidenten, den Pressesprecher, unserem Mitarbeiter Herrn Lindloff und den Studenten Colin Hinze vertreten.<\/p>\n<p>Einen Bericht zu dem Besuch der Ministerin finden Sie<a href=\"http:\/\/www.personal.bundeswehr.de\/portal\/a\/pers\/start\/!ut\/p\/z1\/hU9BCsIwEHyLH-gmsdrmmFIrhVDEippcJLRBKzWREIuCjzcF8abuYWB3Zmd2QcIepFFDd1S-s0b1oRdyfshSvuGEEsKTbYxYyvIFLaYIIQJb2P2TyECjL8UQ1K0GETySrx7LGGqQIFsdNdZoP6LXxncBj05566Krdb4fmZtzgYm6FgTCeYbJJwo_qaB8Qec0zctsPRqe1aDun13VjE-DOCnT9nplG_Ye_D4O_xMkcL0UaVXNhkfJJi8owooh\/dz\/d5\/L2dBISEvZ0FBIS9nQSEh\/#Z7_B8LTL2922L7V40A8ADE9F300G4\" rel='nofollow'> hier<\/a> .<\/p>\n<hr \/>\n<p style=\"text-align: center\"><a href=\"https:\/\/www.hsu-hh.de\/rt\/professur\">Professur<\/a>\u00a0 \u2666\u00a0 <a href=\"https:\/\/www.hsu-hh.de\/rt\/team\">Team<\/a>\u00a0 \u2666\u00a0 <a href=\"https:\/\/www.hsu-hh.de\/rt\/forschung\">Forschung\u00a0<\/a> \u2666\u00a0 <a href=\"https:\/\/www.hsu-hh.de\/rt\/lehre\">Lehre<\/a><\/p>\n","protected":false},"excerpt":{"rendered":"<p>&nbsp; ++ 4th UN-Symposium in Partnership for Technology in Peacekeeping Das Bundesministerium der Verteidigung war vom 14.05. bis 18.05.2018 Gastgeber des UN-Symposiums. Thematisch lag der Schwerpunkt auf der Optimierung von [&hellip;]<\/p>\n","protected":false},"author":145,"featured_media":0,"parent":159,"menu_order":0,"comment_status":"closed","ping_status":"closed","template":"","meta":{"footnotes":""},"categories":[10],"tags":[],"class_list":["post-421","page","type-page","status-publish","hentry","category-ueber"],"_links":{"self":[{"href":"https:\/\/www.hsu-hh.de\/rt\/wp-json\/wp\/v2\/pages\/421","targetHints":{"allow":["GET"]}}],"collection":[{"href":"https:\/\/www.hsu-hh.de\/rt\/wp-json\/wp\/v2\/pages"}],"about":[{"href":"https:\/\/www.hsu-hh.de\/rt\/wp-json\/wp\/v2\/types\/page"}],"author":[{"embeddable":true,"href":"https:\/\/www.hsu-hh.de\/rt\/wp-json\/wp\/v2\/users\/145"}],"replies":[{"embeddable":true,"href":"https:\/\/www.hsu-hh.de\/rt\/wp-json\/wp\/v2\/comments?post=421"}],"version-history":[{"count":11,"href":"https:\/\/www.hsu-hh.de\/rt\/wp-json\/wp\/v2\/pages\/421\/revisions"}],"predecessor-version":[{"id":663,"href":"https:\/\/www.hsu-hh.de\/rt\/wp-json\/wp\/v2\/pages\/421\/revisions\/663"}],"up":[{"embeddable":true,"href":"https:\/\/www.hsu-hh.de\/rt\/wp-json\/wp\/v2\/pages\/159"}],"wp:attachment":[{"href":"https:\/\/www.hsu-hh.de\/rt\/wp-json\/wp\/v2\/media?parent=421"}],"wp:term":[{"taxonomy":"category","embeddable":true,"href":"https:\/\/www.hsu-hh.de\/rt\/wp-json\/wp\/v2\/categories?post=421"},{"taxonomy":"post_tag","embeddable":true,"href":"https:\/\/www.hsu-hh.de\/rt\/wp-json\/wp\/v2\/tags?post=421"}],"curies":[{"name":"wp","href":"https:\/\/api.w.org\/{rel}","templated":true}]}}