{"id":410,"date":"2018-02-08T10:44:03","date_gmt":"2018-02-08T09:44:03","guid":{"rendered":"https:\/\/www.hsu-hh.de\/rt\/?page_id=410"},"modified":"2024-11-12T12:38:51","modified_gmt":"2024-11-12T11:38:51","slug":"patente-2","status":"publish","type":"page","link":"https:\/\/www.hsu-hh.de\/rt\/forschung\/patente-2","title":{"rendered":"Patente"},"content":{"rendered":"\n<p style=\"font-size:30px\"><strong>2024<\/strong><\/p>\n\n\n\n<div class=\"wp-block-hsu-publicationblock\"><div class=\"img-area download-image\"><img decoding=\"async\" src=\"\/wp-content\/themes\/hsu\/img\/dummy\/downloads_dummy.png\" alt=\"Publikation Symbol-Icon\" \/><\/div><div class=\"content-area\">Erteiltes europ\u00e4isches Patent:<br \/>EP: 17 72 3018.2<br \/>Erfinder: M\u00fcller,J.; Weidner R.; Schweim A.; Schweim M.; Grube S.<br \/>Elastisches und steuerbares Gelenk, insbesondere zur Verwendung in k\u00f6rpernahen Systemen\u00a0 <br \/><\/div><\/div>\n\n\n\n<hr class=\"wp-block-separator has-alpha-channel-opacity\" \/>\n\n\n\n<p style=\"font-size:30px\"><strong>2023<\/strong><\/p>\n\n\n\n<div class=\"wp-block-hsu-publicationblock\"><div class=\"img-area download-image\"><img decoding=\"async\" src=\"\/wp-content\/themes\/hsu\/img\/dummy\/downloads_dummy.png\" alt=\"Publikation Symbol-Icon\" \/><\/div><div class=\"content-area\">Patentanmeldung:<br \/>10 2022 132 837.6<br \/>Erfinder: Gageik, N. (Emqopter <abbr title=\"Gesellschaft mit beschr\u00e4nkter Haftung\">GmbH<\/abbr>); Dechend, S. (Emqopter <abbr title=\"Gesellschaft mit beschr\u00e4nkter Haftung\">GmbH<\/abbr>); Lehnen, S. (Emqopter <abbr title=\"Gesellschaft mit beschr\u00e4nkter Haftung\">GmbH<\/abbr>); Cavalier, A. (Emqopter <abbr title=\"Gesellschaft mit beschr\u00e4nkter Haftung\">GmbH<\/abbr>); Alpen, M. (<abbr title=\"Helmut Schmidt Universit\u00e4t\">HSU<\/abbr>); \u00a0Horn, J. (<abbr title=\"Helmut Schmidt Universit\u00e4t\">HSU<\/abbr>); Schulzke, A. (<abbr title=\"Helmut Schmidt Universit\u00e4t\">HSU<\/abbr>).<br \/>Sensor, diesen tragendes Flugger\u00e4t und Anbringverfahren<br \/><\/div><\/div>\n\n\n\n<div class=\"wp-block-hsu-publicationblock\"><div class=\"img-area download-image\"><img decoding=\"async\" src=\"\/wp-content\/themes\/hsu\/img\/dummy\/downloads_dummy.png\" alt=\"Publikation Symbol-Icon\" \/><\/div><div class=\"content-area\">Patentanmeldung:<br \/>DE 10 2023 109 196.4<br \/>Erfinder: Gageik, N. (Emqopter <abbr title=\"Gesellschaft mit beschr\u00e4nkter Haftung\">GmbH<\/abbr>), Dechend, S. (Emqopter <abbr title=\"Gesellschaft mit beschr\u00e4nkter Haftung\">GmbH<\/abbr>), Haas, S. (Emqopter <abbr title=\"Gesellschaft mit beschr\u00e4nkter Haftung\">GmbH<\/abbr>), Alpen, M. (<abbr title=\"Helmut Schmidt Universit\u00e4t\">HSU<\/abbr>), \u00a0Horn, J. (<abbr title=\"Helmut Schmidt Universit\u00e4t\">HSU<\/abbr>), Wickers, A. (<abbr title=\"Helmut Schmidt Universit\u00e4t\">HSU<\/abbr>), G\u00fcndel, M. (<abbr title=\"Helmut Schmidt Universit\u00e4t\">HSU<\/abbr>), Thomas, D. (<abbr title=\"Helmut Schmidt Universit\u00e4t\">HSU<\/abbr>).<br \/>Unbemanntes Flugger\u00e4t zur Inspektion von Bauwerken<\/div><\/div>\n\n\n\n<hr class=\"wp-block-separator has-alpha-channel-opacity\" \/>\n\n\n\n<p style=\"font-size:30px\"><strong>2022<\/strong><\/p>\n\n\n\n<div class=\"wp-block-hsu-publicationblock\"><div class=\"img-area download-image\"><img decoding=\"async\" src=\"\/wp-content\/themes\/hsu\/img\/dummy\/downloads_dummy.png\" alt=\"Publikation Symbol-Icon\" \/><\/div><div class=\"content-area\">Erteiltes Patent:<br \/>EP: 17 73 3441.4<br \/>Erfinder: M\u00fcller, J.; Horn, J.; von der Wense, J..; <abbr title=\"Helmut Schmidt Universit\u00e4t\">HSU<\/abbr><br \/>Getriebe zum Umschalten zwischen Zahnr\u00e4dern ohne Unterbrechung eines Drehmoments<\/div><\/div>\n\n\n\n<hr class=\"wp-block-separator has-alpha-channel-opacity\" \/>\n\n\n\n<p style=\"font-size:30px\"><strong>2020<\/strong><\/p>\n\n\n\n<div class=\"wp-block-hsu-publicationblock\"><div class=\"img-area download-image\"><img decoding=\"async\" src=\"\/wp-content\/themes\/hsu\/img\/dummy\/downloads_dummy.png\" alt=\"Publikation Symbol-Icon\" \/><\/div><div class=\"content-area\">Erteiltes Patent:<br \/> 21.07.2020 \/ DE 10 2017 207 782.4<br \/>Erfinder: M\u00fcller, J.; Weidner, R.; Tornow, N.; Rimmele, F.; Thamm, D.; <abbr title=\"Helmut Schmidt Universit\u00e4t\">HSU<\/abbr><br \/>Erleichterung des Einstiegs in Fahrzeuge f\u00fcr Blinde und Sehbehinderte<\/div><\/div>\n\n\n\n<div class=\"wp-block-hsu-publicationblock\"><div class=\"img-area download-image\"><img decoding=\"async\" src=\"\/wp-content\/themes\/hsu\/img\/dummy\/downloads_dummy.png\" alt=\"Publikation Symbol-Icon\" \/><\/div><div class=\"content-area\">Erteiltes Patent:<br \/>MECHANISCHE SCHNITTSTELLE, MODULSYSTEM AND MASCHINE<br \/>MECHANICAL INTERFACE, MODULE SYSTEM AND MACHINE<br \/>INTERFACE M\u00c9CANIQUE, SYST\u00c8ME MODULAIRE <abbr title=\"Elektrotechnik\">ET<\/abbr> MACHINE<br \/>Erfinder: Grimske, S.; Storjohann, J.; M\u00fcller, J.; Wulfsberg, J.P.<br \/>Ver\u00f6ffentlichungsnummer: EP 2 943 313 B1<\/div><\/div>\n\n\n\n<hr class=\"wp-block-separator has-css-opacity\" \/>\n\n\n\n<p style=\"font-size:30px\"><strong>2018<\/strong><\/p>\n\n\n\n<div class=\"wp-block-hsu-publicationblock\"><div class=\"img-area download-image\"><img decoding=\"async\" src=\"\/wp-content\/themes\/hsu\/img\/dummy\/downloads_dummy.png\" alt=\"Publikation Symbol-Icon\" \/><\/div><div class=\"content-area\">Erteiltes Patent: <br \/>24\/01\/2018 Brevet No: LU 93119<br \/>Inventors: Horn, J.; M\u00fcller, J.; von der Wense, J.; <abbr title=\"Helmut Schmidt Universit\u00e4t\">HSU<\/abbr><br \/>Gear transmission for switching between gears without interrupting the torque<\/div><\/div>\n\n\n\n<hr class=\"wp-block-separator has-css-opacity\" \/>\n\n\n\n<p style=\"font-size:30px\"><strong>2017<\/strong><\/p>\n\n\n\n<div class=\"wp-block-hsu-publicationblock\"><div class=\"img-area download-image\"><img decoding=\"async\" src=\"\/wp-content\/themes\/hsu\/img\/dummy\/downloads_dummy.png\" alt=\"Publikation Symbol-Icon\" \/><\/div><div class=\"content-area\">Patentanmeldung: <br \/>DE 10 2017 207 782.4<br \/>Erfinder: M\u00fcller, J.; Weidner, R.; Tornow, N.; Rimmele, F.; Thamm, D.; <abbr title=\"Helmut Schmidt Universit\u00e4t\">HSU<\/abbr><br \/>Erleichterung des Einstiegs in Fahrzeuge f\u00fcr Blinde und Sehbehinderte<\/div><\/div>\n\n\n\n<hr class=\"wp-block-separator has-css-opacity\" \/>\n\n\n\n<p style=\"font-size:30px\"><strong>2016<\/strong><\/p>\n\n\n\n<div class=\"wp-block-hsu-publicationblock\"><div class=\"img-area download-image\"><img decoding=\"async\" src=\"\/wp-content\/themes\/hsu\/img\/dummy\/downloads_dummy.png\" alt=\"Publikation Symbol-Icon\" \/><\/div><div class=\"content-area\">Offenlegung:<br \/>Elastisches und steuerbares Gelenk, insbesondere zur Verwendung in k\u00f6rpernahen Systemen\u00a0 <a href=\"https:\/\/encrypted.google.com\/patents\/DE102016004695A1?cl=fi\" rel='nofollow'><\/a><br \/>Erfinder: M\u00fcller,J.; Weidner R.; Schweim A.; Schweim M.; Grube S.<br \/>Ver\u00f6ffentlichungsnummer: DE 102016004695 A1<\/div><\/div>\n\n\n\n<div class=\"wp-block-hsu-publicationblock\"><div class=\"img-area download-image\"><img decoding=\"async\" src=\"\/wp-content\/themes\/hsu\/img\/dummy\/downloads_dummy.png\" alt=\"Publikation Symbol-Icon\" \/><\/div><div class=\"content-area\">Offenlegung:<br \/>Sensorvorrichtung mit optoelektronischem Sensor und Messbereichserweiterung\u00a0 <a href=\"https:\/\/encrypted.google.com\/patents\/EP3081957A1?cl=fi\" rel='nofollow'><\/a><br \/>Erfinder: Seeland, F.; Frick, K.; Alpen, M.; Horn, J.<br \/>Ver\u00f6ffentlichungsnummer: EP 3081957 A1<\/div><\/div>\n\n\n\n<div class=\"wp-block-hsu-publicationblock\"><div class=\"img-area download-image\"><img decoding=\"async\" src=\"\/wp-content\/themes\/hsu\/img\/dummy\/downloads_dummy.png\" alt=\"Publikation Symbol-Icon\" \/><\/div><div class=\"content-area\">Patentanmeldung:<br \/>Gear transmission for switching between gears without interrupting a torque<br \/>Erfinder: Horn,J; M\u00fcller,J.; von der Wense,J.<br \/>Ver\u00f6ffentlichungsnummer: WO 2017220818 A1<\/div><\/div>\n\n\n\n<hr class=\"wp-block-separator has-css-opacity\" \/>\n\n\n\n<p style=\"font-size:30px\"><strong>2015<\/strong><\/p>\n\n\n\n<div class=\"wp-block-hsu-publicationblock\"><div class=\"img-area download-image\"><img decoding=\"async\" src=\"\/wp-content\/themes\/hsu\/img\/dummy\/downloads_dummy.png\" alt=\"Publikation Symbol-Icon\" \/><\/div><div class=\"content-area\">Patentanmeldung:<br \/>Multifunktionale Kameraeinheit zur Kopplung an einem mobilen Robotersystem<br \/>Erfinder: M\u00fcller,J.; Horn J.,<br \/>DE 10 2015 120 256.5, 2015<\/div><\/div>\n\n\n\n<hr class=\"wp-block-separator has-css-opacity\" \/>\n\n\n\n<p style=\"font-size:30px\"><strong>2014<\/strong><\/p>\n\n\n\n<div class=\"wp-block-hsu-publicationblock\"><div class=\"img-area download-image\"><img decoding=\"async\" src=\"\/wp-content\/themes\/hsu\/img\/dummy\/downloads_dummy.png\" alt=\"Publikation Symbol-Icon\" \/><\/div><div class=\"content-area\">Erteiltes Patent:<br \/>Mechanical Interface, Module System And Machine\u00a0 <a href=\"https:\/\/www.google.com\/patents\/WO2014108464A1?cl=en\" rel='nofollow'><\/a><br \/>Erfinder: : Grimske, S.; Storjohann, J.; M\u00fcller, J.; Wulfsberg, J.P.<br \/>Ver\u00f6ffentlichungsnummer: WO 2014108464 A1<\/div><\/div>\n\n\n\n<hr class=\"wp-block-separator has-css-opacity\" \/>\n\n\n\n<p style=\"font-size:30px\"><strong>2013<\/strong><\/p>\n\n\n\n<div class=\"wp-block-hsu-publicationblock\"><div class=\"img-area download-image\"><img decoding=\"async\" src=\"\/wp-content\/themes\/hsu\/img\/dummy\/downloads_dummy.png\" alt=\"Publikation Symbol-Icon\" \/><\/div><div class=\"content-area\">Erteiltes Patent:<br \/>Mechanische Schnittstelle, Modulsystem und Maschine \u00a0<a href=\"https:\/\/www.google.com\/patents\/DE102013100155A1?cl=de\" rel='nofollow'><\/a><br \/>Erfinder: : Grimske, S.; Storjohann, J.; M\u00fcller, J.; Wulfsberg, J.P.<br \/>Ver\u00f6ffentlichungsnummer: DE 102013100155 A1<\/div><\/div>\n\n\n\n<hr class=\"wp-block-separator has-css-opacity\" \/>\n\n\n\n<p style=\"font-size:30px\"><strong>2005 und \u00e4lter<\/strong><\/p>\n\n\n\n<p>Verfahren und Anordnung sowie Computerprogramm mit Programmcode-Mitteln und Computerprogramm-Produkt zur Ermittlung einer Position einer mobilen Kommunikationseinrichtung in einem Kommunikationsnetz&nbsp; <a href=\"http:\/\/google.com\/patents\/EP1493284A1?cl=ar\" rel='nofollow'><\/a><\/p>\n\n\n\n<p>Erfinder: Hanebeck, Uwe; Hauptmann, Werner; Heesche, Kai; Horn, Joachim; Riegel, Konrad<\/p>\n\n\n\n<p>Ver\u00f6ffentlichungsnummer: EP 1493284 A1<\/p>\n\n\n\n<hr class=\"wp-block-separator has-css-opacity\" \/>\n\n\n\n<p>System for calculating analytical data and making calculation results available as an output&nbsp; <a href=\"https:\/\/www.google.com\/patents\/US6810391\" rel='nofollow'><\/a><\/p>\n\n\n\n<p>Erfinder: Birkh\u00f6lzer, Thomas; Horn, Joachim; Pellegrino, Marco<\/p>\n\n\n\n<p>Ver\u00f6ffentlichungsnummer: US 6810391 B1<\/p>\n\n\n\n<hr class=\"wp-block-separator has-css-opacity\" \/>\n\n\n\n<p>Verfahren zum Erstellen eines Kausalen Netzes auf Grundlage einer Wissensakquisition&nbsp; <a href=\"https:\/\/encrypted.google.com\/patents\/WO2003005297A2?cl=de\" rel='nofollow'><\/a><\/p>\n\n\n\n<p>Erfinder: Horn, Joachim; Pellegrino, Marco; Scheiterer, Ruxandra<\/p>\n\n\n\n<p>Ver\u00f6ffentlichungsnummer: WO 2003005297 A2<\/p>\n\n\n\n<hr class=\"wp-block-separator has-css-opacity\" \/>\n\n\n\n<p>United States Patent 6640951<br>Ver\u00f6ffentlichungstag der Patenterteilung: 04.11.2003<br>Erfinder: Bamberger, Joachim; Horn, Joachim; Michau, Peter<br>Actuation system for the clutch of a motor vehicle drive train provided with an automatic transmission, and method for controlling such an actuation system<\/p>\n\n\n\n<p>United States Patent 6612964<br>Ver\u00f6ffentlichungstag der Patenterteilung: 02.09.2003<br>Erfinder: Bamberger, Joachim; Horn, Joachim; Michau, Peter<br>Method of controlling the transmission ratio of a continuously variable toroidal transmission<\/p>\n\n\n\n<p>Patentschrift EP 1320695<br>Ver\u00f6ffentlichungstag der Patenterteilung: 25.06.2003<br>Erfinder: Bamberger, Joachim; Horn, Joachim; Michau, Peter; Nock, Ernst<br>Verfahren zum Regeln einer automatischen Kraftfahrzeugkupplung<\/p>\n\n\n\n<p>Patentschrift EP 1319139<br>Ver\u00f6ffentlichungstag der Patenterteilung: 18.06.2003<br>Erfinder: Bamberger, Joachim; Horn, Joachim; Michau, Peter; Nock, Ernst<br>Verfahren zum Steuern einer automatischen Kraftfahrzeugkupplung<\/p>\n\n\n\n<p>Patentschrift EP 1319138<br>Ver\u00f6ffentlichungstag der Patenterteilung: 18.06.2003<br>Erfinder: Bamberger, Joachim; Horn, Joachim; Michau, Peter; Nock, Ernst<br>Verfahren zum Steuern einer automatischen Kraftfahrzeugkupplung<\/p>\n\n\n\n<p>Patentschrift DE 101 37 581 C 1<br>Ver\u00f6ffentlichungstag der Patenterteilung: 30.01.2003<br>Erfinder: Bamberger, Joachim; Horn, Joachim; Michau, Peter<br>Verfahren zum Steuern einer automatischen Kraftfahrzeugkupplung<\/p>\n\n\n\n<p>Patentschrift EP 1279851 A<br>Ver\u00f6ffentlichungstag der Patenterteilung: 29.01.2003<br>Erfinder: Bamberger, Joachim; Horn, Joachim; Michau, Peter; Nelles, Oliver<br>Verfahren zum Steuern einer automatischen Kraftfahrzeugkupplun<\/p>\n\n\n\n<hr class=\"wp-block-separator has-css-opacity\" \/>\n\n\n\n<p>Patentschrift DE 100 46 106 C 1<br>Ver\u00f6ffentlichungstag der Patenterteilung: 25.04.2002<br>Erfinder: Bamberger, Joachim; Horn, Joachim; Michau, Peter; Nock, Ernst<br>Verfahren zum Regeln einer automatischen Kraftfahrzeugkupplung<\/p>\n\n\n\n<p>Patentschrift DE 101 16 544 C 1<br>Ver\u00f6ffentlichungstag der Patenterteilung: 03.04.2002<br>Erfinder: Bamberger, Joachim; Horn, Joachim; Michau, Peter<br>Bet\u00e4tigungssystem f\u00fcr die Kupplung eines mit einem automatisierten Schaltgetriebe versehenen Kraftfahrzeugantriebs und Verfahren zum Steuern eines solchen Bet\u00e4tigungssystems<\/p>\n\n\n\n<hr class=\"wp-block-separator has-css-opacity\" \/>\n\n\n\n<p>Patentschrift DE 199 15 009 C 2<br>Ver\u00f6ffentlichungstag der Patenterteilung: 27.09.2001<br>Erfinder: Horn, Joachim; Hanebeck, Uwe<br>Verfahren, Anordnung und computerlesbares Speichermedium zur rechnergest\u00fctzten Ermittlung einer Zustandsgr\u00f6\u00dfe eines technischen Systems<\/p>\n\n\n\n<p>Patentschrift DE 100 05 463 C 1<br>Ver\u00f6ffentlichungstag der Patenterteilung: 05.07.2001<br>Erfinder: Horn, Joachim; Bamberger, Joachim; Michau, Peter<br>Verfahren zur Regelung des \u00dcbersetzungsverh\u00e4ltnisses eines stufenlosen Toroidgetriebes<\/p>\n\n\n\n<hr class=\"wp-block-separator has-css-opacity\" \/>\n\n\n\n<p>Patentschrift DE 197 01 909 C 2<br>Ver\u00f6ffentlichungstag der Patenterteilung: 25.02.1999<br>Erfinder: Prange, Stefan; Jansen, Michael; Horn, Joachim<br>Verfahren und Schaltungsanordnung zur Flimmerreduktion eines Bildsignals<\/p>\n\n\n\n<hr class=\"wp-block-separator has-css-opacity\" \/>\n\n\n\n<p>Patentschrift DE 196 43 388 C 1<br>Ver\u00f6ffentlichungstag der Patenterteilung: 02.07.1998<br>Erfinder: Horn, Joachim; Prange, Stefan; Jansen, Michael<br>Schaltungsanordnung zur Farbdekodierung eines Videosignals<\/p>\n\n\n\n<hr class=\"wp-block-separator has-css-opacity\" \/>\n\n\n\n<p>Patentschrift DE 42 34 024 C1<br>Ver\u00f6ffentlichungstag der Patenterteilung: 10.02.1994<br>Erfinder: Frick, Klaus<br>Verfahren zum Herstellen von Verdrahtungsbahnen auf einer Leiterplatte<\/p>\n\n\n\n<hr class=\"wp-block-separator has-css-opacity\" \/>\n\n\n\n<p><\/p>\n","protected":false},"excerpt":{"rendered":"<p>2024 2023 2022 2020 2018 2017 2016 2015 2014 2013 2005 und \u00e4lter Verfahren und Anordnung sowie Computerprogramm mit Programmcode-Mitteln und Computerprogramm-Produkt zur Ermittlung einer Position einer mobilen Kommunikationseinrichtung in [&hellip;]<\/p>\n","protected":false},"author":145,"featured_media":0,"parent":162,"menu_order":0,"comment_status":"closed","ping_status":"closed","template":"","meta":{"footnotes":""},"categories":[4],"tags":[],"class_list":["post-410","page","type-page","status-publish","hentry","category-forschung"],"_links":{"self":[{"href":"https:\/\/www.hsu-hh.de\/rt\/wp-json\/wp\/v2\/pages\/410","targetHints":{"allow":["GET"]}}],"collection":[{"href":"https:\/\/www.hsu-hh.de\/rt\/wp-json\/wp\/v2\/pages"}],"about":[{"href":"https:\/\/www.hsu-hh.de\/rt\/wp-json\/wp\/v2\/types\/page"}],"author":[{"embeddable":true,"href":"https:\/\/www.hsu-hh.de\/rt\/wp-json\/wp\/v2\/users\/145"}],"replies":[{"embeddable":true,"href":"https:\/\/www.hsu-hh.de\/rt\/wp-json\/wp\/v2\/comments?post=410"}],"version-history":[{"count":13,"href":"https:\/\/www.hsu-hh.de\/rt\/wp-json\/wp\/v2\/pages\/410\/revisions"}],"predecessor-version":[{"id":1181,"href":"https:\/\/www.hsu-hh.de\/rt\/wp-json\/wp\/v2\/pages\/410\/revisions\/1181"}],"up":[{"embeddable":true,"href":"https:\/\/www.hsu-hh.de\/rt\/wp-json\/wp\/v2\/pages\/162"}],"wp:attachment":[{"href":"https:\/\/www.hsu-hh.de\/rt\/wp-json\/wp\/v2\/media?parent=410"}],"wp:term":[{"taxonomy":"category","embeddable":true,"href":"https:\/\/www.hsu-hh.de\/rt\/wp-json\/wp\/v2\/categories?post=410"},{"taxonomy":"post_tag","embeddable":true,"href":"https:\/\/www.hsu-hh.de\/rt\/wp-json\/wp\/v2\/tags?post=410"}],"curies":[{"name":"wp","href":"https:\/\/api.w.org\/{rel}","templated":true}]}}