{"id":164,"date":"2017-11-15T09:33:56","date_gmt":"2017-11-15T08:33:56","guid":{"rendered":"https:\/\/www.hsu-hh.de\/rt\/?page_id=164"},"modified":"2024-05-13T08:56:35","modified_gmt":"2024-05-13T06:56:35","slug":"lehre","status":"publish","type":"page","link":"https:\/\/www.hsu-hh.de\/rt\/lehre","title":{"rendered":"Lehre"},"content":{"rendered":"\n<p style=\"font-size:30px\"><strong>Regelungstechnik I<\/strong><\/p>\n\n\n\n<div class=\"wp-block-hsu-publicationblock\"><div class=\"img-area download-image\"><img decoding=\"async\" src=\"https:\/\/www.hsu-hh.de\/rt\/wp-content\/uploads\/sites\/706\/2017\/11\/Regelungstechnik_01-100x100.png\" alt=\"Bild zur Vorlesung Regelungstechnik 1\" \/><\/div><div class=\"content-area\">Vorlesung im Bachelor <abbr title=\"Elektrotechnik\">ET<\/abbr> und <abbr title=\"Wirtschaftsingenieurwesen\">WI<\/abbr> (5. Trimester)<br \/>Umfang von 2+1 TWS<br \/>Betreuung durch <abbr title=\"Professor\">Prof.<\/abbr> J. Horn und <abbr title=\"Doktor\">Dr.<\/abbr> M. Alpen<br \/>Durchf\u00fchrung im Wintertrimester<\/div><\/div>\n\n\n\n<p>In dieser Vorlesung werden die Grundlagen der Regelungstechnik behandelt. Die verschiedenen Drastellungsformen und Klassen dynamischer Systeme mit einem Ein- und Ausgang werden ebenso wie Methoden zu deren Analyse behandelt. Auch verschiedene Verfahren zur Reglersynthese werden vorgestellt. Die Lehrunterlagen befinden sich im <a href=\"https:\/\/webbox.hsu-hh.de\/rt\/index_3cHQ59SydowxXDAN.html\" rel='nofollow'>Downloadbereich<\/a><\/p>\n\n\n\n<hr class=\"wp-block-separator has-css-opacity\" \/>\n\n\n\n<p style=\"font-size:30px\"><strong>Regelungstechnik II<\/strong><\/p>\n\n\n\n<div class=\"wp-block-hsu-publicationblock\"><div class=\"img-area download-image\"><img decoding=\"async\" src=\"https:\/\/www.hsu-hh.de\/rt\/wp-content\/uploads\/sites\/706\/2017\/11\/Regelungstechnik_02-100x100.png\" alt=\"Bild zur Vorlesung Regelungstechnik 2\" \/><\/div><div class=\"content-area\">Vorlesung im Bachelor <abbr title=\"Elektrotechnik\">ET<\/abbr> (6. Trimester) und im Master MB (9. Trimester)<br \/>Umfang von 2+1 TWS<br \/>Betreuung durch <abbr title=\"Professor\">Prof.<\/abbr> J. Horn und <abbr title=\"Doktor\">Dr.<\/abbr> M. Alpen<br \/>Durchf\u00fchrung im Fr\u00fchjahrstrimester<\/div><\/div>\n\n\n\n<p>Die Vorlesung baut auf die Grundlagenvorlesung <em>Regelungstechnik I<\/em> auf. Neben dem Reglerentwurf durch das Wurzelortskurvenverfahren werden Systeme mit mehreren Ein- und Ausg\u00e4ngen (MIMO-Systeme) behandelt. F\u00fcr diese Art von Systemen werden Stabilit\u00e4tskriterien sowie Analyse- und Entwurfsverfahren vorgestellt. Die Lehrunterlagen befinden sich im <a href=\"https:\/\/webbox.hsu-hh.de\/rt\/index_3cHQ59SydowxXDAN.html\" rel='nofollow'>Downloadbereich<\/a><\/p>\n\n\n\n<hr class=\"wp-block-separator has-css-opacity\" \/>\n\n\n\n<p style=\"font-size:30px\"><strong>Nichtlineare Regelungen<\/strong><\/p>\n\n\n\n<div class=\"wp-block-hsu-publicationblock\"><div class=\"img-area download-image\"><img decoding=\"async\" src=\"https:\/\/www.hsu-hh.de\/rt\/wp-content\/uploads\/sites\/706\/2017\/11\/Nichtlineare-Regelungen-100x100.png\" alt=\"Bild zur Vorlesung Nichtlineare Regelungen\" \/><\/div><div class=\"content-area\">Vorlesung im Master <abbr title=\"Elektrotechnik\">ET<\/abbr> (9. Trimester)<br \/>Umfang von 2+1 TWS<br \/>Betreuung durch <abbr title=\"Professor\">Prof.<\/abbr> J. Horn und R. Gaagai<br \/>Durchf\u00fchrung im Fr\u00fchjahrstrimester<\/div><\/div>\n\n\n\n<p>Die Vorlesung behandelt nichtlineare dynamische Systeme. Verschiedene Methoden zur Analyse und Synthese von Reglern werden vorgestellt. Die Lehrunterlagen befinden sich im <a href=\"https:\/\/webbox.hsu-hh.de\/rt\/index_3cHQ59SydowxXDAN.html\" rel='nofollow'>Downloadbereich<\/a><\/p>\n\n\n\n<hr class=\"wp-block-separator has-css-opacity\" \/>\n\n\n\n<p style=\"font-size:30px\"><strong>Stochastische Filter<\/strong><\/p>\n\n\n\n<div class=\"wp-block-hsu-publicationblock\"><div class=\"img-area download-image\"><img decoding=\"async\" src=\"https:\/\/www.hsu-hh.de\/rt\/wp-content\/uploads\/sites\/706\/2017\/11\/Stochastische-Filter-100x100.png\" alt=\"Bild zur Vorlesung Stochastische Filter\" \/><\/div><div class=\"content-area\">Vorlesung im Master <abbr title=\"Elektrotechnik\">ET<\/abbr> (10. Trimester)<br \/>Umfang von 2+1 TWS<br \/>Betreuung durch <abbr title=\"Professor\">Prof.<\/abbr> Horn sowie <abbr title=\"Master of Science\">M.Sc.<\/abbr> A. Schluzke und <abbr title=\"Master of Science\">M.Sc.<\/abbr> A. Wickers<br \/>Durchf\u00fchrung im Herbsttrimester<\/div><\/div>\n\n\n\n<p>Die Vorlesung behandelt neben den Grundlagen f\u00fcr stochastische Prozesse verschiedene Filter wie das Wiener-Filter oder das Kalman-Filter. Die Lehrunterlagen befinden sich im <a href=\"https:\/\/webbox.hsu-hh.de\/rt\/index_3cHQ59SydowxXDAN.html\" rel='nofollow'>Downloadbereich<\/a><\/p>\n\n\n\n<hr class=\"wp-block-separator has-css-opacity\" \/>\n\n\n\n<p style=\"font-size:30px\"><strong>Continuous Control<\/strong><\/p>\n\n\n\n<div class=\"wp-block-hsu-publicationblock\"><div class=\"img-area download-image\"><img decoding=\"async\" src=\"https:\/\/www.hsu-hh.de\/rt\/wp-content\/uploads\/sites\/706\/2017\/11\/Control-Systems-100x100.png\" alt=\"Bild zur Vorlesung Control Systems\" \/><\/div><div class=\"content-area\">Vorlesung im Bachelor DS (4. Trimester)<br \/>Umfang von 2+1 TWS<br \/>Betreuung durch <abbr title=\"Professor\">Prof.<\/abbr> J. Horn sowie <abbr title=\"Master of Science\">M.Sc.<\/abbr> A. Schweim und <abbr title=\"Master of Science\">M.Sc.<\/abbr> M. Schweim<br \/>Durchf\u00fchrung im Herbsttrimester<\/div><\/div>\n\n\n\n<p>In dieser englischsprachigen Vorlesung werden die Grundlagen der Regelungstechnik behandelt. Die verschiedenen Darstellungsformen und Klassen dynamischer Systeme mit einem Ein- und Ausgang werden ebenso wie Methoden zu deren Analyse behandelt. Auch verschiedene Verfahren zur Reglersynthese werden vorgestellt. Die Lehrunterlagen befinden sich im <a href=\"https:\/\/webbox.hsu-hh.de\/rt\/index_3cHQ59SydowxXDAN.html\" rel='nofollow'>Downloadbereich<\/a><\/p>\n\n\n\n<hr class=\"wp-block-separator has-css-opacity\" \/>\n\n\n\n<p style=\"font-size:30px\"><strong>Estimation and Sensor Data Fusion<\/strong><\/p>\n\n\n\n<div class=\"wp-block-hsu-publicationblock\"><div class=\"img-area download-image\"><img decoding=\"async\" src=\"https:\/\/www.hsu-hh.de\/rt\/wp-content\/uploads\/sites\/706\/2017\/11\/Stochastische-Filter-100x100.png\" alt=\"Bild zur Vorlesung Stochastische Filter\" \/><\/div><div class=\"content-area\">Vorlesung im Bachelor DS (5. Trimester)<br \/>Umfang von 2+1 TWS<br \/>Betreuung durch <abbr title=\"Professor\">Prof.<\/abbr> Horn und Mitarbeitende<br \/>Derzeit nicht durchgef\u00fchrt<\/div><\/div>\n\n\n\n<p>Die englischsprachige Vorlesung behandelt neben den Grundlagen f\u00fcr stochastische Prozesse verschiedene Filter wie das Wiener-Filter oder das Kalman-Filter. Die Lehrunterlagen befinden sich im <a href=\"https:\/\/webbox.hsu-hh.de\/rt\/index_3cHQ59SydowxXDAN.html\" rel='nofollow'>Downloadbereich<\/a><\/p>\n\n\n\n<hr class=\"wp-block-separator has-css-opacity\" \/>\n","protected":false},"excerpt":{"rendered":"<p>Regelungstechnik I In dieser Vorlesung werden die Grundlagen der Regelungstechnik behandelt. Die verschiedenen Drastellungsformen und Klassen dynamischer Systeme mit einem Ein- und Ausgang werden ebenso wie Methoden zu deren Analyse [&hellip;]<\/p>\n","protected":false},"author":145,"featured_media":0,"parent":0,"menu_order":0,"comment_status":"closed","ping_status":"closed","template":"","meta":{"footnotes":""},"categories":[6],"tags":[],"class_list":["post-164","page","type-page","status-publish","hentry","category-lehre"],"_links":{"self":[{"href":"https:\/\/www.hsu-hh.de\/rt\/wp-json\/wp\/v2\/pages\/164","targetHints":{"allow":["GET"]}}],"collection":[{"href":"https:\/\/www.hsu-hh.de\/rt\/wp-json\/wp\/v2\/pages"}],"about":[{"href":"https:\/\/www.hsu-hh.de\/rt\/wp-json\/wp\/v2\/types\/page"}],"author":[{"embeddable":true,"href":"https:\/\/www.hsu-hh.de\/rt\/wp-json\/wp\/v2\/users\/145"}],"replies":[{"embeddable":true,"href":"https:\/\/www.hsu-hh.de\/rt\/wp-json\/wp\/v2\/comments?post=164"}],"version-history":[{"count":31,"href":"https:\/\/www.hsu-hh.de\/rt\/wp-json\/wp\/v2\/pages\/164\/revisions"}],"predecessor-version":[{"id":1159,"href":"https:\/\/www.hsu-hh.de\/rt\/wp-json\/wp\/v2\/pages\/164\/revisions\/1159"}],"wp:attachment":[{"href":"https:\/\/www.hsu-hh.de\/rt\/wp-json\/wp\/v2\/media?parent=164"}],"wp:term":[{"taxonomy":"category","embeddable":true,"href":"https:\/\/www.hsu-hh.de\/rt\/wp-json\/wp\/v2\/categories?post=164"},{"taxonomy":"post_tag","embeddable":true,"href":"https:\/\/www.hsu-hh.de\/rt\/wp-json\/wp\/v2\/tags?post=164"}],"curies":[{"name":"wp","href":"https:\/\/api.w.org\/{rel}","templated":true}]}}