{"id":159,"date":"2017-11-15T09:26:31","date_gmt":"2017-11-15T08:26:31","guid":{"rendered":"https:\/\/www.hsu-hh.de\/rt\/?page_id=159"},"modified":"2025-10-08T13:39:03","modified_gmt":"2025-10-08T11:39:03","slug":"professur","status":"publish","type":"page","link":"https:\/\/www.hsu-hh.de\/rt\/professur","title":{"rendered":"Professur"},"content":{"rendered":"\n<p>Die Regelungstechnik ist ihrem Wesen nach eine fach\u00fcbergreifende Methodenlehre zur gezielten Beeinflussung dynamischer Prozesse, wie sie in verschiedenartigen technischen Anwendungsbereichen, aber auch auf nichttechnischen Gebieten anzutreffen sind. In der ingenieurwissenschaftlichen <a href=\"https:\/\/www.hsu-hh.de\/rt\/lehre\/\">Lehre<\/a> ist die Regelungstechnik an der Helmut-Schmidt-Universit\u00e4t \/ Universit\u00e4t der Bundeswehr Hamburg&nbsp; als einf\u00fchrendes Pflichtfach eingebunden. F\u00fcr Studierende der Elektrotechnik sind die Grundlagenvorlesungen im Rahmen des Bachelor-Studiums um eine Labor\u00fcbung erg\u00e4nzt. Im Rahmen der Masterstudieng\u00e4nge werden weiterf\u00fchrende Vorlesungen als Pflicht- oder Wahlf\u00e4cher angeboten.<\/p>\n\n\n\n<p>In Bachelorarbeiten sowie Studien- und Masterarbeiten werden sowohl theoretische Fragestellungen als auch rechner- und labororientierte Aufgaben zu den aktuellen <a href=\"https:\/\/www.hsu-hh.de\/rt\/forschung\">Forschungsthemen<\/a> behandelt. Hierzu steht eine reichhaltige Laborausstattung zur Verf\u00fcgung. Sie umfasst einen Brennstoffzellenpr\u00fcfstand, Simulationssysteme, <abbr title=\"Personal Computer\">PC<\/abbr>-Arbeitspl\u00e4tze, Aufbauten f\u00fcr Grundlagenversuche sowie verschiedene mobile Roboter f\u00fcr den Einsatz in Au\u00dfen- und Innenr\u00e4umen.<\/p>\n\n\n\n<p><\/p>\n","protected":false},"excerpt":{"rendered":"<p>Die Regelungstechnik ist ihrem Wesen nach eine fach\u00fcbergreifende Methodenlehre zur gezielten Beeinflussung dynamischer Prozesse, wie sie in verschiedenartigen technischen Anwendungsbereichen, aber auch auf nichttechnischen Gebieten anzutreffen sind. In der ingenieurwissenschaftlichen [&hellip;]<\/p>\n","protected":false},"author":145,"featured_media":0,"parent":0,"menu_order":0,"comment_status":"closed","ping_status":"closed","template":"","meta":{"footnotes":""},"categories":[10],"tags":[],"class_list":["post-159","page","type-page","status-publish","hentry","category-ueber"],"_links":{"self":[{"href":"https:\/\/www.hsu-hh.de\/rt\/wp-json\/wp\/v2\/pages\/159","targetHints":{"allow":["GET"]}}],"collection":[{"href":"https:\/\/www.hsu-hh.de\/rt\/wp-json\/wp\/v2\/pages"}],"about":[{"href":"https:\/\/www.hsu-hh.de\/rt\/wp-json\/wp\/v2\/types\/page"}],"author":[{"embeddable":true,"href":"https:\/\/www.hsu-hh.de\/rt\/wp-json\/wp\/v2\/users\/145"}],"replies":[{"embeddable":true,"href":"https:\/\/www.hsu-hh.de\/rt\/wp-json\/wp\/v2\/comments?post=159"}],"version-history":[{"count":60,"href":"https:\/\/www.hsu-hh.de\/rt\/wp-json\/wp\/v2\/pages\/159\/revisions"}],"predecessor-version":[{"id":1228,"href":"https:\/\/www.hsu-hh.de\/rt\/wp-json\/wp\/v2\/pages\/159\/revisions\/1228"}],"wp:attachment":[{"href":"https:\/\/www.hsu-hh.de\/rt\/wp-json\/wp\/v2\/media?parent=159"}],"wp:term":[{"taxonomy":"category","embeddable":true,"href":"https:\/\/www.hsu-hh.de\/rt\/wp-json\/wp\/v2\/categories?post=159"},{"taxonomy":"post_tag","embeddable":true,"href":"https:\/\/www.hsu-hh.de\/rt\/wp-json\/wp\/v2\/tags?post=159"}],"curies":[{"name":"wp","href":"https:\/\/api.w.org\/{rel}","templated":true}]}}