{"id":729,"date":"2023-02-20T13:12:57","date_gmt":"2023-02-20T12:12:57","guid":{"rendered":"https:\/\/www.hsu-hh.de\/reiner\/?page_id=729"},"modified":"2023-02-20T13:12:58","modified_gmt":"2023-02-20T12:12:58","slug":"professur-fuer-buergerliches-recht-handels-gesellschafts-wirtschafts-und-steuerrecht-chair-of-business-and-tax-law","status":"publish","type":"page","link":"https:\/\/www.hsu-hh.de\/reiner\/professur-fuer-buergerliches-recht-handels-gesellschafts-wirtschafts-und-steuerrecht-chair-of-business-and-tax-law","title":{"rendered":"Professur f\u00fcr B\u00fcrgerliches Recht, Handels-, Gesellschafts-, Wirtschafts- und Steuerrecht\/Chair of Business and Tax Law"},"content":{"rendered":"\n<p class=\"has-text-align-center\"><\/p>\n\n\n\n<h2 class=\"has-text-align-center wp-block-heading\"><strong><abbr title=\"Universit\u00e4tsprofessor\">Univ.-Prof.<\/abbr> <abbr title=\"Doktor\">Dr.<\/abbr> jur. G\u00fcnter Reiner<\/strong><\/h2>\n\n\n<div class=\"wp-block-image is-style-default\">\n<figure class=\"aligncenter size-full\"><img loading=\"lazy\" decoding=\"async\" width=\"310\" height=\"233\" src=\"https:\/\/www.hsu-hh.de\/reiner\/wp-content\/uploads\/sites\/668\/2023\/02\/grafik.png\" data-credit=\"\" alt=\"\" class=\"wp-image-730\" srcset=\"https:\/\/www.hsu-hh.de\/reiner\/wp-content\/uploads\/sites\/668\/2023\/02\/grafik.png 310w, https:\/\/www.hsu-hh.de\/reiner\/wp-content\/uploads\/sites\/668\/2023\/02\/grafik-300x225.png 300w\" sizes=\"auto, (max-width: 310px) 100vw, 310px\" \/><\/figure>\n<\/div>\n\n\n<p><strong>Hinweis: Die Rubrik \u201eSocial Media\u201c innerhalb des Balkens am unteren Rand dieser Seite geh\u00f6rt zum Internetauftritt der Universit\u00e4t, nicht zu demjenigen der Professur. Der Professurinhaber h\u00e4lt in den \u201eSocial Media\u201c keinerlei Angebote bereit. Angesichts ihrer jeweiligen Marktmacht tragen die drei unten genannten Unternehmen eine besondere Verantwortung f\u00fcr die Gew\u00e4hrleistung eines pluralistischen Diskurses. Der Professurinhaber ist der Meinung, dass sie dieser Verantwortung nicht gerecht werden &#8211; zu Lasten der Meinungs- und Wissenschaftsfreiheit.<\/strong><\/p>\n\n\n\n<p><strong>Note: The &#8222;Social Media&#8220; section within the bar at the bottom of this page belongs to the university&#8217;s website, not to that of the professorship. The professorship holder does not provide any offers in the &#8222;Social Media&#8220;. Given their respective market power, the three companies mentioned below bear a special responsibility for ensuring pluralistic discourse. The professorship holder is of the opinion that they do not fulfill this responsibility &#8211; to the detriment of freedom of opinion and academic freedom.<\/strong><\/p>\n","protected":false},"excerpt":{"rendered":"<p>Univ.-Prof. Dr. jur. G\u00fcnter Reiner Hinweis: Die Rubrik \u201eSocial Media\u201c innerhalb des Balkens am unteren Rand dieser Seite geh\u00f6rt zum Internetauftritt der Universit\u00e4t, nicht zu demjenigen der Professur. Der Professurinhaber [&hellip;]<\/p>\n","protected":false},"author":3383,"featured_media":0,"parent":0,"menu_order":0,"comment_status":"closed","ping_status":"closed","template":"","meta":{"footnotes":""},"categories":[4],"tags":[],"class_list":["post-729","page","type-page","status-publish","hentry","category-forschung"],"_links":{"self":[{"href":"https:\/\/www.hsu-hh.de\/reiner\/wp-json\/wp\/v2\/pages\/729","targetHints":{"allow":["GET"]}}],"collection":[{"href":"https:\/\/www.hsu-hh.de\/reiner\/wp-json\/wp\/v2\/pages"}],"about":[{"href":"https:\/\/www.hsu-hh.de\/reiner\/wp-json\/wp\/v2\/types\/page"}],"author":[{"embeddable":true,"href":"https:\/\/www.hsu-hh.de\/reiner\/wp-json\/wp\/v2\/users\/3383"}],"replies":[{"embeddable":true,"href":"https:\/\/www.hsu-hh.de\/reiner\/wp-json\/wp\/v2\/comments?post=729"}],"version-history":[{"count":3,"href":"https:\/\/www.hsu-hh.de\/reiner\/wp-json\/wp\/v2\/pages\/729\/revisions"}],"predecessor-version":[{"id":739,"href":"https:\/\/www.hsu-hh.de\/reiner\/wp-json\/wp\/v2\/pages\/729\/revisions\/739"}],"wp:attachment":[{"href":"https:\/\/www.hsu-hh.de\/reiner\/wp-json\/wp\/v2\/media?parent=729"}],"wp:term":[{"taxonomy":"category","embeddable":true,"href":"https:\/\/www.hsu-hh.de\/reiner\/wp-json\/wp\/v2\/categories?post=729"},{"taxonomy":"post_tag","embeddable":true,"href":"https:\/\/www.hsu-hh.de\/reiner\/wp-json\/wp\/v2\/tags?post=729"}],"curies":[{"name":"wp","href":"https:\/\/api.w.org\/{rel}","templated":true}]}}